{"id":9659,"date":"2017-01-28T19:04:57","date_gmt":"2017-01-28T19:04:57","guid":{"rendered":"https:\/\/ghentaggregates2019.dazzle-qa.be\/?post_type=product&#038;p=9659\/"},"modified":"2020-08-12T22:24:47","modified_gmt":"2020-08-12T20:24:47","slug":"granito-rosso","status":"publish","type":"product","link":"https:\/\/ghentaggregates.be\/en\/products\/concrete-industry\/granito-rosso\/","title":{"rendered":"Granito Rosso"},"content":{"rendered":"<table>\n<tbody>\n<tr>\n<td>Product name :<\/td>\n<td>GRANITO ROSSO<\/td>\n<\/tr>\n<tr>\n<td>Origine :<\/td>\n<td>Granite<\/td>\n<\/tr>\n<tr>\n<td>LA :<\/td>\n<td>20<\/td>\n<\/tr>\n<tr>\n<td>Grainsize :<\/td>\n<td>0\/2<br \/>\n2\/5<br \/>\n5\/8<br \/>\n8\/11<\/td>\n<\/tr>\n<\/tbody>\n<\/table>\n<p><strong>Remarques:\u00a0<\/strong>utilisable dans le routier et les zones de traffic lourd. Utilisable pour tous fins de paysagisme, b\u00e9tons d\u00e9coratifs, etc.<\/p>\n<p>Ce granit est rouge-marron et contient des \u00e9l\u00e9ments brilliants noirs. Mat\u00e9riaux tr\u00e8s d\u00fbrs.\u00a0Autres granulom\u00e9tries sur demande.<\/p>\n","protected":false},"excerpt":{"rendered":"<p>Product name : GRANITO ROSSO Origine : Granite LA : 20 Grainsize : 0\/2 2\/5 5\/8 8\/11 Remarques:\u00a0utilisable dans le routier et les zones de traffic lourd. Utilisable pour tous fins de paysagisme, b\u00e9tons d\u00e9coratifs, etc. Ce granit est rouge-marron et contient des \u00e9l\u00e9ments brilliants noirs. Mat\u00e9riaux tr\u00e8s d\u00fbrs.\u00a0Autres granulom\u00e9tries sur demande.<\/p>\n","protected":false},"featured_media":9660,"comment_status":"open","ping_status":"closed","template":"","meta":[],"class_list":["post-9659","product","type-product","status-publish","has-post-thumbnail","hentry","product_cat-concrete-industry","product_cat-landscaping-architecture","product_cat-road-construction","product_tag-brown","product_tag-crushed","product_tag-red","pa_color-brown","pa_color-red","pa_grain_type-crushed"],"yoast_head":"<!-- This site is optimized with the Yoast SEO plugin v15.9.2 - https:\/\/yoast.com\/wordpress\/plugins\/seo\/ -->\n<title>Granito Rosso - Ghent Aggregates<\/title>\n<link rel=\"canonical\" href=\"https:\/\/ghentaggregates.be\/en\/products\/concrete-industry\/granito-rosso\/\" \/>\n<meta property=\"og:locale\" content=\"en_US\" \/>\n<meta property=\"og:type\" content=\"article\" \/>\n<meta property=\"og:title\" content=\"Granito Rosso - Ghent Aggregates\" \/>\n<meta property=\"og:description\" content=\"Product name : GRANITO ROSSO Origine : Granite LA : 20 Grainsize : 0\/2 2\/5 5\/8 8\/11 Remarques:\u00a0utilisable dans le routier et les zones de traffic lourd. Utilisable pour tous fins de paysagisme, b\u00e9tons d\u00e9coratifs, etc. Ce granit est rouge-marron et contient des \u00e9l\u00e9ments brilliants noirs. Mat\u00e9riaux tr\u00e8s d\u00fbrs.\u00a0Autres granulom\u00e9tries sur demande.\" \/>\n<meta property=\"og:url\" content=\"https:\/\/ghentaggregates.be\/en\/products\/concrete-industry\/granito-rosso\/\" \/>\n<meta property=\"og:site_name\" content=\"Ghent Aggregates\" \/>\n<meta property=\"article:modified_time\" content=\"2020-08-12T20:24:47+00:00\" \/>\n<meta property=\"og:image\" content=\"https:\/\/ghentaggregates.be\/wp-content\/uploads\/2017\/01\/ghent-aggregates-granito-rosso-5-8.jpg\" \/>\n\t<meta property=\"og:image:width\" content=\"1152\" \/>\n\t<meta property=\"og:image:height\" content=\"768\" \/>\n<meta name=\"twitter:card\" content=\"summary_large_image\" \/>\n<script type=\"application\/ld+json\" class=\"yoast-schema-graph\">{\"@context\":\"https:\/\/schema.org\",\"@graph\":[{\"@type\":\"WebSite\",\"@id\":\"https:\/\/ghentaggregates.be\/#website\",\"url\":\"https:\/\/ghentaggregates.be\/\",\"name\":\"Ghent Aggregates\",\"description\":\"Your partner for technical minerals and aggregates\",\"potentialAction\":[{\"@type\":\"SearchAction\",\"target\":\"https:\/\/ghentaggregates.be\/?s={search_term_string}\",\"query-input\":\"required name=search_term_string\"}],\"inLanguage\":\"en-BE\"},{\"@type\":\"ImageObject\",\"@id\":\"https:\/\/ghentaggregates.be\/en\/products\/concrete-industry\/granito-rosso\/#primaryimage\",\"inLanguage\":\"en-BE\",\"url\":\"https:\/\/ghentaggregates.be\/wp-content\/uploads\/2017\/01\/ghent-aggregates-granito-rosso-5-8.jpg\",\"width\":1152,\"height\":768},{\"@type\":\"WebPage\",\"@id\":\"https:\/\/ghentaggregates.be\/en\/products\/concrete-industry\/granito-rosso\/#webpage\",\"url\":\"https:\/\/ghentaggregates.be\/en\/products\/concrete-industry\/granito-rosso\/\",\"name\":\"Granito Rosso - Ghent Aggregates\",\"isPartOf\":{\"@id\":\"https:\/\/ghentaggregates.be\/#website\"},\"primaryImageOfPage\":{\"@id\":\"https:\/\/ghentaggregates.be\/en\/products\/concrete-industry\/granito-rosso\/#primaryimage\"},\"datePublished\":\"2017-01-28T19:04:57+00:00\",\"dateModified\":\"2020-08-12T20:24:47+00:00\",\"breadcrumb\":{\"@id\":\"https:\/\/ghentaggregates.be\/en\/products\/concrete-industry\/granito-rosso\/#breadcrumb\"},\"inLanguage\":\"en-BE\",\"potentialAction\":[{\"@type\":\"ReadAction\",\"target\":[\"https:\/\/ghentaggregates.be\/en\/products\/concrete-industry\/granito-rosso\/\"]}]},{\"@type\":\"BreadcrumbList\",\"@id\":\"https:\/\/ghentaggregates.be\/en\/products\/concrete-industry\/granito-rosso\/#breadcrumb\",\"itemListElement\":[{\"@type\":\"ListItem\",\"position\":1,\"item\":{\"@type\":\"WebPage\",\"@id\":\"https:\/\/ghentaggregates.be\/en\/\",\"url\":\"https:\/\/ghentaggregates.be\/en\/\",\"name\":\"Home\"}},{\"@type\":\"ListItem\",\"position\":2,\"item\":{\"@type\":\"WebPage\",\"@id\":\"https:\/\/ghentaggregates.be\/en\/products\/concrete-industry\/\",\"url\":\"https:\/\/ghentaggregates.be\/en\/products\/concrete-industry\/\",\"name\":\"Concrete Industry\"}},{\"@type\":\"ListItem\",\"position\":3,\"item\":{\"@type\":\"WebPage\",\"@id\":\"https:\/\/ghentaggregates.be\/en\/products\/concrete-industry\/granito-rosso\/\",\"url\":\"https:\/\/ghentaggregates.be\/en\/products\/concrete-industry\/granito-rosso\/\",\"name\":\"Granito Rosso\"}}]}]}<\/script>\n<!-- \/ Yoast SEO plugin. -->","_links":{"self":[{"href":"https:\/\/ghentaggregates.be\/en\/wp-json\/wp\/v2\/product\/9659"}],"collection":[{"href":"https:\/\/ghentaggregates.be\/en\/wp-json\/wp\/v2\/product"}],"about":[{"href":"https:\/\/ghentaggregates.be\/en\/wp-json\/wp\/v2\/types\/product"}],"replies":[{"embeddable":true,"href":"https:\/\/ghentaggregates.be\/en\/wp-json\/wp\/v2\/comments?post=9659"}],"version-history":[{"count":0,"href":"https:\/\/ghentaggregates.be\/en\/wp-json\/wp\/v2\/product\/9659\/revisions"}],"wp:featuredmedia":[{"embeddable":true,"href":"https:\/\/ghentaggregates.be\/en\/wp-json\/wp\/v2\/media\/9660"}],"wp:attachment":[{"href":"https:\/\/ghentaggregates.be\/en\/wp-json\/wp\/v2\/media?parent=9659"}],"curies":[{"name":"wp","href":"https:\/\/api.w.org\/{rel}","templated":true}]}}