{"id":10066,"date":"2017-06-24T19:35:02","date_gmt":"2017-06-24T17:35:02","guid":{"rendered":"https:\/\/ghentaggregates2019.dazzle-qa.be\/product\/weiss-kwarts\/"},"modified":"2020-07-20T21:24:02","modified_gmt":"2020-07-20T19:24:02","slug":"weiss-quartz","status":"publish","type":"product","link":"https:\/\/ghentaggregates.be\/fr\/produits\/construction-routiere\/weiss-quartz\/","title":{"rendered":"Weiss Quartz"},"content":{"rendered":"<table>\n<tbody>\n<tr>\n<td>Nom produit:<\/td>\n<td>WEISS QUARTZ<\/td>\n<\/tr>\n<tr>\n<td>Connu comme :<\/td>\n<td>H-Kwarts, Eifel kwarts<\/td>\n<\/tr>\n<tr>\n<td>Origine :<\/td>\n<td>Quartz<\/td>\n<\/tr>\n<tr>\n<td>LA :<\/td>\n<td>30<\/td>\n<\/tr>\n<tr>\n<td>Granulom\u00e9trie :<\/td>\n<td>0\/2<br \/>\n1\/3<br \/>\n2\/5<br \/>\n5\/8<br \/>\n8\/11<br \/>\n8\/16<\/td>\n<\/tr>\n<\/tbody>\n<\/table>\n<p><strong>Remarques: <\/strong>\u00e0 utiliser dans le b\u00e9ton routier, sauf BC5, pi\u00e9ton, garage, entr\u00e9e etc. Ce quartz est extr\u00e8mement blanc et solide et durable. Il est produit et extrait pour ces qualit\u00e9s et s\u00e9lectionn\u00e9 sur sa couleur blanche.<\/p>\n<p>Commandez ce produit \u00e0 l&rsquo;avance vu sa production s\u00e9lectionn\u00e9e et fortement demand\u00e9e. Ce quartz est un excellent rempla\u00e7ant pour le quartz d&rsquo;Arzano: plus blanc et aux meilleurs tarifs. Demandez \u00e9galement nos compositions: 2\/8, 5\/11, etc. Ou composez avec d&rsquo;autres couleurs &#8211; Mix &amp; design by Ghent Aggregates.<\/p>\n","protected":false},"excerpt":{"rendered":"<p>Nom produit: WEISS QUARTZ Connu comme : H-Kwarts, Eifel kwarts Origine : Quartz LA : 30 Granulom\u00e9trie : 0\/2 1\/3 2\/5 5\/8 8\/11 8\/16 Remarques: \u00e0 utiliser dans le b\u00e9ton routier, sauf BC5, pi\u00e9ton, garage, entr\u00e9e etc. Ce quartz est extr\u00e8mement blanc et solide et durable. Il est produit et extrait pour ces qualit\u00e9s et [&hellip;]<\/p>\n","protected":false},"featured_media":10064,"comment_status":"open","ping_status":"closed","template":"","meta":[],"class_list":["post-10066","product","type-product","status-publish","has-post-thumbnail","hentry","product_cat-construction-routiere","product_cat-betons","product_cat-paysagisme","product_tag-wit-fr","pa_color-blanc","pa_grain_type-concasse","pa_grain_type-roule"],"yoast_head":"<!-- This site is optimized with the Yoast SEO plugin v15.9.2 - https:\/\/yoast.com\/wordpress\/plugins\/seo\/ -->\n<title>Weiss Quartz - Ghent Aggregates<\/title>\n<link rel=\"canonical\" href=\"https:\/\/ghentaggregates.be\/fr\/produits\/construction-routiere\/weiss-quartz\/\" \/>\n<meta property=\"og:locale\" content=\"fr_FR\" \/>\n<meta property=\"og:type\" content=\"article\" \/>\n<meta property=\"og:title\" content=\"Weiss Quartz - Ghent Aggregates\" \/>\n<meta property=\"og:description\" content=\"Nom produit: WEISS QUARTZ Connu comme : H-Kwarts, Eifel kwarts Origine : Quartz LA : 30 Granulom\u00e9trie : 0\/2 1\/3 2\/5 5\/8 8\/11 8\/16 Remarques: \u00e0 utiliser dans le b\u00e9ton routier, sauf BC5, pi\u00e9ton, garage, entr\u00e9e etc. Ce quartz est extr\u00e8mement blanc et solide et durable. Il est produit et extrait pour ces qualit\u00e9s et [&hellip;]\" \/>\n<meta property=\"og:url\" content=\"https:\/\/ghentaggregates.be\/fr\/produits\/construction-routiere\/weiss-quartz\/\" \/>\n<meta property=\"og:site_name\" content=\"Ghent Aggregates\" \/>\n<meta property=\"article:modified_time\" content=\"2020-07-20T19:24:02+00:00\" \/>\n<meta property=\"og:image\" content=\"https:\/\/ghentaggregates.be\/wp-content\/uploads\/2017\/06\/ghent-aggregates-weiss-quarz-5-8r.jpg\" \/>\n\t<meta property=\"og:image:width\" content=\"1152\" \/>\n\t<meta property=\"og:image:height\" content=\"768\" \/>\n<meta name=\"twitter:card\" content=\"summary_large_image\" \/>\n<meta name=\"twitter:label1\" content=\"Dur\u00e9e de lecture est.\">\n\t<meta name=\"twitter:data1\" content=\"1 minute\">\n<script type=\"application\/ld+json\" class=\"yoast-schema-graph\">{\"@context\":\"https:\/\/schema.org\",\"@graph\":[{\"@type\":\"WebSite\",\"@id\":\"https:\/\/ghentaggregates.be\/#website\",\"url\":\"https:\/\/ghentaggregates.be\/\",\"name\":\"Ghent Aggregates\",\"description\":\"Votre partenaire pour tout granulats d\\u00e9co et techniques\",\"potentialAction\":[{\"@type\":\"SearchAction\",\"target\":\"https:\/\/ghentaggregates.be\/?s={search_term_string}\",\"query-input\":\"required name=search_term_string\"}],\"inLanguage\":\"fr-BE\"},{\"@type\":\"ImageObject\",\"@id\":\"https:\/\/ghentaggregates.be\/fr\/produits\/construction-routiere\/weiss-quartz\/#primaryimage\",\"inLanguage\":\"fr-BE\",\"url\":\"https:\/\/ghentaggregates.be\/wp-content\/uploads\/2017\/06\/ghent-aggregates-weiss-quarz-5-8r.jpg\",\"width\":1152,\"height\":768},{\"@type\":\"WebPage\",\"@id\":\"https:\/\/ghentaggregates.be\/fr\/produits\/construction-routiere\/weiss-quartz\/#webpage\",\"url\":\"https:\/\/ghentaggregates.be\/fr\/produits\/construction-routiere\/weiss-quartz\/\",\"name\":\"Weiss Quartz - Ghent Aggregates\",\"isPartOf\":{\"@id\":\"https:\/\/ghentaggregates.be\/#website\"},\"primaryImageOfPage\":{\"@id\":\"https:\/\/ghentaggregates.be\/fr\/produits\/construction-routiere\/weiss-quartz\/#primaryimage\"},\"datePublished\":\"2017-06-24T17:35:02+00:00\",\"dateModified\":\"2020-07-20T19:24:02+00:00\",\"breadcrumb\":{\"@id\":\"https:\/\/ghentaggregates.be\/fr\/produits\/construction-routiere\/weiss-quartz\/#breadcrumb\"},\"inLanguage\":\"fr-BE\",\"potentialAction\":[{\"@type\":\"ReadAction\",\"target\":[\"https:\/\/ghentaggregates.be\/fr\/produits\/construction-routiere\/weiss-quartz\/\"]}]},{\"@type\":\"BreadcrumbList\",\"@id\":\"https:\/\/ghentaggregates.be\/fr\/produits\/construction-routiere\/weiss-quartz\/#breadcrumb\",\"itemListElement\":[{\"@type\":\"ListItem\",\"position\":1,\"item\":{\"@type\":\"WebPage\",\"@id\":\"https:\/\/ghentaggregates.be\/fr\/\",\"url\":\"https:\/\/ghentaggregates.be\/fr\/\",\"name\":\"Home\"}},{\"@type\":\"ListItem\",\"position\":2,\"item\":{\"@type\":\"WebPage\",\"@id\":\"https:\/\/ghentaggregates.be\/fr\/produits\/construction-routiere\/\",\"url\":\"https:\/\/ghentaggregates.be\/fr\/produits\/construction-routiere\/\",\"name\":\"Construction routi\\u00e8re\"}},{\"@type\":\"ListItem\",\"position\":3,\"item\":{\"@type\":\"WebPage\",\"@id\":\"https:\/\/ghentaggregates.be\/fr\/produits\/construction-routiere\/weiss-quartz\/\",\"url\":\"https:\/\/ghentaggregates.be\/fr\/produits\/construction-routiere\/weiss-quartz\/\",\"name\":\"Weiss Quartz\"}}]}]}<\/script>\n<!-- \/ Yoast SEO plugin. -->","_links":{"self":[{"href":"https:\/\/ghentaggregates.be\/fr\/wp-json\/wp\/v2\/product\/10066"}],"collection":[{"href":"https:\/\/ghentaggregates.be\/fr\/wp-json\/wp\/v2\/product"}],"about":[{"href":"https:\/\/ghentaggregates.be\/fr\/wp-json\/wp\/v2\/types\/product"}],"replies":[{"embeddable":true,"href":"https:\/\/ghentaggregates.be\/fr\/wp-json\/wp\/v2\/comments?post=10066"}],"version-history":[{"count":0,"href":"https:\/\/ghentaggregates.be\/fr\/wp-json\/wp\/v2\/product\/10066\/revisions"}],"wp:featuredmedia":[{"embeddable":true,"href":"https:\/\/ghentaggregates.be\/fr\/wp-json\/wp\/v2\/media\/10064"}],"wp:attachment":[{"href":"https:\/\/ghentaggregates.be\/fr\/wp-json\/wp\/v2\/media?parent=10066"}],"curies":[{"name":"wp","href":"https:\/\/api.w.org\/{rel}","templated":true}]}}