{"id":10074,"date":"2017-06-24T19:56:30","date_gmt":"2017-06-24T17:56:30","guid":{"rendered":"https:\/\/ghentaggregates2019.dazzle-qa.be\/product\/bourgogne\/"},"modified":"2021-01-19T19:06:57","modified_gmt":"2021-01-19T18:06:57","slug":"bourgogne","status":"publish","type":"product","link":"https:\/\/ghentaggregates.be\/fr\/produits\/paysagisme\/bourgogne\/","title":{"rendered":"Bourgogne"},"content":{"rendered":"<table>\n<tbody>\n<tr>\n<td>Nom produit:<\/td>\n<td>BOURGOGNE<\/td>\n<\/tr>\n<tr>\n<td>Connu comme :<\/td>\n<td>Enrochement Ivoire<\/td>\n<\/tr>\n<tr>\n<td>Origine :<\/td>\n<td>Kalksteen<\/td>\n<\/tr>\n<tr>\n<td>LA :<\/td>\n<td>25<\/td>\n<\/tr>\n<tr>\n<td>Granulom\u00e9trie :<\/td>\n<td>40\/80 (sur commande)<br \/>\n80\/150<\/td>\n<\/tr>\n<\/tbody>\n<\/table>\n<p><strong>Remarques:\u00a0<\/strong>Enrochement de classe en couleur beige-ivoire pour gabions, constructions hydrauliques et\/ou am\u00e9nagement de paysages. En tant que mini roch\u00e9s tr\u00e8s joli et doux au jardin. Le petit enrochement peut contenir des accent de couleur rouille tr\u00e8s localement. Ces accents restent tel quel et ne grandissent pas. Roch\u00e9 chique et classe r\u00e9sistant au gel concass\u00e9 bien cubiquement. Peut \u00eatre livrer en bigbag ou vrac &#8211; avec un minimum de commande de 10 tonnes ou plus.<\/p>\n","protected":false},"excerpt":{"rendered":"<p>Nom produit: BOURGOGNE Connu comme : Enrochement Ivoire Origine : Kalksteen LA : 25 Granulom\u00e9trie : 40\/80 (sur commande) 80\/150 Remarques:\u00a0Enrochement de classe en couleur beige-ivoire pour gabions, constructions hydrauliques et\/ou am\u00e9nagement de paysages. En tant que mini roch\u00e9s tr\u00e8s joli et doux au jardin. Le petit enrochement peut contenir des accent de couleur rouille [&hellip;]<\/p>\n","protected":false},"featured_media":10072,"comment_status":"open","ping_status":"closed","template":"","meta":[],"class_list":["post-10074","product","type-product","status-publish","has-post-thumbnail","hentry","product_cat-paysagisme","pa_color-blanc","pa_grain_type-concasse","pa_grain_type-enrochement"],"yoast_head":"<!-- This site is optimized with the Yoast SEO plugin v15.9.2 - https:\/\/yoast.com\/wordpress\/plugins\/seo\/ -->\n<title>Bourgogne - Ghent Aggregates<\/title>\n<link rel=\"canonical\" href=\"https:\/\/ghentaggregates.be\/fr\/produits\/paysagisme\/bourgogne\/\" \/>\n<meta property=\"og:locale\" content=\"fr_FR\" \/>\n<meta property=\"og:type\" content=\"article\" \/>\n<meta property=\"og:title\" content=\"Bourgogne - Ghent Aggregates\" \/>\n<meta property=\"og:description\" content=\"Nom produit: BOURGOGNE Connu comme : Enrochement Ivoire Origine : Kalksteen LA : 25 Granulom\u00e9trie : 40\/80 (sur commande) 80\/150 Remarques:\u00a0Enrochement de classe en couleur beige-ivoire pour gabions, constructions hydrauliques et\/ou am\u00e9nagement de paysages. En tant que mini roch\u00e9s tr\u00e8s joli et doux au jardin. Le petit enrochement peut contenir des accent de couleur rouille [&hellip;]\" \/>\n<meta property=\"og:url\" content=\"https:\/\/ghentaggregates.be\/fr\/produits\/paysagisme\/bourgogne\/\" \/>\n<meta property=\"og:site_name\" content=\"Ghent Aggregates\" \/>\n<meta property=\"article:modified_time\" content=\"2021-01-19T18:06:57+00:00\" \/>\n<meta property=\"og:image\" content=\"https:\/\/ghentaggregates.be\/wp-content\/uploads\/2017\/06\/ghent-aggregates-bourgogne-40-80.jpg\" \/>\n\t<meta property=\"og:image:width\" content=\"1152\" \/>\n\t<meta property=\"og:image:height\" content=\"768\" \/>\n<meta name=\"twitter:card\" content=\"summary_large_image\" \/>\n<meta name=\"twitter:label1\" content=\"Dur\u00e9e de lecture est.\">\n\t<meta name=\"twitter:data1\" content=\"1 minute\">\n<script type=\"application\/ld+json\" class=\"yoast-schema-graph\">{\"@context\":\"https:\/\/schema.org\",\"@graph\":[{\"@type\":\"WebSite\",\"@id\":\"https:\/\/ghentaggregates.be\/#website\",\"url\":\"https:\/\/ghentaggregates.be\/\",\"name\":\"Ghent Aggregates\",\"description\":\"Votre partenaire pour tout granulats d\\u00e9co et techniques\",\"potentialAction\":[{\"@type\":\"SearchAction\",\"target\":\"https:\/\/ghentaggregates.be\/?s={search_term_string}\",\"query-input\":\"required name=search_term_string\"}],\"inLanguage\":\"fr-BE\"},{\"@type\":\"ImageObject\",\"@id\":\"https:\/\/ghentaggregates.be\/fr\/produits\/paysagisme\/bourgogne\/#primaryimage\",\"inLanguage\":\"fr-BE\",\"url\":\"https:\/\/ghentaggregates.be\/wp-content\/uploads\/2017\/06\/ghent-aggregates-bourgogne-40-80.jpg\",\"width\":1152,\"height\":768},{\"@type\":\"WebPage\",\"@id\":\"https:\/\/ghentaggregates.be\/fr\/produits\/paysagisme\/bourgogne\/#webpage\",\"url\":\"https:\/\/ghentaggregates.be\/fr\/produits\/paysagisme\/bourgogne\/\",\"name\":\"Bourgogne - Ghent Aggregates\",\"isPartOf\":{\"@id\":\"https:\/\/ghentaggregates.be\/#website\"},\"primaryImageOfPage\":{\"@id\":\"https:\/\/ghentaggregates.be\/fr\/produits\/paysagisme\/bourgogne\/#primaryimage\"},\"datePublished\":\"2017-06-24T17:56:30+00:00\",\"dateModified\":\"2021-01-19T18:06:57+00:00\",\"breadcrumb\":{\"@id\":\"https:\/\/ghentaggregates.be\/fr\/produits\/paysagisme\/bourgogne\/#breadcrumb\"},\"inLanguage\":\"fr-BE\",\"potentialAction\":[{\"@type\":\"ReadAction\",\"target\":[\"https:\/\/ghentaggregates.be\/fr\/produits\/paysagisme\/bourgogne\/\"]}]},{\"@type\":\"BreadcrumbList\",\"@id\":\"https:\/\/ghentaggregates.be\/fr\/produits\/paysagisme\/bourgogne\/#breadcrumb\",\"itemListElement\":[{\"@type\":\"ListItem\",\"position\":1,\"item\":{\"@type\":\"WebPage\",\"@id\":\"https:\/\/ghentaggregates.be\/fr\/\",\"url\":\"https:\/\/ghentaggregates.be\/fr\/\",\"name\":\"Home\"}},{\"@type\":\"ListItem\",\"position\":2,\"item\":{\"@type\":\"WebPage\",\"@id\":\"https:\/\/ghentaggregates.be\/fr\/produits\/paysagisme\/\",\"url\":\"https:\/\/ghentaggregates.be\/fr\/produits\/paysagisme\/\",\"name\":\"Paysagisme\"}},{\"@type\":\"ListItem\",\"position\":3,\"item\":{\"@type\":\"WebPage\",\"@id\":\"https:\/\/ghentaggregates.be\/fr\/produits\/paysagisme\/bourgogne\/\",\"url\":\"https:\/\/ghentaggregates.be\/fr\/produits\/paysagisme\/bourgogne\/\",\"name\":\"Bourgogne\"}}]}]}<\/script>\n<!-- \/ Yoast SEO plugin. -->","_links":{"self":[{"href":"https:\/\/ghentaggregates.be\/fr\/wp-json\/wp\/v2\/product\/10074"}],"collection":[{"href":"https:\/\/ghentaggregates.be\/fr\/wp-json\/wp\/v2\/product"}],"about":[{"href":"https:\/\/ghentaggregates.be\/fr\/wp-json\/wp\/v2\/types\/product"}],"replies":[{"embeddable":true,"href":"https:\/\/ghentaggregates.be\/fr\/wp-json\/wp\/v2\/comments?post=10074"}],"version-history":[{"count":0,"href":"https:\/\/ghentaggregates.be\/fr\/wp-json\/wp\/v2\/product\/10074\/revisions"}],"wp:featuredmedia":[{"embeddable":true,"href":"https:\/\/ghentaggregates.be\/fr\/wp-json\/wp\/v2\/media\/10072"}],"wp:attachment":[{"href":"https:\/\/ghentaggregates.be\/fr\/wp-json\/wp\/v2\/media?parent=10074"}],"curies":[{"name":"wp","href":"https:\/\/api.w.org\/{rel}","templated":true}]}}