{"id":10082,"date":"2017-06-24T20:13:32","date_gmt":"2017-06-24T18:13:32","guid":{"rendered":"https:\/\/ghentaggregates2019.dazzle-qa.be\/product\/doorniks\/"},"modified":"2020-07-20T21:11:42","modified_gmt":"2020-07-20T19:11:42","slug":"tournaisis","status":"publish","type":"product","link":"https:\/\/ghentaggregates.be\/fr\/produits\/drainage-en\/tournaisis\/","title":{"rendered":"Tournaisis"},"content":{"rendered":"<table>\n<tbody>\n<tr>\n<td>Nom produit:<\/td>\n<td>TOURNAISIS<\/td>\n<\/tr>\n<tr>\n<td>Connu comme :<\/td>\n<td>Enrochement noir<\/td>\n<\/tr>\n<tr>\n<td>Origine :<\/td>\n<td>Calcaire<\/td>\n<\/tr>\n<tr>\n<td>LA :<\/td>\n<td>25<\/td>\n<\/tr>\n<tr>\n<td>Granulom\u00e9trie :<\/td>\n<td>40\/60<br \/>\n60\/80 (voorraad)<br \/>\n90\/150<br \/>\n90\/180 CPA<br \/>\n5-25kg<br \/>\n5-40kg<br \/>\n10-60kg<br \/>\n40-200kg LMA<br \/>\n300-1000kg<\/td>\n<\/tr>\n<\/tbody>\n<\/table>\n<p><strong>Remarques:\u00a0<\/strong>enrochement gris fonc\u00e9-noir \u00e9gal id\u00e9al pour le gabion, l&rsquo;enrochement du paysage ou la construction hydraulique, d\u00e9fense de berge, etc. Roch\u00e9 solide et durable, neutre dans son environnement. Rapport qualit\u00e9-prix incontestablement au top.<\/p>\n<p>Nous disposons \u00e9galement de petit et grand enrochement dans ces mat\u00e9riaux qu&rsquo;on peut pr\u00e9voir pour les travaux hydrauliques ou encore protection de zones contre la circulation, soit l&rsquo;ornement.<\/p>\n","protected":false},"excerpt":{"rendered":"<p>Nom produit: TOURNAISIS Connu comme : Enrochement noir Origine : Calcaire LA : 25 Granulom\u00e9trie : 40\/60 60\/80 (voorraad) 90\/150 90\/180 CPA 5-25kg 5-40kg 10-60kg 40-200kg LMA 300-1000kg Remarques:\u00a0enrochement gris fonc\u00e9-noir \u00e9gal id\u00e9al pour le gabion, l&rsquo;enrochement du paysage ou la construction hydraulique, d\u00e9fense de berge, etc. Roch\u00e9 solide et durable, neutre dans son environnement. [&hellip;]<\/p>\n","protected":false},"featured_media":10080,"comment_status":"open","ping_status":"closed","template":"","meta":[],"class_list":["post-10082","product","type-product","status-publish","has-post-thumbnail","hentry","product_cat-paysagisme","product_tag-breuksteen-fr","product_tag-schanskorf-fr","product_tag-steenkorf-fr","pa_color-noir","pa_grain_type-concasse","pa_grain_type-enrochement"],"yoast_head":"<!-- This site is optimized with the Yoast SEO plugin v15.9.2 - https:\/\/yoast.com\/wordpress\/plugins\/seo\/ -->\n<title>Tournaisis - Ghent Aggregates<\/title>\n<link rel=\"canonical\" href=\"https:\/\/ghentaggregates.be\/fr\/produits\/drainage-en\/tournaisis\/\" \/>\n<meta property=\"og:locale\" content=\"fr_FR\" \/>\n<meta property=\"og:type\" content=\"article\" \/>\n<meta property=\"og:title\" content=\"Tournaisis - Ghent Aggregates\" \/>\n<meta property=\"og:description\" content=\"Nom produit: TOURNAISIS Connu comme : Enrochement noir Origine : Calcaire LA : 25 Granulom\u00e9trie : 40\/60 60\/80 (voorraad) 90\/150 90\/180 CPA 5-25kg 5-40kg 10-60kg 40-200kg LMA 300-1000kg Remarques:\u00a0enrochement gris fonc\u00e9-noir \u00e9gal id\u00e9al pour le gabion, l&rsquo;enrochement du paysage ou la construction hydraulique, d\u00e9fense de berge, etc. Roch\u00e9 solide et durable, neutre dans son environnement. [&hellip;]\" \/>\n<meta property=\"og:url\" content=\"https:\/\/ghentaggregates.be\/fr\/produits\/drainage-en\/tournaisis\/\" \/>\n<meta property=\"og:site_name\" content=\"Ghent Aggregates\" \/>\n<meta property=\"article:modified_time\" content=\"2020-07-20T19:11:42+00:00\" \/>\n<meta property=\"og:image\" content=\"https:\/\/ghentaggregates.be\/wp-content\/uploads\/2017\/06\/ghent-aggregates-doorniks-90-150.jpg\" \/>\n\t<meta property=\"og:image:width\" content=\"1152\" \/>\n\t<meta property=\"og:image:height\" content=\"768\" \/>\n<meta name=\"twitter:card\" content=\"summary_large_image\" \/>\n<script type=\"application\/ld+json\" class=\"yoast-schema-graph\">{\"@context\":\"https:\/\/schema.org\",\"@graph\":[{\"@type\":\"WebSite\",\"@id\":\"https:\/\/ghentaggregates.be\/#website\",\"url\":\"https:\/\/ghentaggregates.be\/\",\"name\":\"Ghent Aggregates\",\"description\":\"Votre partenaire pour tout granulats d\\u00e9co et techniques\",\"potentialAction\":[{\"@type\":\"SearchAction\",\"target\":\"https:\/\/ghentaggregates.be\/?s={search_term_string}\",\"query-input\":\"required name=search_term_string\"}],\"inLanguage\":\"fr-BE\"},{\"@type\":\"ImageObject\",\"@id\":\"https:\/\/ghentaggregates.be\/fr\/produits\/drainage-en\/tournaisis\/#primaryimage\",\"inLanguage\":\"fr-BE\",\"url\":\"https:\/\/ghentaggregates.be\/wp-content\/uploads\/2017\/06\/ghent-aggregates-doorniks-90-150.jpg\",\"width\":1152,\"height\":768},{\"@type\":\"WebPage\",\"@id\":\"https:\/\/ghentaggregates.be\/fr\/produits\/drainage-en\/tournaisis\/#webpage\",\"url\":\"https:\/\/ghentaggregates.be\/fr\/produits\/drainage-en\/tournaisis\/\",\"name\":\"Tournaisis - Ghent Aggregates\",\"isPartOf\":{\"@id\":\"https:\/\/ghentaggregates.be\/#website\"},\"primaryImageOfPage\":{\"@id\":\"https:\/\/ghentaggregates.be\/fr\/produits\/drainage-en\/tournaisis\/#primaryimage\"},\"datePublished\":\"2017-06-24T18:13:32+00:00\",\"dateModified\":\"2020-07-20T19:11:42+00:00\",\"breadcrumb\":{\"@id\":\"https:\/\/ghentaggregates.be\/fr\/produits\/drainage-en\/tournaisis\/#breadcrumb\"},\"inLanguage\":\"fr-BE\",\"potentialAction\":[{\"@type\":\"ReadAction\",\"target\":[\"https:\/\/ghentaggregates.be\/fr\/produits\/drainage-en\/tournaisis\/\"]}]},{\"@type\":\"BreadcrumbList\",\"@id\":\"https:\/\/ghentaggregates.be\/fr\/produits\/drainage-en\/tournaisis\/#breadcrumb\",\"itemListElement\":[{\"@type\":\"ListItem\",\"position\":1,\"item\":{\"@type\":\"WebPage\",\"@id\":\"https:\/\/ghentaggregates.be\/fr\/\",\"url\":\"https:\/\/ghentaggregates.be\/fr\/\",\"name\":\"Home\"}},{\"@type\":\"ListItem\",\"position\":2,\"item\":{\"@type\":\"WebPage\",\"@id\":\"https:\/\/ghentaggregates.be\/fr\/produits\/drainage-en\/tournaisis\/\",\"url\":\"https:\/\/ghentaggregates.be\/fr\/produits\/drainage-en\/tournaisis\/\",\"name\":\"Tournaisis\"}}]}]}<\/script>\n<!-- \/ Yoast SEO plugin. -->","_links":{"self":[{"href":"https:\/\/ghentaggregates.be\/fr\/wp-json\/wp\/v2\/product\/10082"}],"collection":[{"href":"https:\/\/ghentaggregates.be\/fr\/wp-json\/wp\/v2\/product"}],"about":[{"href":"https:\/\/ghentaggregates.be\/fr\/wp-json\/wp\/v2\/types\/product"}],"replies":[{"embeddable":true,"href":"https:\/\/ghentaggregates.be\/fr\/wp-json\/wp\/v2\/comments?post=10082"}],"version-history":[{"count":0,"href":"https:\/\/ghentaggregates.be\/fr\/wp-json\/wp\/v2\/product\/10082\/revisions"}],"wp:featuredmedia":[{"embeddable":true,"href":"https:\/\/ghentaggregates.be\/fr\/wp-json\/wp\/v2\/media\/10080"}],"wp:attachment":[{"href":"https:\/\/ghentaggregates.be\/fr\/wp-json\/wp\/v2\/media?parent=10082"}],"curies":[{"name":"wp","href":"https:\/\/api.w.org\/{rel}","templated":true}]}}