{"id":10090,"date":"2017-06-24T20:29:51","date_gmt":"2017-06-24T18:29:51","guid":{"rendered":"https:\/\/ghentaggregates2019.dazzle-qa.be\/product\/blue-berry-2\/"},"modified":"2020-07-20T21:05:40","modified_gmt":"2020-07-20T19:05:40","slug":"blue-berry-2","status":"publish","type":"product","link":"https:\/\/ghentaggregates.be\/fr\/produits\/paysagisme\/blue-berry-2\/","title":{"rendered":"Blue Berry"},"content":{"rendered":"<table>\n<tbody>\n<tr>\n<td>Nom produit:<\/td>\n<td>BLUE BERRY<\/td>\n<\/tr>\n<tr>\n<td>Connu comme :<\/td>\n<td>&#8211;<\/td>\n<\/tr>\n<tr>\n<td>Origine :<\/td>\n<td>Calcaire<\/td>\n<\/tr>\n<tr>\n<td>LA :<\/td>\n<td>25<\/td>\n<\/tr>\n<tr>\n<td>Granulom\u00e9trie :<\/td>\n<td>60\/90 (en stock)<\/td>\n<\/tr>\n<\/tbody>\n<\/table>\n<p><strong>Remarques:\u00a0<\/strong>Cr\u00e9\u00e9 pour le gabion et le paysagisme. Cet enrochement gris peut contenir des lignes blanches ou taches blanches qui brillent au soleil. Ainsi votre projet et la pierre attire une attention suppl\u00e9mentaire qui rend le tout unique. Une pierre durable et r\u00e9sitante au gel-d\u00e9gel, niveau qualit\u00e9-prix au top!<\/p>\n","protected":false},"excerpt":{"rendered":"<p>Nom produit: BLUE BERRY Connu comme : &#8211; Origine : Calcaire LA : 25 Granulom\u00e9trie : 60\/90 (en stock) Remarques:\u00a0Cr\u00e9\u00e9 pour le gabion et le paysagisme. Cet enrochement gris peut contenir des lignes blanches ou taches blanches qui brillent au soleil. Ainsi votre projet et la pierre attire une attention suppl\u00e9mentaire qui rend le tout [&hellip;]<\/p>\n","protected":false},"featured_media":10088,"comment_status":"open","ping_status":"closed","template":"","meta":[],"class_list":["post-10090","product","type-product","status-publish","has-post-thumbnail","hentry","product_cat-drainage-et-fondation","product_cat-betons","product_cat-paysagisme","pa_color-gris","pa_grain_type-concasse","pa_grain_type-enrochement"],"yoast_head":"<!-- This site is optimized with the Yoast SEO plugin v15.9.2 - https:\/\/yoast.com\/wordpress\/plugins\/seo\/ -->\n<title>Blue Berry - Ghent Aggregates<\/title>\n<link rel=\"canonical\" href=\"https:\/\/ghentaggregates.be\/fr\/produits\/paysagisme\/blue-berry-2\/\" \/>\n<meta property=\"og:locale\" content=\"fr_FR\" \/>\n<meta property=\"og:type\" content=\"article\" \/>\n<meta property=\"og:title\" content=\"Blue Berry - Ghent Aggregates\" \/>\n<meta property=\"og:description\" content=\"Nom produit: BLUE BERRY Connu comme : &#8211; Origine : Calcaire LA : 25 Granulom\u00e9trie : 60\/90 (en stock) Remarques:\u00a0Cr\u00e9\u00e9 pour le gabion et le paysagisme. Cet enrochement gris peut contenir des lignes blanches ou taches blanches qui brillent au soleil. Ainsi votre projet et la pierre attire une attention suppl\u00e9mentaire qui rend le tout [&hellip;]\" \/>\n<meta property=\"og:url\" content=\"https:\/\/ghentaggregates.be\/fr\/produits\/paysagisme\/blue-berry-2\/\" \/>\n<meta property=\"og:site_name\" content=\"Ghent Aggregates\" \/>\n<meta property=\"article:modified_time\" content=\"2020-07-20T19:05:40+00:00\" \/>\n<meta property=\"og:image\" content=\"https:\/\/ghentaggregates.be\/wp-content\/uploads\/2017\/06\/ghent-aggregates-blue-berry-60-90.jpg\" \/>\n\t<meta property=\"og:image:width\" content=\"1152\" \/>\n\t<meta property=\"og:image:height\" content=\"768\" \/>\n<meta name=\"twitter:card\" content=\"summary_large_image\" \/>\n<script type=\"application\/ld+json\" class=\"yoast-schema-graph\">{\"@context\":\"https:\/\/schema.org\",\"@graph\":[{\"@type\":\"WebSite\",\"@id\":\"https:\/\/ghentaggregates.be\/#website\",\"url\":\"https:\/\/ghentaggregates.be\/\",\"name\":\"Ghent Aggregates\",\"description\":\"Votre partenaire pour tout granulats d\\u00e9co et techniques\",\"potentialAction\":[{\"@type\":\"SearchAction\",\"target\":\"https:\/\/ghentaggregates.be\/?s={search_term_string}\",\"query-input\":\"required name=search_term_string\"}],\"inLanguage\":\"fr-BE\"},{\"@type\":\"ImageObject\",\"@id\":\"https:\/\/ghentaggregates.be\/fr\/produits\/paysagisme\/blue-berry-2\/#primaryimage\",\"inLanguage\":\"fr-BE\",\"url\":\"https:\/\/ghentaggregates.be\/wp-content\/uploads\/2017\/06\/ghent-aggregates-blue-berry-60-90.jpg\",\"width\":1152,\"height\":768},{\"@type\":\"WebPage\",\"@id\":\"https:\/\/ghentaggregates.be\/fr\/produits\/paysagisme\/blue-berry-2\/#webpage\",\"url\":\"https:\/\/ghentaggregates.be\/fr\/produits\/paysagisme\/blue-berry-2\/\",\"name\":\"Blue Berry - Ghent Aggregates\",\"isPartOf\":{\"@id\":\"https:\/\/ghentaggregates.be\/#website\"},\"primaryImageOfPage\":{\"@id\":\"https:\/\/ghentaggregates.be\/fr\/produits\/paysagisme\/blue-berry-2\/#primaryimage\"},\"datePublished\":\"2017-06-24T18:29:51+00:00\",\"dateModified\":\"2020-07-20T19:05:40+00:00\",\"breadcrumb\":{\"@id\":\"https:\/\/ghentaggregates.be\/fr\/produits\/paysagisme\/blue-berry-2\/#breadcrumb\"},\"inLanguage\":\"fr-BE\",\"potentialAction\":[{\"@type\":\"ReadAction\",\"target\":[\"https:\/\/ghentaggregates.be\/fr\/produits\/paysagisme\/blue-berry-2\/\"]}]},{\"@type\":\"BreadcrumbList\",\"@id\":\"https:\/\/ghentaggregates.be\/fr\/produits\/paysagisme\/blue-berry-2\/#breadcrumb\",\"itemListElement\":[{\"@type\":\"ListItem\",\"position\":1,\"item\":{\"@type\":\"WebPage\",\"@id\":\"https:\/\/ghentaggregates.be\/fr\/\",\"url\":\"https:\/\/ghentaggregates.be\/fr\/\",\"name\":\"Home\"}},{\"@type\":\"ListItem\",\"position\":2,\"item\":{\"@type\":\"WebPage\",\"@id\":\"https:\/\/ghentaggregates.be\/fr\/produits\/paysagisme\/\",\"url\":\"https:\/\/ghentaggregates.be\/fr\/produits\/paysagisme\/\",\"name\":\"Paysagisme\"}},{\"@type\":\"ListItem\",\"position\":3,\"item\":{\"@type\":\"WebPage\",\"@id\":\"https:\/\/ghentaggregates.be\/fr\/produits\/paysagisme\/blue-berry-2\/\",\"url\":\"https:\/\/ghentaggregates.be\/fr\/produits\/paysagisme\/blue-berry-2\/\",\"name\":\"Blue Berry\"}}]}]}<\/script>\n<!-- \/ Yoast SEO plugin. -->","_links":{"self":[{"href":"https:\/\/ghentaggregates.be\/fr\/wp-json\/wp\/v2\/product\/10090"}],"collection":[{"href":"https:\/\/ghentaggregates.be\/fr\/wp-json\/wp\/v2\/product"}],"about":[{"href":"https:\/\/ghentaggregates.be\/fr\/wp-json\/wp\/v2\/types\/product"}],"replies":[{"embeddable":true,"href":"https:\/\/ghentaggregates.be\/fr\/wp-json\/wp\/v2\/comments?post=10090"}],"version-history":[{"count":0,"href":"https:\/\/ghentaggregates.be\/fr\/wp-json\/wp\/v2\/product\/10090\/revisions"}],"wp:featuredmedia":[{"embeddable":true,"href":"https:\/\/ghentaggregates.be\/fr\/wp-json\/wp\/v2\/media\/10088"}],"wp:attachment":[{"href":"https:\/\/ghentaggregates.be\/fr\/wp-json\/wp\/v2\/media?parent=10090"}],"curies":[{"name":"wp","href":"https:\/\/api.w.org\/{rel}","templated":true}]}}