{"id":10100,"date":"2017-07-03T18:58:19","date_gmt":"2017-07-03T16:58:19","guid":{"rendered":"https:\/\/ghentaggregates2019.dazzle-qa.be\/product\/grafix\/"},"modified":"2020-07-20T21:03:43","modified_gmt":"2020-07-20T19:03:43","slug":"marquise-enrochement","status":"publish","type":"product","link":"https:\/\/ghentaggregates.be\/fr\/produits\/paysagisme\/marquise-enrochement\/","title":{"rendered":"Marquise"},"content":{"rendered":"<table>\n<tbody>\n<tr>\n<td>Nom produit:<\/td>\n<td>MARQUISE ENROCHEMENT<\/td>\n<\/tr>\n<tr>\n<td>Connu comme :<\/td>\n<td>Grafrado, Enrochement gris-beige<\/td>\n<\/tr>\n<tr>\n<td>Origine :<\/td>\n<td>Calcaire<\/td>\n<\/tr>\n<tr>\n<td>LA :<\/td>\n<td>25<\/td>\n<\/tr>\n<tr>\n<td>Granulom\u00e9trie :<\/td>\n<td>60\/90 (en stock)<br \/>\n90\/150<br \/>\nEnrochement -500kg, +500kg<\/td>\n<\/tr>\n<\/tbody>\n<\/table>\n<p><strong>Remarques :\u00a0<\/strong>excellente pierre pour le remplissage de gabions, aussi bien pour la protection des digues que d\u00e9coratif et cl\u00f4ture. Cette pierre gris-beige-brun est relaxant, rustique et ne vous ennuyera pas rapidement. De couleur neutre elle accompagne beaucoup de styles de maisons. Calcaire tr\u00e8s d\u00fbr, de haute qualit\u00e9, non-g\u00e9lif et r\u00e9sistant pour des g\u00e9n\u00e9rations. Qualit\u00e9 sans comparaison. Aussi pour vos am\u00e9nagements d\u00e9coratifs au parc et jardin.<\/p>\n","protected":false},"excerpt":{"rendered":"<p>Nom produit: MARQUISE ENROCHEMENT Connu comme : Grafrado, Enrochement gris-beige Origine : Calcaire LA : 25 Granulom\u00e9trie : 60\/90 (en stock) 90\/150 Enrochement -500kg, +500kg Remarques :\u00a0excellente pierre pour le remplissage de gabions, aussi bien pour la protection des digues que d\u00e9coratif et cl\u00f4ture. Cette pierre gris-beige-brun est relaxant, rustique et ne vous ennuyera pas [&hellip;]<\/p>\n","protected":false},"featured_media":10098,"comment_status":"open","ping_status":"closed","template":"","meta":[],"class_list":["post-10100","product","type-product","status-publish","has-post-thumbnail","hentry","product_cat-paysagisme","product_cat-traitement-eaux","product_tag-breuksteen-fr","pa_color-gris","pa_color-marron","pa_grain_type-enrochement"],"yoast_head":"<!-- This site is optimized with the Yoast SEO plugin v15.9.2 - https:\/\/yoast.com\/wordpress\/plugins\/seo\/ -->\n<title>Marquise - Ghent Aggregates<\/title>\n<link rel=\"canonical\" href=\"https:\/\/ghentaggregates.be\/fr\/produits\/paysagisme\/marquise-enrochement\/\" \/>\n<meta property=\"og:locale\" content=\"fr_FR\" \/>\n<meta property=\"og:type\" content=\"article\" \/>\n<meta property=\"og:title\" content=\"Marquise - Ghent Aggregates\" \/>\n<meta property=\"og:description\" content=\"Nom produit: MARQUISE ENROCHEMENT Connu comme : Grafrado, Enrochement gris-beige Origine : Calcaire LA : 25 Granulom\u00e9trie : 60\/90 (en stock) 90\/150 Enrochement -500kg, +500kg Remarques :\u00a0excellente pierre pour le remplissage de gabions, aussi bien pour la protection des digues que d\u00e9coratif et cl\u00f4ture. Cette pierre gris-beige-brun est relaxant, rustique et ne vous ennuyera pas [&hellip;]\" \/>\n<meta property=\"og:url\" content=\"https:\/\/ghentaggregates.be\/fr\/produits\/paysagisme\/marquise-enrochement\/\" \/>\n<meta property=\"og:site_name\" content=\"Ghent Aggregates\" \/>\n<meta property=\"article:modified_time\" content=\"2020-07-20T19:03:43+00:00\" \/>\n<meta property=\"og:image\" content=\"https:\/\/ghentaggregates.be\/wp-content\/uploads\/2017\/07\/ghent-aggregates-markies-60-90.jpg\" \/>\n\t<meta property=\"og:image:width\" content=\"1152\" \/>\n\t<meta property=\"og:image:height\" content=\"768\" \/>\n<meta name=\"twitter:card\" content=\"summary_large_image\" \/>\n<script type=\"application\/ld+json\" class=\"yoast-schema-graph\">{\"@context\":\"https:\/\/schema.org\",\"@graph\":[{\"@type\":\"WebSite\",\"@id\":\"https:\/\/ghentaggregates.be\/#website\",\"url\":\"https:\/\/ghentaggregates.be\/\",\"name\":\"Ghent Aggregates\",\"description\":\"Votre partenaire pour tout granulats d\\u00e9co et techniques\",\"potentialAction\":[{\"@type\":\"SearchAction\",\"target\":\"https:\/\/ghentaggregates.be\/?s={search_term_string}\",\"query-input\":\"required name=search_term_string\"}],\"inLanguage\":\"fr-BE\"},{\"@type\":\"ImageObject\",\"@id\":\"https:\/\/ghentaggregates.be\/fr\/produits\/paysagisme\/marquise-enrochement\/#primaryimage\",\"inLanguage\":\"fr-BE\",\"url\":\"https:\/\/ghentaggregates.be\/wp-content\/uploads\/2017\/07\/ghent-aggregates-markies-60-90.jpg\",\"width\":1152,\"height\":768},{\"@type\":\"WebPage\",\"@id\":\"https:\/\/ghentaggregates.be\/fr\/produits\/paysagisme\/marquise-enrochement\/#webpage\",\"url\":\"https:\/\/ghentaggregates.be\/fr\/produits\/paysagisme\/marquise-enrochement\/\",\"name\":\"Marquise - Ghent Aggregates\",\"isPartOf\":{\"@id\":\"https:\/\/ghentaggregates.be\/#website\"},\"primaryImageOfPage\":{\"@id\":\"https:\/\/ghentaggregates.be\/fr\/produits\/paysagisme\/marquise-enrochement\/#primaryimage\"},\"datePublished\":\"2017-07-03T16:58:19+00:00\",\"dateModified\":\"2020-07-20T19:03:43+00:00\",\"breadcrumb\":{\"@id\":\"https:\/\/ghentaggregates.be\/fr\/produits\/paysagisme\/marquise-enrochement\/#breadcrumb\"},\"inLanguage\":\"fr-BE\",\"potentialAction\":[{\"@type\":\"ReadAction\",\"target\":[\"https:\/\/ghentaggregates.be\/fr\/produits\/paysagisme\/marquise-enrochement\/\"]}]},{\"@type\":\"BreadcrumbList\",\"@id\":\"https:\/\/ghentaggregates.be\/fr\/produits\/paysagisme\/marquise-enrochement\/#breadcrumb\",\"itemListElement\":[{\"@type\":\"ListItem\",\"position\":1,\"item\":{\"@type\":\"WebPage\",\"@id\":\"https:\/\/ghentaggregates.be\/fr\/\",\"url\":\"https:\/\/ghentaggregates.be\/fr\/\",\"name\":\"Home\"}},{\"@type\":\"ListItem\",\"position\":2,\"item\":{\"@type\":\"WebPage\",\"@id\":\"https:\/\/ghentaggregates.be\/fr\/produits\/paysagisme\/\",\"url\":\"https:\/\/ghentaggregates.be\/fr\/produits\/paysagisme\/\",\"name\":\"Paysagisme\"}},{\"@type\":\"ListItem\",\"position\":3,\"item\":{\"@type\":\"WebPage\",\"@id\":\"https:\/\/ghentaggregates.be\/fr\/produits\/paysagisme\/marquise-enrochement\/\",\"url\":\"https:\/\/ghentaggregates.be\/fr\/produits\/paysagisme\/marquise-enrochement\/\",\"name\":\"Marquise\"}}]}]}<\/script>\n<!-- \/ Yoast SEO plugin. -->","_links":{"self":[{"href":"https:\/\/ghentaggregates.be\/fr\/wp-json\/wp\/v2\/product\/10100"}],"collection":[{"href":"https:\/\/ghentaggregates.be\/fr\/wp-json\/wp\/v2\/product"}],"about":[{"href":"https:\/\/ghentaggregates.be\/fr\/wp-json\/wp\/v2\/types\/product"}],"replies":[{"embeddable":true,"href":"https:\/\/ghentaggregates.be\/fr\/wp-json\/wp\/v2\/comments?post=10100"}],"version-history":[{"count":0,"href":"https:\/\/ghentaggregates.be\/fr\/wp-json\/wp\/v2\/product\/10100\/revisions"}],"wp:featuredmedia":[{"embeddable":true,"href":"https:\/\/ghentaggregates.be\/fr\/wp-json\/wp\/v2\/media\/10098"}],"wp:attachment":[{"href":"https:\/\/ghentaggregates.be\/fr\/wp-json\/wp\/v2\/media?parent=10100"}],"curies":[{"name":"wp","href":"https:\/\/api.w.org\/{rel}","templated":true}]}}