{"id":10125,"date":"2017-07-03T20:02:53","date_gmt":"2017-07-03T18:02:53","guid":{"rendered":"https:\/\/ghentaggregates2019.dazzle-qa.be\/product\/bianco-carrara-kei\/"},"modified":"2020-07-20T20:25:02","modified_gmt":"2020-07-20T18:25:02","slug":"galet-blanc-carrare","status":"publish","type":"product","link":"https:\/\/ghentaggregates.be\/fr\/produits\/paysagisme\/galet-blanc-carrare\/","title":{"rendered":"Galet blanc Carrare"},"content":{"rendered":"<table>\n<tbody>\n<tr>\n<td>Nom produit:<\/td>\n<td>GALET BLANC CARRARE<\/td>\n<\/tr>\n<tr>\n<td>Connu comme :<\/td>\n<td>Blanc Carrare, Crystal White<\/td>\n<\/tr>\n<tr>\n<td>Origine :<\/td>\n<td>Marbre blanc d&rsquo;Italie<\/td>\n<\/tr>\n<tr>\n<td>LA :<\/td>\n<td>40<\/td>\n<\/tr>\n<tr>\n<td>Granulom\u00e9trie :<\/td>\n<td>15\/25R (en stock)<br \/>\n25\/40R (en stock)<br \/>\n40\/60R (en stock)<br \/>\n60\/100R (en stock)<\/td>\n<\/tr>\n<\/tbody>\n<\/table>\n<p><strong>Remarques :\u00a0<\/strong>Parfait pour le remplissage de gabions ou toutes applications d&rsquo;am\u00e9nagements d\u00e9coratifs et paysagisme. Les galets de grands formats sont parfaitements roul\u00e9s, le format 60\/100 peut monter \u00e0 120mm. S\u00e9lectionn\u00e9s manuellement pour \u00e9viter les plus grandes casses.<\/p>\n<p>Ce galet tr\u00e8s blanc est produit exclusivement au pied des carri\u00e8res de Carrare, en Italie. Cette pierre est travaill\u00e9e avec les plus grandes soins. Le Carrare par contre peut contenir un sous-ton gris\u00e2tre quand il est humide.<\/p>\n","protected":false},"excerpt":{"rendered":"<p>Nom produit: GALET BLANC CARRARE Connu comme : Blanc Carrare, Crystal White Origine : Marbre blanc d&rsquo;Italie LA : 40 Granulom\u00e9trie : 15\/25R (en stock) 25\/40R (en stock) 40\/60R (en stock) 60\/100R (en stock) Remarques :\u00a0Parfait pour le remplissage de gabions ou toutes applications d&rsquo;am\u00e9nagements d\u00e9coratifs et paysagisme. Les galets de grands formats sont parfaitements [&hellip;]<\/p>\n","protected":false},"featured_media":10130,"comment_status":"open","ping_status":"closed","template":"","meta":[],"class_list":["post-10125","product","type-product","status-publish","has-post-thumbnail","hentry","product_cat-paysagisme","pa_color-blanc","pa_grain_type-enrochement","pa_grain_type-roule"],"yoast_head":"<!-- This site is optimized with the Yoast SEO plugin v15.9.2 - https:\/\/yoast.com\/wordpress\/plugins\/seo\/ -->\n<title>Galet blanc Carrare - Ghent Aggregates<\/title>\n<link rel=\"canonical\" href=\"https:\/\/ghentaggregates.be\/fr\/produits\/paysagisme\/galet-blanc-carrare\/\" \/>\n<meta property=\"og:locale\" content=\"fr_FR\" \/>\n<meta property=\"og:type\" content=\"article\" \/>\n<meta property=\"og:title\" content=\"Galet blanc Carrare - Ghent Aggregates\" \/>\n<meta property=\"og:description\" content=\"Nom produit: GALET BLANC CARRARE Connu comme : Blanc Carrare, Crystal White Origine : Marbre blanc d&rsquo;Italie LA : 40 Granulom\u00e9trie : 15\/25R (en stock) 25\/40R (en stock) 40\/60R (en stock) 60\/100R (en stock) Remarques :\u00a0Parfait pour le remplissage de gabions ou toutes applications d&rsquo;am\u00e9nagements d\u00e9coratifs et paysagisme. Les galets de grands formats sont parfaitements [&hellip;]\" \/>\n<meta property=\"og:url\" content=\"https:\/\/ghentaggregates.be\/fr\/produits\/paysagisme\/galet-blanc-carrare\/\" \/>\n<meta property=\"og:site_name\" content=\"Ghent Aggregates\" \/>\n<meta property=\"article:modified_time\" content=\"2020-07-20T18:25:02+00:00\" \/>\n<meta property=\"og:image\" content=\"https:\/\/ghentaggregates.be\/wp-content\/uploads\/2017\/07\/ghent-aggregates-carrara-60-100r-1.jpg\" \/>\n\t<meta property=\"og:image:width\" content=\"1152\" \/>\n\t<meta property=\"og:image:height\" content=\"768\" \/>\n<meta name=\"twitter:card\" content=\"summary_large_image\" \/>\n<meta name=\"twitter:label1\" content=\"Dur\u00e9e de lecture est.\">\n\t<meta name=\"twitter:data1\" content=\"1 minute\">\n<script type=\"application\/ld+json\" class=\"yoast-schema-graph\">{\"@context\":\"https:\/\/schema.org\",\"@graph\":[{\"@type\":\"WebSite\",\"@id\":\"https:\/\/ghentaggregates.be\/#website\",\"url\":\"https:\/\/ghentaggregates.be\/\",\"name\":\"Ghent Aggregates\",\"description\":\"Votre partenaire pour tout granulats d\\u00e9co et techniques\",\"potentialAction\":[{\"@type\":\"SearchAction\",\"target\":\"https:\/\/ghentaggregates.be\/?s={search_term_string}\",\"query-input\":\"required name=search_term_string\"}],\"inLanguage\":\"fr-BE\"},{\"@type\":\"ImageObject\",\"@id\":\"https:\/\/ghentaggregates.be\/fr\/produits\/paysagisme\/galet-blanc-carrare\/#primaryimage\",\"inLanguage\":\"fr-BE\",\"url\":\"https:\/\/ghentaggregates.be\/wp-content\/uploads\/2017\/07\/ghent-aggregates-carrara-60-100r-1.jpg\",\"width\":1152,\"height\":768},{\"@type\":\"WebPage\",\"@id\":\"https:\/\/ghentaggregates.be\/fr\/produits\/paysagisme\/galet-blanc-carrare\/#webpage\",\"url\":\"https:\/\/ghentaggregates.be\/fr\/produits\/paysagisme\/galet-blanc-carrare\/\",\"name\":\"Galet blanc Carrare - Ghent Aggregates\",\"isPartOf\":{\"@id\":\"https:\/\/ghentaggregates.be\/#website\"},\"primaryImageOfPage\":{\"@id\":\"https:\/\/ghentaggregates.be\/fr\/produits\/paysagisme\/galet-blanc-carrare\/#primaryimage\"},\"datePublished\":\"2017-07-03T18:02:53+00:00\",\"dateModified\":\"2020-07-20T18:25:02+00:00\",\"breadcrumb\":{\"@id\":\"https:\/\/ghentaggregates.be\/fr\/produits\/paysagisme\/galet-blanc-carrare\/#breadcrumb\"},\"inLanguage\":\"fr-BE\",\"potentialAction\":[{\"@type\":\"ReadAction\",\"target\":[\"https:\/\/ghentaggregates.be\/fr\/produits\/paysagisme\/galet-blanc-carrare\/\"]}]},{\"@type\":\"BreadcrumbList\",\"@id\":\"https:\/\/ghentaggregates.be\/fr\/produits\/paysagisme\/galet-blanc-carrare\/#breadcrumb\",\"itemListElement\":[{\"@type\":\"ListItem\",\"position\":1,\"item\":{\"@type\":\"WebPage\",\"@id\":\"https:\/\/ghentaggregates.be\/fr\/\",\"url\":\"https:\/\/ghentaggregates.be\/fr\/\",\"name\":\"Home\"}},{\"@type\":\"ListItem\",\"position\":2,\"item\":{\"@type\":\"WebPage\",\"@id\":\"https:\/\/ghentaggregates.be\/fr\/produits\/paysagisme\/\",\"url\":\"https:\/\/ghentaggregates.be\/fr\/produits\/paysagisme\/\",\"name\":\"Paysagisme\"}},{\"@type\":\"ListItem\",\"position\":3,\"item\":{\"@type\":\"WebPage\",\"@id\":\"https:\/\/ghentaggregates.be\/fr\/produits\/paysagisme\/galet-blanc-carrare\/\",\"url\":\"https:\/\/ghentaggregates.be\/fr\/produits\/paysagisme\/galet-blanc-carrare\/\",\"name\":\"Galet blanc Carrare\"}}]}]}<\/script>\n<!-- \/ Yoast SEO plugin. -->","_links":{"self":[{"href":"https:\/\/ghentaggregates.be\/fr\/wp-json\/wp\/v2\/product\/10125"}],"collection":[{"href":"https:\/\/ghentaggregates.be\/fr\/wp-json\/wp\/v2\/product"}],"about":[{"href":"https:\/\/ghentaggregates.be\/fr\/wp-json\/wp\/v2\/types\/product"}],"replies":[{"embeddable":true,"href":"https:\/\/ghentaggregates.be\/fr\/wp-json\/wp\/v2\/comments?post=10125"}],"version-history":[{"count":0,"href":"https:\/\/ghentaggregates.be\/fr\/wp-json\/wp\/v2\/product\/10125\/revisions"}],"wp:featuredmedia":[{"embeddable":true,"href":"https:\/\/ghentaggregates.be\/fr\/wp-json\/wp\/v2\/media\/10130"}],"wp:attachment":[{"href":"https:\/\/ghentaggregates.be\/fr\/wp-json\/wp\/v2\/media?parent=10125"}],"curies":[{"name":"wp","href":"https:\/\/api.w.org\/{rel}","templated":true}]}}