{"id":10167,"date":"2017-09-01T10:59:55","date_gmt":"2017-09-01T08:59:55","guid":{"rendered":"https:\/\/ghentaggregates2019.dazzle-qa.be\/product\/magnetiet\/"},"modified":"2019-10-15T09:07:02","modified_gmt":"2019-10-15T09:07:02","slug":"magnetite","status":"publish","type":"product","link":"https:\/\/ghentaggregates.be\/fr\/produits\/construction-routiere\/magnetite\/","title":{"rendered":"Magn\u00e9tite"},"content":{"rendered":"<table>\n<tr>\n<td>Nom produit:<\/td>\n<td>MAGNETITE<\/td>\n<\/tr>\n<tr>\n<td>Origine :<\/td>\n<td>Magnetite 90%<\/td>\n<\/tr>\n<tr>\n<td>LA :<\/td>\n<td>35<\/td>\n<\/tr>\n<tr>\n<td>Granulom\u00e9trie :<\/td>\n<td>0\/1,  0\/8, 8\/16, ou premix sur demande   <\/td>\n<\/tr>\n<\/table>\n<p><strong>Remarques :\u00a0<\/strong>Granulat ultra lourd contenant du fer pour la production des b\u00e9tons compacted, lourds et de densit\u00e9 importante, \u00e0 utiliser pour des fondations, cellules radiologiques, bunker, contre poids, etc. mais aussi des applications de pl\u00e2tres ou peintures magn\u00e9tiques. Attention lors des manipulations : des petites quantit\u00e9s peuvent \u00eatre tr\u00e8s lourdes!<\/p>\n<p>Avantages en emploi centrale \u00e0 b\u00e9ton : pas de pollution environnementale ou locale suite \u00e0 des colorations impr\u00e9vues, m\u00eame pas par temps pluvieuse.<\/p>\n<p>Contactez-nous pour conna\u00eetre les applications, possibilit\u00e9s, formules b\u00e9tons, prix et autres informations. Disponible pour le march\u00e9 belge et fran\u00e7ais, mais \u00e0 votre service au-del\u00e0.<\/p>\n","protected":false},"excerpt":{"rendered":"<p>Nom produit: MAGNETITE Origine : Magnetite 90% LA : 35 Granulom\u00e9trie : 0\/1, 0\/8, 8\/16, ou premix sur demande Remarques :\u00a0Granulat ultra lourd contenant du fer pour la production des b\u00e9tons compacted, lourds et de densit\u00e9 importante, \u00e0 utiliser pour des fondations, cellules radiologiques, bunker, contre poids, etc. mais aussi des applications de pl\u00e2tres ou [&hellip;]<\/p>\n","protected":false},"featured_media":10165,"comment_status":"open","ping_status":"closed","template":"","meta":[],"class_list":["post-10167","product","type-product","status-publish","has-post-thumbnail","hentry","product_cat-construction-routiere","product_cat-drainage-et-fondation","product_cat-betons","pa_color-noir","pa_grain_type-roule"],"yoast_head":"<!-- This site is optimized with the Yoast SEO plugin v15.9.2 - https:\/\/yoast.com\/wordpress\/plugins\/seo\/ -->\n<title>Magn\u00e9tite - Ghent Aggregates<\/title>\n<link rel=\"canonical\" href=\"https:\/\/ghentaggregates.be\/fr\/produits\/construction-routiere\/magnetite\/\" \/>\n<meta property=\"og:locale\" content=\"fr_FR\" \/>\n<meta property=\"og:type\" content=\"article\" \/>\n<meta property=\"og:title\" content=\"Magn\u00e9tite - Ghent Aggregates\" \/>\n<meta property=\"og:description\" content=\"Nom produit: MAGNETITE Origine : Magnetite 90% LA : 35 Granulom\u00e9trie : 0\/1, 0\/8, 8\/16, ou premix sur demande Remarques :\u00a0Granulat ultra lourd contenant du fer pour la production des b\u00e9tons compacted, lourds et de densit\u00e9 importante, \u00e0 utiliser pour des fondations, cellules radiologiques, bunker, contre poids, etc. mais aussi des applications de pl\u00e2tres ou [&hellip;]\" \/>\n<meta property=\"og:url\" content=\"https:\/\/ghentaggregates.be\/fr\/produits\/construction-routiere\/magnetite\/\" \/>\n<meta property=\"og:site_name\" content=\"Ghent Aggregates\" \/>\n<meta property=\"article:modified_time\" content=\"2019-10-15T09:07:02+00:00\" \/>\n<meta property=\"og:image\" content=\"https:\/\/ghentaggregates.be\/wp-content\/uploads\/2017\/09\/ghent-aggregates-magnetiet-0-8-8-16-2.jpg\" \/>\n\t<meta property=\"og:image:width\" content=\"1152\" \/>\n\t<meta property=\"og:image:height\" content=\"768\" \/>\n<meta name=\"twitter:card\" content=\"summary_large_image\" \/>\n<meta name=\"twitter:label1\" content=\"Dur\u00e9e de lecture est.\">\n\t<meta name=\"twitter:data1\" content=\"1 minute\">\n<script type=\"application\/ld+json\" class=\"yoast-schema-graph\">{\"@context\":\"https:\/\/schema.org\",\"@graph\":[{\"@type\":\"WebSite\",\"@id\":\"https:\/\/ghentaggregates.be\/#website\",\"url\":\"https:\/\/ghentaggregates.be\/\",\"name\":\"Ghent Aggregates\",\"description\":\"Votre partenaire pour tout granulats d\\u00e9co et techniques\",\"potentialAction\":[{\"@type\":\"SearchAction\",\"target\":\"https:\/\/ghentaggregates.be\/?s={search_term_string}\",\"query-input\":\"required name=search_term_string\"}],\"inLanguage\":\"fr-BE\"},{\"@type\":\"ImageObject\",\"@id\":\"https:\/\/ghentaggregates.be\/fr\/produits\/construction-routiere\/magnetite\/#primaryimage\",\"inLanguage\":\"fr-BE\",\"url\":\"https:\/\/ghentaggregates.be\/wp-content\/uploads\/2017\/09\/ghent-aggregates-magnetiet-0-8-8-16-2.jpg\",\"width\":1152,\"height\":768},{\"@type\":\"WebPage\",\"@id\":\"https:\/\/ghentaggregates.be\/fr\/produits\/construction-routiere\/magnetite\/#webpage\",\"url\":\"https:\/\/ghentaggregates.be\/fr\/produits\/construction-routiere\/magnetite\/\",\"name\":\"Magn\\u00e9tite - Ghent Aggregates\",\"isPartOf\":{\"@id\":\"https:\/\/ghentaggregates.be\/#website\"},\"primaryImageOfPage\":{\"@id\":\"https:\/\/ghentaggregates.be\/fr\/produits\/construction-routiere\/magnetite\/#primaryimage\"},\"datePublished\":\"2017-09-01T08:59:55+00:00\",\"dateModified\":\"2019-10-15T09:07:02+00:00\",\"breadcrumb\":{\"@id\":\"https:\/\/ghentaggregates.be\/fr\/produits\/construction-routiere\/magnetite\/#breadcrumb\"},\"inLanguage\":\"fr-BE\",\"potentialAction\":[{\"@type\":\"ReadAction\",\"target\":[\"https:\/\/ghentaggregates.be\/fr\/produits\/construction-routiere\/magnetite\/\"]}]},{\"@type\":\"BreadcrumbList\",\"@id\":\"https:\/\/ghentaggregates.be\/fr\/produits\/construction-routiere\/magnetite\/#breadcrumb\",\"itemListElement\":[{\"@type\":\"ListItem\",\"position\":1,\"item\":{\"@type\":\"WebPage\",\"@id\":\"https:\/\/ghentaggregates.be\/fr\/\",\"url\":\"https:\/\/ghentaggregates.be\/fr\/\",\"name\":\"Home\"}},{\"@type\":\"ListItem\",\"position\":2,\"item\":{\"@type\":\"WebPage\",\"@id\":\"https:\/\/ghentaggregates.be\/fr\/produits\/construction-routiere\/\",\"url\":\"https:\/\/ghentaggregates.be\/fr\/produits\/construction-routiere\/\",\"name\":\"Construction routi\\u00e8re\"}},{\"@type\":\"ListItem\",\"position\":3,\"item\":{\"@type\":\"WebPage\",\"@id\":\"https:\/\/ghentaggregates.be\/fr\/produits\/construction-routiere\/magnetite\/\",\"url\":\"https:\/\/ghentaggregates.be\/fr\/produits\/construction-routiere\/magnetite\/\",\"name\":\"Magn\\u00e9tite\"}}]}]}<\/script>\n<!-- \/ Yoast SEO plugin. -->","_links":{"self":[{"href":"https:\/\/ghentaggregates.be\/fr\/wp-json\/wp\/v2\/product\/10167"}],"collection":[{"href":"https:\/\/ghentaggregates.be\/fr\/wp-json\/wp\/v2\/product"}],"about":[{"href":"https:\/\/ghentaggregates.be\/fr\/wp-json\/wp\/v2\/types\/product"}],"replies":[{"embeddable":true,"href":"https:\/\/ghentaggregates.be\/fr\/wp-json\/wp\/v2\/comments?post=10167"}],"version-history":[{"count":0,"href":"https:\/\/ghentaggregates.be\/fr\/wp-json\/wp\/v2\/product\/10167\/revisions"}],"wp:featuredmedia":[{"embeddable":true,"href":"https:\/\/ghentaggregates.be\/fr\/wp-json\/wp\/v2\/media\/10165"}],"wp:attachment":[{"href":"https:\/\/ghentaggregates.be\/fr\/wp-json\/wp\/v2\/media?parent=10167"}],"curies":[{"name":"wp","href":"https:\/\/api.w.org\/{rel}","templated":true}]}}