{"id":10252,"date":"2018-02-04T21:16:05","date_gmt":"2018-02-04T20:16:05","guid":{"rendered":"https:\/\/ghentaggregates2019.dazzle-qa.be\/product\/comblanchien\/"},"modified":"2020-07-07T14:43:27","modified_gmt":"2020-07-07T12:43:27","slug":"comblanchien","status":"publish","type":"product","link":"https:\/\/ghentaggregates.be\/fr\/produits\/construction-routiere\/comblanchien\/","title":{"rendered":"Comblanchien"},"content":{"rendered":"<table>\n<tbody>\n<tr>\n<td>Nom produit:<\/td>\n<td>COMBLANCHIEN<\/td>\n<\/tr>\n<tr>\n<td>Connu comme :<\/td>\n<td>Roi, Bourgogne blanc, Beige ivoire<\/td>\n<\/tr>\n<tr>\n<td>Origine :<\/td>\n<td>Calcaire<\/td>\n<\/tr>\n<tr>\n<td>LA :<\/td>\n<td>25<\/td>\n<\/tr>\n<tr>\n<td>Granulom\u00e9trie :<\/td>\n<td>4\/6 (stock)<br \/>\n6\/14 (stock)<\/td>\n<\/tr>\n<\/tbody>\n<\/table>\n<p><strong>Remarque :\u00a0<\/strong>Voici le Comblanchien authentic de sa carri\u00e8re originale. Ce marbre-calcaire est d\u00fbr, de grande qualit\u00e9 et rustique. Il est tr\u00e8s \u00e9l\u00e9gant dans n&rsquo;importe quel projet. Ce calcaire est essentiellement beige, du c\u00f4t\u00e9 blanc cass\u00e9 quand il est sec, beige avec une petite teinte ros\u00e9 humide. Tr\u00e8s durable, ne se d\u00e9grade pas et garde bien sa couleur. Le vrai calcaire de Comblanchien est activement pr\u00e9sent\u00e9 et distribu\u00e9 dans le march\u00e9 par Ghent Aggregates. Le calcaire est \u00e0 mettre en place dans n&rsquo;importe quel projet de paysagisme, entr\u00e9e et all\u00e9e, accents, mais aussi dans pleins de solutions b\u00e9tons.<\/p>\n<p>Vous recherchez le vrai Comblanchien? Le voici!<\/p>\n<p>En tant que min\u00e9raux riche en CaCO3. Consultez-nous pour les micronis\u00e9s.<\/p>\n","protected":false},"excerpt":{"rendered":"<p>Nom produit: COMBLANCHIEN Connu comme : Roi, Bourgogne blanc, Beige ivoire Origine : Calcaire LA : 25 Granulom\u00e9trie : 4\/6 (stock) 6\/14 (stock) Remarque :\u00a0Voici le Comblanchien authentic de sa carri\u00e8re originale. Ce marbre-calcaire est d\u00fbr, de grande qualit\u00e9 et rustique. Il est tr\u00e8s \u00e9l\u00e9gant dans n&rsquo;importe quel projet. Ce calcaire est essentiellement beige, du [&hellip;]<\/p>\n","protected":false},"featured_media":10250,"comment_status":"open","ping_status":"closed","template":"","meta":[],"class_list":["post-10252","product","type-product","status-publish","has-post-thumbnail","hentry","product_cat-construction-routiere","product_cat-betons","product_cat-paysagisme","product_cat-terrazzo-fr","product_tag-gebroken-fr","product_tag-wit-fr","pa_color-blanc","pa_grain_type-concasse"],"yoast_head":"<!-- This site is optimized with the Yoast SEO plugin v15.9.2 - https:\/\/yoast.com\/wordpress\/plugins\/seo\/ -->\n<title>Comblanchien - Ghent Aggregates<\/title>\n<link rel=\"canonical\" href=\"https:\/\/ghentaggregates.be\/fr\/produits\/construction-routiere\/comblanchien\/\" \/>\n<meta property=\"og:locale\" content=\"fr_FR\" \/>\n<meta property=\"og:type\" content=\"article\" \/>\n<meta property=\"og:title\" content=\"Comblanchien - Ghent Aggregates\" \/>\n<meta property=\"og:description\" content=\"Nom produit: COMBLANCHIEN Connu comme : Roi, Bourgogne blanc, Beige ivoire Origine : Calcaire LA : 25 Granulom\u00e9trie : 4\/6 (stock) 6\/14 (stock) Remarque :\u00a0Voici le Comblanchien authentic de sa carri\u00e8re originale. Ce marbre-calcaire est d\u00fbr, de grande qualit\u00e9 et rustique. Il est tr\u00e8s \u00e9l\u00e9gant dans n&rsquo;importe quel projet. Ce calcaire est essentiellement beige, du [&hellip;]\" \/>\n<meta property=\"og:url\" content=\"https:\/\/ghentaggregates.be\/fr\/produits\/construction-routiere\/comblanchien\/\" \/>\n<meta property=\"og:site_name\" content=\"Ghent Aggregates\" \/>\n<meta property=\"article:modified_time\" content=\"2020-07-07T12:43:27+00:00\" \/>\n<meta property=\"og:image\" content=\"https:\/\/ghentaggregates.be\/wp-content\/uploads\/2018\/02\/ghent-aggregates-comblanchien-6-14.jpg\" \/>\n\t<meta property=\"og:image:width\" content=\"1152\" \/>\n\t<meta property=\"og:image:height\" content=\"768\" \/>\n<meta name=\"twitter:card\" content=\"summary_large_image\" \/>\n<meta name=\"twitter:label1\" content=\"Dur\u00e9e de lecture est.\">\n\t<meta name=\"twitter:data1\" content=\"1 minute\">\n<script type=\"application\/ld+json\" class=\"yoast-schema-graph\">{\"@context\":\"https:\/\/schema.org\",\"@graph\":[{\"@type\":\"WebSite\",\"@id\":\"https:\/\/ghentaggregates.be\/#website\",\"url\":\"https:\/\/ghentaggregates.be\/\",\"name\":\"Ghent Aggregates\",\"description\":\"Votre partenaire pour tout granulats d\\u00e9co et techniques\",\"potentialAction\":[{\"@type\":\"SearchAction\",\"target\":\"https:\/\/ghentaggregates.be\/?s={search_term_string}\",\"query-input\":\"required name=search_term_string\"}],\"inLanguage\":\"fr-BE\"},{\"@type\":\"ImageObject\",\"@id\":\"https:\/\/ghentaggregates.be\/fr\/produits\/construction-routiere\/comblanchien\/#primaryimage\",\"inLanguage\":\"fr-BE\",\"url\":\"https:\/\/ghentaggregates.be\/wp-content\/uploads\/2018\/02\/ghent-aggregates-comblanchien-6-14.jpg\",\"width\":1152,\"height\":768},{\"@type\":\"WebPage\",\"@id\":\"https:\/\/ghentaggregates.be\/fr\/produits\/construction-routiere\/comblanchien\/#webpage\",\"url\":\"https:\/\/ghentaggregates.be\/fr\/produits\/construction-routiere\/comblanchien\/\",\"name\":\"Comblanchien - Ghent Aggregates\",\"isPartOf\":{\"@id\":\"https:\/\/ghentaggregates.be\/#website\"},\"primaryImageOfPage\":{\"@id\":\"https:\/\/ghentaggregates.be\/fr\/produits\/construction-routiere\/comblanchien\/#primaryimage\"},\"datePublished\":\"2018-02-04T20:16:05+00:00\",\"dateModified\":\"2020-07-07T12:43:27+00:00\",\"breadcrumb\":{\"@id\":\"https:\/\/ghentaggregates.be\/fr\/produits\/construction-routiere\/comblanchien\/#breadcrumb\"},\"inLanguage\":\"fr-BE\",\"potentialAction\":[{\"@type\":\"ReadAction\",\"target\":[\"https:\/\/ghentaggregates.be\/fr\/produits\/construction-routiere\/comblanchien\/\"]}]},{\"@type\":\"BreadcrumbList\",\"@id\":\"https:\/\/ghentaggregates.be\/fr\/produits\/construction-routiere\/comblanchien\/#breadcrumb\",\"itemListElement\":[{\"@type\":\"ListItem\",\"position\":1,\"item\":{\"@type\":\"WebPage\",\"@id\":\"https:\/\/ghentaggregates.be\/fr\/\",\"url\":\"https:\/\/ghentaggregates.be\/fr\/\",\"name\":\"Home\"}},{\"@type\":\"ListItem\",\"position\":2,\"item\":{\"@type\":\"WebPage\",\"@id\":\"https:\/\/ghentaggregates.be\/fr\/produits\/construction-routiere\/\",\"url\":\"https:\/\/ghentaggregates.be\/fr\/produits\/construction-routiere\/\",\"name\":\"Construction routi\\u00e8re\"}},{\"@type\":\"ListItem\",\"position\":3,\"item\":{\"@type\":\"WebPage\",\"@id\":\"https:\/\/ghentaggregates.be\/fr\/produits\/construction-routiere\/comblanchien\/\",\"url\":\"https:\/\/ghentaggregates.be\/fr\/produits\/construction-routiere\/comblanchien\/\",\"name\":\"Comblanchien\"}}]}]}<\/script>\n<!-- \/ Yoast SEO plugin. -->","_links":{"self":[{"href":"https:\/\/ghentaggregates.be\/fr\/wp-json\/wp\/v2\/product\/10252"}],"collection":[{"href":"https:\/\/ghentaggregates.be\/fr\/wp-json\/wp\/v2\/product"}],"about":[{"href":"https:\/\/ghentaggregates.be\/fr\/wp-json\/wp\/v2\/types\/product"}],"replies":[{"embeddable":true,"href":"https:\/\/ghentaggregates.be\/fr\/wp-json\/wp\/v2\/comments?post=10252"}],"version-history":[{"count":0,"href":"https:\/\/ghentaggregates.be\/fr\/wp-json\/wp\/v2\/product\/10252\/revisions"}],"wp:featuredmedia":[{"embeddable":true,"href":"https:\/\/ghentaggregates.be\/fr\/wp-json\/wp\/v2\/media\/10250"}],"wp:attachment":[{"href":"https:\/\/ghentaggregates.be\/fr\/wp-json\/wp\/v2\/media?parent=10252"}],"curies":[{"name":"wp","href":"https:\/\/api.w.org\/{rel}","templated":true}]}}