{"id":10268,"date":"2018-02-11T15:47:00","date_gmt":"2018-02-11T14:47:00","guid":{"rendered":"https:\/\/ghentaggregates2019.dazzle-qa.be\/product\/grey-tricolor-slate\/"},"modified":"2020-07-07T14:10:21","modified_gmt":"2020-07-07T12:10:21","slug":"ardoise-grise-tricolor","status":"publish","type":"product","link":"https:\/\/ghentaggregates.be\/fr\/produits\/paysagisme\/ardoise-grise-tricolor\/","title":{"rendered":"Ardoise grise tricolor"},"content":{"rendered":"<table>\n<tbody>\n<tr>\n<td>Nom produit:<\/td>\n<td>ARDOISE GRISE TRICOLOR<\/td>\n<\/tr>\n<tr>\n<td>Connu comme :<\/td>\n<td>Ardoise grise, copeaux de schiste, parfois sous le nom Black Slat<\/td>\n<\/tr>\n<tr>\n<td>Origine :<\/td>\n<td>Ardoise<\/td>\n<\/tr>\n<tr>\n<td>LA :<\/td>\n<td>NPD<\/td>\n<\/tr>\n<tr>\n<td>Granulom\u00e9trie :<\/td>\n<td>15\/30 (stock)<br \/>\n30\/60 (stock)<\/td>\n<\/tr>\n<\/tbody>\n<\/table>\n<p><strong>Rermarques : <\/strong>pour applications d\u00e9coratifs uniquement. Remplace l&#8217;emploi d&rsquo;\u00e9corses de bois. A appliquer le long des all\u00e9es, entr\u00e9es, autours les plantes, etc. \u00e0 l&rsquo;ext\u00e9rieur. Cette ardoise a une teinte grise-bleut\u00e9 avec de la rouille. Ainsi un caract\u00e8re nuanc\u00e9 sera obtenu. Accompagne parfaitement les teintes naturelles. Attention, poids sp\u00e9cifique en vrac 1.400kg\/m\u00b3. A utiliser sur 4-5 cm d&rsquo;\u00e9paisseur. A utiliser \u00e9galement comme couvre sol drainant.<\/p>\n<p style=\"text-align: center;\"><img decoding=\"async\" class=\"size-large wp-image-10266 aligncenter\" src=\"https:\/\/ghentaggregates.be\/wp-content\/uploads\/2018\/02\/ghent-aggregates-slate-tricolor-1024x576.jpeg\" alt=\"\" width=\"1024\" height=\"576\" srcset=\"https:\/\/ghentaggregates.be\/wp-content\/uploads\/2018\/02\/ghent-aggregates-slate-tricolor-1024x576.jpeg 1024w, https:\/\/ghentaggregates.be\/wp-content\/uploads\/2018\/02\/ghent-aggregates-slate-tricolor-300x169.jpeg 300w, https:\/\/ghentaggregates.be\/wp-content\/uploads\/2018\/02\/ghent-aggregates-slate-tricolor-768x432.jpeg 768w, https:\/\/ghentaggregates.be\/wp-content\/uploads\/2018\/02\/ghent-aggregates-slate-tricolor-600x338.jpeg 600w, https:\/\/ghentaggregates.be\/wp-content\/uploads\/2018\/02\/ghent-aggregates-slate-tricolor.jpeg 1365w\" sizes=\"(max-width: 1024px) 100vw, 1024px\" \/><\/p>\n","protected":false},"excerpt":{"rendered":"<p>Nom produit: ARDOISE GRISE TRICOLOR Connu comme : Ardoise grise, copeaux de schiste, parfois sous le nom Black Slat Origine : Ardoise LA : NPD Granulom\u00e9trie : 15\/30 (stock) 30\/60 (stock) Rermarques : pour applications d\u00e9coratifs uniquement. Remplace l&#8217;emploi d&rsquo;\u00e9corses de bois. A appliquer le long des all\u00e9es, entr\u00e9es, autours les plantes, etc. \u00e0 l&rsquo;ext\u00e9rieur. [&hellip;]<\/p>\n","protected":false},"featured_media":10263,"comment_status":"open","ping_status":"closed","template":"","meta":[],"class_list":["post-10268","product","type-product","status-publish","has-post-thumbnail","hentry","product_cat-paysagisme","product_tag-black-fr","product_tag-crushed-fr","product_tag-grey-fr","pa_color-gris","pa_color-noir","pa_grain_type-concasse"],"yoast_head":"<!-- This site is optimized with the Yoast SEO plugin v15.9.2 - https:\/\/yoast.com\/wordpress\/plugins\/seo\/ -->\n<title>Ardoise grise tricolor - Ghent Aggregates<\/title>\n<link rel=\"canonical\" href=\"https:\/\/ghentaggregates.be\/fr\/produits\/paysagisme\/ardoise-grise-tricolor\/\" \/>\n<meta property=\"og:locale\" content=\"fr_FR\" \/>\n<meta property=\"og:type\" content=\"article\" \/>\n<meta property=\"og:title\" content=\"Ardoise grise tricolor - Ghent Aggregates\" \/>\n<meta property=\"og:description\" content=\"Nom produit: ARDOISE GRISE TRICOLOR Connu comme : Ardoise grise, copeaux de schiste, parfois sous le nom Black Slat Origine : Ardoise LA : NPD Granulom\u00e9trie : 15\/30 (stock) 30\/60 (stock) Rermarques : pour applications d\u00e9coratifs uniquement. Remplace l&#8217;emploi d&rsquo;\u00e9corses de bois. A appliquer le long des all\u00e9es, entr\u00e9es, autours les plantes, etc. \u00e0 l&rsquo;ext\u00e9rieur. [&hellip;]\" \/>\n<meta property=\"og:url\" content=\"https:\/\/ghentaggregates.be\/fr\/produits\/paysagisme\/ardoise-grise-tricolor\/\" \/>\n<meta property=\"og:site_name\" content=\"Ghent Aggregates\" \/>\n<meta property=\"article:modified_time\" content=\"2020-07-07T12:10:21+00:00\" \/>\n<meta property=\"og:image\" content=\"https:\/\/ghentaggregates.be\/wp-content\/uploads\/2018\/02\/ghent-aggregates-grey-tricolor-slate-30-70-nat.jpg\" \/>\n\t<meta property=\"og:image:width\" content=\"1152\" \/>\n\t<meta property=\"og:image:height\" content=\"768\" \/>\n<meta name=\"twitter:card\" content=\"summary_large_image\" \/>\n<script type=\"application\/ld+json\" class=\"yoast-schema-graph\">{\"@context\":\"https:\/\/schema.org\",\"@graph\":[{\"@type\":\"WebSite\",\"@id\":\"https:\/\/ghentaggregates.be\/#website\",\"url\":\"https:\/\/ghentaggregates.be\/\",\"name\":\"Ghent Aggregates\",\"description\":\"Votre partenaire pour tout granulats d\\u00e9co et techniques\",\"potentialAction\":[{\"@type\":\"SearchAction\",\"target\":\"https:\/\/ghentaggregates.be\/?s={search_term_string}\",\"query-input\":\"required name=search_term_string\"}],\"inLanguage\":\"fr-BE\"},{\"@type\":\"ImageObject\",\"@id\":\"https:\/\/ghentaggregates.be\/fr\/produits\/paysagisme\/ardoise-grise-tricolor\/#primaryimage\",\"inLanguage\":\"fr-BE\",\"url\":\"https:\/\/ghentaggregates.be\/wp-content\/uploads\/2018\/02\/ghent-aggregates-grey-tricolor-slate-30-70-nat.jpg\",\"width\":1152,\"height\":768},{\"@type\":\"WebPage\",\"@id\":\"https:\/\/ghentaggregates.be\/fr\/produits\/paysagisme\/ardoise-grise-tricolor\/#webpage\",\"url\":\"https:\/\/ghentaggregates.be\/fr\/produits\/paysagisme\/ardoise-grise-tricolor\/\",\"name\":\"Ardoise grise tricolor - Ghent Aggregates\",\"isPartOf\":{\"@id\":\"https:\/\/ghentaggregates.be\/#website\"},\"primaryImageOfPage\":{\"@id\":\"https:\/\/ghentaggregates.be\/fr\/produits\/paysagisme\/ardoise-grise-tricolor\/#primaryimage\"},\"datePublished\":\"2018-02-11T14:47:00+00:00\",\"dateModified\":\"2020-07-07T12:10:21+00:00\",\"breadcrumb\":{\"@id\":\"https:\/\/ghentaggregates.be\/fr\/produits\/paysagisme\/ardoise-grise-tricolor\/#breadcrumb\"},\"inLanguage\":\"fr-BE\",\"potentialAction\":[{\"@type\":\"ReadAction\",\"target\":[\"https:\/\/ghentaggregates.be\/fr\/produits\/paysagisme\/ardoise-grise-tricolor\/\"]}]},{\"@type\":\"BreadcrumbList\",\"@id\":\"https:\/\/ghentaggregates.be\/fr\/produits\/paysagisme\/ardoise-grise-tricolor\/#breadcrumb\",\"itemListElement\":[{\"@type\":\"ListItem\",\"position\":1,\"item\":{\"@type\":\"WebPage\",\"@id\":\"https:\/\/ghentaggregates.be\/fr\/\",\"url\":\"https:\/\/ghentaggregates.be\/fr\/\",\"name\":\"Home\"}},{\"@type\":\"ListItem\",\"position\":2,\"item\":{\"@type\":\"WebPage\",\"@id\":\"https:\/\/ghentaggregates.be\/fr\/produits\/paysagisme\/\",\"url\":\"https:\/\/ghentaggregates.be\/fr\/produits\/paysagisme\/\",\"name\":\"Paysagisme\"}},{\"@type\":\"ListItem\",\"position\":3,\"item\":{\"@type\":\"WebPage\",\"@id\":\"https:\/\/ghentaggregates.be\/fr\/produits\/paysagisme\/ardoise-grise-tricolor\/\",\"url\":\"https:\/\/ghentaggregates.be\/fr\/produits\/paysagisme\/ardoise-grise-tricolor\/\",\"name\":\"Ardoise grise tricolor\"}}]}]}<\/script>\n<!-- \/ Yoast SEO plugin. -->","_links":{"self":[{"href":"https:\/\/ghentaggregates.be\/fr\/wp-json\/wp\/v2\/product\/10268"}],"collection":[{"href":"https:\/\/ghentaggregates.be\/fr\/wp-json\/wp\/v2\/product"}],"about":[{"href":"https:\/\/ghentaggregates.be\/fr\/wp-json\/wp\/v2\/types\/product"}],"replies":[{"embeddable":true,"href":"https:\/\/ghentaggregates.be\/fr\/wp-json\/wp\/v2\/comments?post=10268"}],"version-history":[{"count":0,"href":"https:\/\/ghentaggregates.be\/fr\/wp-json\/wp\/v2\/product\/10268\/revisions"}],"wp:featuredmedia":[{"embeddable":true,"href":"https:\/\/ghentaggregates.be\/fr\/wp-json\/wp\/v2\/media\/10263"}],"wp:attachment":[{"href":"https:\/\/ghentaggregates.be\/fr\/wp-json\/wp\/v2\/media?parent=10268"}],"curies":[{"name":"wp","href":"https:\/\/api.w.org\/{rel}","templated":true}]}}