{"id":10276,"date":"2018-02-11T16:06:41","date_gmt":"2018-02-11T15:06:41","guid":{"rendered":"https:\/\/ghentaggregates2019.dazzle-qa.be\/product\/panda-split\/"},"modified":"2020-07-07T13:51:56","modified_gmt":"2020-07-07T11:51:56","slug":"panda-split","status":"publish","type":"product","link":"https:\/\/ghentaggregates.be\/fr\/produits\/betons\/panda-split\/","title":{"rendered":"Panda Split"},"content":{"rendered":"<table>\n<tbody>\n<tr>\n<td>Nom produit:<\/td>\n<td>PANDA SPLIT<\/td>\n<\/tr>\n<tr>\n<td>Connu comme :<\/td>\n<td>Panda<\/td>\n<\/tr>\n<tr>\n<td>Origine :<\/td>\n<td>Calcaire et Marbre<\/td>\n<\/tr>\n<tr>\n<td>LA :<\/td>\n<td>40<\/td>\n<\/tr>\n<tr>\n<td>Granulom\u00e9trie :<\/td>\n<td>2\/6 (stock)<br \/>\n6\/14 (stock)<\/td>\n<\/tr>\n<\/tbody>\n<\/table>\n<p><strong>Rermarques :\u00a0<\/strong>parfait pour b\u00e9tons d\u00e9coratifs l\u00e9ger, hors traffic lourds. Pour les b\u00e9tons routiers &#8211; voir composition BASALTE + LYSIT. M\u00e9lange de graviers nobles noires et blancs, marbres, parfait pour l&#8217;emploi en b\u00e9ton d\u00e9coratif et terrazzo, ou granito. Magnifique apr\u00e8s polissage. Aussi pour d\u00e9coration ext\u00e9rieure.<\/p>\n<p>Mix &amp; design by Ghent Aggregates<\/p>\n","protected":false},"excerpt":{"rendered":"<p>Nom produit: PANDA SPLIT Connu comme : Panda Origine : Calcaire et Marbre LA : 40 Granulom\u00e9trie : 2\/6 (stock) 6\/14 (stock) Rermarques :\u00a0parfait pour b\u00e9tons d\u00e9coratifs l\u00e9ger, hors traffic lourds. Pour les b\u00e9tons routiers &#8211; voir composition BASALTE + LYSIT. M\u00e9lange de graviers nobles noires et blancs, marbres, parfait pour l&#8217;emploi en b\u00e9ton d\u00e9coratif [&hellip;]<\/p>\n","protected":false},"featured_media":10274,"comment_status":"open","ping_status":"closed","template":"","meta":[],"class_list":["post-10276","product","type-product","status-publish","has-post-thumbnail","hentry","product_cat-betons","product_cat-paysagisme","product_cat-terrazzo-fr","product_tag-black-fr","product_tag-crushed-fr","product_tag-mix-fr","product_tag-white-fr","pa_color-blanc","pa_color-melange","pa_color-noir","pa_grain_type-concasse"],"yoast_head":"<!-- This site is optimized with the Yoast SEO plugin v15.9.2 - https:\/\/yoast.com\/wordpress\/plugins\/seo\/ -->\n<title>Panda Split - Ghent Aggregates<\/title>\n<link rel=\"canonical\" href=\"https:\/\/ghentaggregates.be\/fr\/produits\/betons\/panda-split\/\" \/>\n<meta property=\"og:locale\" content=\"fr_FR\" \/>\n<meta property=\"og:type\" content=\"article\" \/>\n<meta property=\"og:title\" content=\"Panda Split - Ghent Aggregates\" \/>\n<meta property=\"og:description\" content=\"Nom produit: PANDA SPLIT Connu comme : Panda Origine : Calcaire et Marbre LA : 40 Granulom\u00e9trie : 2\/6 (stock) 6\/14 (stock) Rermarques :\u00a0parfait pour b\u00e9tons d\u00e9coratifs l\u00e9ger, hors traffic lourds. Pour les b\u00e9tons routiers &#8211; voir composition BASALTE + LYSIT. M\u00e9lange de graviers nobles noires et blancs, marbres, parfait pour l&#8217;emploi en b\u00e9ton d\u00e9coratif [&hellip;]\" \/>\n<meta property=\"og:url\" content=\"https:\/\/ghentaggregates.be\/fr\/produits\/betons\/panda-split\/\" \/>\n<meta property=\"og:site_name\" content=\"Ghent Aggregates\" \/>\n<meta property=\"article:modified_time\" content=\"2020-07-07T11:51:56+00:00\" \/>\n<meta property=\"og:image\" content=\"https:\/\/ghentaggregates.be\/wp-content\/uploads\/2018\/02\/ghent-aggregates-panda-split-6-14.jpg\" \/>\n\t<meta property=\"og:image:width\" content=\"1152\" \/>\n\t<meta property=\"og:image:height\" content=\"768\" \/>\n<meta name=\"twitter:card\" content=\"summary_large_image\" \/>\n<script type=\"application\/ld+json\" class=\"yoast-schema-graph\">{\"@context\":\"https:\/\/schema.org\",\"@graph\":[{\"@type\":\"WebSite\",\"@id\":\"https:\/\/ghentaggregates.be\/#website\",\"url\":\"https:\/\/ghentaggregates.be\/\",\"name\":\"Ghent Aggregates\",\"description\":\"Votre partenaire pour tout granulats d\\u00e9co et techniques\",\"potentialAction\":[{\"@type\":\"SearchAction\",\"target\":\"https:\/\/ghentaggregates.be\/?s={search_term_string}\",\"query-input\":\"required name=search_term_string\"}],\"inLanguage\":\"fr-BE\"},{\"@type\":\"ImageObject\",\"@id\":\"https:\/\/ghentaggregates.be\/fr\/produits\/betons\/panda-split\/#primaryimage\",\"inLanguage\":\"fr-BE\",\"url\":\"https:\/\/ghentaggregates.be\/wp-content\/uploads\/2018\/02\/ghent-aggregates-panda-split-6-14.jpg\",\"width\":1152,\"height\":768},{\"@type\":\"WebPage\",\"@id\":\"https:\/\/ghentaggregates.be\/fr\/produits\/betons\/panda-split\/#webpage\",\"url\":\"https:\/\/ghentaggregates.be\/fr\/produits\/betons\/panda-split\/\",\"name\":\"Panda Split - Ghent Aggregates\",\"isPartOf\":{\"@id\":\"https:\/\/ghentaggregates.be\/#website\"},\"primaryImageOfPage\":{\"@id\":\"https:\/\/ghentaggregates.be\/fr\/produits\/betons\/panda-split\/#primaryimage\"},\"datePublished\":\"2018-02-11T15:06:41+00:00\",\"dateModified\":\"2020-07-07T11:51:56+00:00\",\"breadcrumb\":{\"@id\":\"https:\/\/ghentaggregates.be\/fr\/produits\/betons\/panda-split\/#breadcrumb\"},\"inLanguage\":\"fr-BE\",\"potentialAction\":[{\"@type\":\"ReadAction\",\"target\":[\"https:\/\/ghentaggregates.be\/fr\/produits\/betons\/panda-split\/\"]}]},{\"@type\":\"BreadcrumbList\",\"@id\":\"https:\/\/ghentaggregates.be\/fr\/produits\/betons\/panda-split\/#breadcrumb\",\"itemListElement\":[{\"@type\":\"ListItem\",\"position\":1,\"item\":{\"@type\":\"WebPage\",\"@id\":\"https:\/\/ghentaggregates.be\/fr\/\",\"url\":\"https:\/\/ghentaggregates.be\/fr\/\",\"name\":\"Home\"}},{\"@type\":\"ListItem\",\"position\":2,\"item\":{\"@type\":\"WebPage\",\"@id\":\"https:\/\/ghentaggregates.be\/fr\/produits\/betons\/\",\"url\":\"https:\/\/ghentaggregates.be\/fr\/produits\/betons\/\",\"name\":\"Granulats pour b\\u00e9tons\"}},{\"@type\":\"ListItem\",\"position\":3,\"item\":{\"@type\":\"WebPage\",\"@id\":\"https:\/\/ghentaggregates.be\/fr\/produits\/betons\/panda-split\/\",\"url\":\"https:\/\/ghentaggregates.be\/fr\/produits\/betons\/panda-split\/\",\"name\":\"Panda Split\"}}]}]}<\/script>\n<!-- \/ Yoast SEO plugin. -->","_links":{"self":[{"href":"https:\/\/ghentaggregates.be\/fr\/wp-json\/wp\/v2\/product\/10276"}],"collection":[{"href":"https:\/\/ghentaggregates.be\/fr\/wp-json\/wp\/v2\/product"}],"about":[{"href":"https:\/\/ghentaggregates.be\/fr\/wp-json\/wp\/v2\/types\/product"}],"replies":[{"embeddable":true,"href":"https:\/\/ghentaggregates.be\/fr\/wp-json\/wp\/v2\/comments?post=10276"}],"version-history":[{"count":0,"href":"https:\/\/ghentaggregates.be\/fr\/wp-json\/wp\/v2\/product\/10276\/revisions"}],"wp:featuredmedia":[{"embeddable":true,"href":"https:\/\/ghentaggregates.be\/fr\/wp-json\/wp\/v2\/media\/10274"}],"wp:attachment":[{"href":"https:\/\/ghentaggregates.be\/fr\/wp-json\/wp\/v2\/media?parent=10276"}],"curies":[{"name":"wp","href":"https:\/\/api.w.org\/{rel}","templated":true}]}}