{"id":10304,"date":"2018-02-11T18:44:45","date_gmt":"2018-02-11T18:44:45","guid":{"rendered":"https:\/\/ghentaggregates2019.dazzle-qa.be\/product\/tiger-split\/"},"modified":"2019-10-15T09:00:53","modified_gmt":"2019-10-15T09:00:53","slug":"tigre","status":"publish","type":"product","link":"https:\/\/ghentaggregates.be\/fr\/produits\/construction-routiere\/tigre\/","title":{"rendered":"Tigre"},"content":{"rendered":"<table>\n<tr>\n<td>Nom produit:<\/td>\n<td>TIGRE<\/td>\n<\/tr>\n<tr>\n<td>Origine :<\/td>\n<td>Calcaire<\/td>\n<\/tr>\n<tr>\n<td>LA :<\/td>\n<td>24<\/td>\n<\/tr>\n<tr>\n<td>Granulom\u00e9trie :<\/td>\n<td>5\/15 (stock)<\/td>\n<\/tr>\n<\/table>\n<p><strong>Remarques :\u00a0<\/strong>Pour emploi dans les b\u00e9tons routiers, hors traffic lourd, pi\u00e9tons, all\u00e9es, passages, b\u00e9tons d\u00e9coratifs ou paysagisme. Cette composition chaleureuse et intense donne un cachet extra \u00e0 votre projet, sans \u00eatre sensible \u00e0 la pollution. Le granulat Tigre est compos\u00e9 de deux calcaires premium de haute qualit\u00e9 noire intense et jaune intense sans comparaisons. Aussi \u00e0 utiliser dans vos projets b\u00e9tons. Grande avantage : il ne faut pas lib\u00e9rer plusieurs silos ou tr\u00e9mies afin d&rsquo;utiliser cette composition pr\u00eat \u00e0 l&#8217;emploi. Exclusif par Ghent Aggregates, le granulat TIGRE.<\/p>\n","protected":false},"excerpt":{"rendered":"<p>Nom produit: TIGRE Origine : Calcaire LA : 24 Granulom\u00e9trie : 5\/15 (stock) Remarques :\u00a0Pour emploi dans les b\u00e9tons routiers, hors traffic lourd, pi\u00e9tons, all\u00e9es, passages, b\u00e9tons d\u00e9coratifs ou paysagisme. Cette composition chaleureuse et intense donne un cachet extra \u00e0 votre projet, sans \u00eatre sensible \u00e0 la pollution. Le granulat Tigre est compos\u00e9 de deux [&hellip;]<\/p>\n","protected":false},"featured_media":10302,"comment_status":"open","ping_status":"closed","template":"","meta":[],"class_list":["post-10304","product","type-product","status-publish","has-post-thumbnail","hentry","product_cat-construction-routiere","product_cat-betons","product_cat-paysagisme","product_tag-black-fr","product_tag-crushed-fr","product_tag-yellow-fr","pa_color-jaune","pa_color-melange","pa_color-noir","pa_grain_type-concasse"],"yoast_head":"<!-- This site is optimized with the Yoast SEO plugin v15.9.2 - https:\/\/yoast.com\/wordpress\/plugins\/seo\/ -->\n<title>Tigre - Ghent Aggregates<\/title>\n<link rel=\"canonical\" href=\"https:\/\/ghentaggregates.be\/fr\/produits\/construction-routiere\/tigre\/\" \/>\n<meta property=\"og:locale\" content=\"fr_FR\" \/>\n<meta property=\"og:type\" content=\"article\" \/>\n<meta property=\"og:title\" content=\"Tigre - Ghent Aggregates\" \/>\n<meta property=\"og:description\" content=\"Nom produit: TIGRE Origine : Calcaire LA : 24 Granulom\u00e9trie : 5\/15 (stock) Remarques :\u00a0Pour emploi dans les b\u00e9tons routiers, hors traffic lourd, pi\u00e9tons, all\u00e9es, passages, b\u00e9tons d\u00e9coratifs ou paysagisme. Cette composition chaleureuse et intense donne un cachet extra \u00e0 votre projet, sans \u00eatre sensible \u00e0 la pollution. Le granulat Tigre est compos\u00e9 de deux [&hellip;]\" \/>\n<meta property=\"og:url\" content=\"https:\/\/ghentaggregates.be\/fr\/produits\/construction-routiere\/tigre\/\" \/>\n<meta property=\"og:site_name\" content=\"Ghent Aggregates\" \/>\n<meta property=\"article:modified_time\" content=\"2019-10-15T09:00:53+00:00\" \/>\n<meta property=\"og:image\" content=\"https:\/\/ghentaggregates.be\/wp-content\/uploads\/2018\/02\/ghent-aggregates-tiger-split-6-14.jpg\" \/>\n\t<meta property=\"og:image:width\" content=\"1152\" \/>\n\t<meta property=\"og:image:height\" content=\"768\" \/>\n<meta name=\"twitter:card\" content=\"summary_large_image\" \/>\n<meta name=\"twitter:label1\" content=\"Dur\u00e9e de lecture est.\">\n\t<meta name=\"twitter:data1\" content=\"1 minute\">\n<script type=\"application\/ld+json\" class=\"yoast-schema-graph\">{\"@context\":\"https:\/\/schema.org\",\"@graph\":[{\"@type\":\"WebSite\",\"@id\":\"https:\/\/ghentaggregates.be\/#website\",\"url\":\"https:\/\/ghentaggregates.be\/\",\"name\":\"Ghent Aggregates\",\"description\":\"Votre partenaire pour tout granulats d\\u00e9co et techniques\",\"potentialAction\":[{\"@type\":\"SearchAction\",\"target\":\"https:\/\/ghentaggregates.be\/?s={search_term_string}\",\"query-input\":\"required name=search_term_string\"}],\"inLanguage\":\"fr-BE\"},{\"@type\":\"ImageObject\",\"@id\":\"https:\/\/ghentaggregates.be\/fr\/produits\/construction-routiere\/tigre\/#primaryimage\",\"inLanguage\":\"fr-BE\",\"url\":\"https:\/\/ghentaggregates.be\/wp-content\/uploads\/2018\/02\/ghent-aggregates-tiger-split-6-14.jpg\",\"width\":1152,\"height\":768},{\"@type\":\"WebPage\",\"@id\":\"https:\/\/ghentaggregates.be\/fr\/produits\/construction-routiere\/tigre\/#webpage\",\"url\":\"https:\/\/ghentaggregates.be\/fr\/produits\/construction-routiere\/tigre\/\",\"name\":\"Tigre - Ghent Aggregates\",\"isPartOf\":{\"@id\":\"https:\/\/ghentaggregates.be\/#website\"},\"primaryImageOfPage\":{\"@id\":\"https:\/\/ghentaggregates.be\/fr\/produits\/construction-routiere\/tigre\/#primaryimage\"},\"datePublished\":\"2018-02-11T18:44:45+00:00\",\"dateModified\":\"2019-10-15T09:00:53+00:00\",\"breadcrumb\":{\"@id\":\"https:\/\/ghentaggregates.be\/fr\/produits\/construction-routiere\/tigre\/#breadcrumb\"},\"inLanguage\":\"fr-BE\",\"potentialAction\":[{\"@type\":\"ReadAction\",\"target\":[\"https:\/\/ghentaggregates.be\/fr\/produits\/construction-routiere\/tigre\/\"]}]},{\"@type\":\"BreadcrumbList\",\"@id\":\"https:\/\/ghentaggregates.be\/fr\/produits\/construction-routiere\/tigre\/#breadcrumb\",\"itemListElement\":[{\"@type\":\"ListItem\",\"position\":1,\"item\":{\"@type\":\"WebPage\",\"@id\":\"https:\/\/ghentaggregates.be\/fr\/\",\"url\":\"https:\/\/ghentaggregates.be\/fr\/\",\"name\":\"Home\"}},{\"@type\":\"ListItem\",\"position\":2,\"item\":{\"@type\":\"WebPage\",\"@id\":\"https:\/\/ghentaggregates.be\/fr\/produits\/construction-routiere\/\",\"url\":\"https:\/\/ghentaggregates.be\/fr\/produits\/construction-routiere\/\",\"name\":\"Construction routi\\u00e8re\"}},{\"@type\":\"ListItem\",\"position\":3,\"item\":{\"@type\":\"WebPage\",\"@id\":\"https:\/\/ghentaggregates.be\/fr\/produits\/construction-routiere\/tigre\/\",\"url\":\"https:\/\/ghentaggregates.be\/fr\/produits\/construction-routiere\/tigre\/\",\"name\":\"Tigre\"}}]}]}<\/script>\n<!-- \/ Yoast SEO plugin. -->","_links":{"self":[{"href":"https:\/\/ghentaggregates.be\/fr\/wp-json\/wp\/v2\/product\/10304"}],"collection":[{"href":"https:\/\/ghentaggregates.be\/fr\/wp-json\/wp\/v2\/product"}],"about":[{"href":"https:\/\/ghentaggregates.be\/fr\/wp-json\/wp\/v2\/types\/product"}],"replies":[{"embeddable":true,"href":"https:\/\/ghentaggregates.be\/fr\/wp-json\/wp\/v2\/comments?post=10304"}],"version-history":[{"count":0,"href":"https:\/\/ghentaggregates.be\/fr\/wp-json\/wp\/v2\/product\/10304\/revisions"}],"wp:featuredmedia":[{"embeddable":true,"href":"https:\/\/ghentaggregates.be\/fr\/wp-json\/wp\/v2\/media\/10302"}],"wp:attachment":[{"href":"https:\/\/ghentaggregates.be\/fr\/wp-json\/wp\/v2\/media?parent=10304"}],"curies":[{"name":"wp","href":"https:\/\/api.w.org\/{rel}","templated":true}]}}