{"id":10313,"date":"2018-02-11T18:56:57","date_gmt":"2018-02-11T17:56:57","guid":{"rendered":"https:\/\/ghentaggregates2019.dazzle-qa.be\/product\/lava-breuksteen\/"},"modified":"2023-07-14T08:48:32","modified_gmt":"2023-07-14T06:48:32","slug":"pouzzolane-enrochement","status":"publish","type":"product","link":"https:\/\/ghentaggregates.be\/fr\/produits\/paysagisme\/pouzzolane-enrochement\/","title":{"rendered":"Pouzzolane enrochement"},"content":{"rendered":"<table>\n<tbody>\n<tr>\n<td>Nom produit:<\/td>\n<td>POUZZOLANE ENROCHEMENT<\/td>\n<\/tr>\n<tr>\n<td>Origine :<\/td>\n<td>Pouzzolane<\/td>\n<\/tr>\n<tr>\n<td>LA :<\/td>\n<td>30<\/td>\n<\/tr>\n<tr>\n<td>Granulom\u00e9trie :<\/td>\n<td>40\/80 (stock)<br \/>\n60\/120 (stock)<\/td>\n<\/tr>\n<\/tbody>\n<\/table>\n<p><strong>Remarques: <\/strong>ce pouzzolane en concass\u00e9 enrochement r\u00e9pond aux besoins les plus exigents sur le plan de porosit\u00e9, r\u00e9sistance, composition et son poids sp\u00e9cifique ou masse volumique. Pour cela cet enrochement est parfaitement utilisable dans le gabion pour isolation de sonorie, mais aussi pour le filtrage des eaux ou encore dans les \u00e9tangs. Avant emploi en tant que pouzzolane de filtrage fortement conseill\u00e9 de rinser les mat\u00e9riaux avant emploi. Celui-ci est un pouzzolane premium de haute qualit\u00e9, sans comparaison! Les couleurs sont marrons.<\/p>\n<p>Gr\u00e2ce \u00e0 notre installation cribleuse nous pouvons recalibrer les mat\u00e9riaux chez nous afin de garantir les meilleures qualit\u00e9s! Dor\u00e9navent nous avons la granulom\u00e9trie 60\/120 \u00e9galement disponible.<\/p>\n","protected":false},"excerpt":{"rendered":"<p>Nom produit: POUZZOLANE ENROCHEMENT Origine : Pouzzolane LA : 30 Granulom\u00e9trie : 40\/80 (stock) 60\/120 (stock) Remarques: ce pouzzolane en concass\u00e9 enrochement r\u00e9pond aux besoins les plus exigents sur le plan de porosit\u00e9, r\u00e9sistance, composition et son poids sp\u00e9cifique ou masse volumique. Pour cela cet enrochement est parfaitement utilisable dans le gabion pour isolation de [&hellip;]<\/p>\n","protected":false},"featured_media":10311,"comment_status":"open","ping_status":"closed","template":"","meta":[],"class_list":["post-10313","product","type-product","status-publish","has-post-thumbnail","hentry","product_cat-paysagisme","product_tag-breuksteen-fr","pa_color-marron","pa_grain_type-enrochement"],"yoast_head":"<!-- This site is optimized with the Yoast SEO plugin v15.9.2 - https:\/\/yoast.com\/wordpress\/plugins\/seo\/ -->\n<title>Pouzzolane enrochement - Ghent Aggregates<\/title>\n<link rel=\"canonical\" href=\"https:\/\/ghentaggregates.be\/fr\/produits\/paysagisme\/pouzzolane-enrochement\/\" \/>\n<meta property=\"og:locale\" content=\"fr_FR\" \/>\n<meta property=\"og:type\" content=\"article\" \/>\n<meta property=\"og:title\" content=\"Pouzzolane enrochement - Ghent Aggregates\" \/>\n<meta property=\"og:description\" content=\"Nom produit: POUZZOLANE ENROCHEMENT Origine : Pouzzolane LA : 30 Granulom\u00e9trie : 40\/80 (stock) 60\/120 (stock) Remarques: ce pouzzolane en concass\u00e9 enrochement r\u00e9pond aux besoins les plus exigents sur le plan de porosit\u00e9, r\u00e9sistance, composition et son poids sp\u00e9cifique ou masse volumique. Pour cela cet enrochement est parfaitement utilisable dans le gabion pour isolation de [&hellip;]\" \/>\n<meta property=\"og:url\" content=\"https:\/\/ghentaggregates.be\/fr\/produits\/paysagisme\/pouzzolane-enrochement\/\" \/>\n<meta property=\"og:site_name\" content=\"Ghent Aggregates\" \/>\n<meta property=\"article:modified_time\" content=\"2023-07-14T06:48:32+00:00\" \/>\n<meta property=\"og:image\" content=\"https:\/\/ghentaggregates.be\/wp-content\/uploads\/2018\/02\/ghent-aggregates-lava-40-80.jpg\" \/>\n\t<meta property=\"og:image:width\" content=\"1152\" \/>\n\t<meta property=\"og:image:height\" content=\"768\" \/>\n<meta name=\"twitter:card\" content=\"summary_large_image\" \/>\n<meta name=\"twitter:label1\" content=\"Dur\u00e9e de lecture est.\">\n\t<meta name=\"twitter:data1\" content=\"1 minute\">\n<script type=\"application\/ld+json\" class=\"yoast-schema-graph\">{\"@context\":\"https:\/\/schema.org\",\"@graph\":[{\"@type\":\"WebSite\",\"@id\":\"https:\/\/ghentaggregates.be\/#website\",\"url\":\"https:\/\/ghentaggregates.be\/\",\"name\":\"Ghent Aggregates\",\"description\":\"Votre partenaire pour tout granulats d\\u00e9co et techniques\",\"potentialAction\":[{\"@type\":\"SearchAction\",\"target\":\"https:\/\/ghentaggregates.be\/?s={search_term_string}\",\"query-input\":\"required name=search_term_string\"}],\"inLanguage\":\"fr-BE\"},{\"@type\":\"ImageObject\",\"@id\":\"https:\/\/ghentaggregates.be\/fr\/produits\/paysagisme\/pouzzolane-enrochement\/#primaryimage\",\"inLanguage\":\"fr-BE\",\"url\":\"https:\/\/ghentaggregates.be\/wp-content\/uploads\/2018\/02\/ghent-aggregates-lava-40-80.jpg\",\"width\":1152,\"height\":768},{\"@type\":\"WebPage\",\"@id\":\"https:\/\/ghentaggregates.be\/fr\/produits\/paysagisme\/pouzzolane-enrochement\/#webpage\",\"url\":\"https:\/\/ghentaggregates.be\/fr\/produits\/paysagisme\/pouzzolane-enrochement\/\",\"name\":\"Pouzzolane enrochement - Ghent Aggregates\",\"isPartOf\":{\"@id\":\"https:\/\/ghentaggregates.be\/#website\"},\"primaryImageOfPage\":{\"@id\":\"https:\/\/ghentaggregates.be\/fr\/produits\/paysagisme\/pouzzolane-enrochement\/#primaryimage\"},\"datePublished\":\"2018-02-11T17:56:57+00:00\",\"dateModified\":\"2023-07-14T06:48:32+00:00\",\"breadcrumb\":{\"@id\":\"https:\/\/ghentaggregates.be\/fr\/produits\/paysagisme\/pouzzolane-enrochement\/#breadcrumb\"},\"inLanguage\":\"fr-BE\",\"potentialAction\":[{\"@type\":\"ReadAction\",\"target\":[\"https:\/\/ghentaggregates.be\/fr\/produits\/paysagisme\/pouzzolane-enrochement\/\"]}]},{\"@type\":\"BreadcrumbList\",\"@id\":\"https:\/\/ghentaggregates.be\/fr\/produits\/paysagisme\/pouzzolane-enrochement\/#breadcrumb\",\"itemListElement\":[{\"@type\":\"ListItem\",\"position\":1,\"item\":{\"@type\":\"WebPage\",\"@id\":\"https:\/\/ghentaggregates.be\/fr\/\",\"url\":\"https:\/\/ghentaggregates.be\/fr\/\",\"name\":\"Home\"}},{\"@type\":\"ListItem\",\"position\":2,\"item\":{\"@type\":\"WebPage\",\"@id\":\"https:\/\/ghentaggregates.be\/fr\/produits\/paysagisme\/\",\"url\":\"https:\/\/ghentaggregates.be\/fr\/produits\/paysagisme\/\",\"name\":\"Paysagisme\"}},{\"@type\":\"ListItem\",\"position\":3,\"item\":{\"@type\":\"WebPage\",\"@id\":\"https:\/\/ghentaggregates.be\/fr\/produits\/paysagisme\/pouzzolane-enrochement\/\",\"url\":\"https:\/\/ghentaggregates.be\/fr\/produits\/paysagisme\/pouzzolane-enrochement\/\",\"name\":\"Pouzzolane enrochement\"}}]}]}<\/script>\n<!-- \/ Yoast SEO plugin. -->","_links":{"self":[{"href":"https:\/\/ghentaggregates.be\/fr\/wp-json\/wp\/v2\/product\/10313"}],"collection":[{"href":"https:\/\/ghentaggregates.be\/fr\/wp-json\/wp\/v2\/product"}],"about":[{"href":"https:\/\/ghentaggregates.be\/fr\/wp-json\/wp\/v2\/types\/product"}],"replies":[{"embeddable":true,"href":"https:\/\/ghentaggregates.be\/fr\/wp-json\/wp\/v2\/comments?post=10313"}],"version-history":[{"count":0,"href":"https:\/\/ghentaggregates.be\/fr\/wp-json\/wp\/v2\/product\/10313\/revisions"}],"wp:featuredmedia":[{"embeddable":true,"href":"https:\/\/ghentaggregates.be\/fr\/wp-json\/wp\/v2\/media\/10311"}],"wp:attachment":[{"href":"https:\/\/ghentaggregates.be\/fr\/wp-json\/wp\/v2\/media?parent=10313"}],"curies":[{"name":"wp","href":"https:\/\/api.w.org\/{rel}","templated":true}]}}