{"id":10805,"date":"2019-01-20T20:30:04","date_gmt":"2019-01-20T19:30:04","guid":{"rendered":"https:\/\/ghentaggregates2019.dazzle-qa.be\/?post_type=product&#038;p=10805"},"modified":"2020-07-07T13:24:28","modified_gmt":"2020-07-07T11:24:28","slug":"basalte-enrochement","status":"publish","type":"product","link":"https:\/\/ghentaggregates.be\/fr\/produits\/paysagisme\/basalte-enrochement\/","title":{"rendered":"Basalte Enrochement"},"content":{"rendered":"<table>\n<tbody>\n<tr>\n<td>Nom produit:<\/td>\n<td>ENROCHEMENT BASALTE<\/td>\n<\/tr>\n<tr>\n<td>Origine :<\/td>\n<td>Basalte<\/td>\n<\/tr>\n<tr>\n<td>LA :<\/td>\n<td>20<\/td>\n<\/tr>\n<tr>\n<td>Granulom\u00e9trie :<\/td>\n<td>50\/70 (stock)<br \/>\n75\/125<\/td>\n<\/tr>\n<\/tbody>\n<\/table>\n<p><strong>Remarques :\u00a0<\/strong>le remplissage ou petite enrochement le plus noir possible avec une r\u00e9sistance m\u00e9chanique et dur\u00e9e de vie pour des millenaires. Cet enrochement sera plus cubic suite \u00e0 son concassage difficile. Par cons\u00e9quence l&#8217;emploi donnera votre projet un effet assez moderne et restreinte.<\/p>\n","protected":false},"excerpt":{"rendered":"<p>Nom produit: ENROCHEMENT BASALTE Origine : Basalte LA : 20 Granulom\u00e9trie : 50\/70 (stock) 75\/125 Remarques :\u00a0le remplissage ou petite enrochement le plus noir possible avec une r\u00e9sistance m\u00e9chanique et dur\u00e9e de vie pour des millenaires. Cet enrochement sera plus cubic suite \u00e0 son concassage difficile. Par cons\u00e9quence l&#8217;emploi donnera votre projet un effet assez [&hellip;]<\/p>\n","protected":false},"featured_media":10802,"comment_status":"open","ping_status":"closed","template":"","meta":[],"class_list":["post-10805","product","type-product","status-publish","has-post-thumbnail","hentry","product_cat-paysagisme","product_tag-black-fr","product_tag-breuksteen-fr","product_tag-crushed-fr","product_tag-gebroken-fr","product_tag-zwart-fr","pa_color-noir","pa_grain_type-enrochement"],"yoast_head":"<!-- This site is optimized with the Yoast SEO plugin v15.9.2 - https:\/\/yoast.com\/wordpress\/plugins\/seo\/ -->\n<title>Basalte Enrochement - Ghent Aggregates<\/title>\n<link rel=\"canonical\" href=\"https:\/\/ghentaggregates.be\/fr\/produits\/paysagisme\/basalte-enrochement\/\" \/>\n<meta property=\"og:locale\" content=\"fr_FR\" \/>\n<meta property=\"og:type\" content=\"article\" \/>\n<meta property=\"og:title\" content=\"Basalte Enrochement - Ghent Aggregates\" \/>\n<meta property=\"og:description\" content=\"Nom produit: ENROCHEMENT BASALTE Origine : Basalte LA : 20 Granulom\u00e9trie : 50\/70 (stock) 75\/125 Remarques :\u00a0le remplissage ou petite enrochement le plus noir possible avec une r\u00e9sistance m\u00e9chanique et dur\u00e9e de vie pour des millenaires. Cet enrochement sera plus cubic suite \u00e0 son concassage difficile. Par cons\u00e9quence l&#8217;emploi donnera votre projet un effet assez [&hellip;]\" \/>\n<meta property=\"og:url\" content=\"https:\/\/ghentaggregates.be\/fr\/produits\/paysagisme\/basalte-enrochement\/\" \/>\n<meta property=\"og:site_name\" content=\"Ghent Aggregates\" \/>\n<meta property=\"article:modified_time\" content=\"2020-07-07T11:24:28+00:00\" \/>\n<meta property=\"og:image\" content=\"https:\/\/ghentaggregates.be\/wp-content\/uploads\/2019\/01\/ghent-aggregates-basalt-56-75.jpg\" \/>\n\t<meta property=\"og:image:width\" content=\"1152\" \/>\n\t<meta property=\"og:image:height\" content=\"768\" \/>\n<meta name=\"twitter:card\" content=\"summary_large_image\" \/>\n<script type=\"application\/ld+json\" class=\"yoast-schema-graph\">{\"@context\":\"https:\/\/schema.org\",\"@graph\":[{\"@type\":\"WebSite\",\"@id\":\"https:\/\/ghentaggregates.be\/#website\",\"url\":\"https:\/\/ghentaggregates.be\/\",\"name\":\"Ghent Aggregates\",\"description\":\"Votre partenaire pour tout granulats d\\u00e9co et techniques\",\"potentialAction\":[{\"@type\":\"SearchAction\",\"target\":\"https:\/\/ghentaggregates.be\/?s={search_term_string}\",\"query-input\":\"required name=search_term_string\"}],\"inLanguage\":\"fr-BE\"},{\"@type\":\"ImageObject\",\"@id\":\"https:\/\/ghentaggregates.be\/fr\/produits\/paysagisme\/basalte-enrochement\/#primaryimage\",\"inLanguage\":\"fr-BE\",\"url\":\"https:\/\/ghentaggregates.be\/wp-content\/uploads\/2019\/01\/ghent-aggregates-basalt-56-75.jpg\",\"width\":1152,\"height\":768},{\"@type\":\"WebPage\",\"@id\":\"https:\/\/ghentaggregates.be\/fr\/produits\/paysagisme\/basalte-enrochement\/#webpage\",\"url\":\"https:\/\/ghentaggregates.be\/fr\/produits\/paysagisme\/basalte-enrochement\/\",\"name\":\"Basalte Enrochement - Ghent Aggregates\",\"isPartOf\":{\"@id\":\"https:\/\/ghentaggregates.be\/#website\"},\"primaryImageOfPage\":{\"@id\":\"https:\/\/ghentaggregates.be\/fr\/produits\/paysagisme\/basalte-enrochement\/#primaryimage\"},\"datePublished\":\"2019-01-20T19:30:04+00:00\",\"dateModified\":\"2020-07-07T11:24:28+00:00\",\"breadcrumb\":{\"@id\":\"https:\/\/ghentaggregates.be\/fr\/produits\/paysagisme\/basalte-enrochement\/#breadcrumb\"},\"inLanguage\":\"fr-BE\",\"potentialAction\":[{\"@type\":\"ReadAction\",\"target\":[\"https:\/\/ghentaggregates.be\/fr\/produits\/paysagisme\/basalte-enrochement\/\"]}]},{\"@type\":\"BreadcrumbList\",\"@id\":\"https:\/\/ghentaggregates.be\/fr\/produits\/paysagisme\/basalte-enrochement\/#breadcrumb\",\"itemListElement\":[{\"@type\":\"ListItem\",\"position\":1,\"item\":{\"@type\":\"WebPage\",\"@id\":\"https:\/\/ghentaggregates.be\/fr\/\",\"url\":\"https:\/\/ghentaggregates.be\/fr\/\",\"name\":\"Home\"}},{\"@type\":\"ListItem\",\"position\":2,\"item\":{\"@type\":\"WebPage\",\"@id\":\"https:\/\/ghentaggregates.be\/fr\/produits\/paysagisme\/\",\"url\":\"https:\/\/ghentaggregates.be\/fr\/produits\/paysagisme\/\",\"name\":\"Paysagisme\"}},{\"@type\":\"ListItem\",\"position\":3,\"item\":{\"@type\":\"WebPage\",\"@id\":\"https:\/\/ghentaggregates.be\/fr\/produits\/paysagisme\/basalte-enrochement\/\",\"url\":\"https:\/\/ghentaggregates.be\/fr\/produits\/paysagisme\/basalte-enrochement\/\",\"name\":\"Basalte Enrochement\"}}]}]}<\/script>\n<!-- \/ Yoast SEO plugin. -->","_links":{"self":[{"href":"https:\/\/ghentaggregates.be\/fr\/wp-json\/wp\/v2\/product\/10805"}],"collection":[{"href":"https:\/\/ghentaggregates.be\/fr\/wp-json\/wp\/v2\/product"}],"about":[{"href":"https:\/\/ghentaggregates.be\/fr\/wp-json\/wp\/v2\/types\/product"}],"replies":[{"embeddable":true,"href":"https:\/\/ghentaggregates.be\/fr\/wp-json\/wp\/v2\/comments?post=10805"}],"version-history":[{"count":0,"href":"https:\/\/ghentaggregates.be\/fr\/wp-json\/wp\/v2\/product\/10805\/revisions"}],"wp:featuredmedia":[{"embeddable":true,"href":"https:\/\/ghentaggregates.be\/fr\/wp-json\/wp\/v2\/media\/10802"}],"wp:attachment":[{"href":"https:\/\/ghentaggregates.be\/fr\/wp-json\/wp\/v2\/media?parent=10805"}],"curies":[{"name":"wp","href":"https:\/\/api.w.org\/{rel}","templated":true}]}}