{"id":10814,"date":"2019-01-25T06:52:53","date_gmt":"2019-01-25T05:52:53","guid":{"rendered":"https:\/\/ghentaggregates2019.dazzle-qa.be\/product\/silistone\/"},"modified":"2020-07-07T13:20:04","modified_gmt":"2020-07-07T11:20:04","slug":"galet-breton","status":"publish","type":"product","link":"https:\/\/ghentaggregates.be\/fr\/produits\/paysagisme\/galet-breton\/","title":{"rendered":"Galet Breton"},"content":{"rendered":"<table>\n<tbody>\n<tr>\n<td>Nom produit:<\/td>\n<td>GALET BRETON<\/td>\n<\/tr>\n<tr>\n<td>Connu comme :<\/td>\n<td>Silistone, galets de mer<\/td>\n<\/tr>\n<tr>\n<td>Origine :<\/td>\n<td>Silex<\/td>\n<\/tr>\n<tr>\n<td>LA :<\/td>\n<td>20<\/td>\n<\/tr>\n<tr>\n<td>Granulom\u00e9trie :<\/td>\n<td>20\/40<br \/>\n50\/80\u00a0 (stock)<br \/>\n80\/120<\/td>\n<\/tr>\n<\/tbody>\n<\/table>\n<p><strong>Remarques:\u00a0<\/strong>galets de mer tr\u00e8s lisse et aspect poli. Ce galet tr\u00e8s bien rond est remarquable par ces tons naturels gris clairs-fonc\u00e9s avec des accents beiges. Le galet une fois pos\u00e9 reste pour la vie enti\u00e8re, est extr\u00eamement durable et non-g\u00e9lif. Ramener la c\u00f4te dans vos projets ou b\u00e9tons avec ce galet fantastique. Disponible en bigbags soit en vrac.<\/p>\n","protected":false},"excerpt":{"rendered":"<p>Nom produit: GALET BRETON Connu comme : Silistone, galets de mer Origine : Silex LA : 20 Granulom\u00e9trie : 20\/40 50\/80\u00a0 (stock) 80\/120 Remarques:\u00a0galets de mer tr\u00e8s lisse et aspect poli. Ce galet tr\u00e8s bien rond est remarquable par ces tons naturels gris clairs-fonc\u00e9s avec des accents beiges. Le galet une fois pos\u00e9 reste pour [&hellip;]<\/p>\n","protected":false},"featured_media":10812,"comment_status":"open","ping_status":"closed","template":"","meta":[],"class_list":["post-10814","product","type-product","status-publish","has-post-thumbnail","hentry","product_cat-paysagisme","product_tag-bretoens-fr","product_tag-grijs-fr","product_tag-kei-fr","product_tag-ronde-kei-fr","product_tag-schanskorf-fr","product_tag-steenkorf-fr","pa_color-gris","pa_grain_type-enrochement","pa_grain_type-roule"],"yoast_head":"<!-- This site is optimized with the Yoast SEO plugin v15.9.2 - https:\/\/yoast.com\/wordpress\/plugins\/seo\/ -->\n<title>Galet Breton - Ghent Aggregates<\/title>\n<link rel=\"canonical\" href=\"https:\/\/ghentaggregates.be\/fr\/produits\/paysagisme\/galet-breton\/\" \/>\n<meta property=\"og:locale\" content=\"fr_FR\" \/>\n<meta property=\"og:type\" content=\"article\" \/>\n<meta property=\"og:title\" content=\"Galet Breton - Ghent Aggregates\" \/>\n<meta property=\"og:description\" content=\"Nom produit: GALET BRETON Connu comme : Silistone, galets de mer Origine : Silex LA : 20 Granulom\u00e9trie : 20\/40 50\/80\u00a0 (stock) 80\/120 Remarques:\u00a0galets de mer tr\u00e8s lisse et aspect poli. Ce galet tr\u00e8s bien rond est remarquable par ces tons naturels gris clairs-fonc\u00e9s avec des accents beiges. Le galet une fois pos\u00e9 reste pour [&hellip;]\" \/>\n<meta property=\"og:url\" content=\"https:\/\/ghentaggregates.be\/fr\/produits\/paysagisme\/galet-breton\/\" \/>\n<meta property=\"og:site_name\" content=\"Ghent Aggregates\" \/>\n<meta property=\"article:modified_time\" content=\"2020-07-07T11:20:04+00:00\" \/>\n<meta property=\"og:image\" content=\"https:\/\/ghentaggregates.be\/wp-content\/uploads\/2019\/01\/ghent-aggregates-silistone-40-80.jpg\" \/>\n\t<meta property=\"og:image:width\" content=\"1152\" \/>\n\t<meta property=\"og:image:height\" content=\"768\" \/>\n<meta name=\"twitter:card\" content=\"summary_large_image\" \/>\n<script type=\"application\/ld+json\" class=\"yoast-schema-graph\">{\"@context\":\"https:\/\/schema.org\",\"@graph\":[{\"@type\":\"WebSite\",\"@id\":\"https:\/\/ghentaggregates.be\/#website\",\"url\":\"https:\/\/ghentaggregates.be\/\",\"name\":\"Ghent Aggregates\",\"description\":\"Votre partenaire pour tout granulats d\\u00e9co et techniques\",\"potentialAction\":[{\"@type\":\"SearchAction\",\"target\":\"https:\/\/ghentaggregates.be\/?s={search_term_string}\",\"query-input\":\"required name=search_term_string\"}],\"inLanguage\":\"fr-BE\"},{\"@type\":\"ImageObject\",\"@id\":\"https:\/\/ghentaggregates.be\/fr\/produits\/paysagisme\/galet-breton\/#primaryimage\",\"inLanguage\":\"fr-BE\",\"url\":\"https:\/\/ghentaggregates.be\/wp-content\/uploads\/2019\/01\/ghent-aggregates-silistone-40-80.jpg\",\"width\":1152,\"height\":768},{\"@type\":\"WebPage\",\"@id\":\"https:\/\/ghentaggregates.be\/fr\/produits\/paysagisme\/galet-breton\/#webpage\",\"url\":\"https:\/\/ghentaggregates.be\/fr\/produits\/paysagisme\/galet-breton\/\",\"name\":\"Galet Breton - Ghent Aggregates\",\"isPartOf\":{\"@id\":\"https:\/\/ghentaggregates.be\/#website\"},\"primaryImageOfPage\":{\"@id\":\"https:\/\/ghentaggregates.be\/fr\/produits\/paysagisme\/galet-breton\/#primaryimage\"},\"datePublished\":\"2019-01-25T05:52:53+00:00\",\"dateModified\":\"2020-07-07T11:20:04+00:00\",\"breadcrumb\":{\"@id\":\"https:\/\/ghentaggregates.be\/fr\/produits\/paysagisme\/galet-breton\/#breadcrumb\"},\"inLanguage\":\"fr-BE\",\"potentialAction\":[{\"@type\":\"ReadAction\",\"target\":[\"https:\/\/ghentaggregates.be\/fr\/produits\/paysagisme\/galet-breton\/\"]}]},{\"@type\":\"BreadcrumbList\",\"@id\":\"https:\/\/ghentaggregates.be\/fr\/produits\/paysagisme\/galet-breton\/#breadcrumb\",\"itemListElement\":[{\"@type\":\"ListItem\",\"position\":1,\"item\":{\"@type\":\"WebPage\",\"@id\":\"https:\/\/ghentaggregates.be\/fr\/\",\"url\":\"https:\/\/ghentaggregates.be\/fr\/\",\"name\":\"Home\"}},{\"@type\":\"ListItem\",\"position\":2,\"item\":{\"@type\":\"WebPage\",\"@id\":\"https:\/\/ghentaggregates.be\/fr\/produits\/paysagisme\/\",\"url\":\"https:\/\/ghentaggregates.be\/fr\/produits\/paysagisme\/\",\"name\":\"Paysagisme\"}},{\"@type\":\"ListItem\",\"position\":3,\"item\":{\"@type\":\"WebPage\",\"@id\":\"https:\/\/ghentaggregates.be\/fr\/produits\/paysagisme\/galet-breton\/\",\"url\":\"https:\/\/ghentaggregates.be\/fr\/produits\/paysagisme\/galet-breton\/\",\"name\":\"Galet Breton\"}}]}]}<\/script>\n<!-- \/ Yoast SEO plugin. -->","_links":{"self":[{"href":"https:\/\/ghentaggregates.be\/fr\/wp-json\/wp\/v2\/product\/10814"}],"collection":[{"href":"https:\/\/ghentaggregates.be\/fr\/wp-json\/wp\/v2\/product"}],"about":[{"href":"https:\/\/ghentaggregates.be\/fr\/wp-json\/wp\/v2\/types\/product"}],"replies":[{"embeddable":true,"href":"https:\/\/ghentaggregates.be\/fr\/wp-json\/wp\/v2\/comments?post=10814"}],"version-history":[{"count":0,"href":"https:\/\/ghentaggregates.be\/fr\/wp-json\/wp\/v2\/product\/10814\/revisions"}],"wp:featuredmedia":[{"embeddable":true,"href":"https:\/\/ghentaggregates.be\/fr\/wp-json\/wp\/v2\/media\/10812"}],"wp:attachment":[{"href":"https:\/\/ghentaggregates.be\/fr\/wp-json\/wp\/v2\/media?parent=10814"}],"curies":[{"name":"wp","href":"https:\/\/api.w.org\/{rel}","templated":true}]}}