{"id":10824,"date":"2019-01-25T08:00:50","date_gmt":"2019-01-25T07:00:50","guid":{"rendered":"https:\/\/ghentaggregates2019.dazzle-qa.be\/product\/ardenner-grijs\/"},"modified":"2020-07-07T13:15:52","modified_gmt":"2020-07-07T11:15:52","slug":"gris-ardennes","status":"publish","type":"product","link":"https:\/\/ghentaggregates.be\/fr\/produits\/paysagisme\/gris-ardennes\/","title":{"rendered":"Gris Ardennes"},"content":{"rendered":"<table>\n<tbody>\n<tr>\n<td>Nom produit:<\/td>\n<td>GRIS ARDENNES<\/td>\n<\/tr>\n<tr>\n<td>Origine :<\/td>\n<td>Calcaire<\/td>\n<\/tr>\n<tr>\n<td>LA :<\/td>\n<td>25<\/td>\n<\/tr>\n<tr>\n<td>Granulom\u00e9trie :<\/td>\n<td>20\/60<br \/>\n60\/90 (stock)<br \/>\n90\/150<\/td>\n<\/tr>\n<\/tbody>\n<\/table>\n<p><strong>Remarques : <\/strong>ce calcaire gris naturel est concass\u00e9 en enrochement dans le fin fond des Ardennes belges. Les couleurs de cette pierre sont uniques : gris moyen l\u00e9g\u00e8rement nuanc\u00e9 mais avec un sous-ton bleut\u00e9 assez typique. De ce fait cette pierre ne conna\u00eet aucune concurrence dans son genre. Prix-qualit\u00e9 au top, cette pierre vous accompagne la vie gr\u00e2ce \u00e0 sa qualit\u00e9 exceptionnelle et non-g\u00e9livit\u00e9.<\/p>\n","protected":false},"excerpt":{"rendered":"<p>Nom produit: GRIS ARDENNES Origine : Calcaire LA : 25 Granulom\u00e9trie : 20\/60 60\/90 (stock) 90\/150 Remarques : ce calcaire gris naturel est concass\u00e9 en enrochement dans le fin fond des Ardennes belges. Les couleurs de cette pierre sont uniques : gris moyen l\u00e9g\u00e8rement nuanc\u00e9 mais avec un sous-ton bleut\u00e9 assez typique. De ce fait [&hellip;]<\/p>\n","protected":false},"featured_media":15152,"comment_status":"open","ping_status":"closed","template":"","meta":[],"class_list":["post-10824","product","type-product","status-publish","has-post-thumbnail","hentry","product_cat-paysagisme","product_tag-ardenner-fr","product_tag-breuksteen-fr","product_tag-schanskorf-fr","product_tag-steenkorf-fr","pa_color-gris","pa_grain_type-concasse","pa_grain_type-enrochement"],"yoast_head":"<!-- This site is optimized with the Yoast SEO plugin v15.9.2 - https:\/\/yoast.com\/wordpress\/plugins\/seo\/ -->\n<title>Gris Ardennes - Ghent Aggregates<\/title>\n<link rel=\"canonical\" href=\"https:\/\/ghentaggregates.be\/fr\/produits\/paysagisme\/gris-ardennes\/\" \/>\n<meta property=\"og:locale\" content=\"fr_FR\" \/>\n<meta property=\"og:type\" content=\"article\" \/>\n<meta property=\"og:title\" content=\"Gris Ardennes - Ghent Aggregates\" \/>\n<meta property=\"og:description\" content=\"Nom produit: GRIS ARDENNES Origine : Calcaire LA : 25 Granulom\u00e9trie : 20\/60 60\/90 (stock) 90\/150 Remarques : ce calcaire gris naturel est concass\u00e9 en enrochement dans le fin fond des Ardennes belges. Les couleurs de cette pierre sont uniques : gris moyen l\u00e9g\u00e8rement nuanc\u00e9 mais avec un sous-ton bleut\u00e9 assez typique. De ce fait [&hellip;]\" \/>\n<meta property=\"og:url\" content=\"https:\/\/ghentaggregates.be\/fr\/produits\/paysagisme\/gris-ardennes\/\" \/>\n<meta property=\"og:site_name\" content=\"Ghent Aggregates\" \/>\n<meta property=\"article:modified_time\" content=\"2020-07-07T11:15:52+00:00\" \/>\n<meta property=\"og:image\" content=\"https:\/\/ghentaggregates.be\/wp-content\/uploads\/2019\/01\/ghent-aggregates-ardenner-grijs-60-80-droog.jpg\" \/>\n\t<meta property=\"og:image:width\" content=\"1054\" \/>\n\t<meta property=\"og:image:height\" content=\"703\" \/>\n<meta name=\"twitter:card\" content=\"summary_large_image\" \/>\n<script type=\"application\/ld+json\" class=\"yoast-schema-graph\">{\"@context\":\"https:\/\/schema.org\",\"@graph\":[{\"@type\":\"WebSite\",\"@id\":\"https:\/\/ghentaggregates.be\/#website\",\"url\":\"https:\/\/ghentaggregates.be\/\",\"name\":\"Ghent Aggregates\",\"description\":\"Votre partenaire pour tout granulats d\\u00e9co et techniques\",\"potentialAction\":[{\"@type\":\"SearchAction\",\"target\":\"https:\/\/ghentaggregates.be\/?s={search_term_string}\",\"query-input\":\"required name=search_term_string\"}],\"inLanguage\":\"fr-BE\"},{\"@type\":\"ImageObject\",\"@id\":\"https:\/\/ghentaggregates.be\/fr\/produits\/paysagisme\/gris-ardennes\/#primaryimage\",\"inLanguage\":\"fr-BE\",\"url\":\"https:\/\/ghentaggregates.be\/wp-content\/uploads\/2019\/01\/ghent-aggregates-ardenner-grijs-60-80-droog.jpg\",\"width\":1054,\"height\":703},{\"@type\":\"WebPage\",\"@id\":\"https:\/\/ghentaggregates.be\/fr\/produits\/paysagisme\/gris-ardennes\/#webpage\",\"url\":\"https:\/\/ghentaggregates.be\/fr\/produits\/paysagisme\/gris-ardennes\/\",\"name\":\"Gris Ardennes - Ghent Aggregates\",\"isPartOf\":{\"@id\":\"https:\/\/ghentaggregates.be\/#website\"},\"primaryImageOfPage\":{\"@id\":\"https:\/\/ghentaggregates.be\/fr\/produits\/paysagisme\/gris-ardennes\/#primaryimage\"},\"datePublished\":\"2019-01-25T07:00:50+00:00\",\"dateModified\":\"2020-07-07T11:15:52+00:00\",\"breadcrumb\":{\"@id\":\"https:\/\/ghentaggregates.be\/fr\/produits\/paysagisme\/gris-ardennes\/#breadcrumb\"},\"inLanguage\":\"fr-BE\",\"potentialAction\":[{\"@type\":\"ReadAction\",\"target\":[\"https:\/\/ghentaggregates.be\/fr\/produits\/paysagisme\/gris-ardennes\/\"]}]},{\"@type\":\"BreadcrumbList\",\"@id\":\"https:\/\/ghentaggregates.be\/fr\/produits\/paysagisme\/gris-ardennes\/#breadcrumb\",\"itemListElement\":[{\"@type\":\"ListItem\",\"position\":1,\"item\":{\"@type\":\"WebPage\",\"@id\":\"https:\/\/ghentaggregates.be\/fr\/\",\"url\":\"https:\/\/ghentaggregates.be\/fr\/\",\"name\":\"Home\"}},{\"@type\":\"ListItem\",\"position\":2,\"item\":{\"@type\":\"WebPage\",\"@id\":\"https:\/\/ghentaggregates.be\/fr\/produits\/paysagisme\/\",\"url\":\"https:\/\/ghentaggregates.be\/fr\/produits\/paysagisme\/\",\"name\":\"Paysagisme\"}},{\"@type\":\"ListItem\",\"position\":3,\"item\":{\"@type\":\"WebPage\",\"@id\":\"https:\/\/ghentaggregates.be\/fr\/produits\/paysagisme\/gris-ardennes\/\",\"url\":\"https:\/\/ghentaggregates.be\/fr\/produits\/paysagisme\/gris-ardennes\/\",\"name\":\"Gris Ardennes\"}}]}]}<\/script>\n<!-- \/ Yoast SEO plugin. -->","_links":{"self":[{"href":"https:\/\/ghentaggregates.be\/fr\/wp-json\/wp\/v2\/product\/10824"}],"collection":[{"href":"https:\/\/ghentaggregates.be\/fr\/wp-json\/wp\/v2\/product"}],"about":[{"href":"https:\/\/ghentaggregates.be\/fr\/wp-json\/wp\/v2\/types\/product"}],"replies":[{"embeddable":true,"href":"https:\/\/ghentaggregates.be\/fr\/wp-json\/wp\/v2\/comments?post=10824"}],"version-history":[{"count":0,"href":"https:\/\/ghentaggregates.be\/fr\/wp-json\/wp\/v2\/product\/10824\/revisions"}],"wp:featuredmedia":[{"embeddable":true,"href":"https:\/\/ghentaggregates.be\/fr\/wp-json\/wp\/v2\/media\/15152"}],"wp:attachment":[{"href":"https:\/\/ghentaggregates.be\/fr\/wp-json\/wp\/v2\/media?parent=10824"}],"curies":[{"name":"wp","href":"https:\/\/api.w.org\/{rel}","templated":true}]}}