{"id":10841,"date":"2019-03-29T11:41:10","date_gmt":"2019-03-29T10:41:10","guid":{"rendered":"https:\/\/ghentaggregates2019.dazzle-qa.be\/product\/glas-rond-robijnrood\/"},"modified":"2019-10-15T08:18:28","modified_gmt":"2019-10-15T08:18:28","slug":"verre-rouge-robin","status":"publish","type":"product","link":"https:\/\/ghentaggregates.be\/fr\/produits\/granulats-de-verre\/verre-rouge-robin\/","title":{"rendered":"Verre Rouge Robin"},"content":{"rendered":"<table>\n<tr>\n<td>Nom produit:<\/td>\n<td>VERRE ROUGE ROBIN<\/td>\n<\/tr>\n<tr>\n<td>Origine :<\/td>\n<td>Verre roul\u00e9<\/td>\n<\/tr>\n<tr>\n<td>Granulom\u00e9trie :<\/td>\n<td>5\/10 (stock)<\/td>\n<\/tr>\n<\/table>\n<p><strong>Remarques:\u00a0<\/strong>Ce roul\u00e9 de verre est excellent pour vos b\u00e9tons granito et terrazzo, b\u00e9tons d\u00e9coratifs, asphalte et enrob\u00e9s. Les verres sont tint\u00e9s dans la masse et de ce faite il peut \u00eatre ponc\u00e9, poli etc. Nous avons ce verre rouge en stock, disponible \u00e0 partir de 1,0kg, emball\u00e9 sur mesure.<\/p>\n","protected":false},"excerpt":{"rendered":"<p>Nom produit: VERRE ROUGE ROBIN Origine : Verre roul\u00e9 Granulom\u00e9trie : 5\/10 (stock) Remarques:\u00a0Ce roul\u00e9 de verre est excellent pour vos b\u00e9tons granito et terrazzo, b\u00e9tons d\u00e9coratifs, asphalte et enrob\u00e9s. Les verres sont tint\u00e9s dans la masse et de ce faite il peut \u00eatre ponc\u00e9, poli etc. Nous avons ce verre rouge en stock, disponible [&hellip;]<\/p>\n","protected":false},"featured_media":10839,"comment_status":"open","ping_status":"closed","template":"","meta":[],"class_list":["post-10841","product","type-product","status-publish","has-post-thumbnail","hentry","product_cat-granulats-de-verre","product_tag-glas-fr","product_tag-robijnrood-fr","product_tag-rood-fr","product_tag-rouge-fr","product_tag-verre-fr","pa_color-rouge","pa_grain_type-verre"],"yoast_head":"<!-- This site is optimized with the Yoast SEO plugin v15.9.2 - https:\/\/yoast.com\/wordpress\/plugins\/seo\/ -->\n<title>Verre Rouge Robin - Ghent Aggregates<\/title>\n<link rel=\"canonical\" href=\"https:\/\/ghentaggregates.be\/fr\/produits\/granulats-de-verre\/verre-rouge-robin\/\" \/>\n<meta property=\"og:locale\" content=\"fr_FR\" \/>\n<meta property=\"og:type\" content=\"article\" \/>\n<meta property=\"og:title\" content=\"Verre Rouge Robin - Ghent Aggregates\" \/>\n<meta property=\"og:description\" content=\"Nom produit: VERRE ROUGE ROBIN Origine : Verre roul\u00e9 Granulom\u00e9trie : 5\/10 (stock) Remarques:\u00a0Ce roul\u00e9 de verre est excellent pour vos b\u00e9tons granito et terrazzo, b\u00e9tons d\u00e9coratifs, asphalte et enrob\u00e9s. Les verres sont tint\u00e9s dans la masse et de ce faite il peut \u00eatre ponc\u00e9, poli etc. Nous avons ce verre rouge en stock, disponible [&hellip;]\" \/>\n<meta property=\"og:url\" content=\"https:\/\/ghentaggregates.be\/fr\/produits\/granulats-de-verre\/verre-rouge-robin\/\" \/>\n<meta property=\"og:site_name\" content=\"Ghent Aggregates\" \/>\n<meta property=\"article:modified_time\" content=\"2019-10-15T08:18:28+00:00\" \/>\n<meta property=\"og:image\" content=\"https:\/\/ghentaggregates.be\/wp-content\/uploads\/2019\/03\/ghent-aggregates-glas-robijnrood-5-10.jpg\" \/>\n\t<meta property=\"og:image:width\" content=\"1152\" \/>\n\t<meta property=\"og:image:height\" content=\"768\" \/>\n<meta name=\"twitter:card\" content=\"summary_large_image\" \/>\n<script type=\"application\/ld+json\" class=\"yoast-schema-graph\">{\"@context\":\"https:\/\/schema.org\",\"@graph\":[{\"@type\":\"WebSite\",\"@id\":\"https:\/\/ghentaggregates.be\/#website\",\"url\":\"https:\/\/ghentaggregates.be\/\",\"name\":\"Ghent Aggregates\",\"description\":\"Votre partenaire pour tout granulats d\\u00e9co et techniques\",\"potentialAction\":[{\"@type\":\"SearchAction\",\"target\":\"https:\/\/ghentaggregates.be\/?s={search_term_string}\",\"query-input\":\"required name=search_term_string\"}],\"inLanguage\":\"fr-BE\"},{\"@type\":\"ImageObject\",\"@id\":\"https:\/\/ghentaggregates.be\/fr\/produits\/granulats-de-verre\/verre-rouge-robin\/#primaryimage\",\"inLanguage\":\"fr-BE\",\"url\":\"https:\/\/ghentaggregates.be\/wp-content\/uploads\/2019\/03\/ghent-aggregates-glas-robijnrood-5-10.jpg\",\"width\":1152,\"height\":768},{\"@type\":\"WebPage\",\"@id\":\"https:\/\/ghentaggregates.be\/fr\/produits\/granulats-de-verre\/verre-rouge-robin\/#webpage\",\"url\":\"https:\/\/ghentaggregates.be\/fr\/produits\/granulats-de-verre\/verre-rouge-robin\/\",\"name\":\"Verre Rouge Robin - Ghent Aggregates\",\"isPartOf\":{\"@id\":\"https:\/\/ghentaggregates.be\/#website\"},\"primaryImageOfPage\":{\"@id\":\"https:\/\/ghentaggregates.be\/fr\/produits\/granulats-de-verre\/verre-rouge-robin\/#primaryimage\"},\"datePublished\":\"2019-03-29T10:41:10+00:00\",\"dateModified\":\"2019-10-15T08:18:28+00:00\",\"breadcrumb\":{\"@id\":\"https:\/\/ghentaggregates.be\/fr\/produits\/granulats-de-verre\/verre-rouge-robin\/#breadcrumb\"},\"inLanguage\":\"fr-BE\",\"potentialAction\":[{\"@type\":\"ReadAction\",\"target\":[\"https:\/\/ghentaggregates.be\/fr\/produits\/granulats-de-verre\/verre-rouge-robin\/\"]}]},{\"@type\":\"BreadcrumbList\",\"@id\":\"https:\/\/ghentaggregates.be\/fr\/produits\/granulats-de-verre\/verre-rouge-robin\/#breadcrumb\",\"itemListElement\":[{\"@type\":\"ListItem\",\"position\":1,\"item\":{\"@type\":\"WebPage\",\"@id\":\"https:\/\/ghentaggregates.be\/fr\/\",\"url\":\"https:\/\/ghentaggregates.be\/fr\/\",\"name\":\"Home\"}},{\"@type\":\"ListItem\",\"position\":2,\"item\":{\"@type\":\"WebPage\",\"@id\":\"https:\/\/ghentaggregates.be\/fr\/produits\/granulats-de-verre\/\",\"url\":\"https:\/\/ghentaggregates.be\/fr\/produits\/granulats-de-verre\/\",\"name\":\"Granulats de verre\"}},{\"@type\":\"ListItem\",\"position\":3,\"item\":{\"@type\":\"WebPage\",\"@id\":\"https:\/\/ghentaggregates.be\/fr\/produits\/granulats-de-verre\/verre-rouge-robin\/\",\"url\":\"https:\/\/ghentaggregates.be\/fr\/produits\/granulats-de-verre\/verre-rouge-robin\/\",\"name\":\"Verre Rouge Robin\"}}]}]}<\/script>\n<!-- \/ Yoast SEO plugin. -->","_links":{"self":[{"href":"https:\/\/ghentaggregates.be\/fr\/wp-json\/wp\/v2\/product\/10841"}],"collection":[{"href":"https:\/\/ghentaggregates.be\/fr\/wp-json\/wp\/v2\/product"}],"about":[{"href":"https:\/\/ghentaggregates.be\/fr\/wp-json\/wp\/v2\/types\/product"}],"replies":[{"embeddable":true,"href":"https:\/\/ghentaggregates.be\/fr\/wp-json\/wp\/v2\/comments?post=10841"}],"version-history":[{"count":0,"href":"https:\/\/ghentaggregates.be\/fr\/wp-json\/wp\/v2\/product\/10841\/revisions"}],"wp:featuredmedia":[{"embeddable":true,"href":"https:\/\/ghentaggregates.be\/fr\/wp-json\/wp\/v2\/media\/10839"}],"wp:attachment":[{"href":"https:\/\/ghentaggregates.be\/fr\/wp-json\/wp\/v2\/media?parent=10841"}],"curies":[{"name":"wp","href":"https:\/\/api.w.org\/{rel}","templated":true}]}}