{"id":10890,"date":"2019-05-17T15:07:53","date_gmt":"2019-05-17T13:07:53","guid":{"rendered":"https:\/\/ghentaggregates2019.dazzle-qa.be\/product\/voegsplit-zwart\/"},"modified":"2019-10-15T08:16:04","modified_gmt":"2019-10-15T08:16:04","slug":"joints-drainants-noirs","status":"publish","type":"product","link":"https:\/\/ghentaggregates.be\/fr\/produits\/construction-routiere\/joints-drainants-noirs\/","title":{"rendered":"Joints drainants noirs"},"content":{"rendered":"<table>\n<tr>\n<td>Nom produit:<\/td>\n<td>CONCASSES NOIRS JOINTS DRAINANTS<\/td>\n<\/tr>\n<tr>\n<td>Origine :<\/td>\n<td>BASALTE<\/td>\n<\/tr>\n<tr>\n<td>LA :<\/td>\n<td>15<\/td>\n<\/tr>\n<tr>\n<td>Granulom\u00e9trie :<\/td>\n<td>1\/3 (stock<\/td>\n<\/tr>\n<\/table>\n<p><strong>Remarques : <\/strong>Ce concass\u00e9 drainant est parfait pour vos applications de joints drainants entre pav\u00e9s, dalles, etc. Compl\u00e8tement d\u00e9poussi\u00e9r\u00e9, ce concass\u00e9 ne contient pas de sables qui ferment les joints. Passage d&rsquo;eau \u00e0 grands d\u00e9bits gr\u00e2ce au concass\u00e9 noir pour joints drainants. Ce concass\u00e9 d&rsquo;origine basalte est tr\u00e8s d\u00fbr et de ce fait pas friable dans le temps, malgr\u00e9 sa charge ou passage traffic. Aussi sur les pav\u00e9s terre cuite ce concass\u00e9 ne laisse pas de traces pendant la mise en place.<\/p>\n<p>La solution id\u00e9ale pour tous joints drainants entre les pav\u00e9s et dalles con\u00e7us \u00e0 cet effet. Le concass\u00e9 est noir intense humide, anthracite fonc\u00e9 quand il est sec.<\/p>\n<p>Disponible en <strong>bigbags<\/strong> de1500kg, 1000kg, 500kg et 250kg. La <strong>consommation<\/strong> est de\u00a0<strong>20kg\/m\u00b2<\/strong>.<\/p>\n<p>&nbsp;<\/p>\n","protected":false},"excerpt":{"rendered":"<p>Nom produit: CONCASSES NOIRS JOINTS DRAINANTS Origine : BASALTE LA : 15 Granulom\u00e9trie : 1\/3 (stock Remarques : Ce concass\u00e9 drainant est parfait pour vos applications de joints drainants entre pav\u00e9s, dalles, etc. Compl\u00e8tement d\u00e9poussi\u00e9r\u00e9, ce concass\u00e9 ne contient pas de sables qui ferment les joints. Passage d&rsquo;eau \u00e0 grands d\u00e9bits gr\u00e2ce au concass\u00e9 noir [&hellip;]<\/p>\n","protected":false},"featured_media":10882,"comment_status":"open","ping_status":"closed","template":"","meta":[],"class_list":["post-10890","product","type-product","status-publish","has-post-thumbnail","hentry","product_cat-construction-routiere","product_cat-drainage-et-fondation","product_cat-betons","product_cat-infrastructures-sportives","product_cat-paysagisme","product_tag-drainerend-fr","product_tag-voegsplit-fr","product_tag-waterdoorlatend-fr","product_tag-zwarte-split-fr","pa_color-noir","pa_grain_type-concasse"],"yoast_head":"<!-- This site is optimized with the Yoast SEO plugin v15.9.2 - https:\/\/yoast.com\/wordpress\/plugins\/seo\/ -->\n<title>Joints drainants noirs - Ghent Aggregates<\/title>\n<link rel=\"canonical\" href=\"https:\/\/ghentaggregates.be\/fr\/produits\/construction-routiere\/joints-drainants-noirs\/\" \/>\n<meta property=\"og:locale\" content=\"fr_FR\" \/>\n<meta property=\"og:type\" content=\"article\" \/>\n<meta property=\"og:title\" content=\"Joints drainants noirs - Ghent Aggregates\" \/>\n<meta property=\"og:description\" content=\"Nom produit: CONCASSES NOIRS JOINTS DRAINANTS Origine : BASALTE LA : 15 Granulom\u00e9trie : 1\/3 (stock Remarques : Ce concass\u00e9 drainant est parfait pour vos applications de joints drainants entre pav\u00e9s, dalles, etc. Compl\u00e8tement d\u00e9poussi\u00e9r\u00e9, ce concass\u00e9 ne contient pas de sables qui ferment les joints. Passage d&rsquo;eau \u00e0 grands d\u00e9bits gr\u00e2ce au concass\u00e9 noir [&hellip;]\" \/>\n<meta property=\"og:url\" content=\"https:\/\/ghentaggregates.be\/fr\/produits\/construction-routiere\/joints-drainants-noirs\/\" \/>\n<meta property=\"og:site_name\" content=\"Ghent Aggregates\" \/>\n<meta property=\"article:modified_time\" content=\"2019-10-15T08:16:04+00:00\" \/>\n<meta property=\"og:image\" content=\"https:\/\/ghentaggregates.be\/wp-content\/uploads\/2019\/05\/ghent-aggregates-basalt-1-3-nat.jpg\" \/>\n\t<meta property=\"og:image:width\" content=\"1152\" \/>\n\t<meta property=\"og:image:height\" content=\"768\" \/>\n<meta name=\"twitter:card\" content=\"summary_large_image\" \/>\n<meta name=\"twitter:label1\" content=\"Dur\u00e9e de lecture est.\">\n\t<meta name=\"twitter:data1\" content=\"1 minute\">\n<script type=\"application\/ld+json\" class=\"yoast-schema-graph\">{\"@context\":\"https:\/\/schema.org\",\"@graph\":[{\"@type\":\"WebSite\",\"@id\":\"https:\/\/ghentaggregates.be\/#website\",\"url\":\"https:\/\/ghentaggregates.be\/\",\"name\":\"Ghent Aggregates\",\"description\":\"Votre partenaire pour tout granulats d\\u00e9co et techniques\",\"potentialAction\":[{\"@type\":\"SearchAction\",\"target\":\"https:\/\/ghentaggregates.be\/?s={search_term_string}\",\"query-input\":\"required name=search_term_string\"}],\"inLanguage\":\"fr-BE\"},{\"@type\":\"ImageObject\",\"@id\":\"https:\/\/ghentaggregates.be\/fr\/produits\/construction-routiere\/joints-drainants-noirs\/#primaryimage\",\"inLanguage\":\"fr-BE\",\"url\":\"https:\/\/ghentaggregates.be\/wp-content\/uploads\/2019\/05\/ghent-aggregates-basalt-1-3-nat.jpg\",\"width\":1152,\"height\":768},{\"@type\":\"WebPage\",\"@id\":\"https:\/\/ghentaggregates.be\/fr\/produits\/construction-routiere\/joints-drainants-noirs\/#webpage\",\"url\":\"https:\/\/ghentaggregates.be\/fr\/produits\/construction-routiere\/joints-drainants-noirs\/\",\"name\":\"Joints drainants noirs - Ghent Aggregates\",\"isPartOf\":{\"@id\":\"https:\/\/ghentaggregates.be\/#website\"},\"primaryImageOfPage\":{\"@id\":\"https:\/\/ghentaggregates.be\/fr\/produits\/construction-routiere\/joints-drainants-noirs\/#primaryimage\"},\"datePublished\":\"2019-05-17T13:07:53+00:00\",\"dateModified\":\"2019-10-15T08:16:04+00:00\",\"breadcrumb\":{\"@id\":\"https:\/\/ghentaggregates.be\/fr\/produits\/construction-routiere\/joints-drainants-noirs\/#breadcrumb\"},\"inLanguage\":\"fr-BE\",\"potentialAction\":[{\"@type\":\"ReadAction\",\"target\":[\"https:\/\/ghentaggregates.be\/fr\/produits\/construction-routiere\/joints-drainants-noirs\/\"]}]},{\"@type\":\"BreadcrumbList\",\"@id\":\"https:\/\/ghentaggregates.be\/fr\/produits\/construction-routiere\/joints-drainants-noirs\/#breadcrumb\",\"itemListElement\":[{\"@type\":\"ListItem\",\"position\":1,\"item\":{\"@type\":\"WebPage\",\"@id\":\"https:\/\/ghentaggregates.be\/fr\/\",\"url\":\"https:\/\/ghentaggregates.be\/fr\/\",\"name\":\"Home\"}},{\"@type\":\"ListItem\",\"position\":2,\"item\":{\"@type\":\"WebPage\",\"@id\":\"https:\/\/ghentaggregates.be\/fr\/produits\/construction-routiere\/\",\"url\":\"https:\/\/ghentaggregates.be\/fr\/produits\/construction-routiere\/\",\"name\":\"Construction routi\\u00e8re\"}},{\"@type\":\"ListItem\",\"position\":3,\"item\":{\"@type\":\"WebPage\",\"@id\":\"https:\/\/ghentaggregates.be\/fr\/produits\/construction-routiere\/joints-drainants-noirs\/\",\"url\":\"https:\/\/ghentaggregates.be\/fr\/produits\/construction-routiere\/joints-drainants-noirs\/\",\"name\":\"Joints drainants noirs\"}}]}]}<\/script>\n<!-- \/ Yoast SEO plugin. -->","_links":{"self":[{"href":"https:\/\/ghentaggregates.be\/fr\/wp-json\/wp\/v2\/product\/10890"}],"collection":[{"href":"https:\/\/ghentaggregates.be\/fr\/wp-json\/wp\/v2\/product"}],"about":[{"href":"https:\/\/ghentaggregates.be\/fr\/wp-json\/wp\/v2\/types\/product"}],"replies":[{"embeddable":true,"href":"https:\/\/ghentaggregates.be\/fr\/wp-json\/wp\/v2\/comments?post=10890"}],"version-history":[{"count":0,"href":"https:\/\/ghentaggregates.be\/fr\/wp-json\/wp\/v2\/product\/10890\/revisions"}],"wp:featuredmedia":[{"embeddable":true,"href":"https:\/\/ghentaggregates.be\/fr\/wp-json\/wp\/v2\/media\/10882"}],"wp:attachment":[{"href":"https:\/\/ghentaggregates.be\/fr\/wp-json\/wp\/v2\/media?parent=10890"}],"curies":[{"name":"wp","href":"https:\/\/api.w.org\/{rel}","templated":true}]}}