{"id":10924,"date":"2019-06-03T11:38:50","date_gmt":"2019-06-03T09:38:50","guid":{"rendered":"https:\/\/ghentaggregates2019.dazzle-qa.be\/product\/voegsplit-grijs\/"},"modified":"2019-10-15T08:14:00","modified_gmt":"2019-10-15T08:14:00","slug":"concasse-drainant-gris","status":"publish","type":"product","link":"https:\/\/ghentaggregates.be\/fr\/produits\/construction-routiere\/concasse-drainant-gris\/","title":{"rendered":"Joints drainants gris"},"content":{"rendered":"<table>\n<tr>\n<td>Nom produit:<\/td>\n<td>CONCASSES GRIS JOINTS DRAINANTS<\/td>\n<\/tr>\n<tr>\n<td>Origine :<\/td>\n<td>CALCAIRE<\/td>\n<\/tr>\n<tr>\n<td>LA :<\/td>\n<td>25<\/td>\n<\/tr>\n<tr>\n<td>Granulom\u00e9trie :<\/td>\n<td>1\/3 (stock)<\/td>\n<\/tr>\n<\/table>\n<p><strong>Remarques :\u00a0<\/strong>Ce concass\u00e9 drainant est parfait pour vos applications de joints drainants entre pav\u00e9s, dalles, etc. Compl\u00e8tement d\u00e9poussi\u00e9r\u00e9, ce concass\u00e9 ne contient pas de sables qui ferment les joints. Passage d&rsquo;eau \u00e0 grands d\u00e9bits gr\u00e2ce au concass\u00e9 gris pour joints drainants. Ce concass\u00e9 d&rsquo;origine calcaire est tr\u00e8s d\u00fbr et de ce fait pas friable dans le temps, malgr\u00e9 sa charge ou passage traffic.<\/p>\n<p>La solution id\u00e9ale pour tous joints drainants entre les pav\u00e9s et dalles con\u00e7us \u00e0 cet effet. Le concass\u00e9 est gris moyen humide (voir image), gris claire quand il est sec.<\/p>\n<p>Disponible en\u00a0<strong>bigbags<\/strong>\u00a0de1500kg, 1000kg, 500kg et 250kg. La\u00a0<strong>consommation<\/strong>\u00a0est de\u00a0<strong>20kg\/m\u00b2<\/strong>.<\/p>\n<p>&nbsp;<\/p>\n","protected":false},"excerpt":{"rendered":"<p>Nom produit: CONCASSES GRIS JOINTS DRAINANTS Origine : CALCAIRE LA : 25 Granulom\u00e9trie : 1\/3 (stock) Remarques :\u00a0Ce concass\u00e9 drainant est parfait pour vos applications de joints drainants entre pav\u00e9s, dalles, etc. Compl\u00e8tement d\u00e9poussi\u00e9r\u00e9, ce concass\u00e9 ne contient pas de sables qui ferment les joints. Passage d&rsquo;eau \u00e0 grands d\u00e9bits gr\u00e2ce au concass\u00e9 gris pour [&hellip;]<\/p>\n","protected":false},"featured_media":10922,"comment_status":"open","ping_status":"closed","template":"","meta":[],"class_list":["post-10924","product","type-product","status-publish","has-post-thumbnail","hentry","product_cat-construction-routiere","product_cat-drainage-et-fondation","product_cat-betons","product_cat-paysagisme","pa_color-gris","pa_grain_type-concasse"],"yoast_head":"<!-- This site is optimized with the Yoast SEO plugin v15.9.2 - https:\/\/yoast.com\/wordpress\/plugins\/seo\/ -->\n<title>Joints drainants gris - Ghent Aggregates<\/title>\n<link rel=\"canonical\" href=\"https:\/\/ghentaggregates.be\/fr\/produits\/construction-routiere\/concasse-drainant-gris\/\" \/>\n<meta property=\"og:locale\" content=\"fr_FR\" \/>\n<meta property=\"og:type\" content=\"article\" \/>\n<meta property=\"og:title\" content=\"Joints drainants gris - Ghent Aggregates\" \/>\n<meta property=\"og:description\" content=\"Nom produit: CONCASSES GRIS JOINTS DRAINANTS Origine : CALCAIRE LA : 25 Granulom\u00e9trie : 1\/3 (stock) Remarques :\u00a0Ce concass\u00e9 drainant est parfait pour vos applications de joints drainants entre pav\u00e9s, dalles, etc. Compl\u00e8tement d\u00e9poussi\u00e9r\u00e9, ce concass\u00e9 ne contient pas de sables qui ferment les joints. Passage d&rsquo;eau \u00e0 grands d\u00e9bits gr\u00e2ce au concass\u00e9 gris pour [&hellip;]\" \/>\n<meta property=\"og:url\" content=\"https:\/\/ghentaggregates.be\/fr\/produits\/construction-routiere\/concasse-drainant-gris\/\" \/>\n<meta property=\"og:site_name\" content=\"Ghent Aggregates\" \/>\n<meta property=\"article:modified_time\" content=\"2019-10-15T08:14:00+00:00\" \/>\n<meta property=\"og:image\" content=\"https:\/\/ghentaggregates.be\/wp-content\/uploads\/2019\/06\/ghent-aggregates-voegsplit-1-3-grijs-nat.jpg\" \/>\n\t<meta property=\"og:image:width\" content=\"1152\" \/>\n\t<meta property=\"og:image:height\" content=\"768\" \/>\n<meta name=\"twitter:card\" content=\"summary_large_image\" \/>\n<meta name=\"twitter:label1\" content=\"Dur\u00e9e de lecture est.\">\n\t<meta name=\"twitter:data1\" content=\"1 minute\">\n<script type=\"application\/ld+json\" class=\"yoast-schema-graph\">{\"@context\":\"https:\/\/schema.org\",\"@graph\":[{\"@type\":\"WebSite\",\"@id\":\"https:\/\/ghentaggregates.be\/#website\",\"url\":\"https:\/\/ghentaggregates.be\/\",\"name\":\"Ghent Aggregates\",\"description\":\"Votre partenaire pour tout granulats d\\u00e9co et techniques\",\"potentialAction\":[{\"@type\":\"SearchAction\",\"target\":\"https:\/\/ghentaggregates.be\/?s={search_term_string}\",\"query-input\":\"required name=search_term_string\"}],\"inLanguage\":\"fr-BE\"},{\"@type\":\"ImageObject\",\"@id\":\"https:\/\/ghentaggregates.be\/fr\/produits\/construction-routiere\/concasse-drainant-gris\/#primaryimage\",\"inLanguage\":\"fr-BE\",\"url\":\"https:\/\/ghentaggregates.be\/wp-content\/uploads\/2019\/06\/ghent-aggregates-voegsplit-1-3-grijs-nat.jpg\",\"width\":1152,\"height\":768},{\"@type\":\"WebPage\",\"@id\":\"https:\/\/ghentaggregates.be\/fr\/produits\/construction-routiere\/concasse-drainant-gris\/#webpage\",\"url\":\"https:\/\/ghentaggregates.be\/fr\/produits\/construction-routiere\/concasse-drainant-gris\/\",\"name\":\"Joints drainants gris - Ghent Aggregates\",\"isPartOf\":{\"@id\":\"https:\/\/ghentaggregates.be\/#website\"},\"primaryImageOfPage\":{\"@id\":\"https:\/\/ghentaggregates.be\/fr\/produits\/construction-routiere\/concasse-drainant-gris\/#primaryimage\"},\"datePublished\":\"2019-06-03T09:38:50+00:00\",\"dateModified\":\"2019-10-15T08:14:00+00:00\",\"breadcrumb\":{\"@id\":\"https:\/\/ghentaggregates.be\/fr\/produits\/construction-routiere\/concasse-drainant-gris\/#breadcrumb\"},\"inLanguage\":\"fr-BE\",\"potentialAction\":[{\"@type\":\"ReadAction\",\"target\":[\"https:\/\/ghentaggregates.be\/fr\/produits\/construction-routiere\/concasse-drainant-gris\/\"]}]},{\"@type\":\"BreadcrumbList\",\"@id\":\"https:\/\/ghentaggregates.be\/fr\/produits\/construction-routiere\/concasse-drainant-gris\/#breadcrumb\",\"itemListElement\":[{\"@type\":\"ListItem\",\"position\":1,\"item\":{\"@type\":\"WebPage\",\"@id\":\"https:\/\/ghentaggregates.be\/fr\/\",\"url\":\"https:\/\/ghentaggregates.be\/fr\/\",\"name\":\"Home\"}},{\"@type\":\"ListItem\",\"position\":2,\"item\":{\"@type\":\"WebPage\",\"@id\":\"https:\/\/ghentaggregates.be\/fr\/produits\/construction-routiere\/\",\"url\":\"https:\/\/ghentaggregates.be\/fr\/produits\/construction-routiere\/\",\"name\":\"Construction routi\\u00e8re\"}},{\"@type\":\"ListItem\",\"position\":3,\"item\":{\"@type\":\"WebPage\",\"@id\":\"https:\/\/ghentaggregates.be\/fr\/produits\/construction-routiere\/concasse-drainant-gris\/\",\"url\":\"https:\/\/ghentaggregates.be\/fr\/produits\/construction-routiere\/concasse-drainant-gris\/\",\"name\":\"Joints drainants gris\"}}]}]}<\/script>\n<!-- \/ Yoast SEO plugin. -->","_links":{"self":[{"href":"https:\/\/ghentaggregates.be\/fr\/wp-json\/wp\/v2\/product\/10924"}],"collection":[{"href":"https:\/\/ghentaggregates.be\/fr\/wp-json\/wp\/v2\/product"}],"about":[{"href":"https:\/\/ghentaggregates.be\/fr\/wp-json\/wp\/v2\/types\/product"}],"replies":[{"embeddable":true,"href":"https:\/\/ghentaggregates.be\/fr\/wp-json\/wp\/v2\/comments?post=10924"}],"version-history":[{"count":0,"href":"https:\/\/ghentaggregates.be\/fr\/wp-json\/wp\/v2\/product\/10924\/revisions"}],"wp:featuredmedia":[{"embeddable":true,"href":"https:\/\/ghentaggregates.be\/fr\/wp-json\/wp\/v2\/media\/10922"}],"wp:attachment":[{"href":"https:\/\/ghentaggregates.be\/fr\/wp-json\/wp\/v2\/media?parent=10924"}],"curies":[{"name":"wp","href":"https:\/\/api.w.org\/{rel}","templated":true}]}}