{"id":15656,"date":"2020-09-05T09:27:14","date_gmt":"2020-09-05T07:27:14","guid":{"rendered":"https:\/\/ghentaggregates.be\/?post_type=product&#038;p=15656"},"modified":"2024-06-04T17:48:21","modified_gmt":"2024-06-04T15:48:21","slug":"joints-drainants-gris-kopie","status":"publish","type":"product","link":"https:\/\/ghentaggregates.be\/fr\/argex\/","title":{"rendered":"Argex"},"content":{"rendered":"<table>\n<tbody>\n<tr>\n<td>Nom produit:<\/td>\n<td>ARGEX<\/td>\n<\/tr>\n<tr>\n<td>Origine :<\/td>\n<td>Argile expans\u00e9<\/td>\n<\/tr>\n<tr>\n<td>LA :<\/td>\n<td>NPD<\/td>\n<\/tr>\n<tr>\n<td>Granulom\u00e9trie :<\/td>\n<td>4\/10 roul\u00e9<br \/>\n8\/16 roul\u00e9<br \/>\n4\/8 concass\u00e9<br \/>\n0\/4 concass\u00e9<\/td>\n<\/tr>\n<\/tbody>\n<\/table>\n<p><strong>Remarques :\u00a0<\/strong>Ghent Aggregates diffuse et livre \u00e9galement de l&rsquo;ARGEX, le produit r\u00e9f\u00e9renc\u00e9 l\u00e9ger pour toutes vos applications : r\u00e9haussement sur lieu fragile, isolation, captation des eaux, filtration, etc. Argex peut aussi \u00eatre utilis\u00e9 dans les b\u00e9tons l\u00e9gers et d&rsquo;isolation.<\/p>\n<p>Nous livrons sur site soit vous enlevez chez nous, contactez-nous pour toutes informations!<\/p>\n<p>&nbsp;<\/p>\n","protected":false},"excerpt":{"rendered":"<p>Nom produit: ARGEX Origine : Argile expans\u00e9 LA : NPD Granulom\u00e9trie : 4\/10 roul\u00e9 8\/16 roul\u00e9 4\/8 concass\u00e9 0\/4 concass\u00e9 Remarques :\u00a0Ghent Aggregates diffuse et livre \u00e9galement de l&rsquo;ARGEX, le produit r\u00e9f\u00e9renc\u00e9 l\u00e9ger pour toutes vos applications : r\u00e9haussement sur lieu fragile, isolation, captation des eaux, filtration, etc. Argex peut aussi \u00eatre utilis\u00e9 dans les [&hellip;]<\/p>\n","protected":false},"featured_media":15659,"comment_status":"open","ping_status":"closed","template":"","meta":[],"class_list":["post-15656","product","type-product","status-publish","has-post-thumbnail","hentry","product_cat-drainage-et-fondation","product_cat-betons","product_cat-paysagisme","product_tag-argex-fr","pa_color-marron","pa_grain_type-roule"],"yoast_head":"<!-- This site is optimized with the Yoast SEO plugin v15.9.2 - https:\/\/yoast.com\/wordpress\/plugins\/seo\/ -->\n<title>Argex - Ghent Aggregates<\/title>\n<link rel=\"canonical\" href=\"https:\/\/ghentaggregates.be\/fr\/argex\/\" \/>\n<meta property=\"og:locale\" content=\"fr_FR\" \/>\n<meta property=\"og:type\" content=\"article\" \/>\n<meta property=\"og:title\" content=\"Argex - Ghent Aggregates\" \/>\n<meta property=\"og:description\" content=\"Nom produit: ARGEX Origine : Argile expans\u00e9 LA : NPD Granulom\u00e9trie : 4\/10 roul\u00e9 8\/16 roul\u00e9 4\/8 concass\u00e9 0\/4 concass\u00e9 Remarques :\u00a0Ghent Aggregates diffuse et livre \u00e9galement de l&rsquo;ARGEX, le produit r\u00e9f\u00e9renc\u00e9 l\u00e9ger pour toutes vos applications : r\u00e9haussement sur lieu fragile, isolation, captation des eaux, filtration, etc. Argex peut aussi \u00eatre utilis\u00e9 dans les [&hellip;]\" \/>\n<meta property=\"og:url\" content=\"https:\/\/ghentaggregates.be\/fr\/argex\/\" \/>\n<meta property=\"og:site_name\" content=\"Ghent Aggregates\" \/>\n<meta property=\"article:modified_time\" content=\"2024-06-04T15:48:21+00:00\" \/>\n<meta property=\"og:image\" content=\"https:\/\/ghentaggregates.be\/wp-content\/uploads\/2020\/09\/ghent-aggregates-argex-4-10r.jpg\" \/>\n\t<meta property=\"og:image:width\" content=\"948\" \/>\n\t<meta property=\"og:image:height\" content=\"632\" \/>\n<meta name=\"twitter:card\" content=\"summary_large_image\" \/>\n<meta name=\"twitter:label1\" content=\"Dur\u00e9e de lecture est.\">\n\t<meta name=\"twitter:data1\" content=\"1 minute\">\n<script type=\"application\/ld+json\" class=\"yoast-schema-graph\">{\"@context\":\"https:\/\/schema.org\",\"@graph\":[{\"@type\":\"WebSite\",\"@id\":\"https:\/\/ghentaggregates.be\/#website\",\"url\":\"https:\/\/ghentaggregates.be\/\",\"name\":\"Ghent Aggregates\",\"description\":\"Votre partenaire pour tout granulats d\\u00e9co et techniques\",\"potentialAction\":[{\"@type\":\"SearchAction\",\"target\":\"https:\/\/ghentaggregates.be\/?s={search_term_string}\",\"query-input\":\"required name=search_term_string\"}],\"inLanguage\":\"fr-BE\"},{\"@type\":\"ImageObject\",\"@id\":\"https:\/\/ghentaggregates.be\/fr\/argex\/#primaryimage\",\"inLanguage\":\"fr-BE\",\"url\":\"https:\/\/ghentaggregates.be\/wp-content\/uploads\/2020\/09\/ghent-aggregates-argex-4-10r.jpg\",\"width\":948,\"height\":632},{\"@type\":\"WebPage\",\"@id\":\"https:\/\/ghentaggregates.be\/fr\/argex\/#webpage\",\"url\":\"https:\/\/ghentaggregates.be\/fr\/argex\/\",\"name\":\"Argex - Ghent Aggregates\",\"isPartOf\":{\"@id\":\"https:\/\/ghentaggregates.be\/#website\"},\"primaryImageOfPage\":{\"@id\":\"https:\/\/ghentaggregates.be\/fr\/argex\/#primaryimage\"},\"datePublished\":\"2020-09-05T07:27:14+00:00\",\"dateModified\":\"2024-06-04T15:48:21+00:00\",\"breadcrumb\":{\"@id\":\"https:\/\/ghentaggregates.be\/fr\/argex\/#breadcrumb\"},\"inLanguage\":\"fr-BE\",\"potentialAction\":[{\"@type\":\"ReadAction\",\"target\":[\"https:\/\/ghentaggregates.be\/fr\/argex\/\"]}]},{\"@type\":\"BreadcrumbList\",\"@id\":\"https:\/\/ghentaggregates.be\/fr\/argex\/#breadcrumb\",\"itemListElement\":[{\"@type\":\"ListItem\",\"position\":1,\"item\":{\"@type\":\"WebPage\",\"@id\":\"https:\/\/ghentaggregates.be\/fr\/\",\"url\":\"https:\/\/ghentaggregates.be\/fr\/\",\"name\":\"Home\"}},{\"@type\":\"ListItem\",\"position\":2,\"item\":{\"@type\":\"WebPage\",\"@id\":\"https:\/\/ghentaggregates.be\/fr\/argex\/\",\"url\":\"https:\/\/ghentaggregates.be\/fr\/argex\/\",\"name\":\"Argex\"}}]}]}<\/script>\n<!-- \/ Yoast SEO plugin. -->","_links":{"self":[{"href":"https:\/\/ghentaggregates.be\/fr\/wp-json\/wp\/v2\/product\/15656"}],"collection":[{"href":"https:\/\/ghentaggregates.be\/fr\/wp-json\/wp\/v2\/product"}],"about":[{"href":"https:\/\/ghentaggregates.be\/fr\/wp-json\/wp\/v2\/types\/product"}],"replies":[{"embeddable":true,"href":"https:\/\/ghentaggregates.be\/fr\/wp-json\/wp\/v2\/comments?post=15656"}],"version-history":[{"count":0,"href":"https:\/\/ghentaggregates.be\/fr\/wp-json\/wp\/v2\/product\/15656\/revisions"}],"wp:featuredmedia":[{"embeddable":true,"href":"https:\/\/ghentaggregates.be\/fr\/wp-json\/wp\/v2\/media\/15659"}],"wp:attachment":[{"href":"https:\/\/ghentaggregates.be\/fr\/wp-json\/wp\/v2\/media?parent=15656"}],"curies":[{"name":"wp","href":"https:\/\/api.w.org\/{rel}","templated":true}]}}