{"id":15676,"date":"2020-09-08T20:51:52","date_gmt":"2020-09-08T18:51:52","guid":{"rendered":"https:\/\/ghentaggregates.be\/?post_type=product&#038;p=15676"},"modified":"2021-02-27T18:12:30","modified_gmt":"2021-02-27T17:12:30","slug":"argex-kopie","status":"publish","type":"product","link":"https:\/\/ghentaggregates.be\/fr\/calcaire\/","title":{"rendered":"Calcaire"},"content":{"rendered":"<table>\n<tbody>\n<tr>\n<td>Nom produit:<\/td>\n<td>CALCAIRE NOIR<\/td>\n<\/tr>\n<tr>\n<td>Origine :<\/td>\n<td>Calcaire<\/td>\n<\/tr>\n<tr>\n<td>LA :<\/td>\n<td>&lt; 25<\/td>\n<\/tr>\n<tr>\n<td>Granulom\u00e9trie :<\/td>\n<td>0\/4 en 0\/4L<br \/>\n2\/6<br \/>\n4\/6 (stock)<br \/>\n6\/10<br \/>\n6\/14 (stock)<br \/>\n14\/20 (stock)<br \/>\n6\/20 (stock)<br \/>\n20\/32<br \/>\n32\/63<br \/>\n63\/80 (stock)<br \/>\n90\/150<br \/>\n90\/180<br \/>\n0\/14 (fondation)<br \/>\n0\/20 (fondation)<br \/>\n0\/32 (fondation)<br \/>\n0\/32 SPORT (fondation)<br \/>\n0\/64 (fondation)<\/td>\n<\/tr>\n<\/tbody>\n<\/table>\n<p><strong>Remarques :\u00a0<\/strong>Ghent Aggregates vous offre la gamma la plus compl\u00e8te en concass\u00e9s calcaires de n&rsquo;importe quelle origine et dans toutes ces dimensions : sables, tout venants, lav\u00e9s, secs, concass\u00e9s, moellons et enrochements etc. BENOR, NF ou uniquement avec un CE2+ en fonction de vos besoins, franco chantier, centrale ou lieu d\u00e9sir\u00e9, camions complets ou incomplets, bateau, p\u00e9niche ou par voie maritime.<\/p>\n<p>Contactez-nous pour tout vos besoins, dans n&rsquo;importe quel coin. Terrazzo, b\u00e9ton, enrob\u00e9s, paysagisme, travaux de fondation, drainage,&#8230; Dans pleins de domaines les granulats naturels peuvent \u00eatre utilis\u00e9s.<\/p>\n<p>&nbsp;<\/p>\n","protected":false},"excerpt":{"rendered":"<p>Nom produit: CALCAIRE NOIR Origine : Calcaire LA : &lt; 25 Granulom\u00e9trie : 0\/4 en 0\/4L 2\/6 4\/6 (stock) 6\/10 6\/14 (stock) 14\/20 (stock) 6\/20 (stock) 20\/32 32\/63 63\/80 (stock) 90\/150 90\/180 0\/14 (fondation) 0\/20 (fondation) 0\/32 (fondation) 0\/32 SPORT (fondation) 0\/64 (fondation) Remarques :\u00a0Ghent Aggregates vous offre la gamma la plus compl\u00e8te en concass\u00e9s [&hellip;]<\/p>\n","protected":false},"featured_media":15679,"comment_status":"open","ping_status":"closed","template":"","meta":[],"class_list":["post-15676","product","type-product","status-publish","has-post-thumbnail","hentry","product_cat-construction-routiere","product_cat-drainage-et-fondation","product_cat-betons","product_cat-infrastructures-sportives","product_cat-paysagisme","product_cat-terrazzo-fr","product_tag-zwart-fr","pa_color-gris","pa_color-noir","pa_grain_type-concasse"],"yoast_head":"<!-- This site is optimized with the Yoast SEO plugin v15.9.2 - https:\/\/yoast.com\/wordpress\/plugins\/seo\/ -->\n<title>Calcaire - Ghent Aggregates<\/title>\n<link rel=\"canonical\" href=\"https:\/\/ghentaggregates.be\/fr\/calcaire\/\" \/>\n<meta property=\"og:locale\" content=\"fr_FR\" \/>\n<meta property=\"og:type\" content=\"article\" \/>\n<meta property=\"og:title\" content=\"Calcaire - Ghent Aggregates\" \/>\n<meta property=\"og:description\" content=\"Nom produit: CALCAIRE NOIR Origine : Calcaire LA : &lt; 25 Granulom\u00e9trie : 0\/4 en 0\/4L 2\/6 4\/6 (stock) 6\/10 6\/14 (stock) 14\/20 (stock) 6\/20 (stock) 20\/32 32\/63 63\/80 (stock) 90\/150 90\/180 0\/14 (fondation) 0\/20 (fondation) 0\/32 (fondation) 0\/32 SPORT (fondation) 0\/64 (fondation) Remarques :\u00a0Ghent Aggregates vous offre la gamma la plus compl\u00e8te en concass\u00e9s [&hellip;]\" \/>\n<meta property=\"og:url\" content=\"https:\/\/ghentaggregates.be\/fr\/calcaire\/\" \/>\n<meta property=\"og:site_name\" content=\"Ghent Aggregates\" \/>\n<meta property=\"article:modified_time\" content=\"2021-02-27T17:12:30+00:00\" \/>\n<meta property=\"og:image\" content=\"https:\/\/ghentaggregates.be\/wp-content\/uploads\/2020\/09\/ghent-aggregates-kalksteen-4-6-nat.jpg\" \/>\n\t<meta property=\"og:image:width\" content=\"1024\" \/>\n\t<meta property=\"og:image:height\" content=\"683\" \/>\n<meta name=\"twitter:card\" content=\"summary_large_image\" \/>\n<meta name=\"twitter:label1\" content=\"Dur\u00e9e de lecture est.\">\n\t<meta name=\"twitter:data1\" content=\"1 minute\">\n<script type=\"application\/ld+json\" class=\"yoast-schema-graph\">{\"@context\":\"https:\/\/schema.org\",\"@graph\":[{\"@type\":\"WebSite\",\"@id\":\"https:\/\/ghentaggregates.be\/#website\",\"url\":\"https:\/\/ghentaggregates.be\/\",\"name\":\"Ghent Aggregates\",\"description\":\"Votre partenaire pour tout granulats d\\u00e9co et techniques\",\"potentialAction\":[{\"@type\":\"SearchAction\",\"target\":\"https:\/\/ghentaggregates.be\/?s={search_term_string}\",\"query-input\":\"required name=search_term_string\"}],\"inLanguage\":\"fr-BE\"},{\"@type\":\"ImageObject\",\"@id\":\"https:\/\/ghentaggregates.be\/fr\/calcaire\/#primaryimage\",\"inLanguage\":\"fr-BE\",\"url\":\"https:\/\/ghentaggregates.be\/wp-content\/uploads\/2020\/09\/ghent-aggregates-kalksteen-4-6-nat.jpg\",\"width\":1024,\"height\":683},{\"@type\":\"WebPage\",\"@id\":\"https:\/\/ghentaggregates.be\/fr\/calcaire\/#webpage\",\"url\":\"https:\/\/ghentaggregates.be\/fr\/calcaire\/\",\"name\":\"Calcaire - Ghent Aggregates\",\"isPartOf\":{\"@id\":\"https:\/\/ghentaggregates.be\/#website\"},\"primaryImageOfPage\":{\"@id\":\"https:\/\/ghentaggregates.be\/fr\/calcaire\/#primaryimage\"},\"datePublished\":\"2020-09-08T18:51:52+00:00\",\"dateModified\":\"2021-02-27T17:12:30+00:00\",\"breadcrumb\":{\"@id\":\"https:\/\/ghentaggregates.be\/fr\/calcaire\/#breadcrumb\"},\"inLanguage\":\"fr-BE\",\"potentialAction\":[{\"@type\":\"ReadAction\",\"target\":[\"https:\/\/ghentaggregates.be\/fr\/calcaire\/\"]}]},{\"@type\":\"BreadcrumbList\",\"@id\":\"https:\/\/ghentaggregates.be\/fr\/calcaire\/#breadcrumb\",\"itemListElement\":[{\"@type\":\"ListItem\",\"position\":1,\"item\":{\"@type\":\"WebPage\",\"@id\":\"https:\/\/ghentaggregates.be\/fr\/\",\"url\":\"https:\/\/ghentaggregates.be\/fr\/\",\"name\":\"Home\"}},{\"@type\":\"ListItem\",\"position\":2,\"item\":{\"@type\":\"WebPage\",\"@id\":\"https:\/\/ghentaggregates.be\/fr\/calcaire\/\",\"url\":\"https:\/\/ghentaggregates.be\/fr\/calcaire\/\",\"name\":\"Calcaire\"}}]}]}<\/script>\n<!-- \/ Yoast SEO plugin. -->","_links":{"self":[{"href":"https:\/\/ghentaggregates.be\/fr\/wp-json\/wp\/v2\/product\/15676"}],"collection":[{"href":"https:\/\/ghentaggregates.be\/fr\/wp-json\/wp\/v2\/product"}],"about":[{"href":"https:\/\/ghentaggregates.be\/fr\/wp-json\/wp\/v2\/types\/product"}],"replies":[{"embeddable":true,"href":"https:\/\/ghentaggregates.be\/fr\/wp-json\/wp\/v2\/comments?post=15676"}],"version-history":[{"count":0,"href":"https:\/\/ghentaggregates.be\/fr\/wp-json\/wp\/v2\/product\/15676\/revisions"}],"wp:featuredmedia":[{"embeddable":true,"href":"https:\/\/ghentaggregates.be\/fr\/wp-json\/wp\/v2\/media\/15679"}],"wp:attachment":[{"href":"https:\/\/ghentaggregates.be\/fr\/wp-json\/wp\/v2\/media?parent=15676"}],"curies":[{"name":"wp","href":"https:\/\/api.w.org\/{rel}","templated":true}]}}