{"id":15694,"date":"2020-09-08T21:16:40","date_gmt":"2020-09-08T19:16:40","guid":{"rendered":"https:\/\/ghentaggregates.be\/?post_type=product&#038;p=15694"},"modified":"2020-09-08T21:24:41","modified_gmt":"2020-09-08T19:24:41","slug":"vittel-kopie","status":"publish","type":"product","link":"https:\/\/ghentaggregates.be\/fr\/gletsjer-blue\/","title":{"rendered":"Gletsjer Blue"},"content":{"rendered":"<table>\n<tbody>\n<tr>\n<td>Nom produit:<\/td>\n<td>GLETSJER BLUE<\/td>\n<\/tr>\n<tr>\n<td>Connu comme :<\/td>\n<td>Bleu glac\u00e9<\/td>\n<\/tr>\n<tr>\n<td>Origine :<\/td>\n<td>Calcaire<\/td>\n<\/tr>\n<tr>\n<td>LA :<\/td>\n<td>25<\/td>\n<\/tr>\n<tr>\n<td>Granulom\u00e9trie :<\/td>\n<td>8\/12 (stock)<br \/>\n16\/25<br \/>\n25\/40<\/td>\n<\/tr>\n<\/tbody>\n<\/table>\n<p><strong>Remarques : <\/strong>Le Gletsjer blue vient directement des environs polaires et est par cons\u00e9quence assez sp\u00e9cial dans sa structure, forme et coloris. Blanc glac\u00e9 bleut\u00e9, bien form\u00e9 avec des micro-brillants, ce concass\u00e9 marbr\u00e9 est unique dans sa sorte. Magnifique dans les projets de paysagisme, super \u00e9l\u00e9gant dans un b\u00e9ton terrazzo, ponc\u00e9, ou lav\u00e9. En plus c&rsquo;est un calcaire avec des performances m\u00e9caniques convenables pour des ann\u00e9es de plaisir de cette pierre.<\/p>\n","protected":false},"excerpt":{"rendered":"<p>Nom produit: GLETSJER BLUE Connu comme : Bleu glac\u00e9 Origine : Calcaire LA : 25 Granulom\u00e9trie : 8\/12 (stock) 16\/25 25\/40 Remarques : Le Gletsjer blue vient directement des environs polaires et est par cons\u00e9quence assez sp\u00e9cial dans sa structure, forme et coloris. Blanc glac\u00e9 bleut\u00e9, bien form\u00e9 avec des micro-brillants, ce concass\u00e9 marbr\u00e9 est [&hellip;]<\/p>\n","protected":false},"featured_media":15697,"comment_status":"open","ping_status":"closed","template":"","meta":[],"class_list":["post-15694","product","type-product","status-publish","has-post-thumbnail","hentry","product_cat-betons","product_cat-paysagisme","product_cat-terrazzo-fr","product_tag-blue-fr","product_tag-siergrind-fr","product_tag-split-fr","pa_color-blanc","pa_color-bleu","pa_color-gris","pa_grain_type-concasse"],"yoast_head":"<!-- This site is optimized with the Yoast SEO plugin v15.9.2 - https:\/\/yoast.com\/wordpress\/plugins\/seo\/ -->\n<title>Gletsjer Blue - Ghent Aggregates<\/title>\n<link rel=\"canonical\" href=\"https:\/\/ghentaggregates.be\/fr\/gletsjer-blue\/\" \/>\n<meta property=\"og:locale\" content=\"fr_FR\" \/>\n<meta property=\"og:type\" content=\"article\" \/>\n<meta property=\"og:title\" content=\"Gletsjer Blue - Ghent Aggregates\" \/>\n<meta property=\"og:description\" content=\"Nom produit: GLETSJER BLUE Connu comme : Bleu glac\u00e9 Origine : Calcaire LA : 25 Granulom\u00e9trie : 8\/12 (stock) 16\/25 25\/40 Remarques : Le Gletsjer blue vient directement des environs polaires et est par cons\u00e9quence assez sp\u00e9cial dans sa structure, forme et coloris. Blanc glac\u00e9 bleut\u00e9, bien form\u00e9 avec des micro-brillants, ce concass\u00e9 marbr\u00e9 est [&hellip;]\" \/>\n<meta property=\"og:url\" content=\"https:\/\/ghentaggregates.be\/fr\/gletsjer-blue\/\" \/>\n<meta property=\"og:site_name\" content=\"Ghent Aggregates\" \/>\n<meta property=\"article:modified_time\" content=\"2020-09-08T19:24:41+00:00\" \/>\n<meta property=\"og:image\" content=\"https:\/\/ghentaggregates.be\/wp-content\/uploads\/2020\/09\/Ghent-Aggregates-Gletsjer-blue-8-12-nat.jpg\" \/>\n\t<meta property=\"og:image:width\" content=\"1024\" \/>\n\t<meta property=\"og:image:height\" content=\"683\" \/>\n<meta name=\"twitter:card\" content=\"summary_large_image\" \/>\n<script type=\"application\/ld+json\" class=\"yoast-schema-graph\">{\"@context\":\"https:\/\/schema.org\",\"@graph\":[{\"@type\":\"WebSite\",\"@id\":\"https:\/\/ghentaggregates.be\/#website\",\"url\":\"https:\/\/ghentaggregates.be\/\",\"name\":\"Ghent Aggregates\",\"description\":\"Votre partenaire pour tout granulats d\\u00e9co et techniques\",\"potentialAction\":[{\"@type\":\"SearchAction\",\"target\":\"https:\/\/ghentaggregates.be\/?s={search_term_string}\",\"query-input\":\"required name=search_term_string\"}],\"inLanguage\":\"fr-BE\"},{\"@type\":\"ImageObject\",\"@id\":\"https:\/\/ghentaggregates.be\/fr\/gletsjer-blue\/#primaryimage\",\"inLanguage\":\"fr-BE\",\"url\":\"https:\/\/ghentaggregates.be\/wp-content\/uploads\/2020\/09\/Ghent-Aggregates-Gletsjer-blue-8-12-nat.jpg\",\"width\":1024,\"height\":683},{\"@type\":\"WebPage\",\"@id\":\"https:\/\/ghentaggregates.be\/fr\/gletsjer-blue\/#webpage\",\"url\":\"https:\/\/ghentaggregates.be\/fr\/gletsjer-blue\/\",\"name\":\"Gletsjer Blue - Ghent Aggregates\",\"isPartOf\":{\"@id\":\"https:\/\/ghentaggregates.be\/#website\"},\"primaryImageOfPage\":{\"@id\":\"https:\/\/ghentaggregates.be\/fr\/gletsjer-blue\/#primaryimage\"},\"datePublished\":\"2020-09-08T19:16:40+00:00\",\"dateModified\":\"2020-09-08T19:24:41+00:00\",\"breadcrumb\":{\"@id\":\"https:\/\/ghentaggregates.be\/fr\/gletsjer-blue\/#breadcrumb\"},\"inLanguage\":\"fr-BE\",\"potentialAction\":[{\"@type\":\"ReadAction\",\"target\":[\"https:\/\/ghentaggregates.be\/fr\/gletsjer-blue\/\"]}]},{\"@type\":\"BreadcrumbList\",\"@id\":\"https:\/\/ghentaggregates.be\/fr\/gletsjer-blue\/#breadcrumb\",\"itemListElement\":[{\"@type\":\"ListItem\",\"position\":1,\"item\":{\"@type\":\"WebPage\",\"@id\":\"https:\/\/ghentaggregates.be\/fr\/\",\"url\":\"https:\/\/ghentaggregates.be\/fr\/\",\"name\":\"Home\"}},{\"@type\":\"ListItem\",\"position\":2,\"item\":{\"@type\":\"WebPage\",\"@id\":\"https:\/\/ghentaggregates.be\/fr\/gletsjer-blue\/\",\"url\":\"https:\/\/ghentaggregates.be\/fr\/gletsjer-blue\/\",\"name\":\"Gletsjer Blue\"}}]}]}<\/script>\n<!-- \/ Yoast SEO plugin. -->","_links":{"self":[{"href":"https:\/\/ghentaggregates.be\/fr\/wp-json\/wp\/v2\/product\/15694"}],"collection":[{"href":"https:\/\/ghentaggregates.be\/fr\/wp-json\/wp\/v2\/product"}],"about":[{"href":"https:\/\/ghentaggregates.be\/fr\/wp-json\/wp\/v2\/types\/product"}],"replies":[{"embeddable":true,"href":"https:\/\/ghentaggregates.be\/fr\/wp-json\/wp\/v2\/comments?post=15694"}],"version-history":[{"count":0,"href":"https:\/\/ghentaggregates.be\/fr\/wp-json\/wp\/v2\/product\/15694\/revisions"}],"wp:featuredmedia":[{"embeddable":true,"href":"https:\/\/ghentaggregates.be\/fr\/wp-json\/wp\/v2\/media\/15697"}],"wp:attachment":[{"href":"https:\/\/ghentaggregates.be\/fr\/wp-json\/wp\/v2\/media?parent=15694"}],"curies":[{"name":"wp","href":"https:\/\/api.w.org\/{rel}","templated":true}]}}