{"id":15717,"date":"2020-09-08T21:59:17","date_gmt":"2020-09-08T19:59:17","guid":{"rendered":"https:\/\/ghentaggregates.be\/?post_type=product&#038;p=15717"},"modified":"2023-07-14T09:06:55","modified_gmt":"2023-07-14T07:06:55","slug":"schiste-rouge-kopie","status":"publish","type":"product","link":"https:\/\/ghentaggregates.be\/fr\/malmo\/","title":{"rendered":"Malmo"},"content":{"rendered":"<table>\n<tbody>\n<tr>\n<td>Nom produit:<\/td>\n<td>MALMO<\/td>\n<\/tr>\n<tr>\n<td>Connu comme :<\/td>\n<td>Mignonette gris<\/td>\n<\/tr>\n<tr>\n<td>Origine :<\/td>\n<td>Silico-calcaire<\/td>\n<\/tr>\n<tr>\n<td>LA :<\/td>\n<td>20<\/td>\n<\/tr>\n<tr>\n<td>Granulom\u00e9trie :<\/td>\n<td>0\/4<br \/>\n4\/8 (stock)<br \/>\n8\/16 (stock)<br \/>\n16\/32<\/td>\n<\/tr>\n<\/tbody>\n<\/table>\n<p><strong>Remarques : <\/strong>Le roul\u00e9 gris nuanc\u00e9 MALMO est un gravier alluvionnaire exceptionnel. Les couleurs gris clairs, blancs, gris moyens et fonc\u00e9s sont uniques et se diff\u00e9rentient des granulats alluvionnaires qu&rsquo;on peut trouver ailleurs, ce fut dans le Rh\u00f4ne, Rhin, Meuse, ou toutes autres rivi\u00e8res connues. Ce silico-calcaire a des performances excellentes pour les applications en b\u00e9ton, terrazzo, etc. et reste de grande qualit\u00e9 et dur\u00e9e de vie. Non-g\u00e9lif, dur, s\u00fbr! Le 4\/8 est permanent en stock. Les autres granulom\u00e9tries sur demande et sur commande, avec un minimum de 12-15 tonnes.<\/p>\n","protected":false},"excerpt":{"rendered":"<p>Nom produit: MALMO Connu comme : Mignonette gris Origine : Silico-calcaire LA : 20 Granulom\u00e9trie : 0\/4 4\/8 (stock) 8\/16 (stock) 16\/32 Remarques : Le roul\u00e9 gris nuanc\u00e9 MALMO est un gravier alluvionnaire exceptionnel. Les couleurs gris clairs, blancs, gris moyens et fonc\u00e9s sont uniques et se diff\u00e9rentient des granulats alluvionnaires qu&rsquo;on peut trouver ailleurs, [&hellip;]<\/p>\n","protected":false},"featured_media":15720,"comment_status":"open","ping_status":"closed","template":"","meta":[],"class_list":["post-15717","product","type-product","status-publish","has-post-thumbnail","hentry","product_cat-construction-routiere","product_cat-betons","product_cat-paysagisme","product_cat-terrazzo-fr","product_tag-grijs-fr","pa_color-gris","pa_color-melange","pa_grain_type-roule"],"yoast_head":"<!-- This site is optimized with the Yoast SEO plugin v15.9.2 - https:\/\/yoast.com\/wordpress\/plugins\/seo\/ -->\n<title>Malmo - Ghent Aggregates<\/title>\n<link rel=\"canonical\" href=\"https:\/\/ghentaggregates.be\/fr\/malmo\/\" \/>\n<meta property=\"og:locale\" content=\"fr_FR\" \/>\n<meta property=\"og:type\" content=\"article\" \/>\n<meta property=\"og:title\" content=\"Malmo - Ghent Aggregates\" \/>\n<meta property=\"og:description\" content=\"Nom produit: MALMO Connu comme : Mignonette gris Origine : Silico-calcaire LA : 20 Granulom\u00e9trie : 0\/4 4\/8 (stock) 8\/16 (stock) 16\/32 Remarques : Le roul\u00e9 gris nuanc\u00e9 MALMO est un gravier alluvionnaire exceptionnel. Les couleurs gris clairs, blancs, gris moyens et fonc\u00e9s sont uniques et se diff\u00e9rentient des granulats alluvionnaires qu&rsquo;on peut trouver ailleurs, [&hellip;]\" \/>\n<meta property=\"og:url\" content=\"https:\/\/ghentaggregates.be\/fr\/malmo\/\" \/>\n<meta property=\"og:site_name\" content=\"Ghent Aggregates\" \/>\n<meta property=\"article:modified_time\" content=\"2023-07-14T07:06:55+00:00\" \/>\n<meta property=\"og:image\" content=\"https:\/\/ghentaggregates.be\/wp-content\/uploads\/2020\/09\/ghent-aggregates-malmo-grey-4-8r-nat.jpg\" \/>\n\t<meta property=\"og:image:width\" content=\"1024\" \/>\n\t<meta property=\"og:image:height\" content=\"683\" \/>\n<meta name=\"twitter:card\" content=\"summary_large_image\" \/>\n<meta name=\"twitter:label1\" content=\"Dur\u00e9e de lecture est.\">\n\t<meta name=\"twitter:data1\" content=\"1 minute\">\n<script type=\"application\/ld+json\" class=\"yoast-schema-graph\">{\"@context\":\"https:\/\/schema.org\",\"@graph\":[{\"@type\":\"WebSite\",\"@id\":\"https:\/\/ghentaggregates.be\/#website\",\"url\":\"https:\/\/ghentaggregates.be\/\",\"name\":\"Ghent Aggregates\",\"description\":\"Votre partenaire pour tout granulats d\\u00e9co et techniques\",\"potentialAction\":[{\"@type\":\"SearchAction\",\"target\":\"https:\/\/ghentaggregates.be\/?s={search_term_string}\",\"query-input\":\"required name=search_term_string\"}],\"inLanguage\":\"fr-BE\"},{\"@type\":\"ImageObject\",\"@id\":\"https:\/\/ghentaggregates.be\/fr\/malmo\/#primaryimage\",\"inLanguage\":\"fr-BE\",\"url\":\"https:\/\/ghentaggregates.be\/wp-content\/uploads\/2020\/09\/ghent-aggregates-malmo-grey-4-8r-nat.jpg\",\"width\":1024,\"height\":683},{\"@type\":\"WebPage\",\"@id\":\"https:\/\/ghentaggregates.be\/fr\/malmo\/#webpage\",\"url\":\"https:\/\/ghentaggregates.be\/fr\/malmo\/\",\"name\":\"Malmo - Ghent Aggregates\",\"isPartOf\":{\"@id\":\"https:\/\/ghentaggregates.be\/#website\"},\"primaryImageOfPage\":{\"@id\":\"https:\/\/ghentaggregates.be\/fr\/malmo\/#primaryimage\"},\"datePublished\":\"2020-09-08T19:59:17+00:00\",\"dateModified\":\"2023-07-14T07:06:55+00:00\",\"breadcrumb\":{\"@id\":\"https:\/\/ghentaggregates.be\/fr\/malmo\/#breadcrumb\"},\"inLanguage\":\"fr-BE\",\"potentialAction\":[{\"@type\":\"ReadAction\",\"target\":[\"https:\/\/ghentaggregates.be\/fr\/malmo\/\"]}]},{\"@type\":\"BreadcrumbList\",\"@id\":\"https:\/\/ghentaggregates.be\/fr\/malmo\/#breadcrumb\",\"itemListElement\":[{\"@type\":\"ListItem\",\"position\":1,\"item\":{\"@type\":\"WebPage\",\"@id\":\"https:\/\/ghentaggregates.be\/fr\/\",\"url\":\"https:\/\/ghentaggregates.be\/fr\/\",\"name\":\"Home\"}},{\"@type\":\"ListItem\",\"position\":2,\"item\":{\"@type\":\"WebPage\",\"@id\":\"https:\/\/ghentaggregates.be\/fr\/malmo\/\",\"url\":\"https:\/\/ghentaggregates.be\/fr\/malmo\/\",\"name\":\"Malmo\"}}]}]}<\/script>\n<!-- \/ Yoast SEO plugin. -->","_links":{"self":[{"href":"https:\/\/ghentaggregates.be\/fr\/wp-json\/wp\/v2\/product\/15717"}],"collection":[{"href":"https:\/\/ghentaggregates.be\/fr\/wp-json\/wp\/v2\/product"}],"about":[{"href":"https:\/\/ghentaggregates.be\/fr\/wp-json\/wp\/v2\/types\/product"}],"replies":[{"embeddable":true,"href":"https:\/\/ghentaggregates.be\/fr\/wp-json\/wp\/v2\/comments?post=15717"}],"version-history":[{"count":0,"href":"https:\/\/ghentaggregates.be\/fr\/wp-json\/wp\/v2\/product\/15717\/revisions"}],"wp:featuredmedia":[{"embeddable":true,"href":"https:\/\/ghentaggregates.be\/fr\/wp-json\/wp\/v2\/media\/15720"}],"wp:attachment":[{"href":"https:\/\/ghentaggregates.be\/fr\/wp-json\/wp\/v2\/media?parent=15717"}],"curies":[{"name":"wp","href":"https:\/\/api.w.org\/{rel}","templated":true}]}}