{"id":15806,"date":"2020-09-27T09:54:32","date_gmt":"2020-09-27T07:54:32","guid":{"rendered":"https:\/\/ghentaggregates.be\/?post_type=product&#038;p=15806"},"modified":"2020-09-27T10:14:24","modified_gmt":"2020-09-27T08:14:24","slug":"malmo-kopie","status":"publish","type":"product","link":"https:\/\/ghentaggregates.be\/fr\/roche-glacial\/","title":{"rendered":"Roche Glacial"},"content":{"rendered":"<table>\n<tbody>\n<tr>\n<td>Nom produit:<\/td>\n<td>ROCHE GLACIAL<\/td>\n<\/tr>\n<tr>\n<td>Connu comme :<\/td>\n<td>Roche scandinave<\/td>\n<\/tr>\n<tr>\n<td>Origine :<\/td>\n<td>Granite, Gneiss, Silice,&#8230;<\/td>\n<\/tr>\n<tr>\n<td>LA :<\/td>\n<td>NPD<\/td>\n<\/tr>\n<tr>\n<td>Granulom\u00e9trie :<\/td>\n<td>50-80cm (stock)<br \/>\n80-110cm (stock)<br \/>\n110-150cm (stock)<br \/>\n+150cm<\/td>\n<\/tr>\n<\/tbody>\n<\/table>\n<p><strong>Remarques : <\/strong>Ghent Aggregates importe directement de la derni\u00e8re \u00e9poque glaciale des roches roul\u00e9s de tout genres et formes. Emploi possible dans des parcs, environs naturels, pour proteger des zones, berges, etc. Aussi pour des aires de jeu en tant que boules naturelles \u00e0 grimper. Nous livrons dirctement sur votre chantier, soit vous d\u00e9cidez et s\u00e9lectionnez vous-m\u00eame les roches que vous d\u00e9sirez.<\/p>\n<p>Notre stock \u00e0 Gand contient diff\u00e9rent roches et est continuellement en rotation. D\u00e8s que vous s\u00e9lectionnez vos pi\u00e8ces, nous les gardons pour vous. Les roches sont non-g\u00e9lifs et durables. Dans toutes les dimensions et poids, roul\u00e9 ou semi concass\u00e9, plus aigue.<\/p>\n<p><img decoding=\"async\" class=\"alignright size-full wp-image-15809\" src=\"https:\/\/ghentaggregates.be\/wp-content\/uploads\/2020\/09\/Ghent_aggregates_gletsjerkei3.jpg\" alt=\"\" width=\"1152\" height=\"864\" srcset=\"https:\/\/ghentaggregates.be\/wp-content\/uploads\/2020\/09\/Ghent_aggregates_gletsjerkei3.jpg 1152w, https:\/\/ghentaggregates.be\/wp-content\/uploads\/2020\/09\/Ghent_aggregates_gletsjerkei3-300x225.jpg 300w, https:\/\/ghentaggregates.be\/wp-content\/uploads\/2020\/09\/Ghent_aggregates_gletsjerkei3-1024x768.jpg 1024w, https:\/\/ghentaggregates.be\/wp-content\/uploads\/2020\/09\/Ghent_aggregates_gletsjerkei3-768x576.jpg 768w, https:\/\/ghentaggregates.be\/wp-content\/uploads\/2020\/09\/Ghent_aggregates_gletsjerkei3-600x450.jpg 600w\" sizes=\"(max-width: 1152px) 100vw, 1152px\" \/><\/p>\n","protected":false},"excerpt":{"rendered":"<p>Nom produit: ROCHE GLACIAL Connu comme : Roche scandinave Origine : Granite, Gneiss, Silice,&#8230; LA : NPD Granulom\u00e9trie : 50-80cm (stock) 80-110cm (stock) 110-150cm (stock) +150cm Remarques : Ghent Aggregates importe directement de la derni\u00e8re \u00e9poque glaciale des roches roul\u00e9s de tout genres et formes. Emploi possible dans des parcs, environs naturels, pour proteger des [&hellip;]<\/p>\n","protected":false},"featured_media":15818,"comment_status":"open","ping_status":"closed","template":"","meta":[],"class_list":["post-15806","product","type-product","status-publish","has-post-thumbnail","hentry","product_cat-construction-routiere","product_cat-paysagisme","product_tag-grijs-fr","pa_color-gris","pa_color-jaune","pa_color-marron","pa_color-melange","pa_grain_type-roule"],"yoast_head":"<!-- This site is optimized with the Yoast SEO plugin v15.9.2 - https:\/\/yoast.com\/wordpress\/plugins\/seo\/ -->\n<title>Roche Glacial - Ghent Aggregates<\/title>\n<link rel=\"canonical\" href=\"https:\/\/ghentaggregates.be\/fr\/roche-glacial\/\" \/>\n<meta property=\"og:locale\" content=\"fr_FR\" \/>\n<meta property=\"og:type\" content=\"article\" \/>\n<meta property=\"og:title\" content=\"Roche Glacial - Ghent Aggregates\" \/>\n<meta property=\"og:description\" content=\"Nom produit: ROCHE GLACIAL Connu comme : Roche scandinave Origine : Granite, Gneiss, Silice,&#8230; LA : NPD Granulom\u00e9trie : 50-80cm (stock) 80-110cm (stock) 110-150cm (stock) +150cm Remarques : Ghent Aggregates importe directement de la derni\u00e8re \u00e9poque glaciale des roches roul\u00e9s de tout genres et formes. Emploi possible dans des parcs, environs naturels, pour proteger des [&hellip;]\" \/>\n<meta property=\"og:url\" content=\"https:\/\/ghentaggregates.be\/fr\/roche-glacial\/\" \/>\n<meta property=\"og:site_name\" content=\"Ghent Aggregates\" \/>\n<meta property=\"article:modified_time\" content=\"2020-09-27T08:14:24+00:00\" \/>\n<meta property=\"og:image\" content=\"https:\/\/ghentaggregates.be\/wp-content\/uploads\/2020\/09\/Ghent_aggreagtes_gletsjerkei.jpg\" \/>\n\t<meta property=\"og:image:width\" content=\"1152\" \/>\n\t<meta property=\"og:image:height\" content=\"864\" \/>\n<meta name=\"twitter:card\" content=\"summary_large_image\" \/>\n<meta name=\"twitter:label1\" content=\"Dur\u00e9e de lecture est.\">\n\t<meta name=\"twitter:data1\" content=\"1 minute\">\n<script type=\"application\/ld+json\" class=\"yoast-schema-graph\">{\"@context\":\"https:\/\/schema.org\",\"@graph\":[{\"@type\":\"WebSite\",\"@id\":\"https:\/\/ghentaggregates.be\/#website\",\"url\":\"https:\/\/ghentaggregates.be\/\",\"name\":\"Ghent Aggregates\",\"description\":\"Votre partenaire pour tout granulats d\\u00e9co et techniques\",\"potentialAction\":[{\"@type\":\"SearchAction\",\"target\":\"https:\/\/ghentaggregates.be\/?s={search_term_string}\",\"query-input\":\"required name=search_term_string\"}],\"inLanguage\":\"fr-BE\"},{\"@type\":\"ImageObject\",\"@id\":\"https:\/\/ghentaggregates.be\/fr\/roche-glacial\/#primaryimage\",\"inLanguage\":\"fr-BE\",\"url\":\"https:\/\/ghentaggregates.be\/wp-content\/uploads\/2020\/09\/Ghent_aggreagtes_gletsjerkei.jpg\",\"width\":1152,\"height\":864},{\"@type\":\"WebPage\",\"@id\":\"https:\/\/ghentaggregates.be\/fr\/roche-glacial\/#webpage\",\"url\":\"https:\/\/ghentaggregates.be\/fr\/roche-glacial\/\",\"name\":\"Roche Glacial - Ghent Aggregates\",\"isPartOf\":{\"@id\":\"https:\/\/ghentaggregates.be\/#website\"},\"primaryImageOfPage\":{\"@id\":\"https:\/\/ghentaggregates.be\/fr\/roche-glacial\/#primaryimage\"},\"datePublished\":\"2020-09-27T07:54:32+00:00\",\"dateModified\":\"2020-09-27T08:14:24+00:00\",\"breadcrumb\":{\"@id\":\"https:\/\/ghentaggregates.be\/fr\/roche-glacial\/#breadcrumb\"},\"inLanguage\":\"fr-BE\",\"potentialAction\":[{\"@type\":\"ReadAction\",\"target\":[\"https:\/\/ghentaggregates.be\/fr\/roche-glacial\/\"]}]},{\"@type\":\"BreadcrumbList\",\"@id\":\"https:\/\/ghentaggregates.be\/fr\/roche-glacial\/#breadcrumb\",\"itemListElement\":[{\"@type\":\"ListItem\",\"position\":1,\"item\":{\"@type\":\"WebPage\",\"@id\":\"https:\/\/ghentaggregates.be\/fr\/\",\"url\":\"https:\/\/ghentaggregates.be\/fr\/\",\"name\":\"Home\"}},{\"@type\":\"ListItem\",\"position\":2,\"item\":{\"@type\":\"WebPage\",\"@id\":\"https:\/\/ghentaggregates.be\/fr\/roche-glacial\/\",\"url\":\"https:\/\/ghentaggregates.be\/fr\/roche-glacial\/\",\"name\":\"Roche Glacial\"}}]}]}<\/script>\n<!-- \/ Yoast SEO plugin. -->","_links":{"self":[{"href":"https:\/\/ghentaggregates.be\/fr\/wp-json\/wp\/v2\/product\/15806"}],"collection":[{"href":"https:\/\/ghentaggregates.be\/fr\/wp-json\/wp\/v2\/product"}],"about":[{"href":"https:\/\/ghentaggregates.be\/fr\/wp-json\/wp\/v2\/types\/product"}],"replies":[{"embeddable":true,"href":"https:\/\/ghentaggregates.be\/fr\/wp-json\/wp\/v2\/comments?post=15806"}],"version-history":[{"count":0,"href":"https:\/\/ghentaggregates.be\/fr\/wp-json\/wp\/v2\/product\/15806\/revisions"}],"wp:featuredmedia":[{"embeddable":true,"href":"https:\/\/ghentaggregates.be\/fr\/wp-json\/wp\/v2\/media\/15818"}],"wp:attachment":[{"href":"https:\/\/ghentaggregates.be\/fr\/wp-json\/wp\/v2\/media?parent=15806"}],"curies":[{"name":"wp","href":"https:\/\/api.w.org\/{rel}","templated":true}]}}