{"id":15991,"date":"2021-01-19T19:10:54","date_gmt":"2021-01-19T18:10:54","guid":{"rendered":"https:\/\/ghentaggregates.be\/?post_type=product&#038;p=15991"},"modified":"2021-01-19T19:24:05","modified_gmt":"2021-01-19T18:24:05","slug":"schiste-rouge-kopie-2","status":"publish","type":"product","link":"https:\/\/ghentaggregates.be\/fr\/marne-concasse\/","title":{"rendered":"Marne concass\u00e9"},"content":{"rendered":"<table>\n<tbody>\n<tr>\n<td>Nom produit:<\/td>\n<td>CONCASS\u00c9 DE MARNE<\/td>\n<\/tr>\n<tr>\n<td>Connu comme :<\/td>\n<td>&#8211;<\/td>\n<\/tr>\n<tr>\n<td>Origine :<\/td>\n<td>Silico-calcaire<\/td>\n<\/tr>\n<tr>\n<td>LA :<\/td>\n<td>24<\/td>\n<\/tr>\n<tr>\n<td>Granulom\u00e9trie :<\/td>\n<td>4\/10 (stock)<br \/>\n6\/14<\/td>\n<\/tr>\n<\/tbody>\n<\/table>\n<p><strong>Remarques : <\/strong>Le plus joli concass\u00e9 de Marne vous trouverez chez Ghent Aggregates, soit en stock, soit livr\u00e9 directement \u00e0 votre projet, site, centrale \u00e0 b\u00e9ton ou l\u00e0 o\u00f9 il vous faut. Contactez nous pour toutes conditions de livraison et possibilit\u00e9s.<\/p>\n<p>Ce concass\u00e9 naturel est beige-blanc-gris est un vrai concass\u00e9 de qualit\u00e9 applicable dans vos projets d\u00e9co, b\u00e9tons etc.<\/p>\n","protected":false},"excerpt":{"rendered":"<p>Nom produit: CONCASS\u00c9 DE MARNE Connu comme : &#8211; Origine : Silico-calcaire LA : 24 Granulom\u00e9trie : 4\/10 (stock) 6\/14 Remarques : Le plus joli concass\u00e9 de Marne vous trouverez chez Ghent Aggregates, soit en stock, soit livr\u00e9 directement \u00e0 votre projet, site, centrale \u00e0 b\u00e9ton ou l\u00e0 o\u00f9 il vous faut. Contactez nous pour [&hellip;]<\/p>\n","protected":false},"featured_media":15994,"comment_status":"open","ping_status":"closed","template":"","meta":[],"class_list":["post-15991","product","type-product","status-publish","has-post-thumbnail","hentry","product_cat-betons","product_cat-paysagisme","product_cat-terrazzo-fr","product_tag-gebroken-fr","product_tag-split-fr","pa_color-jaune","pa_color-marron","pa_grain_type-concasse"],"yoast_head":"<!-- This site is optimized with the Yoast SEO plugin v15.9.2 - https:\/\/yoast.com\/wordpress\/plugins\/seo\/ -->\n<title>Marne concass\u00e9 - Ghent Aggregates<\/title>\n<link rel=\"canonical\" href=\"https:\/\/ghentaggregates.be\/fr\/marne-concasse\/\" \/>\n<meta property=\"og:locale\" content=\"fr_FR\" \/>\n<meta property=\"og:type\" content=\"article\" \/>\n<meta property=\"og:title\" content=\"Marne concass\u00e9 - Ghent Aggregates\" \/>\n<meta property=\"og:description\" content=\"Nom produit: CONCASS\u00c9 DE MARNE Connu comme : &#8211; Origine : Silico-calcaire LA : 24 Granulom\u00e9trie : 4\/10 (stock) 6\/14 Remarques : Le plus joli concass\u00e9 de Marne vous trouverez chez Ghent Aggregates, soit en stock, soit livr\u00e9 directement \u00e0 votre projet, site, centrale \u00e0 b\u00e9ton ou l\u00e0 o\u00f9 il vous faut. Contactez nous pour [&hellip;]\" \/>\n<meta property=\"og:url\" content=\"https:\/\/ghentaggregates.be\/fr\/marne-concasse\/\" \/>\n<meta property=\"og:site_name\" content=\"Ghent Aggregates\" \/>\n<meta property=\"article:modified_time\" content=\"2021-01-19T18:24:05+00:00\" \/>\n<meta property=\"og:image\" content=\"https:\/\/ghentaggregates.be\/wp-content\/uploads\/2021\/01\/Ghent-Aggregates-Madrilena-6-12-nat.jpg\" \/>\n\t<meta property=\"og:image:width\" content=\"1110\" \/>\n\t<meta property=\"og:image:height\" content=\"733\" \/>\n<meta name=\"twitter:card\" content=\"summary_large_image\" \/>\n<meta name=\"twitter:label1\" content=\"Dur\u00e9e de lecture est.\">\n\t<meta name=\"twitter:data1\" content=\"1 minute\">\n<script type=\"application\/ld+json\" class=\"yoast-schema-graph\">{\"@context\":\"https:\/\/schema.org\",\"@graph\":[{\"@type\":\"WebSite\",\"@id\":\"https:\/\/ghentaggregates.be\/#website\",\"url\":\"https:\/\/ghentaggregates.be\/\",\"name\":\"Ghent Aggregates\",\"description\":\"Votre partenaire pour tout granulats d\\u00e9co et techniques\",\"potentialAction\":[{\"@type\":\"SearchAction\",\"target\":\"https:\/\/ghentaggregates.be\/?s={search_term_string}\",\"query-input\":\"required name=search_term_string\"}],\"inLanguage\":\"fr-BE\"},{\"@type\":\"ImageObject\",\"@id\":\"https:\/\/ghentaggregates.be\/fr\/marne-concasse\/#primaryimage\",\"inLanguage\":\"fr-BE\",\"url\":\"https:\/\/ghentaggregates.be\/wp-content\/uploads\/2021\/01\/Ghent-Aggregates-Madrilena-6-12-nat.jpg\",\"width\":1110,\"height\":733},{\"@type\":\"WebPage\",\"@id\":\"https:\/\/ghentaggregates.be\/fr\/marne-concasse\/#webpage\",\"url\":\"https:\/\/ghentaggregates.be\/fr\/marne-concasse\/\",\"name\":\"Marne concass\\u00e9 - Ghent Aggregates\",\"isPartOf\":{\"@id\":\"https:\/\/ghentaggregates.be\/#website\"},\"primaryImageOfPage\":{\"@id\":\"https:\/\/ghentaggregates.be\/fr\/marne-concasse\/#primaryimage\"},\"datePublished\":\"2021-01-19T18:10:54+00:00\",\"dateModified\":\"2021-01-19T18:24:05+00:00\",\"breadcrumb\":{\"@id\":\"https:\/\/ghentaggregates.be\/fr\/marne-concasse\/#breadcrumb\"},\"inLanguage\":\"fr-BE\",\"potentialAction\":[{\"@type\":\"ReadAction\",\"target\":[\"https:\/\/ghentaggregates.be\/fr\/marne-concasse\/\"]}]},{\"@type\":\"BreadcrumbList\",\"@id\":\"https:\/\/ghentaggregates.be\/fr\/marne-concasse\/#breadcrumb\",\"itemListElement\":[{\"@type\":\"ListItem\",\"position\":1,\"item\":{\"@type\":\"WebPage\",\"@id\":\"https:\/\/ghentaggregates.be\/fr\/\",\"url\":\"https:\/\/ghentaggregates.be\/fr\/\",\"name\":\"Home\"}},{\"@type\":\"ListItem\",\"position\":2,\"item\":{\"@type\":\"WebPage\",\"@id\":\"https:\/\/ghentaggregates.be\/fr\/marne-concasse\/\",\"url\":\"https:\/\/ghentaggregates.be\/fr\/marne-concasse\/\",\"name\":\"Marne concass\\u00e9\"}}]}]}<\/script>\n<!-- \/ Yoast SEO plugin. -->","_links":{"self":[{"href":"https:\/\/ghentaggregates.be\/fr\/wp-json\/wp\/v2\/product\/15991"}],"collection":[{"href":"https:\/\/ghentaggregates.be\/fr\/wp-json\/wp\/v2\/product"}],"about":[{"href":"https:\/\/ghentaggregates.be\/fr\/wp-json\/wp\/v2\/types\/product"}],"replies":[{"embeddable":true,"href":"https:\/\/ghentaggregates.be\/fr\/wp-json\/wp\/v2\/comments?post=15991"}],"version-history":[{"count":0,"href":"https:\/\/ghentaggregates.be\/fr\/wp-json\/wp\/v2\/product\/15991\/revisions"}],"wp:featuredmedia":[{"embeddable":true,"href":"https:\/\/ghentaggregates.be\/fr\/wp-json\/wp\/v2\/media\/15994"}],"wp:attachment":[{"href":"https:\/\/ghentaggregates.be\/fr\/wp-json\/wp\/v2\/media?parent=15991"}],"curies":[{"name":"wp","href":"https:\/\/api.w.org\/{rel}","templated":true}]}}