{"id":16062,"date":"2021-02-27T18:16:44","date_gmt":"2021-02-27T17:16:44","guid":{"rendered":"https:\/\/ghentaggregates.be\/?post_type=product&#038;p=16062"},"modified":"2021-02-27T18:29:13","modified_gmt":"2021-02-27T17:29:13","slug":"marne-concasse-kopie","status":"publish","type":"product","link":"https:\/\/ghentaggregates.be\/fr\/gletsjer-white\/","title":{"rendered":"Gletsjer White"},"content":{"rendered":"<table>\n<tbody>\n<tr>\n<td>Nom produit:<\/td>\n<td>GLETSJER WHITE<\/td>\n<\/tr>\n<tr>\n<td>Connu comme :<\/td>\n<td>Viniet, Chrystal white, Blanc Norv\u00e9gien, Supergletsjer<\/td>\n<\/tr>\n<tr>\n<td>Origine :<\/td>\n<td>dolomie<\/td>\n<\/tr>\n<tr>\n<td>LA :<\/td>\n<td>24<\/td>\n<\/tr>\n<tr>\n<td>Granulom\u00e9trie:<\/td>\n<td>2\/5<br \/>\n2\/8<br \/>\n5\/8<br \/>\n8\/15 (stock)<\/td>\n<\/tr>\n<\/tbody>\n<\/table>\n<p><strong>Remarques: <\/strong>Ce concass\u00e9 blanc contient un ton gris et une partie de micac\u00e9 importante. De ce fait ce concass\u00e9 donne un effet brilliant lors de votre passage et la r\u00e9flexion du soleil. Exceptionnellement chique et classe, \u00e0 utiliser dans vos projets de paysagisme ou b\u00e9tons. Ce dolomie blanc artique vous impressionera \u00e0 chaque fois. Le 8\/15mm est en stock permanent, les autres granulom\u00e9tries peuvent \u00eatre livrer rapidement sur commande.<\/p>\n<p>Ghent Aggregates vous garantie des produits de qualit\u00e9 et norm\u00e9 pour chaque projet et application.<\/p>\n","protected":false},"excerpt":{"rendered":"<p>Nom produit: GLETSJER WHITE Connu comme : Viniet, Chrystal white, Blanc Norv\u00e9gien, Supergletsjer Origine : dolomie LA : 24 Granulom\u00e9trie: 2\/5 2\/8 5\/8 8\/15 (stock) Remarques: Ce concass\u00e9 blanc contient un ton gris et une partie de micac\u00e9 importante. De ce fait ce concass\u00e9 donne un effet brilliant lors de votre passage et la r\u00e9flexion [&hellip;]<\/p>\n","protected":false},"featured_media":16065,"comment_status":"open","ping_status":"closed","template":"","meta":[],"class_list":["post-16062","product","type-product","status-publish","has-post-thumbnail","hentry","product_cat-betons","product_cat-paysagisme","product_cat-terrazzo-fr","product_tag-split-fr","product_tag-wit-fr","pa_color-blanc","pa_color-gris","pa_grain_type-concasse"],"yoast_head":"<!-- This site is optimized with the Yoast SEO plugin v15.9.2 - https:\/\/yoast.com\/wordpress\/plugins\/seo\/ -->\n<title>Gletsjer White - Ghent Aggregates<\/title>\n<link rel=\"canonical\" href=\"https:\/\/ghentaggregates.be\/fr\/gletsjer-white\/\" \/>\n<meta property=\"og:locale\" content=\"fr_FR\" \/>\n<meta property=\"og:type\" content=\"article\" \/>\n<meta property=\"og:title\" content=\"Gletsjer White - Ghent Aggregates\" \/>\n<meta property=\"og:description\" content=\"Nom produit: GLETSJER WHITE Connu comme : Viniet, Chrystal white, Blanc Norv\u00e9gien, Supergletsjer Origine : dolomie LA : 24 Granulom\u00e9trie: 2\/5 2\/8 5\/8 8\/15 (stock) Remarques: Ce concass\u00e9 blanc contient un ton gris et une partie de micac\u00e9 importante. De ce fait ce concass\u00e9 donne un effet brilliant lors de votre passage et la r\u00e9flexion [&hellip;]\" \/>\n<meta property=\"og:url\" content=\"https:\/\/ghentaggregates.be\/fr\/gletsjer-white\/\" \/>\n<meta property=\"og:site_name\" content=\"Ghent Aggregates\" \/>\n<meta property=\"article:modified_time\" content=\"2021-02-27T17:29:13+00:00\" \/>\n<meta property=\"og:image\" content=\"https:\/\/ghentaggregates.be\/wp-content\/uploads\/2021\/02\/ghent-aggregates-gletsjer-white-8-15-nat.jpg\" \/>\n\t<meta property=\"og:image:width\" content=\"1152\" \/>\n\t<meta property=\"og:image:height\" content=\"768\" \/>\n<meta name=\"twitter:card\" content=\"summary_large_image\" \/>\n<meta name=\"twitter:label1\" content=\"Dur\u00e9e de lecture est.\">\n\t<meta name=\"twitter:data1\" content=\"1 minute\">\n<script type=\"application\/ld+json\" class=\"yoast-schema-graph\">{\"@context\":\"https:\/\/schema.org\",\"@graph\":[{\"@type\":\"WebSite\",\"@id\":\"https:\/\/ghentaggregates.be\/#website\",\"url\":\"https:\/\/ghentaggregates.be\/\",\"name\":\"Ghent Aggregates\",\"description\":\"Votre partenaire pour tout granulats d\\u00e9co et techniques\",\"potentialAction\":[{\"@type\":\"SearchAction\",\"target\":\"https:\/\/ghentaggregates.be\/?s={search_term_string}\",\"query-input\":\"required name=search_term_string\"}],\"inLanguage\":\"fr-BE\"},{\"@type\":\"ImageObject\",\"@id\":\"https:\/\/ghentaggregates.be\/fr\/gletsjer-white\/#primaryimage\",\"inLanguage\":\"fr-BE\",\"url\":\"https:\/\/ghentaggregates.be\/wp-content\/uploads\/2021\/02\/ghent-aggregates-gletsjer-white-8-15-nat.jpg\",\"width\":1152,\"height\":768},{\"@type\":\"WebPage\",\"@id\":\"https:\/\/ghentaggregates.be\/fr\/gletsjer-white\/#webpage\",\"url\":\"https:\/\/ghentaggregates.be\/fr\/gletsjer-white\/\",\"name\":\"Gletsjer White - Ghent Aggregates\",\"isPartOf\":{\"@id\":\"https:\/\/ghentaggregates.be\/#website\"},\"primaryImageOfPage\":{\"@id\":\"https:\/\/ghentaggregates.be\/fr\/gletsjer-white\/#primaryimage\"},\"datePublished\":\"2021-02-27T17:16:44+00:00\",\"dateModified\":\"2021-02-27T17:29:13+00:00\",\"breadcrumb\":{\"@id\":\"https:\/\/ghentaggregates.be\/fr\/gletsjer-white\/#breadcrumb\"},\"inLanguage\":\"fr-BE\",\"potentialAction\":[{\"@type\":\"ReadAction\",\"target\":[\"https:\/\/ghentaggregates.be\/fr\/gletsjer-white\/\"]}]},{\"@type\":\"BreadcrumbList\",\"@id\":\"https:\/\/ghentaggregates.be\/fr\/gletsjer-white\/#breadcrumb\",\"itemListElement\":[{\"@type\":\"ListItem\",\"position\":1,\"item\":{\"@type\":\"WebPage\",\"@id\":\"https:\/\/ghentaggregates.be\/fr\/\",\"url\":\"https:\/\/ghentaggregates.be\/fr\/\",\"name\":\"Home\"}},{\"@type\":\"ListItem\",\"position\":2,\"item\":{\"@type\":\"WebPage\",\"@id\":\"https:\/\/ghentaggregates.be\/fr\/gletsjer-white\/\",\"url\":\"https:\/\/ghentaggregates.be\/fr\/gletsjer-white\/\",\"name\":\"Gletsjer White\"}}]}]}<\/script>\n<!-- \/ Yoast SEO plugin. -->","_links":{"self":[{"href":"https:\/\/ghentaggregates.be\/fr\/wp-json\/wp\/v2\/product\/16062"}],"collection":[{"href":"https:\/\/ghentaggregates.be\/fr\/wp-json\/wp\/v2\/product"}],"about":[{"href":"https:\/\/ghentaggregates.be\/fr\/wp-json\/wp\/v2\/types\/product"}],"replies":[{"embeddable":true,"href":"https:\/\/ghentaggregates.be\/fr\/wp-json\/wp\/v2\/comments?post=16062"}],"version-history":[{"count":0,"href":"https:\/\/ghentaggregates.be\/fr\/wp-json\/wp\/v2\/product\/16062\/revisions"}],"wp:featuredmedia":[{"embeddable":true,"href":"https:\/\/ghentaggregates.be\/fr\/wp-json\/wp\/v2\/media\/16065"}],"wp:attachment":[{"href":"https:\/\/ghentaggregates.be\/fr\/wp-json\/wp\/v2\/media?parent=16062"}],"curies":[{"name":"wp","href":"https:\/\/api.w.org\/{rel}","templated":true}]}}