{"id":16102,"date":"2021-03-04T21:37:04","date_gmt":"2021-03-04T20:37:04","guid":{"rendered":"https:\/\/ghentaggregates.be\/?post_type=product&#038;p=16102"},"modified":"2021-03-04T21:39:13","modified_gmt":"2021-03-04T20:39:13","slug":"verre-concasse-bleu-azure-kopie-2","status":"publish","type":"product","link":"https:\/\/ghentaggregates.be\/fr\/producten\/verre-concasse-turquoise\/","title":{"rendered":"Verre Concass\u00e9 Turquoise"},"content":{"rendered":"<table>\n<tbody>\n<tr>\n<td>Nom produit:<\/td>\n<td>VERRE CONCASS\u00c9 TURQUOISE<\/td>\n<\/tr>\n<tr>\n<td>Origine :<\/td>\n<td>Verre concass\u00e9<\/td>\n<\/tr>\n<tr>\n<td>Granulom\u00e9trie :<\/td>\n<td>5\/10 (stock)<\/td>\n<\/tr>\n<\/tbody>\n<\/table>\n<p><strong>Remarques: <\/strong>Ce concass\u00e9 de verre est excellent pour vos b\u00e9tons granito et terrazzo, b\u00e9tons d\u00e9coratifs, asphalte et enrob\u00e9s. Les verres sont tint\u00e9s dans la masse et de ce faite il peut \u00eatre ponc\u00e9, poli etc. Nous avons ce verre concass\u00e9 bleu azure en stock, disponible \u00e0 partir de 1,0kg, emball\u00e9 sur mesure.<\/p>\n","protected":false},"excerpt":{"rendered":"<p>Nom produit: VERRE CONCASS\u00c9 TURQUOISE Origine : Verre concass\u00e9 Granulom\u00e9trie : 5\/10 (stock) Remarques: Ce concass\u00e9 de verre est excellent pour vos b\u00e9tons granito et terrazzo, b\u00e9tons d\u00e9coratifs, asphalte et enrob\u00e9s. Les verres sont tint\u00e9s dans la masse et de ce faite il peut \u00eatre ponc\u00e9, poli etc. Nous avons ce verre concass\u00e9 bleu azure [&hellip;]<\/p>\n","protected":false},"featured_media":16105,"comment_status":"open","ping_status":"closed","template":"","meta":[],"class_list":["post-16102","product","type-product","status-publish","has-post-thumbnail","hentry","product_cat-granulats-de-verre","product_tag-blauw-fr","product_tag-bleu-fr","product_tag-glas-fr","product_tag-split-fr","product_tag-verre-fr","pa_color-bleu","pa_grain_type-verre"],"yoast_head":"<!-- This site is optimized with the Yoast SEO plugin v15.9.2 - https:\/\/yoast.com\/wordpress\/plugins\/seo\/ -->\n<title>Verre Concass\u00e9 Turquoise - Ghent Aggregates<\/title>\n<link rel=\"canonical\" href=\"https:\/\/ghentaggregates.be\/fr\/producten\/verre-concasse-turquoise\/\" \/>\n<meta property=\"og:locale\" content=\"fr_FR\" \/>\n<meta property=\"og:type\" content=\"article\" \/>\n<meta property=\"og:title\" content=\"Verre Concass\u00e9 Turquoise - Ghent Aggregates\" \/>\n<meta property=\"og:description\" content=\"Nom produit: VERRE CONCASS\u00c9 TURQUOISE Origine : Verre concass\u00e9 Granulom\u00e9trie : 5\/10 (stock) Remarques: Ce concass\u00e9 de verre est excellent pour vos b\u00e9tons granito et terrazzo, b\u00e9tons d\u00e9coratifs, asphalte et enrob\u00e9s. Les verres sont tint\u00e9s dans la masse et de ce faite il peut \u00eatre ponc\u00e9, poli etc. Nous avons ce verre concass\u00e9 bleu azure [&hellip;]\" \/>\n<meta property=\"og:url\" content=\"https:\/\/ghentaggregates.be\/fr\/producten\/verre-concasse-turquoise\/\" \/>\n<meta property=\"og:site_name\" content=\"Ghent Aggregates\" \/>\n<meta property=\"article:modified_time\" content=\"2021-03-04T20:39:13+00:00\" \/>\n<meta property=\"og:image\" content=\"https:\/\/ghentaggregates.be\/wp-content\/uploads\/2021\/03\/ghent-aggregates-glas-turquoise-5-10c.jpg\" \/>\n\t<meta property=\"og:image:width\" content=\"1152\" \/>\n\t<meta property=\"og:image:height\" content=\"768\" \/>\n<meta name=\"twitter:card\" content=\"summary_large_image\" \/>\n<meta name=\"twitter:label1\" content=\"Dur\u00e9e de lecture est.\">\n\t<meta name=\"twitter:data1\" content=\"1 minute\">\n<script type=\"application\/ld+json\" class=\"yoast-schema-graph\">{\"@context\":\"https:\/\/schema.org\",\"@graph\":[{\"@type\":\"WebSite\",\"@id\":\"https:\/\/ghentaggregates.be\/#website\",\"url\":\"https:\/\/ghentaggregates.be\/\",\"name\":\"Ghent Aggregates\",\"description\":\"Votre partenaire pour tout granulats d\\u00e9co et techniques\",\"potentialAction\":[{\"@type\":\"SearchAction\",\"target\":\"https:\/\/ghentaggregates.be\/?s={search_term_string}\",\"query-input\":\"required name=search_term_string\"}],\"inLanguage\":\"fr-BE\"},{\"@type\":\"ImageObject\",\"@id\":\"https:\/\/ghentaggregates.be\/fr\/producten\/verre-concasse-turquoise\/#primaryimage\",\"inLanguage\":\"fr-BE\",\"url\":\"https:\/\/ghentaggregates.be\/wp-content\/uploads\/2021\/03\/ghent-aggregates-glas-turquoise-5-10c.jpg\",\"width\":1152,\"height\":768},{\"@type\":\"WebPage\",\"@id\":\"https:\/\/ghentaggregates.be\/fr\/producten\/verre-concasse-turquoise\/#webpage\",\"url\":\"https:\/\/ghentaggregates.be\/fr\/producten\/verre-concasse-turquoise\/\",\"name\":\"Verre Concass\\u00e9 Turquoise - Ghent Aggregates\",\"isPartOf\":{\"@id\":\"https:\/\/ghentaggregates.be\/#website\"},\"primaryImageOfPage\":{\"@id\":\"https:\/\/ghentaggregates.be\/fr\/producten\/verre-concasse-turquoise\/#primaryimage\"},\"datePublished\":\"2021-03-04T20:37:04+00:00\",\"dateModified\":\"2021-03-04T20:39:13+00:00\",\"breadcrumb\":{\"@id\":\"https:\/\/ghentaggregates.be\/fr\/producten\/verre-concasse-turquoise\/#breadcrumb\"},\"inLanguage\":\"fr-BE\",\"potentialAction\":[{\"@type\":\"ReadAction\",\"target\":[\"https:\/\/ghentaggregates.be\/fr\/producten\/verre-concasse-turquoise\/\"]}]},{\"@type\":\"BreadcrumbList\",\"@id\":\"https:\/\/ghentaggregates.be\/fr\/producten\/verre-concasse-turquoise\/#breadcrumb\",\"itemListElement\":[{\"@type\":\"ListItem\",\"position\":1,\"item\":{\"@type\":\"WebPage\",\"@id\":\"https:\/\/ghentaggregates.be\/fr\/\",\"url\":\"https:\/\/ghentaggregates.be\/fr\/\",\"name\":\"Home\"}},{\"@type\":\"ListItem\",\"position\":2,\"item\":{\"@type\":\"WebPage\",\"@id\":\"https:\/\/ghentaggregates.be\/fr\/producten\/verre-concasse-turquoise\/\",\"url\":\"https:\/\/ghentaggregates.be\/fr\/producten\/verre-concasse-turquoise\/\",\"name\":\"Verre Concass\\u00e9 Turquoise\"}}]}]}<\/script>\n<!-- \/ Yoast SEO plugin. -->","_links":{"self":[{"href":"https:\/\/ghentaggregates.be\/fr\/wp-json\/wp\/v2\/product\/16102"}],"collection":[{"href":"https:\/\/ghentaggregates.be\/fr\/wp-json\/wp\/v2\/product"}],"about":[{"href":"https:\/\/ghentaggregates.be\/fr\/wp-json\/wp\/v2\/types\/product"}],"replies":[{"embeddable":true,"href":"https:\/\/ghentaggregates.be\/fr\/wp-json\/wp\/v2\/comments?post=16102"}],"version-history":[{"count":0,"href":"https:\/\/ghentaggregates.be\/fr\/wp-json\/wp\/v2\/product\/16102\/revisions"}],"wp:featuredmedia":[{"embeddable":true,"href":"https:\/\/ghentaggregates.be\/fr\/wp-json\/wp\/v2\/media\/16105"}],"wp:attachment":[{"href":"https:\/\/ghentaggregates.be\/fr\/wp-json\/wp\/v2\/media?parent=16102"}],"curies":[{"name":"wp","href":"https:\/\/api.w.org\/{rel}","templated":true}]}}