{"id":16431,"date":"2021-09-27T09:25:52","date_gmt":"2021-09-27T07:25:52","guid":{"rendered":"https:\/\/ghentaggregates.be\/producten\/non%20class\u00e9\/flachkorn\/"},"modified":"2021-09-27T09:32:47","modified_gmt":"2021-09-27T07:32:47","slug":"flachkorn","status":"publish","type":"product","link":"https:\/\/ghentaggregates.be\/fr\/produits\/flachkorn\/","title":{"rendered":"Flachkorn"},"content":{"rendered":"<table>\n<tbody>\n<tr>\n<td>Nom Produit :<\/td>\n<td>Flachkorn<\/td>\n<\/tr>\n<tr>\n<td>Connu comme :<\/td>\n<td>&#8211;<\/td>\n<\/tr>\n<tr>\n<td>Origine :<\/td>\n<td>gravillon silico-calcaire<\/td>\n<\/tr>\n<tr>\n<td>LA :<\/td>\n<td>28<\/td>\n<\/tr>\n<tr>\n<td>Granulom\u00e9trie:<\/td>\n<td>8\/16 (stock)<\/td>\n<\/tr>\n<\/tbody>\n<\/table>\n<p><strong>Remarques : <\/strong>Ghent Aggregates vous propose un roul\u00e9 naturel exceptionnel. Ce gravillon silico-calcaire est de nature compos\u00e9 de beige-gris et relativement plat de forme, roul\u00e9 par une rivi\u00e8re locale en Europe durant des si\u00e8cles. De ce fait ce granulat est parfaitement accessible dans des projets o\u00f9 le passage a pieds nues est r\u00e9quis. Aussi ces teintes sont d\u00e9marquantes compos\u00e9e naturellement et donc homog\u00e8ne.<\/p>\n<p>Ghent Aggregates vous offre tous granulats qualitatifs avec certifications n\u00e9cessaires.<br \/>\nContactez-nous pour toutes informations.<\/p>\n","protected":false},"excerpt":{"rendered":"<p>Nom Produit : Flachkorn Connu comme : &#8211; Origine : gravillon silico-calcaire LA : 28 Granulom\u00e9trie: 8\/16 (stock) Remarques : Ghent Aggregates vous propose un roul\u00e9 naturel exceptionnel. Ce gravillon silico-calcaire est de nature compos\u00e9 de beige-gris et relativement plat de forme, roul\u00e9 par une rivi\u00e8re locale en Europe durant des si\u00e8cles. De ce fait [&hellip;]<\/p>\n","protected":false},"featured_media":16428,"comment_status":"open","ping_status":"closed","template":"","meta":[],"class_list":["post-16431","product","type-product","status-publish","has-post-thumbnail","hentry","product_cat-betons","product_cat-paysagisme","product_tag-flachkorn-fr","product_tag-ronde-grind-fr","pa_color-gris","pa_color-jaune","pa_color-melange","pa_grain_type-roule"],"yoast_head":"<!-- This site is optimized with the Yoast SEO plugin v15.9.2 - https:\/\/yoast.com\/wordpress\/plugins\/seo\/ -->\n<title>Flachkorn - Ghent Aggregates<\/title>\n<link rel=\"canonical\" href=\"https:\/\/ghentaggregates.be\/fr\/produits\/flachkorn\/\" \/>\n<meta property=\"og:locale\" content=\"fr_FR\" \/>\n<meta property=\"og:type\" content=\"article\" \/>\n<meta property=\"og:title\" content=\"Flachkorn - Ghent Aggregates\" \/>\n<meta property=\"og:description\" content=\"Nom Produit : Flachkorn Connu comme : &#8211; Origine : gravillon silico-calcaire LA : 28 Granulom\u00e9trie: 8\/16 (stock) Remarques : Ghent Aggregates vous propose un roul\u00e9 naturel exceptionnel. Ce gravillon silico-calcaire est de nature compos\u00e9 de beige-gris et relativement plat de forme, roul\u00e9 par une rivi\u00e8re locale en Europe durant des si\u00e8cles. De ce fait [&hellip;]\" \/>\n<meta property=\"og:url\" content=\"https:\/\/ghentaggregates.be\/fr\/produits\/flachkorn\/\" \/>\n<meta property=\"og:site_name\" content=\"Ghent Aggregates\" \/>\n<meta property=\"article:modified_time\" content=\"2021-09-27T07:32:47+00:00\" \/>\n<meta property=\"og:image\" content=\"https:\/\/ghentaggregates.be\/wp-content\/uploads\/2021\/09\/ghent-aggregates-flachkorn-8-16-nat.jpg\" \/>\n\t<meta property=\"og:image:width\" content=\"1152\" \/>\n\t<meta property=\"og:image:height\" content=\"768\" \/>\n<meta name=\"twitter:card\" content=\"summary_large_image\" \/>\n<meta name=\"twitter:label1\" content=\"Dur\u00e9e de lecture est.\">\n\t<meta name=\"twitter:data1\" content=\"1 minute\">\n<script type=\"application\/ld+json\" class=\"yoast-schema-graph\">{\"@context\":\"https:\/\/schema.org\",\"@graph\":[{\"@type\":\"WebSite\",\"@id\":\"https:\/\/ghentaggregates.be\/#website\",\"url\":\"https:\/\/ghentaggregates.be\/\",\"name\":\"Ghent Aggregates\",\"description\":\"Votre partenaire pour tout granulats d\\u00e9co et techniques\",\"potentialAction\":[{\"@type\":\"SearchAction\",\"target\":\"https:\/\/ghentaggregates.be\/?s={search_term_string}\",\"query-input\":\"required name=search_term_string\"}],\"inLanguage\":\"fr-BE\"},{\"@type\":\"ImageObject\",\"@id\":\"https:\/\/ghentaggregates.be\/fr\/produits\/flachkorn\/#primaryimage\",\"inLanguage\":\"fr-BE\",\"url\":\"https:\/\/ghentaggregates.be\/wp-content\/uploads\/2021\/09\/ghent-aggregates-flachkorn-8-16-nat.jpg\",\"width\":1152,\"height\":768},{\"@type\":\"WebPage\",\"@id\":\"https:\/\/ghentaggregates.be\/fr\/produits\/flachkorn\/#webpage\",\"url\":\"https:\/\/ghentaggregates.be\/fr\/produits\/flachkorn\/\",\"name\":\"Flachkorn - Ghent Aggregates\",\"isPartOf\":{\"@id\":\"https:\/\/ghentaggregates.be\/#website\"},\"primaryImageOfPage\":{\"@id\":\"https:\/\/ghentaggregates.be\/fr\/produits\/flachkorn\/#primaryimage\"},\"datePublished\":\"2021-09-27T07:25:52+00:00\",\"dateModified\":\"2021-09-27T07:32:47+00:00\",\"breadcrumb\":{\"@id\":\"https:\/\/ghentaggregates.be\/fr\/produits\/flachkorn\/#breadcrumb\"},\"inLanguage\":\"fr-BE\",\"potentialAction\":[{\"@type\":\"ReadAction\",\"target\":[\"https:\/\/ghentaggregates.be\/fr\/produits\/flachkorn\/\"]}]},{\"@type\":\"BreadcrumbList\",\"@id\":\"https:\/\/ghentaggregates.be\/fr\/produits\/flachkorn\/#breadcrumb\",\"itemListElement\":[{\"@type\":\"ListItem\",\"position\":1,\"item\":{\"@type\":\"WebPage\",\"@id\":\"https:\/\/ghentaggregates.be\/fr\/\",\"url\":\"https:\/\/ghentaggregates.be\/fr\/\",\"name\":\"Home\"}},{\"@type\":\"ListItem\",\"position\":2,\"item\":{\"@type\":\"WebPage\",\"@id\":\"https:\/\/ghentaggregates.be\/fr\/produits\/flachkorn\/\",\"url\":\"https:\/\/ghentaggregates.be\/fr\/produits\/flachkorn\/\",\"name\":\"Flachkorn\"}}]}]}<\/script>\n<!-- \/ Yoast SEO plugin. -->","_links":{"self":[{"href":"https:\/\/ghentaggregates.be\/fr\/wp-json\/wp\/v2\/product\/16431"}],"collection":[{"href":"https:\/\/ghentaggregates.be\/fr\/wp-json\/wp\/v2\/product"}],"about":[{"href":"https:\/\/ghentaggregates.be\/fr\/wp-json\/wp\/v2\/types\/product"}],"replies":[{"embeddable":true,"href":"https:\/\/ghentaggregates.be\/fr\/wp-json\/wp\/v2\/comments?post=16431"}],"version-history":[{"count":0,"href":"https:\/\/ghentaggregates.be\/fr\/wp-json\/wp\/v2\/product\/16431\/revisions"}],"wp:featuredmedia":[{"embeddable":true,"href":"https:\/\/ghentaggregates.be\/fr\/wp-json\/wp\/v2\/media\/16428"}],"wp:attachment":[{"href":"https:\/\/ghentaggregates.be\/fr\/wp-json\/wp\/v2\/media?parent=16431"}],"curies":[{"name":"wp","href":"https:\/\/api.w.org\/{rel}","templated":true}]}}