{"id":16684,"date":"2022-01-26T16:44:42","date_gmt":"2022-01-26T15:44:42","guid":{"rendered":"https:\/\/ghentaggregates.be\/?post_type=product&#038;p=16684"},"modified":"2023-11-02T20:20:55","modified_gmt":"2023-11-02T19:20:55","slug":"bavaria-granite-kopie","status":"publish","type":"product","link":"https:\/\/ghentaggregates.be\/fr\/producten\/bavaria-granite\/","title":{"rendered":"Bavaria Granite"},"content":{"rendered":"<table>\n<tbody>\n<tr>\n<td>Nom produit:<\/td>\n<td>Bavaria Granite<\/td>\n<\/tr>\n<tr>\n<td>Connu comme :<\/td>\n<td>Grigio, Sylvester granite, Granite Mont Blanc<\/td>\n<\/tr>\n<tr>\n<td>Origine :<\/td>\n<td>Granite<\/td>\n<\/tr>\n<tr>\n<td>LA :<\/td>\n<td>20<\/td>\n<\/tr>\n<tr>\n<td>Granulom\u00e9trie :<\/td>\n<td>0\/2<br \/>\n1\/3<br \/>\n2\/5 (stock)<br \/>\n5\/8 (stock)<br \/>\n5\/11<br \/>\n8\/11 (stock)<br \/>\n11\/16<br \/>\n16\/32<br \/>\n32\/63<\/td>\n<\/tr>\n<\/tbody>\n<\/table>\n<p><strong>Remarques :\u00a0<\/strong>ad\u00e9quate pour constructions routi\u00e8res, pi\u00e9tons, entr\u00e9es, b\u00e9tons d\u00e9co ou parc et jardin. Ce granite gris claire vers blanc est tr\u00e8s d\u00fbr et profite de caract\u00e9ristiques m\u00e9chaniques extraordinaires. Les points noires micac\u00e9s sont brillants au soleil. Ce concass\u00e9 est tr\u00e8s stable sur ses couleurs et ses caract\u00e9ristiques et donc apte \u00e0 toutes constructions routi\u00e8res d\u00e9coratives.<\/p>\n<p>&nbsp;<\/p>\n<p>Disponible sous commande minimum 10 tonnes! Produits en stock disponible d\u00e8s 500kg.<\/p>\n","protected":false},"excerpt":{"rendered":"<p>Nom produit: Bavaria Granite Connu comme : Grigio, Sylvester granite, Granite Mont Blanc Origine : Granite LA : 20 Granulom\u00e9trie : 0\/2 1\/3 2\/5 (stock) 5\/8 (stock) 5\/11 8\/11 (stock) 11\/16 16\/32 32\/63 Remarques :\u00a0ad\u00e9quate pour constructions routi\u00e8res, pi\u00e9tons, entr\u00e9es, b\u00e9tons d\u00e9co ou parc et jardin. Ce granite gris claire vers blanc est tr\u00e8s d\u00fbr [&hellip;]<\/p>\n","protected":false},"featured_media":16687,"comment_status":"open","ping_status":"closed","template":"","meta":[],"class_list":["post-16684","product","type-product","status-publish","has-post-thumbnail","hentry","product_cat-construction-routiere","product_cat-betons","product_cat-paysagisme","product_tag-crushed-fr","product_tag-gebroken-fr","product_tag-grey-fr","product_tag-grijs-fr","product_tag-white-fr","product_tag-wit-fr","pa_color-blanc","pa_color-gris","pa_grain_type-concasse"],"yoast_head":"<!-- This site is optimized with the Yoast SEO plugin v15.9.2 - https:\/\/yoast.com\/wordpress\/plugins\/seo\/ -->\n<title>Bavaria Granite - Ghent Aggregates<\/title>\n<link rel=\"canonical\" href=\"https:\/\/ghentaggregates.be\/fr\/producten\/bavaria-granite\/\" \/>\n<meta property=\"og:locale\" content=\"fr_FR\" \/>\n<meta property=\"og:type\" content=\"article\" \/>\n<meta property=\"og:title\" content=\"Bavaria Granite - Ghent Aggregates\" \/>\n<meta property=\"og:description\" content=\"Nom produit: Bavaria Granite Connu comme : Grigio, Sylvester granite, Granite Mont Blanc Origine : Granite LA : 20 Granulom\u00e9trie : 0\/2 1\/3 2\/5 (stock) 5\/8 (stock) 5\/11 8\/11 (stock) 11\/16 16\/32 32\/63 Remarques :\u00a0ad\u00e9quate pour constructions routi\u00e8res, pi\u00e9tons, entr\u00e9es, b\u00e9tons d\u00e9co ou parc et jardin. Ce granite gris claire vers blanc est tr\u00e8s d\u00fbr [&hellip;]\" \/>\n<meta property=\"og:url\" content=\"https:\/\/ghentaggregates.be\/fr\/producten\/bavaria-granite\/\" \/>\n<meta property=\"og:site_name\" content=\"Ghent Aggregates\" \/>\n<meta property=\"article:modified_time\" content=\"2023-11-02T19:20:55+00:00\" \/>\n<meta property=\"og:image\" content=\"https:\/\/ghentaggregates.be\/wp-content\/uploads\/2022\/01\/Ghent-Aggregates-Bavaria-5-8-nat.jpg\" \/>\n\t<meta property=\"og:image:width\" content=\"1024\" \/>\n\t<meta property=\"og:image:height\" content=\"683\" \/>\n<meta name=\"twitter:card\" content=\"summary_large_image\" \/>\n<meta name=\"twitter:label1\" content=\"Dur\u00e9e de lecture est.\">\n\t<meta name=\"twitter:data1\" content=\"1 minute\">\n<script type=\"application\/ld+json\" class=\"yoast-schema-graph\">{\"@context\":\"https:\/\/schema.org\",\"@graph\":[{\"@type\":\"WebSite\",\"@id\":\"https:\/\/ghentaggregates.be\/#website\",\"url\":\"https:\/\/ghentaggregates.be\/\",\"name\":\"Ghent Aggregates\",\"description\":\"Votre partenaire pour tout granulats d\\u00e9co et techniques\",\"potentialAction\":[{\"@type\":\"SearchAction\",\"target\":\"https:\/\/ghentaggregates.be\/?s={search_term_string}\",\"query-input\":\"required name=search_term_string\"}],\"inLanguage\":\"fr-BE\"},{\"@type\":\"ImageObject\",\"@id\":\"https:\/\/ghentaggregates.be\/fr\/producten\/bavaria-granite\/#primaryimage\",\"inLanguage\":\"fr-BE\",\"url\":\"https:\/\/ghentaggregates.be\/wp-content\/uploads\/2022\/01\/Ghent-Aggregates-Bavaria-5-8-nat.jpg\",\"width\":1024,\"height\":683},{\"@type\":\"WebPage\",\"@id\":\"https:\/\/ghentaggregates.be\/fr\/producten\/bavaria-granite\/#webpage\",\"url\":\"https:\/\/ghentaggregates.be\/fr\/producten\/bavaria-granite\/\",\"name\":\"Bavaria Granite - Ghent Aggregates\",\"isPartOf\":{\"@id\":\"https:\/\/ghentaggregates.be\/#website\"},\"primaryImageOfPage\":{\"@id\":\"https:\/\/ghentaggregates.be\/fr\/producten\/bavaria-granite\/#primaryimage\"},\"datePublished\":\"2022-01-26T15:44:42+00:00\",\"dateModified\":\"2023-11-02T19:20:55+00:00\",\"breadcrumb\":{\"@id\":\"https:\/\/ghentaggregates.be\/fr\/producten\/bavaria-granite\/#breadcrumb\"},\"inLanguage\":\"fr-BE\",\"potentialAction\":[{\"@type\":\"ReadAction\",\"target\":[\"https:\/\/ghentaggregates.be\/fr\/producten\/bavaria-granite\/\"]}]},{\"@type\":\"BreadcrumbList\",\"@id\":\"https:\/\/ghentaggregates.be\/fr\/producten\/bavaria-granite\/#breadcrumb\",\"itemListElement\":[{\"@type\":\"ListItem\",\"position\":1,\"item\":{\"@type\":\"WebPage\",\"@id\":\"https:\/\/ghentaggregates.be\/fr\/\",\"url\":\"https:\/\/ghentaggregates.be\/fr\/\",\"name\":\"Home\"}},{\"@type\":\"ListItem\",\"position\":2,\"item\":{\"@type\":\"WebPage\",\"@id\":\"https:\/\/ghentaggregates.be\/fr\/producten\/bavaria-granite\/\",\"url\":\"https:\/\/ghentaggregates.be\/fr\/producten\/bavaria-granite\/\",\"name\":\"Bavaria Granite\"}}]}]}<\/script>\n<!-- \/ Yoast SEO plugin. -->","_links":{"self":[{"href":"https:\/\/ghentaggregates.be\/fr\/wp-json\/wp\/v2\/product\/16684"}],"collection":[{"href":"https:\/\/ghentaggregates.be\/fr\/wp-json\/wp\/v2\/product"}],"about":[{"href":"https:\/\/ghentaggregates.be\/fr\/wp-json\/wp\/v2\/types\/product"}],"replies":[{"embeddable":true,"href":"https:\/\/ghentaggregates.be\/fr\/wp-json\/wp\/v2\/comments?post=16684"}],"version-history":[{"count":0,"href":"https:\/\/ghentaggregates.be\/fr\/wp-json\/wp\/v2\/product\/16684\/revisions"}],"wp:featuredmedia":[{"embeddable":true,"href":"https:\/\/ghentaggregates.be\/fr\/wp-json\/wp\/v2\/media\/16687"}],"wp:attachment":[{"href":"https:\/\/ghentaggregates.be\/fr\/wp-json\/wp\/v2\/media?parent=16684"}],"curies":[{"name":"wp","href":"https:\/\/api.w.org\/{rel}","templated":true}]}}