{"id":17487,"date":"2022-07-17T15:21:56","date_gmt":"2022-07-17T13:21:56","guid":{"rendered":"https:\/\/ghentaggregates.be\/?post_type=product&#038;p=17487"},"modified":"2025-09-05T09:27:53","modified_gmt":"2025-09-05T07:27:53","slug":"grauwacke-concasse","status":"publish","type":"product","link":"https:\/\/ghentaggregates.be\/fr\/producten\/grauwacke\/","title":{"rendered":"Grauwacke"},"content":{"rendered":"<table>\n<tbody>\n<tr>\n<td>Nom produit:<\/td>\n<td>Grauwacke<\/td>\n<\/tr>\n<tr>\n<td>Connu comme :<\/td>\n<td>Vittel<\/td>\n<\/tr>\n<tr>\n<td>Origine :<\/td>\n<td>Gres<\/td>\n<\/tr>\n<tr>\n<td>LA :<\/td>\n<td>20<\/td>\n<\/tr>\n<tr>\n<td>Granulom\u00e9trie :<\/td>\n<td>2\/5<br \/>\n5\/8<br \/>\n8\/11<br \/>\n8\/16 (stock)<br \/>\n16\/32<br \/>\n60\/90 (stock)<\/td>\n<\/tr>\n<\/tbody>\n<\/table>\n<p><strong>Remarques :\u00a0<\/strong>ad\u00e9quate pour constructions routi\u00e8res, pi\u00e9tons, entr\u00e9es, b\u00e9tons d\u00e9co ou parc et jardin. Voici un gr\u00e8s unique dans sa structure et coloris multi vari\u00e9. Ce gr\u00e8s Grauwacke est compos\u00e9 de couleurs rouge-orange-ocre essentiellement mais contient aussi du gris et vert, ce qui permet de r\u00e9duire les t\u00e2ches de nature ou externes. De mani\u00e8re globale ce concass\u00e9 donne un effet m\u00e9diterrann\u00e9e mais de qualit\u00e9 exceptionnelle, r\u00e9sistant aux situations plus exigentes. Exclusivement disponible chez Ghent Aggregates, en vrac ou en bigbag.<\/p>\n","protected":false},"excerpt":{"rendered":"<p>Nom produit: Grauwacke Connu comme : Vittel Origine : Gres LA : 20 Granulom\u00e9trie : 2\/5 5\/8 8\/11 8\/16 (stock) 16\/32 60\/90 (stock) Remarques :\u00a0ad\u00e9quate pour constructions routi\u00e8res, pi\u00e9tons, entr\u00e9es, b\u00e9tons d\u00e9co ou parc et jardin. Voici un gr\u00e8s unique dans sa structure et coloris multi vari\u00e9. Ce gr\u00e8s Grauwacke est compos\u00e9 de couleurs rouge-orange-ocre [&hellip;]<\/p>\n","protected":false},"featured_media":17490,"comment_status":"open","ping_status":"closed","template":"","meta":[],"class_list":["post-17487","product","type-product","status-publish","has-post-thumbnail","hentry","product_cat-construction-routiere","product_cat-betons","product_cat-paysagisme","product_tag-crushed-fr","product_tag-gebroken-fr","pa_color-jaune","pa_color-melange","pa_color-rouge","pa_grain_type-concasse"],"yoast_head":"<!-- This site is optimized with the Yoast SEO plugin v15.9.2 - https:\/\/yoast.com\/wordpress\/plugins\/seo\/ -->\n<title>Grauwacke - Ghent Aggregates<\/title>\n<meta name=\"description\" content=\"Concass\u00e9 de gr\u00e8s multi color et exceptionnel pour tous projets exigents, uniquement disponible via Ghent Aggregates\" \/>\n<link rel=\"canonical\" href=\"https:\/\/ghentaggregates.be\/fr\/producten\/grauwacke\/\" \/>\n<meta property=\"og:locale\" content=\"fr_FR\" \/>\n<meta property=\"og:type\" content=\"article\" \/>\n<meta property=\"og:title\" content=\"Grauwacke - Ghent Aggregates\" \/>\n<meta property=\"og:description\" content=\"Concass\u00e9 de gr\u00e8s multi color et exceptionnel pour tous projets exigents, uniquement disponible via Ghent Aggregates\" \/>\n<meta property=\"og:url\" content=\"https:\/\/ghentaggregates.be\/fr\/producten\/grauwacke\/\" \/>\n<meta property=\"og:site_name\" content=\"Ghent Aggregates\" \/>\n<meta property=\"article:modified_time\" content=\"2025-09-05T07:27:53+00:00\" \/>\n<meta property=\"og:image\" content=\"https:\/\/ghentaggregates.be\/wp-content\/uploads\/2022\/07\/ghent-aggregates-grauwacke-8-16.jpg\" \/>\n\t<meta property=\"og:image:width\" content=\"1024\" \/>\n\t<meta property=\"og:image:height\" content=\"768\" \/>\n<meta name=\"twitter:card\" content=\"summary_large_image\" \/>\n<meta name=\"twitter:label1\" content=\"Dur\u00e9e de lecture est.\">\n\t<meta name=\"twitter:data1\" content=\"1 minute\">\n<script type=\"application\/ld+json\" class=\"yoast-schema-graph\">{\"@context\":\"https:\/\/schema.org\",\"@graph\":[{\"@type\":\"WebSite\",\"@id\":\"https:\/\/ghentaggregates.be\/#website\",\"url\":\"https:\/\/ghentaggregates.be\/\",\"name\":\"Ghent Aggregates\",\"description\":\"Votre partenaire pour tout granulats d\\u00e9co et techniques\",\"potentialAction\":[{\"@type\":\"SearchAction\",\"target\":\"https:\/\/ghentaggregates.be\/?s={search_term_string}\",\"query-input\":\"required name=search_term_string\"}],\"inLanguage\":\"fr-BE\"},{\"@type\":\"ImageObject\",\"@id\":\"https:\/\/ghentaggregates.be\/fr\/producten\/grauwacke\/#primaryimage\",\"inLanguage\":\"fr-BE\",\"url\":\"https:\/\/ghentaggregates.be\/wp-content\/uploads\/2022\/07\/ghent-aggregates-grauwacke-8-16.jpg\",\"width\":1024,\"height\":768,\"caption\":\"cof\"},{\"@type\":\"WebPage\",\"@id\":\"https:\/\/ghentaggregates.be\/fr\/producten\/grauwacke\/#webpage\",\"url\":\"https:\/\/ghentaggregates.be\/fr\/producten\/grauwacke\/\",\"name\":\"Grauwacke - Ghent Aggregates\",\"isPartOf\":{\"@id\":\"https:\/\/ghentaggregates.be\/#website\"},\"primaryImageOfPage\":{\"@id\":\"https:\/\/ghentaggregates.be\/fr\/producten\/grauwacke\/#primaryimage\"},\"datePublished\":\"2022-07-17T13:21:56+00:00\",\"dateModified\":\"2025-09-05T07:27:53+00:00\",\"description\":\"Concass\\u00e9 de gr\\u00e8s multi color et exceptionnel pour tous projets exigents, uniquement disponible via Ghent Aggregates\",\"breadcrumb\":{\"@id\":\"https:\/\/ghentaggregates.be\/fr\/producten\/grauwacke\/#breadcrumb\"},\"inLanguage\":\"fr-BE\",\"potentialAction\":[{\"@type\":\"ReadAction\",\"target\":[\"https:\/\/ghentaggregates.be\/fr\/producten\/grauwacke\/\"]}]},{\"@type\":\"BreadcrumbList\",\"@id\":\"https:\/\/ghentaggregates.be\/fr\/producten\/grauwacke\/#breadcrumb\",\"itemListElement\":[{\"@type\":\"ListItem\",\"position\":1,\"item\":{\"@type\":\"WebPage\",\"@id\":\"https:\/\/ghentaggregates.be\/fr\/\",\"url\":\"https:\/\/ghentaggregates.be\/fr\/\",\"name\":\"Home\"}},{\"@type\":\"ListItem\",\"position\":2,\"item\":{\"@type\":\"WebPage\",\"@id\":\"https:\/\/ghentaggregates.be\/fr\/producten\/grauwacke\/\",\"url\":\"https:\/\/ghentaggregates.be\/fr\/producten\/grauwacke\/\",\"name\":\"Grauwacke\"}}]}]}<\/script>\n<!-- \/ Yoast SEO plugin. -->","_links":{"self":[{"href":"https:\/\/ghentaggregates.be\/fr\/wp-json\/wp\/v2\/product\/17487"}],"collection":[{"href":"https:\/\/ghentaggregates.be\/fr\/wp-json\/wp\/v2\/product"}],"about":[{"href":"https:\/\/ghentaggregates.be\/fr\/wp-json\/wp\/v2\/types\/product"}],"replies":[{"embeddable":true,"href":"https:\/\/ghentaggregates.be\/fr\/wp-json\/wp\/v2\/comments?post=17487"}],"version-history":[{"count":0,"href":"https:\/\/ghentaggregates.be\/fr\/wp-json\/wp\/v2\/product\/17487\/revisions"}],"wp:featuredmedia":[{"embeddable":true,"href":"https:\/\/ghentaggregates.be\/fr\/wp-json\/wp\/v2\/media\/17490"}],"wp:attachment":[{"href":"https:\/\/ghentaggregates.be\/fr\/wp-json\/wp\/v2\/media?parent=17487"}],"curies":[{"name":"wp","href":"https:\/\/api.w.org\/{rel}","templated":true}]}}