{"id":19076,"date":"2024-04-01T20:58:18","date_gmt":"2024-04-01T18:58:18","guid":{"rendered":"https:\/\/ghentaggregates.be\/?post_type=product&#038;p=19076"},"modified":"2024-04-01T21:24:50","modified_gmt":"2024-04-01T19:24:50","slug":"bianco-verona-2","status":"publish","type":"product","link":"https:\/\/ghentaggregates.be\/fr\/bianco-verona\/","title":{"rendered":"BIANCO VERONA"},"content":{"rendered":"<table>\n<tbody>\n<tr>\n<td>Nom produit:<\/td>\n<td>BIANCO VERONA<\/td>\n<\/tr>\n<tr>\n<td>Alternatif :<\/td>\n<td>Blanc de Verone<\/td>\n<\/tr>\n<tr>\n<td>Origine :<\/td>\n<td>Marbre &#8211; calcaire<\/td>\n<\/tr>\n<tr>\n<td>LA :<\/td>\n<td>30<\/td>\n<\/tr>\n<tr>\n<td>Granulom\u00e9trie :<\/td>\n<td>N\u00b01 &#8211; 1\/3 (stock 25 kg)<br \/>\nN\u00b02 &#8211; 3\/5 (stock 25 kg)<br \/>\nN\u00b03 &#8211; 5\/8 (stock 25 kg)<br \/>\nN\u00b04 &#8211; 8\/12 (stock 25 kg)<\/td>\n<\/tr>\n<\/tbody>\n<\/table>\n<p><strong>Commentaires<\/strong> : ne convient pas \u00e0 la construction de routes. Convient aux trottoirs, aux all\u00e9es, au b\u00e9ton d\u00e9coratif ou aux jardins et parcs.<\/p>\n<p>Ciao Italie ! Cette mati\u00e8re premi\u00e8re ultra-populaire, le marbre, est l&rsquo;une des pierres angulaires des projets de sols en b\u00e9ton terrazzo ou granito italiens. Ce marbre beige doux est de haute qualit\u00e9 et contribue \u00e0 un look sp\u00e9cial dans chaque forme taill\u00e9e.<\/p>\n<p>Le <strong>Bianco Verona<\/strong> est un type de marbre \u00e0 fond blanc ou ivoire, souvent entrecoup\u00e9 de veines grises, beiges ou brunes. Cette pierre, originaire de la r\u00e9gion de V\u00e9rone en Italie, est connue pour son \u00e9l\u00e9gance et son aspect intemporel. Le Bianco Verona est largement utilis\u00e9 dans la d\u00e9coration int\u00e9rieure, comme les rev\u00eatements de sol, les rev\u00eatements muraux, les comptoirs et les accents d\u00e9coratifs. Le marbre ajoute une touche de luxe aux espaces, avec des motifs subtils allant des veines fines aux veines plus larges. Il est appr\u00e9ci\u00e9 pour l\u2019\u00e9clat de sa couleur et sa polyvalence dans la cr\u00e9ation d\u2019esth\u00e9tiques \u00e0 la fois modernes et classiques.<\/p>\n<p>Chez Ghent Aggregates, vous trouverez le <strong>BIANCO VERONA en sacs de 25 kg pour 1\/3 &#8211; 3\/5 &#8211; 5\/8 &#8211; 8\/12 mm<\/strong> directement du stock.<\/p>\n","protected":false},"excerpt":{"rendered":"<p>Nom produit: BIANCO VERONA Alternatif : Blanc de Verone Origine : Marbre &#8211; calcaire LA : 30 Granulom\u00e9trie : N\u00b01 &#8211; 1\/3 (stock 25 kg) N\u00b02 &#8211; 3\/5 (stock 25 kg) N\u00b03 &#8211; 5\/8 (stock 25 kg) N\u00b04 &#8211; 8\/12 (stock 25 kg) Commentaires : ne convient pas \u00e0 la construction de routes. Convient aux [&hellip;]<\/p>\n","protected":false},"featured_media":19087,"comment_status":"open","ping_status":"closed","template":"","meta":[],"class_list":["post-19076","product","type-product","status-publish","has-post-thumbnail","hentry","product_cat-betons","product_cat-paysagisme","product_cat-terrazzo-fr","product_tag-crushed-fr","product_tag-gebroken-fr","product_tag-white-fr","pa_color-blanc","pa_grain_type-concasse"],"yoast_head":"<!-- This site is optimized with the Yoast SEO plugin v15.9.2 - https:\/\/yoast.com\/wordpress\/plugins\/seo\/ -->\n<title>BIANCO VERONA - Ghent Aggregates<\/title>\n<meta name=\"description\" content=\"Le blanc de Verone directement import\u00e9 d&#039;Italie pour vos projets b\u00e9ton, terrazzo et granito disponible en sac 25kg via Ghent Aggregates\" \/>\n<link rel=\"canonical\" href=\"https:\/\/ghentaggregates.be\/fr\/bianco-verona\/\" \/>\n<meta property=\"og:locale\" content=\"fr_FR\" \/>\n<meta property=\"og:type\" content=\"article\" \/>\n<meta property=\"og:title\" content=\"BIANCO VERONA - Ghent Aggregates\" \/>\n<meta property=\"og:description\" content=\"Le blanc de Verone directement import\u00e9 d&#039;Italie pour vos projets b\u00e9ton, terrazzo et granito disponible en sac 25kg via Ghent Aggregates\" \/>\n<meta property=\"og:url\" content=\"https:\/\/ghentaggregates.be\/fr\/bianco-verona\/\" \/>\n<meta property=\"og:site_name\" content=\"Ghent Aggregates\" \/>\n<meta property=\"article:modified_time\" content=\"2024-04-01T19:24:50+00:00\" \/>\n<meta property=\"og:image\" content=\"https:\/\/ghentaggregates.be\/wp-content\/uploads\/2024\/04\/Ghent-Aggregates-Bianco-Verona-nat-1.jpg\" \/>\n\t<meta property=\"og:image:width\" content=\"1024\" \/>\n\t<meta property=\"og:image:height\" content=\"683\" \/>\n<meta name=\"twitter:card\" content=\"summary_large_image\" \/>\n<meta name=\"twitter:label1\" content=\"Dur\u00e9e de lecture est.\">\n\t<meta name=\"twitter:data1\" content=\"1 minute\">\n<script type=\"application\/ld+json\" class=\"yoast-schema-graph\">{\"@context\":\"https:\/\/schema.org\",\"@graph\":[{\"@type\":\"WebSite\",\"@id\":\"https:\/\/ghentaggregates.be\/#website\",\"url\":\"https:\/\/ghentaggregates.be\/\",\"name\":\"Ghent Aggregates\",\"description\":\"Votre partenaire pour tout granulats d\\u00e9co et techniques\",\"potentialAction\":[{\"@type\":\"SearchAction\",\"target\":\"https:\/\/ghentaggregates.be\/?s={search_term_string}\",\"query-input\":\"required name=search_term_string\"}],\"inLanguage\":\"fr-BE\"},{\"@type\":\"ImageObject\",\"@id\":\"https:\/\/ghentaggregates.be\/fr\/bianco-verona\/#primaryimage\",\"inLanguage\":\"fr-BE\",\"url\":\"https:\/\/ghentaggregates.be\/wp-content\/uploads\/2024\/04\/Ghent-Aggregates-Bianco-Verona-nat-1-1.jpg\",\"width\":1024,\"height\":683},{\"@type\":\"WebPage\",\"@id\":\"https:\/\/ghentaggregates.be\/fr\/bianco-verona\/#webpage\",\"url\":\"https:\/\/ghentaggregates.be\/fr\/bianco-verona\/\",\"name\":\"BIANCO VERONA - Ghent Aggregates\",\"isPartOf\":{\"@id\":\"https:\/\/ghentaggregates.be\/#website\"},\"primaryImageOfPage\":{\"@id\":\"https:\/\/ghentaggregates.be\/fr\/bianco-verona\/#primaryimage\"},\"datePublished\":\"2024-04-01T18:58:18+00:00\",\"dateModified\":\"2024-04-01T19:24:50+00:00\",\"description\":\"Le blanc de Verone directement import\\u00e9 d'Italie pour vos projets b\\u00e9ton, terrazzo et granito disponible en sac 25kg via Ghent Aggregates\",\"breadcrumb\":{\"@id\":\"https:\/\/ghentaggregates.be\/fr\/bianco-verona\/#breadcrumb\"},\"inLanguage\":\"fr-BE\",\"potentialAction\":[{\"@type\":\"ReadAction\",\"target\":[\"https:\/\/ghentaggregates.be\/fr\/bianco-verona\/\"]}]},{\"@type\":\"BreadcrumbList\",\"@id\":\"https:\/\/ghentaggregates.be\/fr\/bianco-verona\/#breadcrumb\",\"itemListElement\":[{\"@type\":\"ListItem\",\"position\":1,\"item\":{\"@type\":\"WebPage\",\"@id\":\"https:\/\/ghentaggregates.be\/fr\/\",\"url\":\"https:\/\/ghentaggregates.be\/fr\/\",\"name\":\"Home\"}},{\"@type\":\"ListItem\",\"position\":2,\"item\":{\"@type\":\"WebPage\",\"@id\":\"https:\/\/ghentaggregates.be\/fr\/bianco-verona\/\",\"url\":\"https:\/\/ghentaggregates.be\/fr\/bianco-verona\/\",\"name\":\"BIANCO VERONA\"}}]}]}<\/script>\n<!-- \/ Yoast SEO plugin. -->","_links":{"self":[{"href":"https:\/\/ghentaggregates.be\/fr\/wp-json\/wp\/v2\/product\/19076"}],"collection":[{"href":"https:\/\/ghentaggregates.be\/fr\/wp-json\/wp\/v2\/product"}],"about":[{"href":"https:\/\/ghentaggregates.be\/fr\/wp-json\/wp\/v2\/types\/product"}],"replies":[{"embeddable":true,"href":"https:\/\/ghentaggregates.be\/fr\/wp-json\/wp\/v2\/comments?post=19076"}],"version-history":[{"count":0,"href":"https:\/\/ghentaggregates.be\/fr\/wp-json\/wp\/v2\/product\/19076\/revisions"}],"wp:featuredmedia":[{"embeddable":true,"href":"https:\/\/ghentaggregates.be\/fr\/wp-json\/wp\/v2\/media\/19087"}],"wp:attachment":[{"href":"https:\/\/ghentaggregates.be\/fr\/wp-json\/wp\/v2\/media?parent=19076"}],"curies":[{"name":"wp","href":"https:\/\/api.w.org\/{rel}","templated":true}]}}