{"id":19801,"date":"2024-10-14T22:33:03","date_gmt":"2024-10-14T20:33:03","guid":{"rendered":"https:\/\/ghentaggregates.be\/?post_type=product&#038;p=19801"},"modified":"2024-10-14T22:46:21","modified_gmt":"2024-10-14T20:46:21","slug":"sable-blanc-0-1-kopie","status":"publish","type":"product","link":"https:\/\/ghentaggregates.be\/fr\/producten\/les-anges\/","title":{"rendered":"Les Anges"},"content":{"rendered":"<table>\n<tbody>\n<tr>\n<td>Nom produit:<\/td>\n<td>LES ANGES<\/td>\n<\/tr>\n<tr>\n<td>Alternatif :<\/td>\n<td>Balmoral<\/td>\n<\/tr>\n<tr>\n<td>Origine :<\/td>\n<td>Calcaire<\/td>\n<\/tr>\n<tr>\n<td>LA :<\/td>\n<td>25<\/td>\n<\/tr>\n<tr>\n<td>Granulom\u00e9trie :<\/td>\n<td>5\/8 (stock)<br \/>\n8\/12<br \/>\n12\/16<\/td>\n<\/tr>\n<\/tbody>\n<\/table>\n<p><strong>Remarques :<\/strong><\/p>\n<p>Ce joli gravier beige-blanc aux formes douces est disponible chez Ghent Aggregates pour vos projets de b\u00e9ton, am\u00e9nagement de jardin ou espaces ext\u00e9rieurs. \u00c0 utiliser avec des dalles alv\u00e9ol\u00e9es ou simplement en vrac, ce gravier apporte une touche chic \u00e0 n&rsquo;importe quel environnement. Tr\u00e8s durable, dur et de haute qualit\u00e9, il poss\u00e8de des caract\u00e9ristiques uniques qui donneront une toute nouvelle dimension \u00e0 vos espaces.<\/p>\n<p>Disponible en big bag, en vrac ou en sac de 25 kg.<\/p>\n<p>N&rsquo;h\u00e9sitez pas \u00e0 nous contacter !<\/p>\n","protected":false},"excerpt":{"rendered":"<p>Nom produit: LES ANGES Alternatif : Balmoral Origine : Calcaire LA : 25 Granulom\u00e9trie : 5\/8 (stock) 8\/12 12\/16 Remarques : Ce joli gravier beige-blanc aux formes douces est disponible chez Ghent Aggregates pour vos projets de b\u00e9ton, am\u00e9nagement de jardin ou espaces ext\u00e9rieurs. \u00c0 utiliser avec des dalles alv\u00e9ol\u00e9es ou simplement en vrac, ce [&hellip;]<\/p>\n","protected":false},"featured_media":19805,"comment_status":"open","ping_status":"closed","template":"","meta":[],"class_list":["post-19801","product","type-product","status-publish","has-post-thumbnail","hentry","product_cat-construction-routiere","product_cat-betons","product_cat-paysagisme","product_cat-terrazzo-fr","product_tag-white-fr","pa_color-blanc","pa_grain_type-roule"],"yoast_head":"<!-- This site is optimized with the Yoast SEO plugin v15.9.2 - https:\/\/yoast.com\/wordpress\/plugins\/seo\/ -->\n<title>Les Anges - Ghent Aggregates<\/title>\n<meta name=\"description\" content=\"Ce joli gravier beige-blanc aux formes douces est disponible chez Ghent Aggregates pour vos projets de b\u00e9ton, am\u00e9nagement de jardin ou espaces ext\u00e9rieurs.\" \/>\n<link rel=\"canonical\" href=\"https:\/\/ghentaggregates.be\/fr\/producten\/les-anges\/\" \/>\n<meta property=\"og:locale\" content=\"fr_FR\" \/>\n<meta property=\"og:type\" content=\"article\" \/>\n<meta property=\"og:title\" content=\"Les Anges - Ghent Aggregates\" \/>\n<meta property=\"og:description\" content=\"Ce joli gravier beige-blanc aux formes douces est disponible chez Ghent Aggregates pour vos projets de b\u00e9ton, am\u00e9nagement de jardin ou espaces ext\u00e9rieurs.\" \/>\n<meta property=\"og:url\" content=\"https:\/\/ghentaggregates.be\/fr\/producten\/les-anges\/\" \/>\n<meta property=\"og:site_name\" content=\"Ghent Aggregates\" \/>\n<meta property=\"article:modified_time\" content=\"2024-10-14T20:46:21+00:00\" \/>\n<meta property=\"og:image\" content=\"https:\/\/ghentaggregates.be\/wp-content\/uploads\/2024\/10\/Ghent-Aggregates-Engelberg-Balmoral-nat.jpg\" \/>\n\t<meta property=\"og:image:width\" content=\"1152\" \/>\n\t<meta property=\"og:image:height\" content=\"768\" \/>\n<meta name=\"twitter:card\" content=\"summary_large_image\" \/>\n<meta name=\"twitter:label1\" content=\"Dur\u00e9e de lecture est.\">\n\t<meta name=\"twitter:data1\" content=\"1 minute\">\n<script type=\"application\/ld+json\" class=\"yoast-schema-graph\">{\"@context\":\"https:\/\/schema.org\",\"@graph\":[{\"@type\":\"WebSite\",\"@id\":\"https:\/\/ghentaggregates.be\/#website\",\"url\":\"https:\/\/ghentaggregates.be\/\",\"name\":\"Ghent Aggregates\",\"description\":\"Votre partenaire pour tout granulats d\\u00e9co et techniques\",\"potentialAction\":[{\"@type\":\"SearchAction\",\"target\":\"https:\/\/ghentaggregates.be\/?s={search_term_string}\",\"query-input\":\"required name=search_term_string\"}],\"inLanguage\":\"fr-BE\"},{\"@type\":\"ImageObject\",\"@id\":\"https:\/\/ghentaggregates.be\/fr\/producten\/les-anges\/#primaryimage\",\"inLanguage\":\"fr-BE\",\"url\":\"https:\/\/ghentaggregates.be\/wp-content\/uploads\/2024\/10\/Ghent-Aggregates-Engelberg-Balmoral-nat.jpg\",\"width\":1152,\"height\":768},{\"@type\":\"WebPage\",\"@id\":\"https:\/\/ghentaggregates.be\/fr\/producten\/les-anges\/#webpage\",\"url\":\"https:\/\/ghentaggregates.be\/fr\/producten\/les-anges\/\",\"name\":\"Les Anges - Ghent Aggregates\",\"isPartOf\":{\"@id\":\"https:\/\/ghentaggregates.be\/#website\"},\"primaryImageOfPage\":{\"@id\":\"https:\/\/ghentaggregates.be\/fr\/producten\/les-anges\/#primaryimage\"},\"datePublished\":\"2024-10-14T20:33:03+00:00\",\"dateModified\":\"2024-10-14T20:46:21+00:00\",\"description\":\"Ce joli gravier beige-blanc aux formes douces est disponible chez Ghent Aggregates pour vos projets de b\\u00e9ton, am\\u00e9nagement de jardin ou espaces ext\\u00e9rieurs.\",\"breadcrumb\":{\"@id\":\"https:\/\/ghentaggregates.be\/fr\/producten\/les-anges\/#breadcrumb\"},\"inLanguage\":\"fr-BE\",\"potentialAction\":[{\"@type\":\"ReadAction\",\"target\":[\"https:\/\/ghentaggregates.be\/fr\/producten\/les-anges\/\"]}]},{\"@type\":\"BreadcrumbList\",\"@id\":\"https:\/\/ghentaggregates.be\/fr\/producten\/les-anges\/#breadcrumb\",\"itemListElement\":[{\"@type\":\"ListItem\",\"position\":1,\"item\":{\"@type\":\"WebPage\",\"@id\":\"https:\/\/ghentaggregates.be\/fr\/\",\"url\":\"https:\/\/ghentaggregates.be\/fr\/\",\"name\":\"Home\"}},{\"@type\":\"ListItem\",\"position\":2,\"item\":{\"@type\":\"WebPage\",\"@id\":\"https:\/\/ghentaggregates.be\/fr\/producten\/les-anges\/\",\"url\":\"https:\/\/ghentaggregates.be\/fr\/producten\/les-anges\/\",\"name\":\"Les Anges\"}}]}]}<\/script>\n<!-- \/ Yoast SEO plugin. -->","_links":{"self":[{"href":"https:\/\/ghentaggregates.be\/fr\/wp-json\/wp\/v2\/product\/19801"}],"collection":[{"href":"https:\/\/ghentaggregates.be\/fr\/wp-json\/wp\/v2\/product"}],"about":[{"href":"https:\/\/ghentaggregates.be\/fr\/wp-json\/wp\/v2\/types\/product"}],"replies":[{"embeddable":true,"href":"https:\/\/ghentaggregates.be\/fr\/wp-json\/wp\/v2\/comments?post=19801"}],"version-history":[{"count":0,"href":"https:\/\/ghentaggregates.be\/fr\/wp-json\/wp\/v2\/product\/19801\/revisions"}],"wp:featuredmedia":[{"embeddable":true,"href":"https:\/\/ghentaggregates.be\/fr\/wp-json\/wp\/v2\/media\/19805"}],"wp:attachment":[{"href":"https:\/\/ghentaggregates.be\/fr\/wp-json\/wp\/v2\/media?parent=19801"}],"curies":[{"name":"wp","href":"https:\/\/api.w.org\/{rel}","templated":true}]}}