{"id":20358,"date":"2025-05-29T15:24:20","date_gmt":"2025-05-29T13:24:20","guid":{"rendered":"https:\/\/ghentaggregates.be\/?post_type=product&#038;p=20358"},"modified":"2025-06-01T13:09:12","modified_gmt":"2025-06-01T11:09:12","slug":"bianco-verona-kopie","status":"publish","type":"product","link":"https:\/\/ghentaggregates.be\/fr\/producten\/giallo-mori\/","title":{"rendered":"Giallo Mori"},"content":{"rendered":"<table>\n<tbody>\n<tr>\n<td>Nom produit:<\/td>\n<td>GIALLO MORI<\/td>\n<\/tr>\n<tr>\n<td>Alternatif :<\/td>\n<td>Jaune Mori<\/td>\n<\/tr>\n<tr>\n<td>Origine :<\/td>\n<td>Marbre &#8211; calcaire<\/td>\n<\/tr>\n<tr>\n<td>LA :<\/td>\n<td>30<\/td>\n<\/tr>\n<tr>\n<td>Granulom\u00e9trie :<\/td>\n<td>N\u00b01 &#8211; 1\/3 (stock 25 kg)<br \/>\nN\u00b02 &#8211; 3\/5 (stock 25 kg)<br \/>\nN\u00b03 &#8211; 5\/8 (stock 25 kg)<br \/>\nN\u00b04 &#8211; 8\/12 (stock 25 kg)<\/td>\n<\/tr>\n<\/tbody>\n<\/table>\n<p><strong>Commentaires<\/strong> : ne convient pas \u00e0 la construction de routes. Convient aux trottoirs, aux all\u00e9es, au b\u00e9ton d\u00e9coratif ou aux jardins et parcs.<\/p>\n<p>Ciao Italie ! Cette mati\u00e8re premi\u00e8re ultra-populaire, le marbre, est l&rsquo;une des pierres angulaires des projets de sols en b\u00e9ton terrazzo ou granito italiens. Ce marbre jaune dor\u00e9 doux est de haute qualit\u00e9 et contribue \u00e0 un look sp\u00e9cial dans chaque forme taill\u00e9e.<\/p>\n<p><strong data-start=\"106\" data-end=\"124\">Le Giallo Mori<\/strong> est un marbre jaune dor\u00e9 originaire d\u2019Italie, tr\u00e8s appr\u00e9ci\u00e9 dans le b\u00e9ton terrazzo pour son aspect chaleureux et naturel. Sa couleur vive et sa granulom\u00e9trie fine en font un choix id\u00e9al pour les sols int\u00e9rieurs, escaliers ou plans de travail. Disponible en plusieurs tailles (de 1-3 mm jusqu\u2019\u00e0 12\u201316 mm), il permet une grande libert\u00e9 de design. Avec un faible taux d\u2019absorption (0,7\u202f%) et une duret\u00e9 Mohs inf\u00e9rieure \u00e0 4, il est aussi robuste que durable. <strong data-start=\"585\" data-end=\"600\">Giallo Mori<\/strong> existe en finitions polie ou adoucie, parfait pour les projets r\u00e9sidentiels comme commerciaux. On le retrouve souvent dans le b\u00e9ton architectural, les dalles pr\u00e9fabriqu\u00e9es et le mobilier urbain. Les nuances naturelles de ce marbre ajoutent une ambiance m\u00e9diterran\u00e9enne unique \u00e0 chaque r\u00e9alisation<\/p>\n<p>Chez Ghent Aggregates, vous trouverez le <strong>GIALLO MORI en sacs de 25 kg pour 1\/3 &#8211; 3\/5 &#8211; 5\/8 &#8211; 8\/12 mm<\/strong> directement du stock.<\/p>\n","protected":false},"excerpt":{"rendered":"<p>Nom produit: GIALLO MORI Alternatif : Jaune Mori Origine : Marbre &#8211; calcaire LA : 30 Granulom\u00e9trie : N\u00b01 &#8211; 1\/3 (stock 25 kg) N\u00b02 &#8211; 3\/5 (stock 25 kg) N\u00b03 &#8211; 5\/8 (stock 25 kg) N\u00b04 &#8211; 8\/12 (stock 25 kg) Commentaires : ne convient pas \u00e0 la construction de routes. Convient aux trottoirs, [&hellip;]<\/p>\n","protected":false},"featured_media":20361,"comment_status":"open","ping_status":"closed","template":"","meta":[],"class_list":["post-20358","product","type-product","status-publish","has-post-thumbnail","hentry","product_cat-betons","product_cat-paysagisme","product_cat-terrazzo-fr","product_tag-crushed-fr","product_tag-gebroken-fr","product_tag-yellow-fr","pa_color-jaune","pa_grain_type-concasse"],"yoast_head":"<!-- This site is optimized with the Yoast SEO plugin v15.9.2 - https:\/\/yoast.com\/wordpress\/plugins\/seo\/ -->\n<title>Giallo Mori - Ghent Aggregates<\/title>\n<meta name=\"description\" content=\"Le Giallo Mori directement import\u00e9 d&#039;Italie pour vos projets b\u00e9ton, terrazzo et granito disponible en sac 25kg via Ghent Aggregates\" \/>\n<link rel=\"canonical\" href=\"https:\/\/ghentaggregates.be\/fr\/producten\/giallo-mori\/\" \/>\n<meta property=\"og:locale\" content=\"fr_FR\" \/>\n<meta property=\"og:type\" content=\"article\" \/>\n<meta property=\"og:title\" content=\"Giallo Mori - Ghent Aggregates\" \/>\n<meta property=\"og:description\" content=\"Le Giallo Mori directement import\u00e9 d&#039;Italie pour vos projets b\u00e9ton, terrazzo et granito disponible en sac 25kg via Ghent Aggregates\" \/>\n<meta property=\"og:url\" content=\"https:\/\/ghentaggregates.be\/fr\/producten\/giallo-mori\/\" \/>\n<meta property=\"og:site_name\" content=\"Ghent Aggregates\" \/>\n<meta property=\"article:modified_time\" content=\"2025-06-01T11:09:12+00:00\" \/>\n<meta property=\"og:image\" content=\"https:\/\/ghentaggregates.be\/wp-content\/uploads\/2025\/05\/Ghent-Aggregates-Giallo-Mori-nat.jpg\" \/>\n\t<meta property=\"og:image:width\" content=\"1152\" \/>\n\t<meta property=\"og:image:height\" content=\"768\" \/>\n<meta name=\"twitter:card\" content=\"summary_large_image\" \/>\n<meta name=\"twitter:label1\" content=\"Dur\u00e9e de lecture est.\">\n\t<meta name=\"twitter:data1\" content=\"2 minutes\">\n<script type=\"application\/ld+json\" class=\"yoast-schema-graph\">{\"@context\":\"https:\/\/schema.org\",\"@graph\":[{\"@type\":\"WebSite\",\"@id\":\"https:\/\/ghentaggregates.be\/#website\",\"url\":\"https:\/\/ghentaggregates.be\/\",\"name\":\"Ghent Aggregates\",\"description\":\"Votre partenaire pour tout granulats d\\u00e9co et techniques\",\"potentialAction\":[{\"@type\":\"SearchAction\",\"target\":\"https:\/\/ghentaggregates.be\/?s={search_term_string}\",\"query-input\":\"required name=search_term_string\"}],\"inLanguage\":\"fr-BE\"},{\"@type\":\"ImageObject\",\"@id\":\"https:\/\/ghentaggregates.be\/fr\/producten\/giallo-mori\/#primaryimage\",\"inLanguage\":\"fr-BE\",\"url\":\"https:\/\/ghentaggregates.be\/wp-content\/uploads\/2025\/05\/Ghent-Aggregates-Giallo-Mori-nat.jpg\",\"width\":1152,\"height\":768},{\"@type\":\"WebPage\",\"@id\":\"https:\/\/ghentaggregates.be\/fr\/producten\/giallo-mori\/#webpage\",\"url\":\"https:\/\/ghentaggregates.be\/fr\/producten\/giallo-mori\/\",\"name\":\"Giallo Mori - Ghent Aggregates\",\"isPartOf\":{\"@id\":\"https:\/\/ghentaggregates.be\/#website\"},\"primaryImageOfPage\":{\"@id\":\"https:\/\/ghentaggregates.be\/fr\/producten\/giallo-mori\/#primaryimage\"},\"datePublished\":\"2025-05-29T13:24:20+00:00\",\"dateModified\":\"2025-06-01T11:09:12+00:00\",\"description\":\"Le Giallo Mori directement import\\u00e9 d'Italie pour vos projets b\\u00e9ton, terrazzo et granito disponible en sac 25kg via Ghent Aggregates\",\"breadcrumb\":{\"@id\":\"https:\/\/ghentaggregates.be\/fr\/producten\/giallo-mori\/#breadcrumb\"},\"inLanguage\":\"fr-BE\",\"potentialAction\":[{\"@type\":\"ReadAction\",\"target\":[\"https:\/\/ghentaggregates.be\/fr\/producten\/giallo-mori\/\"]}]},{\"@type\":\"BreadcrumbList\",\"@id\":\"https:\/\/ghentaggregates.be\/fr\/producten\/giallo-mori\/#breadcrumb\",\"itemListElement\":[{\"@type\":\"ListItem\",\"position\":1,\"item\":{\"@type\":\"WebPage\",\"@id\":\"https:\/\/ghentaggregates.be\/fr\/\",\"url\":\"https:\/\/ghentaggregates.be\/fr\/\",\"name\":\"Home\"}},{\"@type\":\"ListItem\",\"position\":2,\"item\":{\"@type\":\"WebPage\",\"@id\":\"https:\/\/ghentaggregates.be\/fr\/producten\/giallo-mori\/\",\"url\":\"https:\/\/ghentaggregates.be\/fr\/producten\/giallo-mori\/\",\"name\":\"Giallo Mori\"}}]}]}<\/script>\n<!-- \/ Yoast SEO plugin. -->","_links":{"self":[{"href":"https:\/\/ghentaggregates.be\/fr\/wp-json\/wp\/v2\/product\/20358"}],"collection":[{"href":"https:\/\/ghentaggregates.be\/fr\/wp-json\/wp\/v2\/product"}],"about":[{"href":"https:\/\/ghentaggregates.be\/fr\/wp-json\/wp\/v2\/types\/product"}],"replies":[{"embeddable":true,"href":"https:\/\/ghentaggregates.be\/fr\/wp-json\/wp\/v2\/comments?post=20358"}],"version-history":[{"count":0,"href":"https:\/\/ghentaggregates.be\/fr\/wp-json\/wp\/v2\/product\/20358\/revisions"}],"wp:featuredmedia":[{"embeddable":true,"href":"https:\/\/ghentaggregates.be\/fr\/wp-json\/wp\/v2\/media\/20361"}],"wp:attachment":[{"href":"https:\/\/ghentaggregates.be\/fr\/wp-json\/wp\/v2\/media?parent=20358"}],"curies":[{"name":"wp","href":"https:\/\/api.w.org\/{rel}","templated":true}]}}