{"id":20372,"date":"2025-06-01T12:46:31","date_gmt":"2025-06-01T10:46:31","guid":{"rendered":"https:\/\/ghentaggregates.be\/?post_type=product&#038;p=20372"},"modified":"2025-06-01T13:06:12","modified_gmt":"2025-06-01T11:06:12","slug":"giallo-siena","status":"publish","type":"product","link":"https:\/\/ghentaggregates.be\/fr\/producten\/giallo-siena\/","title":{"rendered":"Giallo Siena"},"content":{"rendered":"<table>\n<tbody>\n<tr>\n<td>Nom produit:<\/td>\n<td>GIALLO SIENA<\/td>\n<\/tr>\n<tr>\n<td>Alternatif :<\/td>\n<td>Jaune Sienne<\/td>\n<\/tr>\n<tr>\n<td>Origine :<\/td>\n<td>Marbre &#8211; calcaire<\/td>\n<\/tr>\n<tr>\n<td>LA :<\/td>\n<td>30<\/td>\n<\/tr>\n<tr>\n<td>Granulom\u00e9trie :<\/td>\n<td>N\u00b01 &#8211; 1\/3 (stock 25 kg)<br \/>\nN\u00b02 &#8211; 3\/5 (stock 25 kg)<br \/>\nN\u00b03 &#8211; 5\/8 (stock 25 kg)<br \/>\nN\u00b04 &#8211; 8\/12 (stock 25 kg)<\/td>\n<\/tr>\n<\/tbody>\n<\/table>\n<p><strong>Commentaires<\/strong> : ne convient pas \u00e0 la construction de routes. Convient aux trottoirs, aux all\u00e9es, au b\u00e9ton d\u00e9coratif ou aux jardins et parcs.<\/p>\n<p>Ciao Italie ! Cette mati\u00e8re premi\u00e8re ultra-populaire, le marbre, est l&rsquo;une des pierres angulaires des projets de sols en b\u00e9ton terrazzo ou granito italiens. Ce marbre jaune doux est de haute qualit\u00e9 et contribue \u00e0 un look sp\u00e9cial dans chaque forme taill\u00e9e.<\/p>\n<p><strong data-start=\"93\" data-end=\"109\">Giallo Siena<\/strong> est un marbre luxueux jaune dor\u00e9 provenant de Toscane, appr\u00e9ci\u00e9 pour ses teintes chaudes et ses veines naturelles. Le m\u00e9lange d\u2019ocre, de blanc et d\u2019ambre donne \u00e0 chaque surface en terrazzo un caract\u00e8re \u00e9l\u00e9gant et m\u00e9ridional. Ce marbre s\u2019exprime pleinement dans les sols int\u00e9rieurs et les b\u00e9tons d\u00e9coratifs\u202f: intemporel, raffin\u00e9 et toujours unique. Disponible en diff\u00e9rentes granulom\u00e9tries, soigneusement lav\u00e9 et pr\u00eat \u00e0 l\u2019emploi. <strong data-start=\"539\" data-end=\"642\">Travailler avec le Giallo Siena, c\u2019est int\u00e9grer une touche d\u2019\u00e9l\u00e9gance italienne dans chaque projet.<\/strong><\/p>\n<p>Chez Ghent Aggregates, vous trouverez le <strong>GIALLO SIENA en sacs de 25 kg pour 1\/3 &#8211; 3\/5 &#8211; 5\/8 &#8211; 8\/12 mm<\/strong> directement du stock.<\/p>\n","protected":false},"excerpt":{"rendered":"<p>Nom produit: GIALLO SIENA Alternatif : Jaune Sienne Origine : Marbre &#8211; calcaire LA : 30 Granulom\u00e9trie : N\u00b01 &#8211; 1\/3 (stock 25 kg) N\u00b02 &#8211; 3\/5 (stock 25 kg) N\u00b03 &#8211; 5\/8 (stock 25 kg) N\u00b04 &#8211; 8\/12 (stock 25 kg) Commentaires : ne convient pas \u00e0 la construction de routes. Convient aux trottoirs, [&hellip;]<\/p>\n","protected":false},"featured_media":20375,"comment_status":"open","ping_status":"closed","template":"","meta":[],"class_list":["post-20372","product","type-product","status-publish","has-post-thumbnail","hentry","product_cat-betons","product_cat-paysagisme","product_cat-terrazzo-fr","product_tag-crushed-fr","product_tag-gebroken-fr","product_tag-yellow-fr","pa_color-jaune","pa_grain_type-concasse"],"yoast_head":"<!-- This site is optimized with the Yoast SEO plugin v15.9.2 - https:\/\/yoast.com\/wordpress\/plugins\/seo\/ -->\n<title>Giallo Siena - Ghent Aggregates<\/title>\n<meta name=\"description\" content=\"Le Giallo Siena directement import\u00e9 d&#039;Italie pour vos projets b\u00e9ton, terrazzo et granito disponible en sac 25kg via Ghent Aggregates\" \/>\n<link rel=\"canonical\" href=\"https:\/\/ghentaggregates.be\/fr\/producten\/giallo-siena\/\" \/>\n<meta property=\"og:locale\" content=\"fr_FR\" \/>\n<meta property=\"og:type\" content=\"article\" \/>\n<meta property=\"og:title\" content=\"Giallo Siena - Ghent Aggregates\" \/>\n<meta property=\"og:description\" content=\"Le Giallo Siena directement import\u00e9 d&#039;Italie pour vos projets b\u00e9ton, terrazzo et granito disponible en sac 25kg via Ghent Aggregates\" \/>\n<meta property=\"og:url\" content=\"https:\/\/ghentaggregates.be\/fr\/producten\/giallo-siena\/\" \/>\n<meta property=\"og:site_name\" content=\"Ghent Aggregates\" \/>\n<meta property=\"article:modified_time\" content=\"2025-06-01T11:06:12+00:00\" \/>\n<meta property=\"og:image\" content=\"https:\/\/ghentaggregates.be\/wp-content\/uploads\/2025\/06\/Ghent-Aggregates-Giallo-Siena-nat.jpg\" \/>\n\t<meta property=\"og:image:width\" content=\"1152\" \/>\n\t<meta property=\"og:image:height\" content=\"768\" \/>\n<meta name=\"twitter:card\" content=\"summary_large_image\" \/>\n<meta name=\"twitter:label1\" content=\"Dur\u00e9e de lecture est.\">\n\t<meta name=\"twitter:data1\" content=\"1 minute\">\n<script type=\"application\/ld+json\" class=\"yoast-schema-graph\">{\"@context\":\"https:\/\/schema.org\",\"@graph\":[{\"@type\":\"WebSite\",\"@id\":\"https:\/\/ghentaggregates.be\/#website\",\"url\":\"https:\/\/ghentaggregates.be\/\",\"name\":\"Ghent Aggregates\",\"description\":\"Votre partenaire pour tout granulats d\\u00e9co et techniques\",\"potentialAction\":[{\"@type\":\"SearchAction\",\"target\":\"https:\/\/ghentaggregates.be\/?s={search_term_string}\",\"query-input\":\"required name=search_term_string\"}],\"inLanguage\":\"fr-BE\"},{\"@type\":\"ImageObject\",\"@id\":\"https:\/\/ghentaggregates.be\/fr\/producten\/giallo-siena\/#primaryimage\",\"inLanguage\":\"fr-BE\",\"url\":\"https:\/\/ghentaggregates.be\/wp-content\/uploads\/2025\/06\/Ghent-Aggregates-Giallo-Siena-nat.jpg\",\"width\":1152,\"height\":768},{\"@type\":\"WebPage\",\"@id\":\"https:\/\/ghentaggregates.be\/fr\/producten\/giallo-siena\/#webpage\",\"url\":\"https:\/\/ghentaggregates.be\/fr\/producten\/giallo-siena\/\",\"name\":\"Giallo Siena - Ghent Aggregates\",\"isPartOf\":{\"@id\":\"https:\/\/ghentaggregates.be\/#website\"},\"primaryImageOfPage\":{\"@id\":\"https:\/\/ghentaggregates.be\/fr\/producten\/giallo-siena\/#primaryimage\"},\"datePublished\":\"2025-06-01T10:46:31+00:00\",\"dateModified\":\"2025-06-01T11:06:12+00:00\",\"description\":\"Le Giallo Siena directement import\\u00e9 d'Italie pour vos projets b\\u00e9ton, terrazzo et granito disponible en sac 25kg via Ghent Aggregates\",\"breadcrumb\":{\"@id\":\"https:\/\/ghentaggregates.be\/fr\/producten\/giallo-siena\/#breadcrumb\"},\"inLanguage\":\"fr-BE\",\"potentialAction\":[{\"@type\":\"ReadAction\",\"target\":[\"https:\/\/ghentaggregates.be\/fr\/producten\/giallo-siena\/\"]}]},{\"@type\":\"BreadcrumbList\",\"@id\":\"https:\/\/ghentaggregates.be\/fr\/producten\/giallo-siena\/#breadcrumb\",\"itemListElement\":[{\"@type\":\"ListItem\",\"position\":1,\"item\":{\"@type\":\"WebPage\",\"@id\":\"https:\/\/ghentaggregates.be\/fr\/\",\"url\":\"https:\/\/ghentaggregates.be\/fr\/\",\"name\":\"Home\"}},{\"@type\":\"ListItem\",\"position\":2,\"item\":{\"@type\":\"WebPage\",\"@id\":\"https:\/\/ghentaggregates.be\/fr\/producten\/giallo-siena\/\",\"url\":\"https:\/\/ghentaggregates.be\/fr\/producten\/giallo-siena\/\",\"name\":\"Giallo Siena\"}}]}]}<\/script>\n<!-- \/ Yoast SEO plugin. -->","_links":{"self":[{"href":"https:\/\/ghentaggregates.be\/fr\/wp-json\/wp\/v2\/product\/20372"}],"collection":[{"href":"https:\/\/ghentaggregates.be\/fr\/wp-json\/wp\/v2\/product"}],"about":[{"href":"https:\/\/ghentaggregates.be\/fr\/wp-json\/wp\/v2\/types\/product"}],"replies":[{"embeddable":true,"href":"https:\/\/ghentaggregates.be\/fr\/wp-json\/wp\/v2\/comments?post=20372"}],"version-history":[{"count":0,"href":"https:\/\/ghentaggregates.be\/fr\/wp-json\/wp\/v2\/product\/20372\/revisions"}],"wp:featuredmedia":[{"embeddable":true,"href":"https:\/\/ghentaggregates.be\/fr\/wp-json\/wp\/v2\/media\/20375"}],"wp:attachment":[{"href":"https:\/\/ghentaggregates.be\/fr\/wp-json\/wp\/v2\/media?parent=20372"}],"curies":[{"name":"wp","href":"https:\/\/api.w.org\/{rel}","templated":true}]}}