{"id":20383,"date":"2025-06-01T12:58:13","date_gmt":"2025-06-01T10:58:13","guid":{"rendered":"https:\/\/ghentaggregates.be\/?post_type=product&#038;p=20383"},"modified":"2025-06-01T13:02:49","modified_gmt":"2025-06-01T11:02:49","slug":"giallo-siena-kopie","status":"publish","type":"product","link":"https:\/\/ghentaggregates.be\/fr\/producten\/rosso-verona\/","title":{"rendered":"Rosso Verona"},"content":{"rendered":"<table>\n<tbody>\n<tr>\n<td>Nom produit:<\/td>\n<td>ROSSO VERONA<\/td>\n<\/tr>\n<tr>\n<td>Alternatif :<\/td>\n<td>Rouge Verone<\/td>\n<\/tr>\n<tr>\n<td>Origine :<\/td>\n<td>Marbre &#8211; calcaire<\/td>\n<\/tr>\n<tr>\n<td>LA :<\/td>\n<td>30<\/td>\n<\/tr>\n<tr>\n<td>Granulom\u00e9trie :<\/td>\n<td>N\u00b01 &#8211; 1\/3 (stock 25 kg)<br \/>\nN\u00b02 &#8211; 3\/5 (stock 25 kg)<br \/>\nN\u00b03 &#8211; 5\/8 (stock 25 kg)<br \/>\nN\u00b04 &#8211; 8\/12 (stock 25 kg)<\/td>\n<\/tr>\n<\/tbody>\n<\/table>\n<p><strong>Commentaires<\/strong> : ne convient pas \u00e0 la construction de routes. Convient aux trottoirs, aux all\u00e9es, au b\u00e9ton d\u00e9coratif ou aux jardins et parcs.<\/p>\n<p>Ciao Italie ! Cette mati\u00e8re premi\u00e8re ultra-populaire, le marbre, est l&rsquo;une des pierres angulaires des projets de sols en b\u00e9ton terrazzo ou granito italiens. Ce marbre rouge est de haute qualit\u00e9 et contribue \u00e0 un look sp\u00e9cial dans chaque forme taill\u00e9e.<\/p>\n<p><strong data-start=\"110\" data-end=\"126\">Rosso Verona<\/strong> est un marbre rouge brun originaire de la r\u00e9gion de V\u00e9rone, appr\u00e9ci\u00e9 depuis des si\u00e8cles pour son aspect chaleureux et authentique. Sa teinte rouille intense, ponctu\u00e9e de nuances subtiles, donne au terrazzo et au b\u00e9ton d\u00e9coratif une identit\u00e9 forte et \u00e9l\u00e9gante. Poli, il r\u00e9v\u00e8le toute sa profondeur\u202f; en finition mate, il apporte une ambiance plus douce et naturelle. Il se marie parfaitement avec des ciments clairs ou des granulats blancs, cr\u00e9ant un contraste riche et raffin\u00e9. Disponible en plusieurs granulom\u00e9tries, soigneusement lav\u00e9 et calibr\u00e9 pour une application homog\u00e8ne et fiable. <strong data-start=\"715\" data-end=\"851\">Choisir le Rosso Verona, c\u2019est opter pour plus qu\u2019une couleur\u202f: c\u2019est int\u00e9grer une \u00e2me m\u00e9ridionale et intemporelle \u00e0 chaque surface.<\/strong><\/p>\n<p>Chez Ghent Aggregates, vous trouverez le <strong>ROSSO VERONA en sacs de 25 kg pour 1\/3 &#8211; 3\/5 &#8211; 5\/8 &#8211; 8\/12 mm<\/strong> directement du stock.<\/p>\n","protected":false},"excerpt":{"rendered":"<p>Nom produit: ROSSO VERONA Alternatif : Rouge Verone Origine : Marbre &#8211; calcaire LA : 30 Granulom\u00e9trie : N\u00b01 &#8211; 1\/3 (stock 25 kg) N\u00b02 &#8211; 3\/5 (stock 25 kg) N\u00b03 &#8211; 5\/8 (stock 25 kg) N\u00b04 &#8211; 8\/12 (stock 25 kg) Commentaires : ne convient pas \u00e0 la construction de routes. Convient aux trottoirs, [&hellip;]<\/p>\n","protected":false},"featured_media":20386,"comment_status":"open","ping_status":"closed","template":"","meta":[],"class_list":["post-20383","product","type-product","status-publish","has-post-thumbnail","hentry","product_cat-betons","product_cat-paysagisme","product_cat-terrazzo-fr","product_tag-crushed-fr","product_tag-gebroken-fr","product_tag-red-fr","product_tag-rood-fr","pa_color-rouge","pa_grain_type-concasse"],"yoast_head":"<!-- This site is optimized with the Yoast SEO plugin v15.9.2 - https:\/\/yoast.com\/wordpress\/plugins\/seo\/ -->\n<title>Rosso Verona - Ghent Aggregates<\/title>\n<meta name=\"description\" content=\"Le ROSSO VERONA directement import\u00e9 d&#039;Italie pour vos projets b\u00e9ton, terrazzo et granito disponible en sac 25kg via Ghent Aggregates\" \/>\n<link rel=\"canonical\" href=\"https:\/\/ghentaggregates.be\/fr\/producten\/rosso-verona\/\" \/>\n<meta property=\"og:locale\" content=\"fr_FR\" \/>\n<meta property=\"og:type\" content=\"article\" \/>\n<meta property=\"og:title\" content=\"Rosso Verona - Ghent Aggregates\" \/>\n<meta property=\"og:description\" content=\"Le ROSSO VERONA directement import\u00e9 d&#039;Italie pour vos projets b\u00e9ton, terrazzo et granito disponible en sac 25kg via Ghent Aggregates\" \/>\n<meta property=\"og:url\" content=\"https:\/\/ghentaggregates.be\/fr\/producten\/rosso-verona\/\" \/>\n<meta property=\"og:site_name\" content=\"Ghent Aggregates\" \/>\n<meta property=\"article:modified_time\" content=\"2025-06-01T11:02:49+00:00\" \/>\n<meta property=\"og:image\" content=\"https:\/\/ghentaggregates.be\/wp-content\/uploads\/2025\/06\/Ghent-Aggregates-Rosso-Verona-nat.jpg\" \/>\n\t<meta property=\"og:image:width\" content=\"1152\" \/>\n\t<meta property=\"og:image:height\" content=\"768\" \/>\n<meta name=\"twitter:card\" content=\"summary_large_image\" \/>\n<meta name=\"twitter:label1\" content=\"Dur\u00e9e de lecture est.\">\n\t<meta name=\"twitter:data1\" content=\"2 minutes\">\n<script type=\"application\/ld+json\" class=\"yoast-schema-graph\">{\"@context\":\"https:\/\/schema.org\",\"@graph\":[{\"@type\":\"WebSite\",\"@id\":\"https:\/\/ghentaggregates.be\/#website\",\"url\":\"https:\/\/ghentaggregates.be\/\",\"name\":\"Ghent Aggregates\",\"description\":\"Votre partenaire pour tout granulats d\\u00e9co et techniques\",\"potentialAction\":[{\"@type\":\"SearchAction\",\"target\":\"https:\/\/ghentaggregates.be\/?s={search_term_string}\",\"query-input\":\"required name=search_term_string\"}],\"inLanguage\":\"fr-BE\"},{\"@type\":\"ImageObject\",\"@id\":\"https:\/\/ghentaggregates.be\/fr\/producten\/rosso-verona\/#primaryimage\",\"inLanguage\":\"fr-BE\",\"url\":\"https:\/\/ghentaggregates.be\/wp-content\/uploads\/2025\/06\/Ghent-Aggregates-Rosso-Verona-nat.jpg\",\"width\":1152,\"height\":768},{\"@type\":\"WebPage\",\"@id\":\"https:\/\/ghentaggregates.be\/fr\/producten\/rosso-verona\/#webpage\",\"url\":\"https:\/\/ghentaggregates.be\/fr\/producten\/rosso-verona\/\",\"name\":\"Rosso Verona - Ghent Aggregates\",\"isPartOf\":{\"@id\":\"https:\/\/ghentaggregates.be\/#website\"},\"primaryImageOfPage\":{\"@id\":\"https:\/\/ghentaggregates.be\/fr\/producten\/rosso-verona\/#primaryimage\"},\"datePublished\":\"2025-06-01T10:58:13+00:00\",\"dateModified\":\"2025-06-01T11:02:49+00:00\",\"description\":\"Le ROSSO VERONA directement import\\u00e9 d'Italie pour vos projets b\\u00e9ton, terrazzo et granito disponible en sac 25kg via Ghent Aggregates\",\"breadcrumb\":{\"@id\":\"https:\/\/ghentaggregates.be\/fr\/producten\/rosso-verona\/#breadcrumb\"},\"inLanguage\":\"fr-BE\",\"potentialAction\":[{\"@type\":\"ReadAction\",\"target\":[\"https:\/\/ghentaggregates.be\/fr\/producten\/rosso-verona\/\"]}]},{\"@type\":\"BreadcrumbList\",\"@id\":\"https:\/\/ghentaggregates.be\/fr\/producten\/rosso-verona\/#breadcrumb\",\"itemListElement\":[{\"@type\":\"ListItem\",\"position\":1,\"item\":{\"@type\":\"WebPage\",\"@id\":\"https:\/\/ghentaggregates.be\/fr\/\",\"url\":\"https:\/\/ghentaggregates.be\/fr\/\",\"name\":\"Home\"}},{\"@type\":\"ListItem\",\"position\":2,\"item\":{\"@type\":\"WebPage\",\"@id\":\"https:\/\/ghentaggregates.be\/fr\/producten\/rosso-verona\/\",\"url\":\"https:\/\/ghentaggregates.be\/fr\/producten\/rosso-verona\/\",\"name\":\"Rosso Verona\"}}]}]}<\/script>\n<!-- \/ Yoast SEO plugin. -->","_links":{"self":[{"href":"https:\/\/ghentaggregates.be\/fr\/wp-json\/wp\/v2\/product\/20383"}],"collection":[{"href":"https:\/\/ghentaggregates.be\/fr\/wp-json\/wp\/v2\/product"}],"about":[{"href":"https:\/\/ghentaggregates.be\/fr\/wp-json\/wp\/v2\/types\/product"}],"replies":[{"embeddable":true,"href":"https:\/\/ghentaggregates.be\/fr\/wp-json\/wp\/v2\/comments?post=20383"}],"version-history":[{"count":0,"href":"https:\/\/ghentaggregates.be\/fr\/wp-json\/wp\/v2\/product\/20383\/revisions"}],"wp:featuredmedia":[{"embeddable":true,"href":"https:\/\/ghentaggregates.be\/fr\/wp-json\/wp\/v2\/media\/20386"}],"wp:attachment":[{"href":"https:\/\/ghentaggregates.be\/fr\/wp-json\/wp\/v2\/media?parent=20383"}],"curies":[{"name":"wp","href":"https:\/\/api.w.org\/{rel}","templated":true}]}}