{"id":20409,"date":"2025-06-01T17:39:13","date_gmt":"2025-06-01T15:39:13","guid":{"rendered":"https:\/\/ghentaggregates.be\/?post_type=product&#038;p=20409"},"modified":"2025-06-01T17:44:12","modified_gmt":"2025-06-01T15:44:12","slug":"nero-ebano-conasse","status":"publish","type":"product","link":"https:\/\/ghentaggregates.be\/fr\/producten\/nero-ebano\/","title":{"rendered":"Nero Ebano"},"content":{"rendered":"<table>\n<tbody>\n<tr>\n<td>Nom produit:<\/td>\n<td>NERO EBANO<\/td>\n<\/tr>\n<tr>\n<td>Alternatif :<\/td>\n<td>Noire Eb\u00e8ne<\/td>\n<\/tr>\n<tr>\n<td>Origine :<\/td>\n<td>Marbre &#8211; calcaire<\/td>\n<\/tr>\n<tr>\n<td>LA :<\/td>\n<td>30<\/td>\n<\/tr>\n<tr>\n<td>Granulom\u00e9trie :<\/td>\n<td>N\u00b01 &#8211; 1\/3 (stock 25 kg)<br \/>\nN\u00b02 &#8211; 3\/5 (stock 25 kg)<br \/>\nN\u00b03 &#8211; 5\/8 (stock 25 kg)<br \/>\nN\u00b04 &#8211; 8\/12 (stock 25 kg)<\/td>\n<\/tr>\n<\/tbody>\n<\/table>\n<p><strong>Commentaires<\/strong> : ne convient pas \u00e0 la construction de routes. Convient aux trottoirs, aux all\u00e9es, au b\u00e9ton d\u00e9coratif ou aux jardins et parcs.<\/p>\n<p>Ciao Italie ! Cette mati\u00e8re premi\u00e8re ultra-populaire, le marbre, est l&rsquo;une des pierres angulaires des projets de sols en b\u00e9ton terrazzo ou granito italiens. Ce marbre noir intense est de haute qualit\u00e9 et contribue \u00e0 un look sp\u00e9cial dans chaque forme taill\u00e9e.<\/p>\n<p><strong data-start=\"98\" data-end=\"112\">Nero Ebano<\/strong> est un marbre noir profond originaire d\u2019Italie, reconnu pour son allure puissante et son luxe discret. Sa couleur uniforme, agr\u00e9ment\u00e9e de l\u00e9g\u00e8res nuances graphite, en fait un choix privil\u00e9gi\u00e9 pour le terrazzo et le b\u00e9ton architectural au style \u00e9pur\u00e9 et contemporain. Cette pierre offre un contraste marqu\u00e9 avec des ciments ou granulats clairs, mais peut aussi s\u2019imposer seule dans des projets minimalistes. Sa structure dense et son grain fin assurent non seulement une grande beaut\u00e9, mais aussi une excellente stabilit\u00e9 technique. Disponible en plusieurs granulom\u00e9tries, soigneusement lav\u00e9e et calibr\u00e9e pour un rendu homog\u00e8ne. <strong data-start=\"741\" data-end=\"844\">Choisir le Nero Ebano, c\u2019est affirmer une signature forte qui exprime calme, puissance et \u00e9l\u00e9gance.<\/strong><\/p>\n<p>Chez Ghent Aggregates, vous trouverez le <strong>NERO EBANO en sacs de 25 kg pour 1\/3 &#8211; 3\/5 &#8211; 5\/8 &#8211; 8\/12 mm<\/strong> directement du stock.<\/p>\n","protected":false},"excerpt":{"rendered":"<p>Nom produit: NERO EBANO Alternatif : Noire Eb\u00e8ne Origine : Marbre &#8211; calcaire LA : 30 Granulom\u00e9trie : N\u00b01 &#8211; 1\/3 (stock 25 kg) N\u00b02 &#8211; 3\/5 (stock 25 kg) N\u00b03 &#8211; 5\/8 (stock 25 kg) N\u00b04 &#8211; 8\/12 (stock 25 kg) Commentaires : ne convient pas \u00e0 la construction de routes. Convient aux trottoirs, [&hellip;]<\/p>\n","protected":false},"featured_media":20412,"comment_status":"open","ping_status":"closed","template":"","meta":[],"class_list":["post-20409","product","type-product","status-publish","has-post-thumbnail","hentry","product_cat-betons","product_cat-paysagisme","product_cat-terrazzo-fr","product_tag-black-fr","product_tag-crushed-fr","product_tag-gebroken-fr","product_tag-zwart-fr","pa_color-noir","pa_grain_type-concasse"],"yoast_head":"<!-- This site is optimized with the Yoast SEO plugin v15.9.2 - https:\/\/yoast.com\/wordpress\/plugins\/seo\/ -->\n<title>Nero Ebano - Ghent Aggregates<\/title>\n<meta name=\"description\" content=\"Le NERO EBANO directement import\u00e9 d&#039;Italie pour vos projets b\u00e9ton, terrazzo et granito disponible en sac 25kg via Ghent Aggregates.\" \/>\n<link rel=\"canonical\" href=\"https:\/\/ghentaggregates.be\/fr\/producten\/nero-ebano\/\" \/>\n<meta property=\"og:locale\" content=\"fr_FR\" \/>\n<meta property=\"og:type\" content=\"article\" \/>\n<meta property=\"og:title\" content=\"Nero Ebano - Ghent Aggregates\" \/>\n<meta property=\"og:description\" content=\"Le NERO EBANO directement import\u00e9 d&#039;Italie pour vos projets b\u00e9ton, terrazzo et granito disponible en sac 25kg via Ghent Aggregates.\" \/>\n<meta property=\"og:url\" content=\"https:\/\/ghentaggregates.be\/fr\/producten\/nero-ebano\/\" \/>\n<meta property=\"og:site_name\" content=\"Ghent Aggregates\" \/>\n<meta property=\"article:modified_time\" content=\"2025-06-01T15:44:12+00:00\" \/>\n<meta property=\"og:image\" content=\"https:\/\/ghentaggregates.be\/wp-content\/uploads\/2025\/06\/Ghent-Aggregates-Nero-Ebano-di-Italia-nat.jpg\" \/>\n\t<meta property=\"og:image:width\" content=\"1152\" \/>\n\t<meta property=\"og:image:height\" content=\"768\" \/>\n<meta name=\"twitter:card\" content=\"summary_large_image\" \/>\n<meta name=\"twitter:label1\" content=\"Dur\u00e9e de lecture est.\">\n\t<meta name=\"twitter:data1\" content=\"1 minute\">\n<script type=\"application\/ld+json\" class=\"yoast-schema-graph\">{\"@context\":\"https:\/\/schema.org\",\"@graph\":[{\"@type\":\"WebSite\",\"@id\":\"https:\/\/ghentaggregates.be\/#website\",\"url\":\"https:\/\/ghentaggregates.be\/\",\"name\":\"Ghent Aggregates\",\"description\":\"Votre partenaire pour tout granulats d\\u00e9co et techniques\",\"potentialAction\":[{\"@type\":\"SearchAction\",\"target\":\"https:\/\/ghentaggregates.be\/?s={search_term_string}\",\"query-input\":\"required name=search_term_string\"}],\"inLanguage\":\"fr-BE\"},{\"@type\":\"ImageObject\",\"@id\":\"https:\/\/ghentaggregates.be\/fr\/producten\/nero-ebano\/#primaryimage\",\"inLanguage\":\"fr-BE\",\"url\":\"https:\/\/ghentaggregates.be\/wp-content\/uploads\/2025\/06\/Ghent-Aggregates-Nero-Ebano-di-Italia-nat.jpg\",\"width\":1152,\"height\":768},{\"@type\":\"WebPage\",\"@id\":\"https:\/\/ghentaggregates.be\/fr\/producten\/nero-ebano\/#webpage\",\"url\":\"https:\/\/ghentaggregates.be\/fr\/producten\/nero-ebano\/\",\"name\":\"Nero Ebano - Ghent Aggregates\",\"isPartOf\":{\"@id\":\"https:\/\/ghentaggregates.be\/#website\"},\"primaryImageOfPage\":{\"@id\":\"https:\/\/ghentaggregates.be\/fr\/producten\/nero-ebano\/#primaryimage\"},\"datePublished\":\"2025-06-01T15:39:13+00:00\",\"dateModified\":\"2025-06-01T15:44:12+00:00\",\"description\":\"Le NERO EBANO directement import\\u00e9 d'Italie pour vos projets b\\u00e9ton, terrazzo et granito disponible en sac 25kg via Ghent Aggregates.\",\"breadcrumb\":{\"@id\":\"https:\/\/ghentaggregates.be\/fr\/producten\/nero-ebano\/#breadcrumb\"},\"inLanguage\":\"fr-BE\",\"potentialAction\":[{\"@type\":\"ReadAction\",\"target\":[\"https:\/\/ghentaggregates.be\/fr\/producten\/nero-ebano\/\"]}]},{\"@type\":\"BreadcrumbList\",\"@id\":\"https:\/\/ghentaggregates.be\/fr\/producten\/nero-ebano\/#breadcrumb\",\"itemListElement\":[{\"@type\":\"ListItem\",\"position\":1,\"item\":{\"@type\":\"WebPage\",\"@id\":\"https:\/\/ghentaggregates.be\/fr\/\",\"url\":\"https:\/\/ghentaggregates.be\/fr\/\",\"name\":\"Home\"}},{\"@type\":\"ListItem\",\"position\":2,\"item\":{\"@type\":\"WebPage\",\"@id\":\"https:\/\/ghentaggregates.be\/fr\/producten\/nero-ebano\/\",\"url\":\"https:\/\/ghentaggregates.be\/fr\/producten\/nero-ebano\/\",\"name\":\"Nero Ebano\"}}]}]}<\/script>\n<!-- \/ Yoast SEO plugin. -->","_links":{"self":[{"href":"https:\/\/ghentaggregates.be\/fr\/wp-json\/wp\/v2\/product\/20409"}],"collection":[{"href":"https:\/\/ghentaggregates.be\/fr\/wp-json\/wp\/v2\/product"}],"about":[{"href":"https:\/\/ghentaggregates.be\/fr\/wp-json\/wp\/v2\/types\/product"}],"replies":[{"embeddable":true,"href":"https:\/\/ghentaggregates.be\/fr\/wp-json\/wp\/v2\/comments?post=20409"}],"version-history":[{"count":0,"href":"https:\/\/ghentaggregates.be\/fr\/wp-json\/wp\/v2\/product\/20409\/revisions"}],"wp:featuredmedia":[{"embeddable":true,"href":"https:\/\/ghentaggregates.be\/fr\/wp-json\/wp\/v2\/media\/20412"}],"wp:attachment":[{"href":"https:\/\/ghentaggregates.be\/fr\/wp-json\/wp\/v2\/media?parent=20409"}],"curies":[{"name":"wp","href":"https:\/\/api.w.org\/{rel}","templated":true}]}}