{"id":20430,"date":"2025-06-01T18:00:54","date_gmt":"2025-06-01T16:00:54","guid":{"rendered":"https:\/\/ghentaggregates.be\/?post_type=product&#038;p=20430"},"modified":"2025-06-01T18:10:32","modified_gmt":"2025-06-01T16:10:32","slug":"nero-ebano-kopie","status":"publish","type":"product","link":"https:\/\/ghentaggregates.be\/fr\/producten\/marone-magone\/","title":{"rendered":"Marone Mogano"},"content":{"rendered":"<table>\n<tbody>\n<tr>\n<td>Nom produit:<\/td>\n<td>MARONE MOGANO<\/td>\n<\/tr>\n<tr>\n<td>Alternatif :<\/td>\n<td>Marron Mogano<\/td>\n<\/tr>\n<tr>\n<td>Origine :<\/td>\n<td>Marbre &#8211; calcaire<\/td>\n<\/tr>\n<tr>\n<td>LA :<\/td>\n<td>30<\/td>\n<\/tr>\n<tr>\n<td>Granulom\u00e9trie :<\/td>\n<td>N\u00b01 &#8211; 1\/3 (stock 25 kg)<br \/>\nN\u00b02 &#8211; 3\/5 (stock 25 kg)<br \/>\nN\u00b03 &#8211; 5\/8 (stock 25 kg)<br \/>\nN\u00b04\/5 &#8211; 8\/16 (stock 25 kg)<\/td>\n<\/tr>\n<\/tbody>\n<\/table>\n<p><strong>Commentaires<\/strong> : ne convient pas \u00e0 la construction de routes. Convient aux trottoirs, aux all\u00e9es, au b\u00e9ton d\u00e9coratif ou aux jardins et parcs.<\/p>\n<p>Ciao Italie ! Cette mati\u00e8re premi\u00e8re ultra-populaire, le marbre, est l&rsquo;une des pierres angulaires des projets de sols en b\u00e9ton terrazzo ou granito italiens. Ce marbre marron est de haute qualit\u00e9 et contribue \u00e0 un look sp\u00e9cial dans chaque forme taill\u00e9e.<\/p>\n<p><strong data-start=\"76\" data-end=\"93\">Marone Mogano<\/strong> est une pierre naturelle couleur acajou, originaire d\u2019Italie, aux tons bruns profonds avec une l\u00e9g\u00e8re nuance rouge violac\u00e9. Ce gravier se distingue par sa teinte riche et chaleureuse, qui apporte instantan\u00e9ment profondeur et raffinement \u2014 id\u00e9al pour le terrazzo, le b\u00e9ton d\u00e9coratif ou l\u2019am\u00e9nagement ext\u00e9rieur de qualit\u00e9. Sa forme concass\u00e9e naturelle cr\u00e9e une texture vivante, tandis que sa couleur se marie parfaitement avec des \u00e9l\u00e9ments beiges, gris ou noirs. <strong data-start=\"555\" data-end=\"572\">Marone Mogano<\/strong> est disponible en plusieurs granulom\u00e9tries, soigneusement lav\u00e9 et techniquement adapt\u00e9 aux usages int\u00e9rieurs comme ext\u00e9rieurs. <strong data-start=\"700\" data-end=\"808\">Choisir le Marone Mogano, c\u2019est opter pour une \u00e9l\u00e9gance chaleureuse et authentique au caract\u00e8re affirm\u00e9.<\/strong><\/p>\n<p>Chez Ghent Aggregates, vous trouverez le <strong>MARONE MOGANO en sacs de 25 kg pour 1\/3 &#8211; 3\/5 &#8211; 5\/8 &#8211; 8\/16 mm<\/strong> directement du stock.<\/p>\n","protected":false},"excerpt":{"rendered":"<p>Nom produit: MARONE MOGANO Alternatif : Marron Mogano Origine : Marbre &#8211; calcaire LA : 30 Granulom\u00e9trie : N\u00b01 &#8211; 1\/3 (stock 25 kg) N\u00b02 &#8211; 3\/5 (stock 25 kg) N\u00b03 &#8211; 5\/8 (stock 25 kg) N\u00b04\/5 &#8211; 8\/16 (stock 25 kg) Commentaires : ne convient pas \u00e0 la construction de routes. Convient aux trottoirs, [&hellip;]<\/p>\n","protected":false},"featured_media":20433,"comment_status":"open","ping_status":"closed","template":"","meta":[],"class_list":["post-20430","product","type-product","status-publish","has-post-thumbnail","hentry","product_cat-betons","product_cat-paysagisme","product_cat-terrazzo-fr","product_tag-black-fr","product_tag-crushed-fr","product_tag-gebroken-fr","product_tag-zwart-fr","pa_color-marron","pa_grain_type-concasse"],"yoast_head":"<!-- This site is optimized with the Yoast SEO plugin v15.9.2 - https:\/\/yoast.com\/wordpress\/plugins\/seo\/ -->\n<title>Marone Mogano - Ghent Aggregates<\/title>\n<meta name=\"description\" content=\"Le NERO EBANO directement import\u00e9 d&#039;Italie pour vos projets b\u00e9ton, terrazzo et granito disponible en sac 25kg via Ghent Aggregates.\" \/>\n<link rel=\"canonical\" href=\"https:\/\/ghentaggregates.be\/fr\/producten\/marone-magone\/\" \/>\n<meta property=\"og:locale\" content=\"fr_FR\" \/>\n<meta property=\"og:type\" content=\"article\" \/>\n<meta property=\"og:title\" content=\"Marone Mogano - Ghent Aggregates\" \/>\n<meta property=\"og:description\" content=\"Le NERO EBANO directement import\u00e9 d&#039;Italie pour vos projets b\u00e9ton, terrazzo et granito disponible en sac 25kg via Ghent Aggregates.\" \/>\n<meta property=\"og:url\" content=\"https:\/\/ghentaggregates.be\/fr\/producten\/marone-magone\/\" \/>\n<meta property=\"og:site_name\" content=\"Ghent Aggregates\" \/>\n<meta property=\"article:modified_time\" content=\"2025-06-01T16:10:32+00:00\" \/>\n<meta property=\"og:image\" content=\"https:\/\/ghentaggregates.be\/wp-content\/uploads\/2025\/06\/Ghent-Aggregates-Marone-Mogano-nat.jpg\" \/>\n\t<meta property=\"og:image:width\" content=\"1152\" \/>\n\t<meta property=\"og:image:height\" content=\"768\" \/>\n<meta name=\"twitter:card\" content=\"summary_large_image\" \/>\n<meta name=\"twitter:label1\" content=\"Dur\u00e9e de lecture est.\">\n\t<meta name=\"twitter:data1\" content=\"1 minute\">\n<script type=\"application\/ld+json\" class=\"yoast-schema-graph\">{\"@context\":\"https:\/\/schema.org\",\"@graph\":[{\"@type\":\"WebSite\",\"@id\":\"https:\/\/ghentaggregates.be\/#website\",\"url\":\"https:\/\/ghentaggregates.be\/\",\"name\":\"Ghent Aggregates\",\"description\":\"Votre partenaire pour tout granulats d\\u00e9co et techniques\",\"potentialAction\":[{\"@type\":\"SearchAction\",\"target\":\"https:\/\/ghentaggregates.be\/?s={search_term_string}\",\"query-input\":\"required name=search_term_string\"}],\"inLanguage\":\"fr-BE\"},{\"@type\":\"ImageObject\",\"@id\":\"https:\/\/ghentaggregates.be\/fr\/producten\/marone-magone\/#primaryimage\",\"inLanguage\":\"fr-BE\",\"url\":\"https:\/\/ghentaggregates.be\/wp-content\/uploads\/2025\/06\/Ghent-Aggregates-Marone-Mogano-nat.jpg\",\"width\":1152,\"height\":768},{\"@type\":\"WebPage\",\"@id\":\"https:\/\/ghentaggregates.be\/fr\/producten\/marone-magone\/#webpage\",\"url\":\"https:\/\/ghentaggregates.be\/fr\/producten\/marone-magone\/\",\"name\":\"Marone Mogano - Ghent Aggregates\",\"isPartOf\":{\"@id\":\"https:\/\/ghentaggregates.be\/#website\"},\"primaryImageOfPage\":{\"@id\":\"https:\/\/ghentaggregates.be\/fr\/producten\/marone-magone\/#primaryimage\"},\"datePublished\":\"2025-06-01T16:00:54+00:00\",\"dateModified\":\"2025-06-01T16:10:32+00:00\",\"description\":\"Le NERO EBANO directement import\\u00e9 d'Italie pour vos projets b\\u00e9ton, terrazzo et granito disponible en sac 25kg via Ghent Aggregates.\",\"breadcrumb\":{\"@id\":\"https:\/\/ghentaggregates.be\/fr\/producten\/marone-magone\/#breadcrumb\"},\"inLanguage\":\"fr-BE\",\"potentialAction\":[{\"@type\":\"ReadAction\",\"target\":[\"https:\/\/ghentaggregates.be\/fr\/producten\/marone-magone\/\"]}]},{\"@type\":\"BreadcrumbList\",\"@id\":\"https:\/\/ghentaggregates.be\/fr\/producten\/marone-magone\/#breadcrumb\",\"itemListElement\":[{\"@type\":\"ListItem\",\"position\":1,\"item\":{\"@type\":\"WebPage\",\"@id\":\"https:\/\/ghentaggregates.be\/fr\/\",\"url\":\"https:\/\/ghentaggregates.be\/fr\/\",\"name\":\"Home\"}},{\"@type\":\"ListItem\",\"position\":2,\"item\":{\"@type\":\"WebPage\",\"@id\":\"https:\/\/ghentaggregates.be\/fr\/producten\/marone-magone\/\",\"url\":\"https:\/\/ghentaggregates.be\/fr\/producten\/marone-magone\/\",\"name\":\"Marone Mogano\"}}]}]}<\/script>\n<!-- \/ Yoast SEO plugin. -->","_links":{"self":[{"href":"https:\/\/ghentaggregates.be\/fr\/wp-json\/wp\/v2\/product\/20430"}],"collection":[{"href":"https:\/\/ghentaggregates.be\/fr\/wp-json\/wp\/v2\/product"}],"about":[{"href":"https:\/\/ghentaggregates.be\/fr\/wp-json\/wp\/v2\/types\/product"}],"replies":[{"embeddable":true,"href":"https:\/\/ghentaggregates.be\/fr\/wp-json\/wp\/v2\/comments?post=20430"}],"version-history":[{"count":0,"href":"https:\/\/ghentaggregates.be\/fr\/wp-json\/wp\/v2\/product\/20430\/revisions"}],"wp:featuredmedia":[{"embeddable":true,"href":"https:\/\/ghentaggregates.be\/fr\/wp-json\/wp\/v2\/media\/20433"}],"wp:attachment":[{"href":"https:\/\/ghentaggregates.be\/fr\/wp-json\/wp\/v2\/media?parent=20430"}],"curies":[{"name":"wp","href":"https:\/\/api.w.org\/{rel}","templated":true}]}}