{"id":8724,"date":"2016-10-31T18:10:19","date_gmt":"2016-10-31T17:10:19","guid":{"rendered":"https:\/\/ghentaggregates2019.dazzle-qa.be\/fr\/product\/basalt\/"},"modified":"2020-08-30T14:25:43","modified_gmt":"2020-08-30T12:25:43","slug":"basalte","status":"publish","type":"product","link":"https:\/\/ghentaggregates.be\/fr\/produits\/construction-routiere\/basalte\/","title":{"rendered":"Basalte"},"content":{"rendered":"<table>\n<tbody>\n<tr>\n<td>Nom produit:<\/td>\n<td>BASALTE<\/td>\n<\/tr>\n<tr>\n<td>Connu comme :<\/td>\n<td>Nero Basalte, Basalte noir<\/td>\n<\/tr>\n<tr>\n<td>Origine :<\/td>\n<td>Basalte<\/td>\n<\/tr>\n<tr>\n<td>LA :<\/td>\n<td>15<\/td>\n<\/tr>\n<tr>\n<td>Granulom\u00e9trie :<\/td>\n<td>0\/2<br \/>\n1\/3 (stock)<br \/>\n2\/5<br \/>\n2\/8 (stock)<br \/>\n5\/8 (stock)<br \/>\n8\/11 (stock)<br \/>\n8\/16 (stock)<br \/>\n11\/16 (stock)<br \/>\n8\/22<br \/>\n16\/32<br \/>\n40\/80 (stock)<br \/>\n80\/120<\/td>\n<\/tr>\n<\/tbody>\n<\/table>\n<p><strong>Remarques: <\/strong>utilisable pour travaux routiers, zones \u00e0 traffic lourd inclus, pi\u00e9ton, all\u00e9e priv\u00e9e, b\u00e9ton d\u00e9co, parvis, parc et jardin. De couleur noir intense. Autres granulom\u00e9tries sur demande disponibles. Concass\u00e9 de haute qualit\u00e9 esth\u00e9tique et\/ou technique. Attention, ce concass\u00e9 est plus lourd que les autres types. Son poids sp\u00e9cifique vrac est aux alentours de 1.800kg\/m\u00b3.<\/p>\n<p>Ghent Aggregates vous propose le basalte le plus noir du march\u00e9 europ\u00e9en. Angularit\u00e9 extra cubique, couleur intense noir et anthracite sec, ce basalte est top! Nous importons le basalte via voie d&rsquo;eau et de ce fait les stocks sont cons\u00e9quents.<\/p>\n","protected":false},"excerpt":{"rendered":"<p>Nom produit: BASALTE Connu comme : Nero Basalte, Basalte noir Origine : Basalte LA : 15 Granulom\u00e9trie : 0\/2 1\/3 (stock) 2\/5 2\/8 (stock) 5\/8 (stock) 8\/11 (stock) 8\/16 (stock) 11\/16 (stock) 8\/22 16\/32 40\/80 (stock) 80\/120 Remarques: utilisable pour travaux routiers, zones \u00e0 traffic lourd inclus, pi\u00e9ton, all\u00e9e priv\u00e9e, b\u00e9ton d\u00e9co, parvis, parc et [&hellip;]<\/p>\n","protected":false},"featured_media":9458,"comment_status":"open","ping_status":"closed","template":"","meta":[],"class_list":["post-8724","product","type-product","status-publish","has-post-thumbnail","hentry","product_cat-construction-routiere","product_cat-betons","product_cat-paysagisme","product_tag-black-fr","product_tag-crushed-fr","pa_color-noir","pa_grain_type-concasse"],"yoast_head":"<!-- This site is optimized with the Yoast SEO plugin v15.9.2 - https:\/\/yoast.com\/wordpress\/plugins\/seo\/ -->\n<title>Basalte - Ghent Aggregates<\/title>\n<link rel=\"canonical\" href=\"https:\/\/ghentaggregates.be\/fr\/produits\/construction-routiere\/basalte\/\" \/>\n<meta property=\"og:locale\" content=\"fr_FR\" \/>\n<meta property=\"og:type\" content=\"article\" \/>\n<meta property=\"og:title\" content=\"Basalte - Ghent Aggregates\" \/>\n<meta property=\"og:description\" content=\"Nom produit: BASALTE Connu comme : Nero Basalte, Basalte noir Origine : Basalte LA : 15 Granulom\u00e9trie : 0\/2 1\/3 (stock) 2\/5 2\/8 (stock) 5\/8 (stock) 8\/11 (stock) 8\/16 (stock) 11\/16 (stock) 8\/22 16\/32 40\/80 (stock) 80\/120 Remarques: utilisable pour travaux routiers, zones \u00e0 traffic lourd inclus, pi\u00e9ton, all\u00e9e priv\u00e9e, b\u00e9ton d\u00e9co, parvis, parc et [&hellip;]\" \/>\n<meta property=\"og:url\" content=\"https:\/\/ghentaggregates.be\/fr\/produits\/construction-routiere\/basalte\/\" \/>\n<meta property=\"og:site_name\" content=\"Ghent Aggregates\" \/>\n<meta property=\"article:modified_time\" content=\"2020-08-30T12:25:43+00:00\" \/>\n<meta property=\"og:image\" content=\"https:\/\/ghentaggregates.be\/wp-content\/uploads\/2016\/10\/ghent-aggregates-basalt-8-11.jpg\" \/>\n\t<meta property=\"og:image:width\" content=\"1152\" \/>\n\t<meta property=\"og:image:height\" content=\"768\" \/>\n<meta name=\"twitter:card\" content=\"summary_large_image\" \/>\n<meta name=\"twitter:label1\" content=\"Dur\u00e9e de lecture est.\">\n\t<meta name=\"twitter:data1\" content=\"1 minute\">\n<script type=\"application\/ld+json\" class=\"yoast-schema-graph\">{\"@context\":\"https:\/\/schema.org\",\"@graph\":[{\"@type\":\"WebSite\",\"@id\":\"https:\/\/ghentaggregates.be\/#website\",\"url\":\"https:\/\/ghentaggregates.be\/\",\"name\":\"Ghent Aggregates\",\"description\":\"Votre partenaire pour tout granulats d\\u00e9co et techniques\",\"potentialAction\":[{\"@type\":\"SearchAction\",\"target\":\"https:\/\/ghentaggregates.be\/?s={search_term_string}\",\"query-input\":\"required name=search_term_string\"}],\"inLanguage\":\"fr-BE\"},{\"@type\":\"ImageObject\",\"@id\":\"https:\/\/ghentaggregates.be\/fr\/produits\/construction-routiere\/basalte\/#primaryimage\",\"inLanguage\":\"fr-BE\",\"url\":\"https:\/\/ghentaggregates.be\/wp-content\/uploads\/2016\/10\/ghent-aggregates-basalt-8-11.jpg\",\"width\":1152,\"height\":768},{\"@type\":\"WebPage\",\"@id\":\"https:\/\/ghentaggregates.be\/fr\/produits\/construction-routiere\/basalte\/#webpage\",\"url\":\"https:\/\/ghentaggregates.be\/fr\/produits\/construction-routiere\/basalte\/\",\"name\":\"Basalte - Ghent Aggregates\",\"isPartOf\":{\"@id\":\"https:\/\/ghentaggregates.be\/#website\"},\"primaryImageOfPage\":{\"@id\":\"https:\/\/ghentaggregates.be\/fr\/produits\/construction-routiere\/basalte\/#primaryimage\"},\"datePublished\":\"2016-10-31T17:10:19+00:00\",\"dateModified\":\"2020-08-30T12:25:43+00:00\",\"breadcrumb\":{\"@id\":\"https:\/\/ghentaggregates.be\/fr\/produits\/construction-routiere\/basalte\/#breadcrumb\"},\"inLanguage\":\"fr-BE\",\"potentialAction\":[{\"@type\":\"ReadAction\",\"target\":[\"https:\/\/ghentaggregates.be\/fr\/produits\/construction-routiere\/basalte\/\"]}]},{\"@type\":\"BreadcrumbList\",\"@id\":\"https:\/\/ghentaggregates.be\/fr\/produits\/construction-routiere\/basalte\/#breadcrumb\",\"itemListElement\":[{\"@type\":\"ListItem\",\"position\":1,\"item\":{\"@type\":\"WebPage\",\"@id\":\"https:\/\/ghentaggregates.be\/fr\/\",\"url\":\"https:\/\/ghentaggregates.be\/fr\/\",\"name\":\"Home\"}},{\"@type\":\"ListItem\",\"position\":2,\"item\":{\"@type\":\"WebPage\",\"@id\":\"https:\/\/ghentaggregates.be\/fr\/produits\/construction-routiere\/\",\"url\":\"https:\/\/ghentaggregates.be\/fr\/produits\/construction-routiere\/\",\"name\":\"Construction routi\\u00e8re\"}},{\"@type\":\"ListItem\",\"position\":3,\"item\":{\"@type\":\"WebPage\",\"@id\":\"https:\/\/ghentaggregates.be\/fr\/produits\/construction-routiere\/basalte\/\",\"url\":\"https:\/\/ghentaggregates.be\/fr\/produits\/construction-routiere\/basalte\/\",\"name\":\"Basalte\"}}]}]}<\/script>\n<!-- \/ Yoast SEO plugin. -->","_links":{"self":[{"href":"https:\/\/ghentaggregates.be\/fr\/wp-json\/wp\/v2\/product\/8724"}],"collection":[{"href":"https:\/\/ghentaggregates.be\/fr\/wp-json\/wp\/v2\/product"}],"about":[{"href":"https:\/\/ghentaggregates.be\/fr\/wp-json\/wp\/v2\/types\/product"}],"replies":[{"embeddable":true,"href":"https:\/\/ghentaggregates.be\/fr\/wp-json\/wp\/v2\/comments?post=8724"}],"version-history":[{"count":0,"href":"https:\/\/ghentaggregates.be\/fr\/wp-json\/wp\/v2\/product\/8724\/revisions"}],"wp:featuredmedia":[{"embeddable":true,"href":"https:\/\/ghentaggregates.be\/fr\/wp-json\/wp\/v2\/media\/9458"}],"wp:attachment":[{"href":"https:\/\/ghentaggregates.be\/fr\/wp-json\/wp\/v2\/media?parent=8724"}],"curies":[{"name":"wp","href":"https:\/\/api.w.org\/{rel}","templated":true}]}}