{"id":8760,"date":"2016-10-31T18:36:17","date_gmt":"2016-10-31T17:36:17","guid":{"rendered":"https:\/\/ghentaggregates2019.dazzle-qa.be\/fr\/product\/roc-dor\/"},"modified":"2022-07-17T16:11:30","modified_gmt":"2022-07-17T14:11:30","slug":"roc-dor","status":"publish","type":"product","link":"https:\/\/ghentaggregates.be\/fr\/produits\/betons\/roc-dor\/","title":{"rendered":"Roc d\u2019Or"},"content":{"rendered":"<table>\n<tbody>\n<tr>\n<td>Nom produit:<\/td>\n<td>ROC D&rsquo;OR<\/td>\n<\/tr>\n<tr>\n<td>Connu comme :<\/td>\n<td>Jura, Jura jaune, Parc d&rsquo;or, Fontenoille<\/td>\n<\/tr>\n<tr>\n<td>Origine :<\/td>\n<td>Calcaire-gr\u00e8s<\/td>\n<\/tr>\n<tr>\n<td>LA :<\/td>\n<td>27<\/td>\n<\/tr>\n<tr>\n<td>Granulom\u00e9trie :<\/td>\n<td>0\/4<br \/>\n0\/16<br \/>\n4\/8 (stock)<br \/>\n5\/16 (stock)<br \/>\n8\/16 (stock)<br \/>\n10\/20<br \/>\n20\/40<br \/>\n40\/80<\/td>\n<\/tr>\n<\/tbody>\n<\/table>\n<p><strong>Remarques:\u00a0<\/strong>utilisable pour travaux routiers (sauf zones traffic lourd), pi\u00e9ton, all\u00e9e priv\u00e9e, b\u00e9ton d\u00e9co, parvis, parc et jardin, gabions. Alternatif parfait pour le parc d&rsquo;or, car cette pierre ne brise pas sous les passages de voitures, elle est non-g\u00e9live et ne donne pas continuellement de poussi\u00e8re. Pour autant le Roc d&rsquo;Or a le m\u00eame aspect jaune-dor\u00e9e.<\/p>\n<p>Ce granulat ocre est \u00e9galement le rempla\u00e7ant certifi\u00e9 du Fontenoille pour vos applications b\u00e9ton CE EN12620. Diff\u00e9rentes granulom\u00e9tries sont disponibles pour vos projets b\u00e9ton, d\u00e9co, finission etc. Livraisons en vrac et bigbag possible directement au chantier.<\/p>\n","protected":false},"excerpt":{"rendered":"<p>Nom produit: ROC D&rsquo;OR Connu comme : Jura, Jura jaune, Parc d&rsquo;or, Fontenoille Origine : Calcaire-gr\u00e8s LA : 27 Granulom\u00e9trie : 0\/4 0\/16 4\/8 (stock) 5\/16 (stock) 8\/16 (stock) 10\/20 20\/40 40\/80 Remarques:\u00a0utilisable pour travaux routiers (sauf zones traffic lourd), pi\u00e9ton, all\u00e9e priv\u00e9e, b\u00e9ton d\u00e9co, parvis, parc et jardin, gabions. Alternatif parfait pour le parc [&hellip;]<\/p>\n","protected":false},"featured_media":9337,"comment_status":"open","ping_status":"closed","template":"","meta":[],"class_list":["post-8760","product","type-product","status-publish","has-post-thumbnail","hentry","product_cat-betons","product_cat-paysagisme","product_tag-crushed-fr","product_tag-yellow-fr","pa_color-jaune","pa_grain_type-concasse"],"yoast_head":"<!-- This site is optimized with the Yoast SEO plugin v15.9.2 - https:\/\/yoast.com\/wordpress\/plugins\/seo\/ -->\n<title>Roc d\u2019Or - Ghent Aggregates<\/title>\n<meta name=\"description\" content=\"Le Roc d&#039;Or est un gr\u00e8s jaune ocre disponible pour b\u00e9tons, projets et d\u00e9coration de haute qualit\u00e9.\" \/>\n<link rel=\"canonical\" href=\"https:\/\/ghentaggregates.be\/fr\/produits\/betons\/roc-dor\/\" \/>\n<meta property=\"og:locale\" content=\"fr_FR\" \/>\n<meta property=\"og:type\" content=\"article\" \/>\n<meta property=\"og:title\" content=\"Roc d\u2019Or - Ghent Aggregates\" \/>\n<meta property=\"og:description\" content=\"Le Roc d&#039;Or est un gr\u00e8s jaune ocre disponible pour b\u00e9tons, projets et d\u00e9coration de haute qualit\u00e9.\" \/>\n<meta property=\"og:url\" content=\"https:\/\/ghentaggregates.be\/fr\/produits\/betons\/roc-dor\/\" \/>\n<meta property=\"og:site_name\" content=\"Ghent Aggregates\" \/>\n<meta property=\"article:modified_time\" content=\"2022-07-17T14:11:30+00:00\" \/>\n<meta property=\"og:image\" content=\"https:\/\/ghentaggregates.be\/wp-content\/uploads\/2017\/01\/ghent-aggregates-rock-dor-4-16-1024x683.jpg\" \/>\n\t<meta property=\"og:image:width\" content=\"1024\" \/>\n\t<meta property=\"og:image:height\" content=\"683\" \/>\n<meta name=\"twitter:card\" content=\"summary_large_image\" \/>\n<meta name=\"twitter:label1\" content=\"Dur\u00e9e de lecture est.\">\n\t<meta name=\"twitter:data1\" content=\"1 minute\">\n<script type=\"application\/ld+json\" class=\"yoast-schema-graph\">{\"@context\":\"https:\/\/schema.org\",\"@graph\":[{\"@type\":\"WebSite\",\"@id\":\"https:\/\/ghentaggregates.be\/#website\",\"url\":\"https:\/\/ghentaggregates.be\/\",\"name\":\"Ghent Aggregates\",\"description\":\"Votre partenaire pour tout granulats d\\u00e9co et techniques\",\"potentialAction\":[{\"@type\":\"SearchAction\",\"target\":\"https:\/\/ghentaggregates.be\/?s={search_term_string}\",\"query-input\":\"required name=search_term_string\"}],\"inLanguage\":\"fr-BE\"},{\"@type\":\"ImageObject\",\"@id\":\"https:\/\/ghentaggregates.be\/fr\/produits\/betons\/roc-dor\/#primaryimage\",\"inLanguage\":\"fr-BE\",\"url\":\"https:\/\/ghentaggregates.be\/wp-content\/uploads\/2017\/01\/ghent-aggregates-rock-dor-4-16.jpg\",\"width\":5184,\"height\":3456},{\"@type\":\"WebPage\",\"@id\":\"https:\/\/ghentaggregates.be\/fr\/produits\/betons\/roc-dor\/#webpage\",\"url\":\"https:\/\/ghentaggregates.be\/fr\/produits\/betons\/roc-dor\/\",\"name\":\"Roc d\\u2019Or - Ghent Aggregates\",\"isPartOf\":{\"@id\":\"https:\/\/ghentaggregates.be\/#website\"},\"primaryImageOfPage\":{\"@id\":\"https:\/\/ghentaggregates.be\/fr\/produits\/betons\/roc-dor\/#primaryimage\"},\"datePublished\":\"2016-10-31T17:36:17+00:00\",\"dateModified\":\"2022-07-17T14:11:30+00:00\",\"description\":\"Le Roc d'Or est un gr\\u00e8s jaune ocre disponible pour b\\u00e9tons, projets et d\\u00e9coration de haute qualit\\u00e9.\",\"breadcrumb\":{\"@id\":\"https:\/\/ghentaggregates.be\/fr\/produits\/betons\/roc-dor\/#breadcrumb\"},\"inLanguage\":\"fr-BE\",\"potentialAction\":[{\"@type\":\"ReadAction\",\"target\":[\"https:\/\/ghentaggregates.be\/fr\/produits\/betons\/roc-dor\/\"]}]},{\"@type\":\"BreadcrumbList\",\"@id\":\"https:\/\/ghentaggregates.be\/fr\/produits\/betons\/roc-dor\/#breadcrumb\",\"itemListElement\":[{\"@type\":\"ListItem\",\"position\":1,\"item\":{\"@type\":\"WebPage\",\"@id\":\"https:\/\/ghentaggregates.be\/fr\/\",\"url\":\"https:\/\/ghentaggregates.be\/fr\/\",\"name\":\"Home\"}},{\"@type\":\"ListItem\",\"position\":2,\"item\":{\"@type\":\"WebPage\",\"@id\":\"https:\/\/ghentaggregates.be\/fr\/produits\/betons\/\",\"url\":\"https:\/\/ghentaggregates.be\/fr\/produits\/betons\/\",\"name\":\"Granulats pour b\\u00e9tons\"}},{\"@type\":\"ListItem\",\"position\":3,\"item\":{\"@type\":\"WebPage\",\"@id\":\"https:\/\/ghentaggregates.be\/fr\/produits\/betons\/roc-dor\/\",\"url\":\"https:\/\/ghentaggregates.be\/fr\/produits\/betons\/roc-dor\/\",\"name\":\"Roc d\\u2019Or\"}}]}]}<\/script>\n<!-- \/ Yoast SEO plugin. -->","_links":{"self":[{"href":"https:\/\/ghentaggregates.be\/fr\/wp-json\/wp\/v2\/product\/8760"}],"collection":[{"href":"https:\/\/ghentaggregates.be\/fr\/wp-json\/wp\/v2\/product"}],"about":[{"href":"https:\/\/ghentaggregates.be\/fr\/wp-json\/wp\/v2\/types\/product"}],"replies":[{"embeddable":true,"href":"https:\/\/ghentaggregates.be\/fr\/wp-json\/wp\/v2\/comments?post=8760"}],"version-history":[{"count":0,"href":"https:\/\/ghentaggregates.be\/fr\/wp-json\/wp\/v2\/product\/8760\/revisions"}],"wp:featuredmedia":[{"embeddable":true,"href":"https:\/\/ghentaggregates.be\/fr\/wp-json\/wp\/v2\/media\/9337"}],"wp:attachment":[{"href":"https:\/\/ghentaggregates.be\/fr\/wp-json\/wp\/v2\/media?parent=8760"}],"curies":[{"name":"wp","href":"https:\/\/api.w.org\/{rel}","templated":true}]}}