{"id":8774,"date":"2016-10-31T18:24:39","date_gmt":"2016-10-31T17:24:39","guid":{"rendered":"https:\/\/ghentaggregates2019.dazzle-qa.be\/fr\/product\/verts-des-alpes\/"},"modified":"2024-04-01T18:58:23","modified_gmt":"2024-04-01T16:58:23","slug":"alpine-green","status":"publish","type":"product","link":"https:\/\/ghentaggregates.be\/fr\/produits\/construction-routiere\/alpine-green\/","title":{"rendered":"Alpine Green"},"content":{"rendered":"<table>\n<tbody>\n<tr>\n<td>Nom produit:<\/td>\n<td>ALPINE GREEN<\/td>\n<\/tr>\n<tr>\n<td>Connu comme :<\/td>\n<td>Verdi Alpi, Verde Alpi<\/td>\n<\/tr>\n<tr>\n<td>Origine :<\/td>\n<td>Serpentine<\/td>\n<\/tr>\n<tr>\n<td>LA :<\/td>\n<td>19<\/td>\n<\/tr>\n<tr>\n<td>Granulom\u00e9trie :<\/td>\n<td>N\u00b0 1 &#8211; 1\/3 (stock 25 kg)<br \/>\nN\u00b0 2 &#8211; 3\/5 (stock 25 kg)<br \/>\nN\u00b03 &#8211; 5\/8 (stock 25 kg)<br \/>\nN\u00b04 &#8211; 8\/12 (stock BB \/ 25 kg)<br \/>\nN\u00b0 5 &#8211; 12\/16<br \/>\n16\/20<br \/>\n20\/32<\/td>\n<\/tr>\n<\/tbody>\n<\/table>\n<p><strong>Remarques: <\/strong>utilisable pour travaux routiers (sauf zones traffic lourd), pi\u00e9ton, all\u00e9e priv\u00e9e, b\u00e9ton d\u00e9co, parvis, parc et jardin. Mat\u00e9riaux verts d\u00fbrs, peut contenir des accents blancs. Couleurs varient entre vert fonc\u00e9 et vert clair.<\/p>\n<p>Vous recherchez un granulat r\u00e9ellement vert, et non pas vert\u00e2tre ou gris tendance vert? Alors celui-ci r\u00e9pondra \u00e0 toutes vos attentes. Un concass\u00e9 de haute qualit\u00e9, durable et incomparable avec des tons verts claires, olives et fonc\u00e9s, directement des hautes montagnes!<\/p>\n<p>Le <strong>ALPI VERDI \/ VERTS DES ALPES<\/strong> est disponible dor\u00e9navent :<br \/>\n&#8211; Sacs 25 kg &#8211; 1 palette 40 pcs<br \/>\n&#8211; Le 8\/12 en bigbag<br \/>\nPlus grandes quantit\u00e9s possible sur commande!<\/p>\n","protected":false},"excerpt":{"rendered":"<p>Nom produit: ALPINE GREEN Connu comme : Verdi Alpi, Verde Alpi Origine : Serpentine LA : 19 Granulom\u00e9trie : N\u00b0 1 &#8211; 1\/3 (stock 25 kg) N\u00b0 2 &#8211; 3\/5 (stock 25 kg) N\u00b03 &#8211; 5\/8 (stock 25 kg) N\u00b04 &#8211; 8\/12 (stock BB \/ 25 kg) N\u00b0 5 &#8211; 12\/16 16\/20 20\/32 Remarques: utilisable [&hellip;]<\/p>\n","protected":false},"featured_media":9364,"comment_status":"open","ping_status":"closed","template":"","meta":[],"class_list":["post-8774","product","type-product","status-publish","has-post-thumbnail","hentry","product_cat-construction-routiere","product_cat-betons","product_cat-paysagisme","product_cat-terrazzo-fr","product_tag-crushed-fr","product_tag-green-fr","pa_color-vert","pa_grain_type-concasse"],"yoast_head":"<!-- This site is optimized with the Yoast SEO plugin v15.9.2 - https:\/\/yoast.com\/wordpress\/plugins\/seo\/ -->\n<title>Alpine Green - Ghent Aggregates<\/title>\n<link rel=\"canonical\" href=\"https:\/\/ghentaggregates.be\/fr\/produits\/construction-routiere\/alpine-green\/\" \/>\n<meta property=\"og:locale\" content=\"fr_FR\" \/>\n<meta property=\"og:type\" content=\"article\" \/>\n<meta property=\"og:title\" content=\"Alpine Green - Ghent Aggregates\" \/>\n<meta property=\"og:description\" content=\"Nom produit: ALPINE GREEN Connu comme : Verdi Alpi, Verde Alpi Origine : Serpentine LA : 19 Granulom\u00e9trie : N\u00b0 1 &#8211; 1\/3 (stock 25 kg) N\u00b0 2 &#8211; 3\/5 (stock 25 kg) N\u00b03 &#8211; 5\/8 (stock 25 kg) N\u00b04 &#8211; 8\/12 (stock BB \/ 25 kg) N\u00b0 5 &#8211; 12\/16 16\/20 20\/32 Remarques: utilisable [&hellip;]\" \/>\n<meta property=\"og:url\" content=\"https:\/\/ghentaggregates.be\/fr\/produits\/construction-routiere\/alpine-green\/\" \/>\n<meta property=\"og:site_name\" content=\"Ghent Aggregates\" \/>\n<meta property=\"article:modified_time\" content=\"2024-04-01T16:58:23+00:00\" \/>\n<meta property=\"og:image\" content=\"https:\/\/ghentaggregates.be\/wp-content\/uploads\/2016\/10\/ghent-aggregates-alpine-green-8-12-1.jpg\" \/>\n\t<meta property=\"og:image:width\" content=\"1152\" \/>\n\t<meta property=\"og:image:height\" content=\"768\" \/>\n<meta name=\"twitter:card\" content=\"summary_large_image\" \/>\n<meta name=\"twitter:label1\" content=\"Dur\u00e9e de lecture est.\">\n\t<meta name=\"twitter:data1\" content=\"1 minute\">\n<script type=\"application\/ld+json\" class=\"yoast-schema-graph\">{\"@context\":\"https:\/\/schema.org\",\"@graph\":[{\"@type\":\"WebSite\",\"@id\":\"https:\/\/ghentaggregates.be\/#website\",\"url\":\"https:\/\/ghentaggregates.be\/\",\"name\":\"Ghent Aggregates\",\"description\":\"Votre partenaire pour tout granulats d\\u00e9co et techniques\",\"potentialAction\":[{\"@type\":\"SearchAction\",\"target\":\"https:\/\/ghentaggregates.be\/?s={search_term_string}\",\"query-input\":\"required name=search_term_string\"}],\"inLanguage\":\"fr-BE\"},{\"@type\":\"ImageObject\",\"@id\":\"https:\/\/ghentaggregates.be\/fr\/produits\/construction-routiere\/alpine-green\/#primaryimage\",\"inLanguage\":\"fr-BE\",\"url\":\"https:\/\/ghentaggregates.be\/wp-content\/uploads\/2016\/10\/ghent-aggregates-alpine-green-8-12-1.jpg\",\"width\":1152,\"height\":768},{\"@type\":\"WebPage\",\"@id\":\"https:\/\/ghentaggregates.be\/fr\/produits\/construction-routiere\/alpine-green\/#webpage\",\"url\":\"https:\/\/ghentaggregates.be\/fr\/produits\/construction-routiere\/alpine-green\/\",\"name\":\"Alpine Green - Ghent Aggregates\",\"isPartOf\":{\"@id\":\"https:\/\/ghentaggregates.be\/#website\"},\"primaryImageOfPage\":{\"@id\":\"https:\/\/ghentaggregates.be\/fr\/produits\/construction-routiere\/alpine-green\/#primaryimage\"},\"datePublished\":\"2016-10-31T17:24:39+00:00\",\"dateModified\":\"2024-04-01T16:58:23+00:00\",\"breadcrumb\":{\"@id\":\"https:\/\/ghentaggregates.be\/fr\/produits\/construction-routiere\/alpine-green\/#breadcrumb\"},\"inLanguage\":\"fr-BE\",\"potentialAction\":[{\"@type\":\"ReadAction\",\"target\":[\"https:\/\/ghentaggregates.be\/fr\/produits\/construction-routiere\/alpine-green\/\"]}]},{\"@type\":\"BreadcrumbList\",\"@id\":\"https:\/\/ghentaggregates.be\/fr\/produits\/construction-routiere\/alpine-green\/#breadcrumb\",\"itemListElement\":[{\"@type\":\"ListItem\",\"position\":1,\"item\":{\"@type\":\"WebPage\",\"@id\":\"https:\/\/ghentaggregates.be\/fr\/\",\"url\":\"https:\/\/ghentaggregates.be\/fr\/\",\"name\":\"Home\"}},{\"@type\":\"ListItem\",\"position\":2,\"item\":{\"@type\":\"WebPage\",\"@id\":\"https:\/\/ghentaggregates.be\/fr\/produits\/construction-routiere\/\",\"url\":\"https:\/\/ghentaggregates.be\/fr\/produits\/construction-routiere\/\",\"name\":\"Construction routi\\u00e8re\"}},{\"@type\":\"ListItem\",\"position\":3,\"item\":{\"@type\":\"WebPage\",\"@id\":\"https:\/\/ghentaggregates.be\/fr\/produits\/construction-routiere\/alpine-green\/\",\"url\":\"https:\/\/ghentaggregates.be\/fr\/produits\/construction-routiere\/alpine-green\/\",\"name\":\"Alpine Green\"}}]}]}<\/script>\n<!-- \/ Yoast SEO plugin. -->","_links":{"self":[{"href":"https:\/\/ghentaggregates.be\/fr\/wp-json\/wp\/v2\/product\/8774"}],"collection":[{"href":"https:\/\/ghentaggregates.be\/fr\/wp-json\/wp\/v2\/product"}],"about":[{"href":"https:\/\/ghentaggregates.be\/fr\/wp-json\/wp\/v2\/types\/product"}],"replies":[{"embeddable":true,"href":"https:\/\/ghentaggregates.be\/fr\/wp-json\/wp\/v2\/comments?post=8774"}],"version-history":[{"count":0,"href":"https:\/\/ghentaggregates.be\/fr\/wp-json\/wp\/v2\/product\/8774\/revisions"}],"wp:featuredmedia":[{"embeddable":true,"href":"https:\/\/ghentaggregates.be\/fr\/wp-json\/wp\/v2\/media\/9364"}],"wp:attachment":[{"href":"https:\/\/ghentaggregates.be\/fr\/wp-json\/wp\/v2\/media?parent=8774"}],"curies":[{"name":"wp","href":"https:\/\/api.w.org\/{rel}","templated":true}]}}