{"id":9372,"date":"2017-01-23T09:33:27","date_gmt":"2017-01-23T08:33:27","guid":{"rendered":"https:\/\/ghentaggregates2019.dazzle-qa.be\/product\/alsack\/"},"modified":"2020-08-13T22:41:11","modified_gmt":"2020-08-13T20:41:11","slug":"rhin","status":"publish","type":"product","link":"https:\/\/ghentaggregates.be\/fr\/produits\/construction-routiere\/rhin\/","title":{"rendered":"Roul\u00e9 du Rhin"},"content":{"rendered":"<table>\n<tbody>\n<tr>\n<td>Nom produit:<\/td>\n<td>ROULE DU RHIN<\/td>\n<\/tr>\n<tr>\n<td>Origine :<\/td>\n<td>Silico-calcaire<\/td>\n<\/tr>\n<tr>\n<td>LA :<\/td>\n<td>22<\/td>\n<\/tr>\n<tr>\n<td>Granulom\u00e9trie :<\/td>\n<td>0\/4<br \/>\n4\/8 (stock)<br \/>\n4\/16 (stock)<br \/>\n8\/16 (stock)<br \/>\n4\/32 (stock)<br \/>\n16\/32 (stock)<\/td>\n<\/tr>\n<\/tbody>\n<\/table>\n<p><strong>Remarques: <\/strong>utilisable pour travaux routiers, pi\u00e9ton, all\u00e9e priv\u00e9e, b\u00e9ton d\u00e9co, parvis, parc et jardin. Aussi parfaitement \u00e0 employer dans des zones de drainages &#8211; surtout les granulom\u00e9tries plus importantes (\u00e0 partir du 8\/16R).<\/p>\n<p>Ghent Aggregates a la possibilit\u00e9 de vous livrer directement via la voie d&rsquo;eau pour ces mat\u00e9riaux. La production \u00e0 la base est BENOR certifi\u00e9 et peut vous donc d\u00e9livrer les mat\u00e9riaux avec BENOR. Nos stocks \u00e0 Gand sont cons\u00e9quents : livraison continue sans compromis de tous les calibres dans n&rsquo;importe quelle circonstance. Comme nous travaillons avec une seule production, on peut garantir \u00e0 la fois la continuit\u00e9, couleur, stabilit\u00e9 et qualit\u00e9. Contactez-nous pour toutes informations.<\/p>\n","protected":false},"excerpt":{"rendered":"<p>Nom produit: ROULE DU RHIN Origine : Silico-calcaire LA : 22 Granulom\u00e9trie : 0\/4 4\/8 (stock) 4\/16 (stock) 8\/16 (stock) 4\/32 (stock) 16\/32 (stock) Remarques: utilisable pour travaux routiers, pi\u00e9ton, all\u00e9e priv\u00e9e, b\u00e9ton d\u00e9co, parvis, parc et jardin. Aussi parfaitement \u00e0 employer dans des zones de drainages &#8211; surtout les granulom\u00e9tries plus importantes (\u00e0 partir [&hellip;]<\/p>\n","protected":false},"featured_media":9370,"comment_status":"open","ping_status":"closed","template":"","meta":[],"class_list":["post-9372","product","type-product","status-publish","has-post-thumbnail","hentry","product_cat-construction-routiere","product_cat-drainage-et-fondation","product_cat-betons","product_cat-paysagisme","product_cat-terrazzo-fr","product_tag-black-fr","product_tag-round-fr","product_tag-white-fr","product_tag-yellow-fr","pa_color-gris","pa_color-jaune","pa_color-melange","pa_color-noir","pa_grain_type-roule"],"yoast_head":"<!-- This site is optimized with the Yoast SEO plugin v15.9.2 - https:\/\/yoast.com\/wordpress\/plugins\/seo\/ -->\n<title>Roul\u00e9 du Rhin - Ghent Aggregates<\/title>\n<link rel=\"canonical\" href=\"https:\/\/ghentaggregates.be\/fr\/produits\/construction-routiere\/rhin\/\" \/>\n<meta property=\"og:locale\" content=\"fr_FR\" \/>\n<meta property=\"og:type\" content=\"article\" \/>\n<meta property=\"og:title\" content=\"Roul\u00e9 du Rhin - Ghent Aggregates\" \/>\n<meta property=\"og:description\" content=\"Nom produit: ROULE DU RHIN Origine : Silico-calcaire LA : 22 Granulom\u00e9trie : 0\/4 4\/8 (stock) 4\/16 (stock) 8\/16 (stock) 4\/32 (stock) 16\/32 (stock) Remarques: utilisable pour travaux routiers, pi\u00e9ton, all\u00e9e priv\u00e9e, b\u00e9ton d\u00e9co, parvis, parc et jardin. Aussi parfaitement \u00e0 employer dans des zones de drainages &#8211; surtout les granulom\u00e9tries plus importantes (\u00e0 partir [&hellip;]\" \/>\n<meta property=\"og:url\" content=\"https:\/\/ghentaggregates.be\/fr\/produits\/construction-routiere\/rhin\/\" \/>\n<meta property=\"og:site_name\" content=\"Ghent Aggregates\" \/>\n<meta property=\"article:modified_time\" content=\"2020-08-13T20:41:11+00:00\" \/>\n<meta property=\"og:image\" content=\"https:\/\/ghentaggregates.be\/wp-content\/uploads\/2017\/01\/ghent-aggregates-alsack-4-8R.jpg\" \/>\n\t<meta property=\"og:image:width\" content=\"1152\" \/>\n\t<meta property=\"og:image:height\" content=\"768\" \/>\n<meta name=\"twitter:card\" content=\"summary_large_image\" \/>\n<meta name=\"twitter:label1\" content=\"Dur\u00e9e de lecture est.\">\n\t<meta name=\"twitter:data1\" content=\"1 minute\">\n<script type=\"application\/ld+json\" class=\"yoast-schema-graph\">{\"@context\":\"https:\/\/schema.org\",\"@graph\":[{\"@type\":\"WebSite\",\"@id\":\"https:\/\/ghentaggregates.be\/#website\",\"url\":\"https:\/\/ghentaggregates.be\/\",\"name\":\"Ghent Aggregates\",\"description\":\"Votre partenaire pour tout granulats d\\u00e9co et techniques\",\"potentialAction\":[{\"@type\":\"SearchAction\",\"target\":\"https:\/\/ghentaggregates.be\/?s={search_term_string}\",\"query-input\":\"required name=search_term_string\"}],\"inLanguage\":\"fr-BE\"},{\"@type\":\"ImageObject\",\"@id\":\"https:\/\/ghentaggregates.be\/fr\/produits\/construction-routiere\/rhin\/#primaryimage\",\"inLanguage\":\"fr-BE\",\"url\":\"https:\/\/ghentaggregates.be\/wp-content\/uploads\/2017\/01\/ghent-aggregates-alsack-4-8R.jpg\",\"width\":1152,\"height\":768},{\"@type\":\"WebPage\",\"@id\":\"https:\/\/ghentaggregates.be\/fr\/produits\/construction-routiere\/rhin\/#webpage\",\"url\":\"https:\/\/ghentaggregates.be\/fr\/produits\/construction-routiere\/rhin\/\",\"name\":\"Roul\\u00e9 du Rhin - Ghent Aggregates\",\"isPartOf\":{\"@id\":\"https:\/\/ghentaggregates.be\/#website\"},\"primaryImageOfPage\":{\"@id\":\"https:\/\/ghentaggregates.be\/fr\/produits\/construction-routiere\/rhin\/#primaryimage\"},\"datePublished\":\"2017-01-23T08:33:27+00:00\",\"dateModified\":\"2020-08-13T20:41:11+00:00\",\"breadcrumb\":{\"@id\":\"https:\/\/ghentaggregates.be\/fr\/produits\/construction-routiere\/rhin\/#breadcrumb\"},\"inLanguage\":\"fr-BE\",\"potentialAction\":[{\"@type\":\"ReadAction\",\"target\":[\"https:\/\/ghentaggregates.be\/fr\/produits\/construction-routiere\/rhin\/\"]}]},{\"@type\":\"BreadcrumbList\",\"@id\":\"https:\/\/ghentaggregates.be\/fr\/produits\/construction-routiere\/rhin\/#breadcrumb\",\"itemListElement\":[{\"@type\":\"ListItem\",\"position\":1,\"item\":{\"@type\":\"WebPage\",\"@id\":\"https:\/\/ghentaggregates.be\/fr\/\",\"url\":\"https:\/\/ghentaggregates.be\/fr\/\",\"name\":\"Home\"}},{\"@type\":\"ListItem\",\"position\":2,\"item\":{\"@type\":\"WebPage\",\"@id\":\"https:\/\/ghentaggregates.be\/fr\/produits\/construction-routiere\/\",\"url\":\"https:\/\/ghentaggregates.be\/fr\/produits\/construction-routiere\/\",\"name\":\"Construction routi\\u00e8re\"}},{\"@type\":\"ListItem\",\"position\":3,\"item\":{\"@type\":\"WebPage\",\"@id\":\"https:\/\/ghentaggregates.be\/fr\/produits\/construction-routiere\/rhin\/\",\"url\":\"https:\/\/ghentaggregates.be\/fr\/produits\/construction-routiere\/rhin\/\",\"name\":\"Roul\\u00e9 du Rhin\"}}]}]}<\/script>\n<!-- \/ Yoast SEO plugin. -->","_links":{"self":[{"href":"https:\/\/ghentaggregates.be\/fr\/wp-json\/wp\/v2\/product\/9372"}],"collection":[{"href":"https:\/\/ghentaggregates.be\/fr\/wp-json\/wp\/v2\/product"}],"about":[{"href":"https:\/\/ghentaggregates.be\/fr\/wp-json\/wp\/v2\/types\/product"}],"replies":[{"embeddable":true,"href":"https:\/\/ghentaggregates.be\/fr\/wp-json\/wp\/v2\/comments?post=9372"}],"version-history":[{"count":0,"href":"https:\/\/ghentaggregates.be\/fr\/wp-json\/wp\/v2\/product\/9372\/revisions"}],"wp:featuredmedia":[{"embeddable":true,"href":"https:\/\/ghentaggregates.be\/fr\/wp-json\/wp\/v2\/media\/9370"}],"wp:attachment":[{"href":"https:\/\/ghentaggregates.be\/fr\/wp-json\/wp\/v2\/media?parent=9372"}],"curies":[{"name":"wp","href":"https:\/\/api.w.org\/{rel}","templated":true}]}}