{"id":9380,"date":"2017-01-23T09:43:43","date_gmt":"2017-01-23T09:43:43","guid":{"rendered":"https:\/\/ghentaggregates2019.dazzle-qa.be\/product\/amarilloo\/"},"modified":"2019-10-15T10:27:10","modified_gmt":"2019-10-15T10:27:10","slug":"iride","status":"publish","type":"product","link":"https:\/\/ghentaggregates.be\/fr\/produits\/betons\/iride\/","title":{"rendered":"Iride"},"content":{"rendered":"<table>\n<tr>\n<td>Nom produit:<\/td>\n<td>IRIDE<\/td>\n<\/tr>\n<tr>\n<td>Origine :<\/td>\n<td>Calcaire-marbre<\/td>\n<\/tr>\n<tr>\n<td>LA :<\/td>\n<td>30<\/td>\n<\/tr>\n<tr>\n<td>Granulom\u00e9trie :<\/td>\n<td>4\/12<\/td>\n<\/tr>\n<\/table>\n<p><strong>Remarques:\u00a0<\/strong>pi\u00e9ton, all\u00e9e priv\u00e9e, b\u00e9ton d\u00e9co, parvis, parc et jardin. Gravillon tr\u00e8s d\u00e9corative de classe exceptionnelle. M\u00e9lange classe de ton l\u00e9ger.<\/p>\n","protected":false},"excerpt":{"rendered":"<p>Nom produit: IRIDE Origine : Calcaire-marbre LA : 30 Granulom\u00e9trie : 4\/12 Remarques:\u00a0pi\u00e9ton, all\u00e9e priv\u00e9e, b\u00e9ton d\u00e9co, parvis, parc et jardin. Gravillon tr\u00e8s d\u00e9corative de classe exceptionnelle. M\u00e9lange classe de ton l\u00e9ger.<\/p>\n","protected":false},"featured_media":9378,"comment_status":"open","ping_status":"closed","template":"","meta":[],"class_list":["post-9380","product","type-product","status-publish","has-post-thumbnail","hentry","product_cat-betons","product_cat-paysagisme","product_tag-crushed-fr","product_tag-grey-fr","product_tag-mix-fr","product_tag-white-fr","product_tag-yellow-fr","pa_color-blanc","pa_color-gris","pa_color-jaune","pa_color-melange","pa_grain_type-concasse"],"yoast_head":"<!-- This site is optimized with the Yoast SEO plugin v15.9.2 - https:\/\/yoast.com\/wordpress\/plugins\/seo\/ -->\n<title>Iride - Ghent Aggregates<\/title>\n<link rel=\"canonical\" href=\"https:\/\/ghentaggregates.be\/fr\/produits\/betons\/iride\/\" \/>\n<meta property=\"og:locale\" content=\"fr_FR\" \/>\n<meta property=\"og:type\" content=\"article\" \/>\n<meta property=\"og:title\" content=\"Iride - Ghent Aggregates\" \/>\n<meta property=\"og:description\" content=\"Nom produit: IRIDE Origine : Calcaire-marbre LA : 30 Granulom\u00e9trie : 4\/12 Remarques:\u00a0pi\u00e9ton, all\u00e9e priv\u00e9e, b\u00e9ton d\u00e9co, parvis, parc et jardin. Gravillon tr\u00e8s d\u00e9corative de classe exceptionnelle. M\u00e9lange classe de ton l\u00e9ger.\" \/>\n<meta property=\"og:url\" content=\"https:\/\/ghentaggregates.be\/fr\/produits\/betons\/iride\/\" \/>\n<meta property=\"og:site_name\" content=\"Ghent Aggregates\" \/>\n<meta property=\"article:modified_time\" content=\"2019-10-15T10:27:10+00:00\" \/>\n<meta property=\"og:image\" content=\"https:\/\/ghentaggregates.be\/wp-content\/uploads\/2017\/01\/ghent-aggregates-amarillo-9-12.jpg\" \/>\n\t<meta property=\"og:image:width\" content=\"1152\" \/>\n\t<meta property=\"og:image:height\" content=\"768\" \/>\n<meta name=\"twitter:card\" content=\"summary_large_image\" \/>\n<script type=\"application\/ld+json\" class=\"yoast-schema-graph\">{\"@context\":\"https:\/\/schema.org\",\"@graph\":[{\"@type\":\"WebSite\",\"@id\":\"https:\/\/ghentaggregates.be\/#website\",\"url\":\"https:\/\/ghentaggregates.be\/\",\"name\":\"Ghent Aggregates\",\"description\":\"Votre partenaire pour tout granulats d\\u00e9co et techniques\",\"potentialAction\":[{\"@type\":\"SearchAction\",\"target\":\"https:\/\/ghentaggregates.be\/?s={search_term_string}\",\"query-input\":\"required name=search_term_string\"}],\"inLanguage\":\"fr-BE\"},{\"@type\":\"ImageObject\",\"@id\":\"https:\/\/ghentaggregates.be\/fr\/produits\/betons\/iride\/#primaryimage\",\"inLanguage\":\"fr-BE\",\"url\":\"https:\/\/ghentaggregates.be\/wp-content\/uploads\/2017\/01\/ghent-aggregates-amarillo-9-12.jpg\",\"width\":1152,\"height\":768},{\"@type\":\"WebPage\",\"@id\":\"https:\/\/ghentaggregates.be\/fr\/produits\/betons\/iride\/#webpage\",\"url\":\"https:\/\/ghentaggregates.be\/fr\/produits\/betons\/iride\/\",\"name\":\"Iride - Ghent Aggregates\",\"isPartOf\":{\"@id\":\"https:\/\/ghentaggregates.be\/#website\"},\"primaryImageOfPage\":{\"@id\":\"https:\/\/ghentaggregates.be\/fr\/produits\/betons\/iride\/#primaryimage\"},\"datePublished\":\"2017-01-23T09:43:43+00:00\",\"dateModified\":\"2019-10-15T10:27:10+00:00\",\"breadcrumb\":{\"@id\":\"https:\/\/ghentaggregates.be\/fr\/produits\/betons\/iride\/#breadcrumb\"},\"inLanguage\":\"fr-BE\",\"potentialAction\":[{\"@type\":\"ReadAction\",\"target\":[\"https:\/\/ghentaggregates.be\/fr\/produits\/betons\/iride\/\"]}]},{\"@type\":\"BreadcrumbList\",\"@id\":\"https:\/\/ghentaggregates.be\/fr\/produits\/betons\/iride\/#breadcrumb\",\"itemListElement\":[{\"@type\":\"ListItem\",\"position\":1,\"item\":{\"@type\":\"WebPage\",\"@id\":\"https:\/\/ghentaggregates.be\/fr\/\",\"url\":\"https:\/\/ghentaggregates.be\/fr\/\",\"name\":\"Home\"}},{\"@type\":\"ListItem\",\"position\":2,\"item\":{\"@type\":\"WebPage\",\"@id\":\"https:\/\/ghentaggregates.be\/fr\/produits\/betons\/\",\"url\":\"https:\/\/ghentaggregates.be\/fr\/produits\/betons\/\",\"name\":\"Granulats pour b\\u00e9tons\"}},{\"@type\":\"ListItem\",\"position\":3,\"item\":{\"@type\":\"WebPage\",\"@id\":\"https:\/\/ghentaggregates.be\/fr\/produits\/betons\/iride\/\",\"url\":\"https:\/\/ghentaggregates.be\/fr\/produits\/betons\/iride\/\",\"name\":\"Iride\"}}]}]}<\/script>\n<!-- \/ Yoast SEO plugin. -->","_links":{"self":[{"href":"https:\/\/ghentaggregates.be\/fr\/wp-json\/wp\/v2\/product\/9380"}],"collection":[{"href":"https:\/\/ghentaggregates.be\/fr\/wp-json\/wp\/v2\/product"}],"about":[{"href":"https:\/\/ghentaggregates.be\/fr\/wp-json\/wp\/v2\/types\/product"}],"replies":[{"embeddable":true,"href":"https:\/\/ghentaggregates.be\/fr\/wp-json\/wp\/v2\/comments?post=9380"}],"version-history":[{"count":0,"href":"https:\/\/ghentaggregates.be\/fr\/wp-json\/wp\/v2\/product\/9380\/revisions"}],"wp:featuredmedia":[{"embeddable":true,"href":"https:\/\/ghentaggregates.be\/fr\/wp-json\/wp\/v2\/media\/9378"}],"wp:attachment":[{"href":"https:\/\/ghentaggregates.be\/fr\/wp-json\/wp\/v2\/media?parent=9380"}],"curies":[{"name":"wp","href":"https:\/\/api.w.org\/{rel}","templated":true}]}}