{"id":9408,"date":"2017-01-23T12:07:07","date_gmt":"2017-01-23T11:07:07","guid":{"rendered":"https:\/\/ghentaggregates2019.dazzle-qa.be\/product\/black-slate\/"},"modified":"2021-09-27T09:38:15","modified_gmt":"2021-09-27T07:38:15","slug":"ardoise-noire","status":"publish","type":"product","link":"https:\/\/ghentaggregates.be\/fr\/produits\/paysagisme\/ardoise-noire\/","title":{"rendered":"Ardoise noire"},"content":{"rendered":"<table>\n<tbody>\n<tr>\n<td>Nom produit:<\/td>\n<td>ARDOISE NOIRE<\/td>\n<\/tr>\n<tr>\n<td>Connu comme :<\/td>\n<td><\/td>\n<\/tr>\n<tr>\n<td>Origine :<\/td>\n<td>Ardoise<\/td>\n<\/tr>\n<tr>\n<td>LA :<\/td>\n<td>NPD<\/td>\n<\/tr>\n<tr>\n<td>Granulom\u00e9trie :<\/td>\n<td>15\/30<br \/>\n30\/60 (stock)<br \/>\n60\/120<\/td>\n<\/tr>\n<\/tbody>\n<\/table>\n<p><strong>Remarques: <\/strong>Uniquement utilisable dans le monde du paysagisme, alternatif pour les \u00e9corces de bois et couverture du sol. Couleur noir intense. Attention: masse volumique du produit se situe aux alentours de 1.400kg\/m\u00b3.<\/p>\n<p>Notre ardoise noire n&rsquo;a pas de comparaison. Extrait d&rsquo;une carri\u00e8re cave souterraine, on y retrouve pas de contaminations quelconques ou de rouilles dans le gisement. Bien calibr\u00e9e, plate et fine, on peut parler d&rsquo;une ardoise exceptionnelle, haute gamme et de grande qualit\u00e9. Disponible en vrac ou bigbags.<\/p>\n","protected":false},"excerpt":{"rendered":"<p>Nom produit: ARDOISE NOIRE Connu comme : Origine : Ardoise LA : NPD Granulom\u00e9trie : 15\/30 30\/60 (stock) 60\/120 Remarques: Uniquement utilisable dans le monde du paysagisme, alternatif pour les \u00e9corces de bois et couverture du sol. Couleur noir intense. Attention: masse volumique du produit se situe aux alentours de 1.400kg\/m\u00b3. Notre ardoise noire n&rsquo;a [&hellip;]<\/p>\n","protected":false},"featured_media":9406,"comment_status":"open","ping_status":"closed","template":"","meta":[],"class_list":["post-9408","product","type-product","status-publish","has-post-thumbnail","hentry","product_cat-paysagisme","product_tag-black-fr","product_tag-crushed-fr","pa_color-noir","pa_grain_type-concasse"],"yoast_head":"<!-- This site is optimized with the Yoast SEO plugin v15.9.2 - https:\/\/yoast.com\/wordpress\/plugins\/seo\/ -->\n<title>Ardoise noire - Ghent Aggregates<\/title>\n<meta name=\"description\" content=\"Les paillettes d&#039;ardoises noires de qualit\u00e9, noires, bien calibr\u00e9s et disponible en vrac ou bigbag!\" \/>\n<link rel=\"canonical\" href=\"https:\/\/ghentaggregates.be\/fr\/produits\/paysagisme\/ardoise-noire\/\" \/>\n<meta property=\"og:locale\" content=\"fr_FR\" \/>\n<meta property=\"og:type\" content=\"article\" \/>\n<meta property=\"og:title\" content=\"Ardoise noire - Ghent Aggregates\" \/>\n<meta property=\"og:description\" content=\"Les paillettes d&#039;ardoises noires de qualit\u00e9, noires, bien calibr\u00e9s et disponible en vrac ou bigbag!\" \/>\n<meta property=\"og:url\" content=\"https:\/\/ghentaggregates.be\/fr\/produits\/paysagisme\/ardoise-noire\/\" \/>\n<meta property=\"og:site_name\" content=\"Ghent Aggregates\" \/>\n<meta property=\"article:modified_time\" content=\"2021-09-27T07:38:15+00:00\" \/>\n<meta property=\"og:image\" content=\"https:\/\/ghentaggregates.be\/wp-content\/uploads\/2017\/01\/ghent-aggregates-ardoise-noir-30-60.jpg\" \/>\n\t<meta property=\"og:image:width\" content=\"1152\" \/>\n\t<meta property=\"og:image:height\" content=\"768\" \/>\n<meta name=\"twitter:card\" content=\"summary_large_image\" \/>\n<meta name=\"twitter:label1\" content=\"Dur\u00e9e de lecture est.\">\n\t<meta name=\"twitter:data1\" content=\"1 minute\">\n<script type=\"application\/ld+json\" class=\"yoast-schema-graph\">{\"@context\":\"https:\/\/schema.org\",\"@graph\":[{\"@type\":\"WebSite\",\"@id\":\"https:\/\/ghentaggregates.be\/#website\",\"url\":\"https:\/\/ghentaggregates.be\/\",\"name\":\"Ghent Aggregates\",\"description\":\"Votre partenaire pour tout granulats d\\u00e9co et techniques\",\"potentialAction\":[{\"@type\":\"SearchAction\",\"target\":\"https:\/\/ghentaggregates.be\/?s={search_term_string}\",\"query-input\":\"required name=search_term_string\"}],\"inLanguage\":\"fr-BE\"},{\"@type\":\"ImageObject\",\"@id\":\"https:\/\/ghentaggregates.be\/fr\/produits\/paysagisme\/ardoise-noire\/#primaryimage\",\"inLanguage\":\"fr-BE\",\"url\":\"https:\/\/ghentaggregates.be\/wp-content\/uploads\/2017\/01\/ghent-aggregates-ardoise-noir-30-60.jpg\",\"width\":1152,\"height\":768},{\"@type\":\"WebPage\",\"@id\":\"https:\/\/ghentaggregates.be\/fr\/produits\/paysagisme\/ardoise-noire\/#webpage\",\"url\":\"https:\/\/ghentaggregates.be\/fr\/produits\/paysagisme\/ardoise-noire\/\",\"name\":\"Ardoise noire - Ghent Aggregates\",\"isPartOf\":{\"@id\":\"https:\/\/ghentaggregates.be\/#website\"},\"primaryImageOfPage\":{\"@id\":\"https:\/\/ghentaggregates.be\/fr\/produits\/paysagisme\/ardoise-noire\/#primaryimage\"},\"datePublished\":\"2017-01-23T11:07:07+00:00\",\"dateModified\":\"2021-09-27T07:38:15+00:00\",\"description\":\"Les paillettes d'ardoises noires de qualit\\u00e9, noires, bien calibr\\u00e9s et disponible en vrac ou bigbag!\",\"breadcrumb\":{\"@id\":\"https:\/\/ghentaggregates.be\/fr\/produits\/paysagisme\/ardoise-noire\/#breadcrumb\"},\"inLanguage\":\"fr-BE\",\"potentialAction\":[{\"@type\":\"ReadAction\",\"target\":[\"https:\/\/ghentaggregates.be\/fr\/produits\/paysagisme\/ardoise-noire\/\"]}]},{\"@type\":\"BreadcrumbList\",\"@id\":\"https:\/\/ghentaggregates.be\/fr\/produits\/paysagisme\/ardoise-noire\/#breadcrumb\",\"itemListElement\":[{\"@type\":\"ListItem\",\"position\":1,\"item\":{\"@type\":\"WebPage\",\"@id\":\"https:\/\/ghentaggregates.be\/fr\/\",\"url\":\"https:\/\/ghentaggregates.be\/fr\/\",\"name\":\"Home\"}},{\"@type\":\"ListItem\",\"position\":2,\"item\":{\"@type\":\"WebPage\",\"@id\":\"https:\/\/ghentaggregates.be\/fr\/produits\/paysagisme\/\",\"url\":\"https:\/\/ghentaggregates.be\/fr\/produits\/paysagisme\/\",\"name\":\"Paysagisme\"}},{\"@type\":\"ListItem\",\"position\":3,\"item\":{\"@type\":\"WebPage\",\"@id\":\"https:\/\/ghentaggregates.be\/fr\/produits\/paysagisme\/ardoise-noire\/\",\"url\":\"https:\/\/ghentaggregates.be\/fr\/produits\/paysagisme\/ardoise-noire\/\",\"name\":\"Ardoise noire\"}}]}]}<\/script>\n<!-- \/ Yoast SEO plugin. -->","_links":{"self":[{"href":"https:\/\/ghentaggregates.be\/fr\/wp-json\/wp\/v2\/product\/9408"}],"collection":[{"href":"https:\/\/ghentaggregates.be\/fr\/wp-json\/wp\/v2\/product"}],"about":[{"href":"https:\/\/ghentaggregates.be\/fr\/wp-json\/wp\/v2\/types\/product"}],"replies":[{"embeddable":true,"href":"https:\/\/ghentaggregates.be\/fr\/wp-json\/wp\/v2\/comments?post=9408"}],"version-history":[{"count":0,"href":"https:\/\/ghentaggregates.be\/fr\/wp-json\/wp\/v2\/product\/9408\/revisions"}],"wp:featuredmedia":[{"embeddable":true,"href":"https:\/\/ghentaggregates.be\/fr\/wp-json\/wp\/v2\/media\/9406"}],"wp:attachment":[{"href":"https:\/\/ghentaggregates.be\/fr\/wp-json\/wp\/v2\/media?parent=9408"}],"curies":[{"name":"wp","href":"https:\/\/api.w.org\/{rel}","templated":true}]}}