{"id":9433,"date":"2017-01-23T12:36:58","date_gmt":"2017-01-23T11:36:58","guid":{"rendered":"https:\/\/ghentaggregates2019.dazzle-qa.be\/product\/aruba\/"},"modified":"2024-04-01T19:03:11","modified_gmt":"2024-04-01T17:03:11","slug":"aruba","status":"publish","type":"product","link":"https:\/\/ghentaggregates.be\/fr\/produits\/betons\/aruba\/","title":{"rendered":"Aruba"},"content":{"rendered":"<table>\n<tbody>\n<tr>\n<td>Nom produit:<\/td>\n<td>ARUBA<\/td>\n<\/tr>\n<tr>\n<td>Connu comme :<\/td>\n<td>Madagascar, Extra White, Marbre extra blanc<\/td>\n<\/tr>\n<tr>\n<td>Origine :<\/td>\n<td>Dolomie &#8211; marbre<\/td>\n<\/tr>\n<tr>\n<td>LA :<\/td>\n<td>40<\/td>\n<\/tr>\n<tr>\n<td>Granulom\u00e9trie :<\/td>\n<td>0\/3 (disponible \u00e0 partir de 25 tonnes minimum)<br \/>\n3\/6 (stock)<br \/>\n6\/14 (stock)<br \/>\n20\/40 (stock)<br \/>\n40\/80 (stock)<br \/>\n80\/120 (stock)<\/td>\n<\/tr>\n<\/tbody>\n<\/table>\n<p><strong>Remarques:\u00a0<\/strong>A utiliser dans le b\u00e9ton d\u00e9coratif et pr\u00e9fabriqu\u00e9. Ne pas utilisez dans les b\u00e9tons routiers. Parfait pour passage pi\u00e9tons ou d\u00e9coration jardin et parc. De couleur extra blanc naturel contenant des\u00a0brillants au sol. Marbre blanc exclusif encore plus blanc que les blancs de Carrare.<\/p>\n<p>Ce marbre se marrie parfaitement dans vos compositions de b\u00e9tons architectoniques ou encore les terrazzos, granitos, etc. Plus blanc que celui-ci nous n&rsquo;avons pas encore trouv\u00e9 chez Ghent Aggregates.<\/p>\n<p>Comme nous disposons de nos propres moyens de productions nous recalibrons ces granulats \u00e0 des coupures parfaites pour toutes utilisations professionelles.<\/p>\n<p>ARUBA &#8211; MARBRE EXTRA BLANC est \u00e9galement disponible en <strong>sac de 25 kg<\/strong> (3\/6mm et 6\/14mm)!<\/p>\n","protected":false},"excerpt":{"rendered":"<p>Nom produit: ARUBA Connu comme : Madagascar, Extra White, Marbre extra blanc Origine : Dolomie &#8211; marbre LA : 40 Granulom\u00e9trie : 0\/3 (disponible \u00e0 partir de 25 tonnes minimum) 3\/6 (stock) 6\/14 (stock) 20\/40 (stock) 40\/80 (stock) 80\/120 (stock) Remarques:\u00a0A utiliser dans le b\u00e9ton d\u00e9coratif et pr\u00e9fabriqu\u00e9. Ne pas utilisez dans les b\u00e9tons routiers. [&hellip;]<\/p>\n","protected":false},"featured_media":9431,"comment_status":"open","ping_status":"closed","template":"","meta":[],"class_list":["post-9433","product","type-product","status-publish","has-post-thumbnail","hentry","product_cat-betons","product_cat-paysagisme","product_cat-terrazzo-fr","product_tag-crushed-fr","product_tag-white-fr","pa_color-blanc","pa_grain_type-concasse"],"yoast_head":"<!-- This site is optimized with the Yoast SEO plugin v15.9.2 - https:\/\/yoast.com\/wordpress\/plugins\/seo\/ -->\n<title>Aruba - Ghent Aggregates<\/title>\n<link rel=\"canonical\" href=\"https:\/\/ghentaggregates.be\/fr\/produits\/betons\/aruba\/\" \/>\n<meta property=\"og:locale\" content=\"fr_FR\" \/>\n<meta property=\"og:type\" content=\"article\" \/>\n<meta property=\"og:title\" content=\"Aruba - Ghent Aggregates\" \/>\n<meta property=\"og:description\" content=\"Nom produit: ARUBA Connu comme : Madagascar, Extra White, Marbre extra blanc Origine : Dolomie &#8211; marbre LA : 40 Granulom\u00e9trie : 0\/3 (disponible \u00e0 partir de 25 tonnes minimum) 3\/6 (stock) 6\/14 (stock) 20\/40 (stock) 40\/80 (stock) 80\/120 (stock) Remarques:\u00a0A utiliser dans le b\u00e9ton d\u00e9coratif et pr\u00e9fabriqu\u00e9. Ne pas utilisez dans les b\u00e9tons routiers. [&hellip;]\" \/>\n<meta property=\"og:url\" content=\"https:\/\/ghentaggregates.be\/fr\/produits\/betons\/aruba\/\" \/>\n<meta property=\"og:site_name\" content=\"Ghent Aggregates\" \/>\n<meta property=\"article:modified_time\" content=\"2024-04-01T17:03:11+00:00\" \/>\n<meta property=\"og:image\" content=\"https:\/\/ghentaggregates.be\/wp-content\/uploads\/2017\/01\/ghent-aggregates-aruba-6-14.jpg\" \/>\n\t<meta property=\"og:image:width\" content=\"1152\" \/>\n\t<meta property=\"og:image:height\" content=\"768\" \/>\n<meta name=\"twitter:card\" content=\"summary_large_image\" \/>\n<meta name=\"twitter:label1\" content=\"Dur\u00e9e de lecture est.\">\n\t<meta name=\"twitter:data1\" content=\"1 minute\">\n<script type=\"application\/ld+json\" class=\"yoast-schema-graph\">{\"@context\":\"https:\/\/schema.org\",\"@graph\":[{\"@type\":\"WebSite\",\"@id\":\"https:\/\/ghentaggregates.be\/#website\",\"url\":\"https:\/\/ghentaggregates.be\/\",\"name\":\"Ghent Aggregates\",\"description\":\"Votre partenaire pour tout granulats d\\u00e9co et techniques\",\"potentialAction\":[{\"@type\":\"SearchAction\",\"target\":\"https:\/\/ghentaggregates.be\/?s={search_term_string}\",\"query-input\":\"required name=search_term_string\"}],\"inLanguage\":\"fr-BE\"},{\"@type\":\"ImageObject\",\"@id\":\"https:\/\/ghentaggregates.be\/fr\/produits\/betons\/aruba\/#primaryimage\",\"inLanguage\":\"fr-BE\",\"url\":\"https:\/\/ghentaggregates.be\/wp-content\/uploads\/2017\/01\/ghent-aggregates-aruba-6-14.jpg\",\"width\":1152,\"height\":768},{\"@type\":\"WebPage\",\"@id\":\"https:\/\/ghentaggregates.be\/fr\/produits\/betons\/aruba\/#webpage\",\"url\":\"https:\/\/ghentaggregates.be\/fr\/produits\/betons\/aruba\/\",\"name\":\"Aruba - Ghent Aggregates\",\"isPartOf\":{\"@id\":\"https:\/\/ghentaggregates.be\/#website\"},\"primaryImageOfPage\":{\"@id\":\"https:\/\/ghentaggregates.be\/fr\/produits\/betons\/aruba\/#primaryimage\"},\"datePublished\":\"2017-01-23T11:36:58+00:00\",\"dateModified\":\"2024-04-01T17:03:11+00:00\",\"breadcrumb\":{\"@id\":\"https:\/\/ghentaggregates.be\/fr\/produits\/betons\/aruba\/#breadcrumb\"},\"inLanguage\":\"fr-BE\",\"potentialAction\":[{\"@type\":\"ReadAction\",\"target\":[\"https:\/\/ghentaggregates.be\/fr\/produits\/betons\/aruba\/\"]}]},{\"@type\":\"BreadcrumbList\",\"@id\":\"https:\/\/ghentaggregates.be\/fr\/produits\/betons\/aruba\/#breadcrumb\",\"itemListElement\":[{\"@type\":\"ListItem\",\"position\":1,\"item\":{\"@type\":\"WebPage\",\"@id\":\"https:\/\/ghentaggregates.be\/fr\/\",\"url\":\"https:\/\/ghentaggregates.be\/fr\/\",\"name\":\"Home\"}},{\"@type\":\"ListItem\",\"position\":2,\"item\":{\"@type\":\"WebPage\",\"@id\":\"https:\/\/ghentaggregates.be\/fr\/produits\/betons\/\",\"url\":\"https:\/\/ghentaggregates.be\/fr\/produits\/betons\/\",\"name\":\"Granulats pour b\\u00e9tons\"}},{\"@type\":\"ListItem\",\"position\":3,\"item\":{\"@type\":\"WebPage\",\"@id\":\"https:\/\/ghentaggregates.be\/fr\/produits\/betons\/aruba\/\",\"url\":\"https:\/\/ghentaggregates.be\/fr\/produits\/betons\/aruba\/\",\"name\":\"Aruba\"}}]}]}<\/script>\n<!-- \/ Yoast SEO plugin. -->","_links":{"self":[{"href":"https:\/\/ghentaggregates.be\/fr\/wp-json\/wp\/v2\/product\/9433"}],"collection":[{"href":"https:\/\/ghentaggregates.be\/fr\/wp-json\/wp\/v2\/product"}],"about":[{"href":"https:\/\/ghentaggregates.be\/fr\/wp-json\/wp\/v2\/types\/product"}],"replies":[{"embeddable":true,"href":"https:\/\/ghentaggregates.be\/fr\/wp-json\/wp\/v2\/comments?post=9433"}],"version-history":[{"count":0,"href":"https:\/\/ghentaggregates.be\/fr\/wp-json\/wp\/v2\/product\/9433\/revisions"}],"wp:featuredmedia":[{"embeddable":true,"href":"https:\/\/ghentaggregates.be\/fr\/wp-json\/wp\/v2\/media\/9431"}],"wp:attachment":[{"href":"https:\/\/ghentaggregates.be\/fr\/wp-json\/wp\/v2\/media?parent=9433"}],"curies":[{"name":"wp","href":"https:\/\/api.w.org\/{rel}","templated":true}]}}