{"id":9444,"date":"2017-01-23T12:58:25","date_gmt":"2017-01-23T11:58:25","guid":{"rendered":"https:\/\/ghentaggregates2019.dazzle-qa.be\/product\/bardiglio\/"},"modified":"2019-10-15T10:22:50","modified_gmt":"2019-10-15T10:22:50","slug":"bardiglio","status":"publish","type":"product","link":"https:\/\/ghentaggregates.be\/fr\/produits\/betons\/bardiglio\/","title":{"rendered":"Bardiglio"},"content":{"rendered":"<table>\n<tr>\n<td>Nom produit:<\/td>\n<td>BARDIGLIO<\/td>\n<\/tr>\n<tr>\n<td>Origine :<\/td>\n<td>Marbre<\/td>\n<\/tr>\n<tr>\n<td>LA :<\/td>\n<td>44<\/td>\n<\/tr>\n<tr>\n<td>Granulom\u00e9trie :<\/td>\n<td>1\/3, 3\/6, 6\/9, 9\/12, 12\/16<\/td>\n<\/tr>\n<\/table>\n<p><strong>Remarques:\u00a0<\/strong>Uniquement \u00e0 utiliser dans les b\u00e9tons d\u00e9coratifs et visuels, ou sols. Aussi pour applications de paysagisme, parc et jardin. Ne pas utiliser dans des b\u00e9tons de performance.<\/p>\n","protected":false},"excerpt":{"rendered":"<p>Nom produit: BARDIGLIO Origine : Marbre LA : 44 Granulom\u00e9trie : 1\/3, 3\/6, 6\/9, 9\/12, 12\/16 Remarques:\u00a0Uniquement \u00e0 utiliser dans les b\u00e9tons d\u00e9coratifs et visuels, ou sols. Aussi pour applications de paysagisme, parc et jardin. Ne pas utiliser dans des b\u00e9tons de performance.<\/p>\n","protected":false},"featured_media":9442,"comment_status":"open","ping_status":"closed","template":"","meta":[],"class_list":["post-9444","product","type-product","status-publish","has-post-thumbnail","hentry","product_cat-betons","product_cat-paysagisme","product_tag-crushed-fr","product_tag-grey-fr","pa_color-gris","pa_grain_type-concasse"],"yoast_head":"<!-- This site is optimized with the Yoast SEO plugin v15.9.2 - https:\/\/yoast.com\/wordpress\/plugins\/seo\/ -->\n<title>Bardiglio - Ghent Aggregates<\/title>\n<link rel=\"canonical\" href=\"https:\/\/ghentaggregates.be\/fr\/produits\/betons\/bardiglio\/\" \/>\n<meta property=\"og:locale\" content=\"fr_FR\" \/>\n<meta property=\"og:type\" content=\"article\" \/>\n<meta property=\"og:title\" content=\"Bardiglio - Ghent Aggregates\" \/>\n<meta property=\"og:description\" content=\"Nom produit: BARDIGLIO Origine : Marbre LA : 44 Granulom\u00e9trie : 1\/3, 3\/6, 6\/9, 9\/12, 12\/16 Remarques:\u00a0Uniquement \u00e0 utiliser dans les b\u00e9tons d\u00e9coratifs et visuels, ou sols. Aussi pour applications de paysagisme, parc et jardin. Ne pas utiliser dans des b\u00e9tons de performance.\" \/>\n<meta property=\"og:url\" content=\"https:\/\/ghentaggregates.be\/fr\/produits\/betons\/bardiglio\/\" \/>\n<meta property=\"og:site_name\" content=\"Ghent Aggregates\" \/>\n<meta property=\"article:modified_time\" content=\"2019-10-15T10:22:50+00:00\" \/>\n<meta property=\"og:image\" content=\"https:\/\/ghentaggregates.be\/wp-content\/uploads\/2017\/01\/ghent-aggregates-bardiglio-9-12-1.jpg\" \/>\n\t<meta property=\"og:image:width\" content=\"1152\" \/>\n\t<meta property=\"og:image:height\" content=\"768\" \/>\n<meta name=\"twitter:card\" content=\"summary_large_image\" \/>\n<script type=\"application\/ld+json\" class=\"yoast-schema-graph\">{\"@context\":\"https:\/\/schema.org\",\"@graph\":[{\"@type\":\"WebSite\",\"@id\":\"https:\/\/ghentaggregates.be\/#website\",\"url\":\"https:\/\/ghentaggregates.be\/\",\"name\":\"Ghent Aggregates\",\"description\":\"Votre partenaire pour tout granulats d\\u00e9co et techniques\",\"potentialAction\":[{\"@type\":\"SearchAction\",\"target\":\"https:\/\/ghentaggregates.be\/?s={search_term_string}\",\"query-input\":\"required name=search_term_string\"}],\"inLanguage\":\"fr-BE\"},{\"@type\":\"ImageObject\",\"@id\":\"https:\/\/ghentaggregates.be\/fr\/produits\/betons\/bardiglio\/#primaryimage\",\"inLanguage\":\"fr-BE\",\"url\":\"https:\/\/ghentaggregates.be\/wp-content\/uploads\/2017\/01\/ghent-aggregates-bardiglio-9-12-1.jpg\",\"width\":1152,\"height\":768},{\"@type\":\"WebPage\",\"@id\":\"https:\/\/ghentaggregates.be\/fr\/produits\/betons\/bardiglio\/#webpage\",\"url\":\"https:\/\/ghentaggregates.be\/fr\/produits\/betons\/bardiglio\/\",\"name\":\"Bardiglio - Ghent Aggregates\",\"isPartOf\":{\"@id\":\"https:\/\/ghentaggregates.be\/#website\"},\"primaryImageOfPage\":{\"@id\":\"https:\/\/ghentaggregates.be\/fr\/produits\/betons\/bardiglio\/#primaryimage\"},\"datePublished\":\"2017-01-23T11:58:25+00:00\",\"dateModified\":\"2019-10-15T10:22:50+00:00\",\"breadcrumb\":{\"@id\":\"https:\/\/ghentaggregates.be\/fr\/produits\/betons\/bardiglio\/#breadcrumb\"},\"inLanguage\":\"fr-BE\",\"potentialAction\":[{\"@type\":\"ReadAction\",\"target\":[\"https:\/\/ghentaggregates.be\/fr\/produits\/betons\/bardiglio\/\"]}]},{\"@type\":\"BreadcrumbList\",\"@id\":\"https:\/\/ghentaggregates.be\/fr\/produits\/betons\/bardiglio\/#breadcrumb\",\"itemListElement\":[{\"@type\":\"ListItem\",\"position\":1,\"item\":{\"@type\":\"WebPage\",\"@id\":\"https:\/\/ghentaggregates.be\/fr\/\",\"url\":\"https:\/\/ghentaggregates.be\/fr\/\",\"name\":\"Home\"}},{\"@type\":\"ListItem\",\"position\":2,\"item\":{\"@type\":\"WebPage\",\"@id\":\"https:\/\/ghentaggregates.be\/fr\/produits\/betons\/\",\"url\":\"https:\/\/ghentaggregates.be\/fr\/produits\/betons\/\",\"name\":\"Granulats pour b\\u00e9tons\"}},{\"@type\":\"ListItem\",\"position\":3,\"item\":{\"@type\":\"WebPage\",\"@id\":\"https:\/\/ghentaggregates.be\/fr\/produits\/betons\/bardiglio\/\",\"url\":\"https:\/\/ghentaggregates.be\/fr\/produits\/betons\/bardiglio\/\",\"name\":\"Bardiglio\"}}]}]}<\/script>\n<!-- \/ Yoast SEO plugin. -->","_links":{"self":[{"href":"https:\/\/ghentaggregates.be\/fr\/wp-json\/wp\/v2\/product\/9444"}],"collection":[{"href":"https:\/\/ghentaggregates.be\/fr\/wp-json\/wp\/v2\/product"}],"about":[{"href":"https:\/\/ghentaggregates.be\/fr\/wp-json\/wp\/v2\/types\/product"}],"replies":[{"embeddable":true,"href":"https:\/\/ghentaggregates.be\/fr\/wp-json\/wp\/v2\/comments?post=9444"}],"version-history":[{"count":0,"href":"https:\/\/ghentaggregates.be\/fr\/wp-json\/wp\/v2\/product\/9444\/revisions"}],"wp:featuredmedia":[{"embeddable":true,"href":"https:\/\/ghentaggregates.be\/fr\/wp-json\/wp\/v2\/media\/9442"}],"wp:attachment":[{"href":"https:\/\/ghentaggregates.be\/fr\/wp-json\/wp\/v2\/media?parent=9444"}],"curies":[{"name":"wp","href":"https:\/\/api.w.org\/{rel}","templated":true}]}}