{"id":9489,"date":"2017-01-24T22:04:42","date_gmt":"2017-01-24T21:04:42","guid":{"rendered":"https:\/\/ghentaggregates2019.dazzle-qa.be\/product\/blue-berry\/"},"modified":"2020-08-13T22:17:24","modified_gmt":"2020-08-13T20:17:24","slug":"blue-berry","status":"publish","type":"product","link":"https:\/\/ghentaggregates.be\/fr\/produits\/construction-routiere\/blue-berry\/","title":{"rendered":"Blue Berry"},"content":{"rendered":"<table>\n<tbody>\n<tr>\n<td>Nom produit:<\/td>\n<td>BLUE BERRY<\/td>\n<\/tr>\n<tr>\n<td>Connu comme :<\/td>\n<td>Bleu d&rsquo;Anjou<\/td>\n<\/tr>\n<tr>\n<td>Origine :<\/td>\n<td>Calcaire<\/td>\n<\/tr>\n<tr>\n<td>LA :<\/td>\n<td>19<\/td>\n<\/tr>\n<tr>\n<td>Granulom\u00e9trie :<\/td>\n<td>0\/4<br \/>\n2\/8<br \/>\n8\/16<br \/>\n6\/20<br \/>\n60\/90 (stock)<\/td>\n<\/tr>\n<\/tbody>\n<\/table>\n<p><strong>Remarques:\u00a0<\/strong>utilisable pour travaux routiers (sauf zones traffic lourd), pi\u00e9ton, all\u00e9e priv\u00e9e, b\u00e9ton d\u00e9co, parvis, parc et jardin. Granulat essentiellement noir-gris avec art\u00e8re blanche et un sous-ton bleut\u00e9. Disponible pour l&rsquo;industrie du b\u00e9ton et les gabions. Production et couleurs tr\u00e8s stables.<\/p>\n","protected":false},"excerpt":{"rendered":"<p>Nom produit: BLUE BERRY Connu comme : Bleu d&rsquo;Anjou Origine : Calcaire LA : 19 Granulom\u00e9trie : 0\/4 2\/8 8\/16 6\/20 60\/90 (stock) Remarques:\u00a0utilisable pour travaux routiers (sauf zones traffic lourd), pi\u00e9ton, all\u00e9e priv\u00e9e, b\u00e9ton d\u00e9co, parvis, parc et jardin. Granulat essentiellement noir-gris avec art\u00e8re blanche et un sous-ton bleut\u00e9. Disponible pour l&rsquo;industrie du b\u00e9ton [&hellip;]<\/p>\n","protected":false},"featured_media":9487,"comment_status":"open","ping_status":"closed","template":"","meta":[],"class_list":["post-9489","product","type-product","status-publish","has-post-thumbnail","hentry","product_cat-construction-routiere","product_cat-betons","product_cat-paysagisme","product_cat-terrazzo-fr","product_tag-black-fr","product_tag-crushed-fr","pa_color-gris","pa_color-noir","pa_grain_type-concasse"],"yoast_head":"<!-- This site is optimized with the Yoast SEO plugin v15.9.2 - https:\/\/yoast.com\/wordpress\/plugins\/seo\/ -->\n<title>Blue Berry - Ghent Aggregates<\/title>\n<link rel=\"canonical\" href=\"https:\/\/ghentaggregates.be\/fr\/produits\/construction-routiere\/blue-berry\/\" \/>\n<meta property=\"og:locale\" content=\"fr_FR\" \/>\n<meta property=\"og:type\" content=\"article\" \/>\n<meta property=\"og:title\" content=\"Blue Berry - Ghent Aggregates\" \/>\n<meta property=\"og:description\" content=\"Nom produit: BLUE BERRY Connu comme : Bleu d&rsquo;Anjou Origine : Calcaire LA : 19 Granulom\u00e9trie : 0\/4 2\/8 8\/16 6\/20 60\/90 (stock) Remarques:\u00a0utilisable pour travaux routiers (sauf zones traffic lourd), pi\u00e9ton, all\u00e9e priv\u00e9e, b\u00e9ton d\u00e9co, parvis, parc et jardin. Granulat essentiellement noir-gris avec art\u00e8re blanche et un sous-ton bleut\u00e9. Disponible pour l&rsquo;industrie du b\u00e9ton [&hellip;]\" \/>\n<meta property=\"og:url\" content=\"https:\/\/ghentaggregates.be\/fr\/produits\/construction-routiere\/blue-berry\/\" \/>\n<meta property=\"og:site_name\" content=\"Ghent Aggregates\" \/>\n<meta property=\"article:modified_time\" content=\"2020-08-13T20:17:24+00:00\" \/>\n<meta property=\"og:image\" content=\"https:\/\/ghentaggregates.be\/wp-content\/uploads\/2017\/01\/ghent-aggregates-blue-berry-2-8.jpg\" \/>\n\t<meta property=\"og:image:width\" content=\"1152\" \/>\n\t<meta property=\"og:image:height\" content=\"768\" \/>\n<meta name=\"twitter:card\" content=\"summary_large_image\" \/>\n<script type=\"application\/ld+json\" class=\"yoast-schema-graph\">{\"@context\":\"https:\/\/schema.org\",\"@graph\":[{\"@type\":\"WebSite\",\"@id\":\"https:\/\/ghentaggregates.be\/#website\",\"url\":\"https:\/\/ghentaggregates.be\/\",\"name\":\"Ghent Aggregates\",\"description\":\"Votre partenaire pour tout granulats d\\u00e9co et techniques\",\"potentialAction\":[{\"@type\":\"SearchAction\",\"target\":\"https:\/\/ghentaggregates.be\/?s={search_term_string}\",\"query-input\":\"required name=search_term_string\"}],\"inLanguage\":\"fr-BE\"},{\"@type\":\"ImageObject\",\"@id\":\"https:\/\/ghentaggregates.be\/fr\/produits\/construction-routiere\/blue-berry\/#primaryimage\",\"inLanguage\":\"fr-BE\",\"url\":\"https:\/\/ghentaggregates.be\/wp-content\/uploads\/2017\/01\/ghent-aggregates-blue-berry-2-8.jpg\",\"width\":1152,\"height\":768},{\"@type\":\"WebPage\",\"@id\":\"https:\/\/ghentaggregates.be\/fr\/produits\/construction-routiere\/blue-berry\/#webpage\",\"url\":\"https:\/\/ghentaggregates.be\/fr\/produits\/construction-routiere\/blue-berry\/\",\"name\":\"Blue Berry - Ghent Aggregates\",\"isPartOf\":{\"@id\":\"https:\/\/ghentaggregates.be\/#website\"},\"primaryImageOfPage\":{\"@id\":\"https:\/\/ghentaggregates.be\/fr\/produits\/construction-routiere\/blue-berry\/#primaryimage\"},\"datePublished\":\"2017-01-24T21:04:42+00:00\",\"dateModified\":\"2020-08-13T20:17:24+00:00\",\"breadcrumb\":{\"@id\":\"https:\/\/ghentaggregates.be\/fr\/produits\/construction-routiere\/blue-berry\/#breadcrumb\"},\"inLanguage\":\"fr-BE\",\"potentialAction\":[{\"@type\":\"ReadAction\",\"target\":[\"https:\/\/ghentaggregates.be\/fr\/produits\/construction-routiere\/blue-berry\/\"]}]},{\"@type\":\"BreadcrumbList\",\"@id\":\"https:\/\/ghentaggregates.be\/fr\/produits\/construction-routiere\/blue-berry\/#breadcrumb\",\"itemListElement\":[{\"@type\":\"ListItem\",\"position\":1,\"item\":{\"@type\":\"WebPage\",\"@id\":\"https:\/\/ghentaggregates.be\/fr\/\",\"url\":\"https:\/\/ghentaggregates.be\/fr\/\",\"name\":\"Home\"}},{\"@type\":\"ListItem\",\"position\":2,\"item\":{\"@type\":\"WebPage\",\"@id\":\"https:\/\/ghentaggregates.be\/fr\/produits\/construction-routiere\/\",\"url\":\"https:\/\/ghentaggregates.be\/fr\/produits\/construction-routiere\/\",\"name\":\"Construction routi\\u00e8re\"}},{\"@type\":\"ListItem\",\"position\":3,\"item\":{\"@type\":\"WebPage\",\"@id\":\"https:\/\/ghentaggregates.be\/fr\/produits\/construction-routiere\/blue-berry\/\",\"url\":\"https:\/\/ghentaggregates.be\/fr\/produits\/construction-routiere\/blue-berry\/\",\"name\":\"Blue Berry\"}}]}]}<\/script>\n<!-- \/ Yoast SEO plugin. -->","_links":{"self":[{"href":"https:\/\/ghentaggregates.be\/fr\/wp-json\/wp\/v2\/product\/9489"}],"collection":[{"href":"https:\/\/ghentaggregates.be\/fr\/wp-json\/wp\/v2\/product"}],"about":[{"href":"https:\/\/ghentaggregates.be\/fr\/wp-json\/wp\/v2\/types\/product"}],"replies":[{"embeddable":true,"href":"https:\/\/ghentaggregates.be\/fr\/wp-json\/wp\/v2\/comments?post=9489"}],"version-history":[{"count":0,"href":"https:\/\/ghentaggregates.be\/fr\/wp-json\/wp\/v2\/product\/9489\/revisions"}],"wp:featuredmedia":[{"embeddable":true,"href":"https:\/\/ghentaggregates.be\/fr\/wp-json\/wp\/v2\/media\/9487"}],"wp:attachment":[{"href":"https:\/\/ghentaggregates.be\/fr\/wp-json\/wp\/v2\/media?parent=9489"}],"curies":[{"name":"wp","href":"https:\/\/api.w.org\/{rel}","templated":true}]}}