{"id":9497,"date":"2017-01-24T22:12:28","date_gmt":"2017-01-24T21:12:28","guid":{"rendered":"https:\/\/ghentaggregates2019.dazzle-qa.be\/product\/botticino\/"},"modified":"2025-06-01T17:35:59","modified_gmt":"2025-06-01T15:35:59","slug":"botticino","status":"publish","type":"product","link":"https:\/\/ghentaggregates.be\/fr\/produits\/betons\/botticino\/","title":{"rendered":"Botticino"},"content":{"rendered":"<table>\n<tbody>\n<tr>\n<td>Nom produit:<\/td>\n<td>BOTTICINO<\/td>\n<\/tr>\n<tr>\n<td>Connu comme :<\/td>\n<td><\/td>\n<\/tr>\n<tr>\n<td>Origine :<\/td>\n<td>Calcaire<\/td>\n<\/tr>\n<tr>\n<td>LA :<\/td>\n<td>30<\/td>\n<\/tr>\n<tr>\n<td>Granulom\u00e9trie :<\/td>\n<td>N\u00b01 &#8211; 1\/3 (stock 25 kg)<br \/>\nN\u00b02 &#8211; 3\/5 (stock\u00a0 25 kg)<br \/>\nN\u00b03 &#8211; 5\/8 (stock\u00a0 25 kg)<br \/>\nN\u00b04 &#8211; 8\/12 (stock\u00a0 25 kg)<\/td>\n<\/tr>\n<\/tbody>\n<\/table>\n<p><strong>Remarques:\u00a0<\/strong>Ne pas utiliser dans la construction routi\u00e8re. Utilisation dans le monde du paysagisme (parc et jardin), soit all\u00e9e priv\u00e9e. Id\u00e9al pour b\u00e9ton d\u00e9coratif et terrazzo. Granulat calcaire plut\u00f4t tendre color\u00e9 entre blanc et rose &#8211; beige claire.<\/p>\n<p>Ciao Italie ! Cette mati\u00e8re premi\u00e8re ultra-populaire, le marbre, est l&rsquo;une des pierres angulaires des projets de sols en b\u00e9ton terrazzo ou granito italiens. Ce marbre beige doux est de haute qualit\u00e9 et contribue \u00e0 un look sp\u00e9cial dans chaque forme taill\u00e9e.<\/p>\n<p><strong data-start=\"103\" data-end=\"116\">Botticino<\/strong> est un marbre beige clair originaire de la province de Brescia, en Italie, connu pour son \u00e9l\u00e9gance naturelle et ses veines discr\u00e8tes. Sa teinte cr\u00e8me \u00e0 sable apporte au terrazzo et au b\u00e9ton une douceur intemporelle et un luxe sobre, sans jamais dominer l\u2019espace. Botticino est id\u00e9al pour les projets o\u00f9 calme et raffinement sont essentiels \u2014 des sols int\u00e9rieurs aux objets design \u00e9pur\u00e9s. Sa couleur uniforme en fait aussi un excellent choix pour les grandes surfaces. Disponible en diff\u00e9rentes granulom\u00e9tries, soigneusement lav\u00e9 et parfait pour un terrazzo de haute qualit\u00e9. <strong data-start=\"692\" data-end=\"795\">Botticino apporte de l\u2019harmonie \u00e0 chaque cr\u00e9ation, avec une classe discr\u00e8te qui traverse les modes.<\/strong><\/p>\n<p>Chez Ghent Aggregates, vous trouverez le <strong>BOTTICINO en sacs de 25 kg pour 1\/3 &#8211; 3\/5 &#8211; 5\/8 &#8211; 8\/12 mm <\/strong>directement du stock.<\/p>\n","protected":false},"excerpt":{"rendered":"<p>Nom produit: BOTTICINO Connu comme : Origine : Calcaire LA : 30 Granulom\u00e9trie : N\u00b01 &#8211; 1\/3 (stock 25 kg) N\u00b02 &#8211; 3\/5 (stock\u00a0 25 kg) N\u00b03 &#8211; 5\/8 (stock\u00a0 25 kg) N\u00b04 &#8211; 8\/12 (stock\u00a0 25 kg) Remarques:\u00a0Ne pas utiliser dans la construction routi\u00e8re. Utilisation dans le monde du paysagisme (parc et jardin), soit [&hellip;]<\/p>\n","protected":false},"featured_media":9495,"comment_status":"open","ping_status":"closed","template":"","meta":[],"class_list":["post-9497","product","type-product","status-publish","has-post-thumbnail","hentry","product_cat-betons","product_cat-terrazzo-fr","product_tag-crushed-fr","product_tag-white-fr","product_tag-yellow-fr","pa_color-blanc","pa_color-jaune","pa_grain_type-concasse"],"yoast_head":"<!-- This site is optimized with the Yoast SEO plugin v15.9.2 - https:\/\/yoast.com\/wordpress\/plugins\/seo\/ -->\n<title>Botticino - Ghent Aggregates<\/title>\n<link rel=\"canonical\" href=\"https:\/\/ghentaggregates.be\/fr\/produits\/betons\/botticino\/\" \/>\n<meta property=\"og:locale\" content=\"fr_FR\" \/>\n<meta property=\"og:type\" content=\"article\" \/>\n<meta property=\"og:title\" content=\"Botticino - Ghent Aggregates\" \/>\n<meta property=\"og:description\" content=\"Nom produit: BOTTICINO Connu comme : Origine : Calcaire LA : 30 Granulom\u00e9trie : N\u00b01 &#8211; 1\/3 (stock 25 kg) N\u00b02 &#8211; 3\/5 (stock\u00a0 25 kg) N\u00b03 &#8211; 5\/8 (stock\u00a0 25 kg) N\u00b04 &#8211; 8\/12 (stock\u00a0 25 kg) Remarques:\u00a0Ne pas utiliser dans la construction routi\u00e8re. Utilisation dans le monde du paysagisme (parc et jardin), soit [&hellip;]\" \/>\n<meta property=\"og:url\" content=\"https:\/\/ghentaggregates.be\/fr\/produits\/betons\/botticino\/\" \/>\n<meta property=\"og:site_name\" content=\"Ghent Aggregates\" \/>\n<meta property=\"article:modified_time\" content=\"2025-06-01T15:35:59+00:00\" \/>\n<meta property=\"og:image\" content=\"https:\/\/ghentaggregates.be\/wp-content\/uploads\/2017\/01\/ghent-aggregates-botticino-6-9.jpg\" \/>\n\t<meta property=\"og:image:width\" content=\"1152\" \/>\n\t<meta property=\"og:image:height\" content=\"768\" \/>\n<meta name=\"twitter:card\" content=\"summary_large_image\" \/>\n<meta name=\"twitter:label1\" content=\"Dur\u00e9e de lecture est.\">\n\t<meta name=\"twitter:data1\" content=\"2 minutes\">\n<script type=\"application\/ld+json\" class=\"yoast-schema-graph\">{\"@context\":\"https:\/\/schema.org\",\"@graph\":[{\"@type\":\"WebSite\",\"@id\":\"https:\/\/ghentaggregates.be\/#website\",\"url\":\"https:\/\/ghentaggregates.be\/\",\"name\":\"Ghent Aggregates\",\"description\":\"Votre partenaire pour tout granulats d\\u00e9co et techniques\",\"potentialAction\":[{\"@type\":\"SearchAction\",\"target\":\"https:\/\/ghentaggregates.be\/?s={search_term_string}\",\"query-input\":\"required name=search_term_string\"}],\"inLanguage\":\"fr-BE\"},{\"@type\":\"ImageObject\",\"@id\":\"https:\/\/ghentaggregates.be\/fr\/produits\/betons\/botticino\/#primaryimage\",\"inLanguage\":\"fr-BE\",\"url\":\"https:\/\/ghentaggregates.be\/wp-content\/uploads\/2017\/01\/ghent-aggregates-botticino-6-9.jpg\",\"width\":1152,\"height\":768},{\"@type\":\"WebPage\",\"@id\":\"https:\/\/ghentaggregates.be\/fr\/produits\/betons\/botticino\/#webpage\",\"url\":\"https:\/\/ghentaggregates.be\/fr\/produits\/betons\/botticino\/\",\"name\":\"Botticino - Ghent Aggregates\",\"isPartOf\":{\"@id\":\"https:\/\/ghentaggregates.be\/#website\"},\"primaryImageOfPage\":{\"@id\":\"https:\/\/ghentaggregates.be\/fr\/produits\/betons\/botticino\/#primaryimage\"},\"datePublished\":\"2017-01-24T21:12:28+00:00\",\"dateModified\":\"2025-06-01T15:35:59+00:00\",\"breadcrumb\":{\"@id\":\"https:\/\/ghentaggregates.be\/fr\/produits\/betons\/botticino\/#breadcrumb\"},\"inLanguage\":\"fr-BE\",\"potentialAction\":[{\"@type\":\"ReadAction\",\"target\":[\"https:\/\/ghentaggregates.be\/fr\/produits\/betons\/botticino\/\"]}]},{\"@type\":\"BreadcrumbList\",\"@id\":\"https:\/\/ghentaggregates.be\/fr\/produits\/betons\/botticino\/#breadcrumb\",\"itemListElement\":[{\"@type\":\"ListItem\",\"position\":1,\"item\":{\"@type\":\"WebPage\",\"@id\":\"https:\/\/ghentaggregates.be\/fr\/\",\"url\":\"https:\/\/ghentaggregates.be\/fr\/\",\"name\":\"Home\"}},{\"@type\":\"ListItem\",\"position\":2,\"item\":{\"@type\":\"WebPage\",\"@id\":\"https:\/\/ghentaggregates.be\/fr\/produits\/betons\/\",\"url\":\"https:\/\/ghentaggregates.be\/fr\/produits\/betons\/\",\"name\":\"Granulats pour b\\u00e9tons\"}},{\"@type\":\"ListItem\",\"position\":3,\"item\":{\"@type\":\"WebPage\",\"@id\":\"https:\/\/ghentaggregates.be\/fr\/produits\/betons\/botticino\/\",\"url\":\"https:\/\/ghentaggregates.be\/fr\/produits\/betons\/botticino\/\",\"name\":\"Botticino\"}}]}]}<\/script>\n<!-- \/ Yoast SEO plugin. -->","_links":{"self":[{"href":"https:\/\/ghentaggregates.be\/fr\/wp-json\/wp\/v2\/product\/9497"}],"collection":[{"href":"https:\/\/ghentaggregates.be\/fr\/wp-json\/wp\/v2\/product"}],"about":[{"href":"https:\/\/ghentaggregates.be\/fr\/wp-json\/wp\/v2\/types\/product"}],"replies":[{"embeddable":true,"href":"https:\/\/ghentaggregates.be\/fr\/wp-json\/wp\/v2\/comments?post=9497"}],"version-history":[{"count":0,"href":"https:\/\/ghentaggregates.be\/fr\/wp-json\/wp\/v2\/product\/9497\/revisions"}],"wp:featuredmedia":[{"embeddable":true,"href":"https:\/\/ghentaggregates.be\/fr\/wp-json\/wp\/v2\/media\/9495"}],"wp:attachment":[{"href":"https:\/\/ghentaggregates.be\/fr\/wp-json\/wp\/v2\/media?parent=9497"}],"curies":[{"name":"wp","href":"https:\/\/api.w.org\/{rel}","templated":true}]}}