{"id":9505,"date":"2017-01-25T19:47:13","date_gmt":"2017-01-25T18:47:13","guid":{"rendered":"https:\/\/ghentaggregates2019.dazzle-qa.be\/product\/brittany-quartz\/"},"modified":"2020-08-13T22:09:51","modified_gmt":"2020-08-13T20:09:51","slug":"quartz-breton","status":"publish","type":"product","link":"https:\/\/ghentaggregates.be\/fr\/produits\/construction-routiere\/quartz-breton\/","title":{"rendered":"Quartz Breton"},"content":{"rendered":"<table>\n<tbody>\n<tr>\n<td>Nom produit:<\/td>\n<td>QUARTZ BRETON<\/td>\n<\/tr>\n<tr>\n<td>Origine :<\/td>\n<td>Quartz<\/td>\n<\/tr>\n<tr>\n<td>LA :<\/td>\n<td>16<\/td>\n<\/tr>\n<tr>\n<td>Granulom\u00e9trie :<\/td>\n<td>0\/4<br \/>\n4\/6<br \/>\n4\/10<br \/>\n6\/10<br \/>\n10\/14<\/td>\n<\/tr>\n<\/tbody>\n<\/table>\n<p><strong>Remarques:\u00a0<\/strong>parfaitement utilisable dans le routier, aussi pour zone \u00e0 traffic lourd. D\u00e9coratif pour les all\u00e9es, pi\u00e9ton, parc et jardin. Ce quartz est essentiellement blanc mais peut contenir des \u00e9l\u00e9ments roses et jaunes. Tr\u00e8s chique dans les applications b\u00e9tons lav\u00e9s.<\/p>\n<p>Le Quartz Arzano est d\u00fbr et la production de la carri\u00e8re assez limit\u00e9e. De ce fait il faut commander \u00e0 temps et bien calcul\u00e9 son coup. Quantit\u00e9 minimal de commande : 10 tonnes.<\/p>\n","protected":false},"excerpt":{"rendered":"<p>Nom produit: QUARTZ BRETON Origine : Quartz LA : 16 Granulom\u00e9trie : 0\/4 4\/6 4\/10 6\/10 10\/14 Remarques:\u00a0parfaitement utilisable dans le routier, aussi pour zone \u00e0 traffic lourd. D\u00e9coratif pour les all\u00e9es, pi\u00e9ton, parc et jardin. Ce quartz est essentiellement blanc mais peut contenir des \u00e9l\u00e9ments roses et jaunes. Tr\u00e8s chique dans les applications b\u00e9tons [&hellip;]<\/p>\n","protected":false},"featured_media":9503,"comment_status":"open","ping_status":"closed","template":"","meta":[],"class_list":["post-9505","product","type-product","status-publish","has-post-thumbnail","hentry","product_cat-construction-routiere","product_cat-betons","product_cat-paysagisme","product_tag-crushed-fr","product_tag-white-fr","pa_color-blanc","pa_grain_type-concasse"],"yoast_head":"<!-- This site is optimized with the Yoast SEO plugin v15.9.2 - https:\/\/yoast.com\/wordpress\/plugins\/seo\/ -->\n<title>Quartz Breton - Ghent Aggregates<\/title>\n<link rel=\"canonical\" href=\"https:\/\/ghentaggregates.be\/fr\/produits\/construction-routiere\/quartz-breton\/\" \/>\n<meta property=\"og:locale\" content=\"fr_FR\" \/>\n<meta property=\"og:type\" content=\"article\" \/>\n<meta property=\"og:title\" content=\"Quartz Breton - Ghent Aggregates\" \/>\n<meta property=\"og:description\" content=\"Nom produit: QUARTZ BRETON Origine : Quartz LA : 16 Granulom\u00e9trie : 0\/4 4\/6 4\/10 6\/10 10\/14 Remarques:\u00a0parfaitement utilisable dans le routier, aussi pour zone \u00e0 traffic lourd. D\u00e9coratif pour les all\u00e9es, pi\u00e9ton, parc et jardin. Ce quartz est essentiellement blanc mais peut contenir des \u00e9l\u00e9ments roses et jaunes. Tr\u00e8s chique dans les applications b\u00e9tons [&hellip;]\" \/>\n<meta property=\"og:url\" content=\"https:\/\/ghentaggregates.be\/fr\/produits\/construction-routiere\/quartz-breton\/\" \/>\n<meta property=\"og:site_name\" content=\"Ghent Aggregates\" \/>\n<meta property=\"article:modified_time\" content=\"2020-08-13T20:09:51+00:00\" \/>\n<meta property=\"og:image\" content=\"https:\/\/ghentaggregates.be\/wp-content\/uploads\/2017\/01\/ghent-aggregates-bretoens-kwarts-6-10.jpg\" \/>\n\t<meta property=\"og:image:width\" content=\"1152\" \/>\n\t<meta property=\"og:image:height\" content=\"768\" \/>\n<meta name=\"twitter:card\" content=\"summary_large_image\" \/>\n<script type=\"application\/ld+json\" class=\"yoast-schema-graph\">{\"@context\":\"https:\/\/schema.org\",\"@graph\":[{\"@type\":\"WebSite\",\"@id\":\"https:\/\/ghentaggregates.be\/#website\",\"url\":\"https:\/\/ghentaggregates.be\/\",\"name\":\"Ghent Aggregates\",\"description\":\"Votre partenaire pour tout granulats d\\u00e9co et techniques\",\"potentialAction\":[{\"@type\":\"SearchAction\",\"target\":\"https:\/\/ghentaggregates.be\/?s={search_term_string}\",\"query-input\":\"required name=search_term_string\"}],\"inLanguage\":\"fr-BE\"},{\"@type\":\"ImageObject\",\"@id\":\"https:\/\/ghentaggregates.be\/fr\/produits\/construction-routiere\/quartz-breton\/#primaryimage\",\"inLanguage\":\"fr-BE\",\"url\":\"https:\/\/ghentaggregates.be\/wp-content\/uploads\/2017\/01\/ghent-aggregates-bretoens-kwarts-6-10.jpg\",\"width\":1152,\"height\":768},{\"@type\":\"WebPage\",\"@id\":\"https:\/\/ghentaggregates.be\/fr\/produits\/construction-routiere\/quartz-breton\/#webpage\",\"url\":\"https:\/\/ghentaggregates.be\/fr\/produits\/construction-routiere\/quartz-breton\/\",\"name\":\"Quartz Breton - Ghent Aggregates\",\"isPartOf\":{\"@id\":\"https:\/\/ghentaggregates.be\/#website\"},\"primaryImageOfPage\":{\"@id\":\"https:\/\/ghentaggregates.be\/fr\/produits\/construction-routiere\/quartz-breton\/#primaryimage\"},\"datePublished\":\"2017-01-25T18:47:13+00:00\",\"dateModified\":\"2020-08-13T20:09:51+00:00\",\"breadcrumb\":{\"@id\":\"https:\/\/ghentaggregates.be\/fr\/produits\/construction-routiere\/quartz-breton\/#breadcrumb\"},\"inLanguage\":\"fr-BE\",\"potentialAction\":[{\"@type\":\"ReadAction\",\"target\":[\"https:\/\/ghentaggregates.be\/fr\/produits\/construction-routiere\/quartz-breton\/\"]}]},{\"@type\":\"BreadcrumbList\",\"@id\":\"https:\/\/ghentaggregates.be\/fr\/produits\/construction-routiere\/quartz-breton\/#breadcrumb\",\"itemListElement\":[{\"@type\":\"ListItem\",\"position\":1,\"item\":{\"@type\":\"WebPage\",\"@id\":\"https:\/\/ghentaggregates.be\/fr\/\",\"url\":\"https:\/\/ghentaggregates.be\/fr\/\",\"name\":\"Home\"}},{\"@type\":\"ListItem\",\"position\":2,\"item\":{\"@type\":\"WebPage\",\"@id\":\"https:\/\/ghentaggregates.be\/fr\/produits\/construction-routiere\/\",\"url\":\"https:\/\/ghentaggregates.be\/fr\/produits\/construction-routiere\/\",\"name\":\"Construction routi\\u00e8re\"}},{\"@type\":\"ListItem\",\"position\":3,\"item\":{\"@type\":\"WebPage\",\"@id\":\"https:\/\/ghentaggregates.be\/fr\/produits\/construction-routiere\/quartz-breton\/\",\"url\":\"https:\/\/ghentaggregates.be\/fr\/produits\/construction-routiere\/quartz-breton\/\",\"name\":\"Quartz Breton\"}}]}]}<\/script>\n<!-- \/ Yoast SEO plugin. -->","_links":{"self":[{"href":"https:\/\/ghentaggregates.be\/fr\/wp-json\/wp\/v2\/product\/9505"}],"collection":[{"href":"https:\/\/ghentaggregates.be\/fr\/wp-json\/wp\/v2\/product"}],"about":[{"href":"https:\/\/ghentaggregates.be\/fr\/wp-json\/wp\/v2\/types\/product"}],"replies":[{"embeddable":true,"href":"https:\/\/ghentaggregates.be\/fr\/wp-json\/wp\/v2\/comments?post=9505"}],"version-history":[{"count":0,"href":"https:\/\/ghentaggregates.be\/fr\/wp-json\/wp\/v2\/product\/9505\/revisions"}],"wp:featuredmedia":[{"embeddable":true,"href":"https:\/\/ghentaggregates.be\/fr\/wp-json\/wp\/v2\/media\/9503"}],"wp:attachment":[{"href":"https:\/\/ghentaggregates.be\/fr\/wp-json\/wp\/v2\/media?parent=9505"}],"curies":[{"name":"wp","href":"https:\/\/api.w.org\/{rel}","templated":true}]}}