{"id":9513,"date":"2017-01-25T19:58:28","date_gmt":"2017-01-25T18:58:28","guid":{"rendered":"https:\/\/ghentaggregates2019.dazzle-qa.be\/product\/red-brick\/"},"modified":"2020-08-13T22:05:17","modified_gmt":"2020-08-13T20:05:17","slug":"brique-pilee","status":"publish","type":"product","link":"https:\/\/ghentaggregates.be\/fr\/produits\/infrastructures-sportives\/brique-pilee\/","title":{"rendered":"Brique Pil\u00e9e"},"content":{"rendered":"<table>\n<tbody>\n<tr>\n<td>Nom produit:<\/td>\n<td>BRIQUE PILEE<\/td>\n<\/tr>\n<tr>\n<td>Connu comme :<\/td>\n<td>Tennis gravel<\/td>\n<\/tr>\n<tr>\n<td>Origine :<\/td>\n<td>Brique rouge, argile<\/td>\n<\/tr>\n<tr>\n<td>LA :<\/td>\n<td>NPD<\/td>\n<\/tr>\n<tr>\n<td>Granulom\u00e9trie :<\/td>\n<td>0\/1<br \/>\n0\/2<br \/>\n5\/10<br \/>\n10\/20<\/td>\n<\/tr>\n<\/tbody>\n<\/table>\n<p><strong>Remarques:\u00a0<\/strong>La brique pil\u00e9e ne peut qu&rsquo;\u00eatre utilis\u00e9e pour fins d\u00e9coratifs soit les terrains de sports. Ne pas utiliser en tant qu&rsquo;all\u00e9es, pi\u00e9tons ou entr\u00e9e de garage. Les sables sont parfaits pour la cr\u00e9ation de votre terrain tennis classe et chique. Produits homog\u00e8nes et continu de couleur rouge-orange.<\/p>\n<p>La plus belle brique rouge on retrouve dans la r\u00e9gion des Flandres depuis des si\u00e8cles. Ensemble avec notre producteur professionnel nous arrivons \u00e0 vous offrir les plus beaux briques pil\u00e9es pour vos infrastructures sportives : tennis, athl\u00e9tique, etc. Quality, prix et couleur garanti. Nous livrons \u00e0 travers l&rsquo;Europe entiers.<\/p>\n","protected":false},"excerpt":{"rendered":"<p>Nom produit: BRIQUE PILEE Connu comme : Tennis gravel Origine : Brique rouge, argile LA : NPD Granulom\u00e9trie : 0\/1 0\/2 5\/10 10\/20 Remarques:\u00a0La brique pil\u00e9e ne peut qu&rsquo;\u00eatre utilis\u00e9e pour fins d\u00e9coratifs soit les terrains de sports. Ne pas utiliser en tant qu&rsquo;all\u00e9es, pi\u00e9tons ou entr\u00e9e de garage. Les sables sont parfaits pour la [&hellip;]<\/p>\n","protected":false},"featured_media":9511,"comment_status":"open","ping_status":"closed","template":"","meta":[],"class_list":["post-9513","product","type-product","status-publish","has-post-thumbnail","hentry","product_cat-infrastructures-sportives","product_tag-crushed-fr","product_tag-red-fr","pa_color-rouge","pa_grain_type-concasse"],"yoast_head":"<!-- This site is optimized with the Yoast SEO plugin v15.9.2 - https:\/\/yoast.com\/wordpress\/plugins\/seo\/ -->\n<title>Brique Pil\u00e9e - Ghent Aggregates<\/title>\n<link rel=\"canonical\" href=\"https:\/\/ghentaggregates.be\/fr\/produits\/infrastructures-sportives\/brique-pilee\/\" \/>\n<meta property=\"og:locale\" content=\"fr_FR\" \/>\n<meta property=\"og:type\" content=\"article\" \/>\n<meta property=\"og:title\" content=\"Brique Pil\u00e9e - Ghent Aggregates\" \/>\n<meta property=\"og:description\" content=\"Nom produit: BRIQUE PILEE Connu comme : Tennis gravel Origine : Brique rouge, argile LA : NPD Granulom\u00e9trie : 0\/1 0\/2 5\/10 10\/20 Remarques:\u00a0La brique pil\u00e9e ne peut qu&rsquo;\u00eatre utilis\u00e9e pour fins d\u00e9coratifs soit les terrains de sports. Ne pas utiliser en tant qu&rsquo;all\u00e9es, pi\u00e9tons ou entr\u00e9e de garage. Les sables sont parfaits pour la [&hellip;]\" \/>\n<meta property=\"og:url\" content=\"https:\/\/ghentaggregates.be\/fr\/produits\/infrastructures-sportives\/brique-pilee\/\" \/>\n<meta property=\"og:site_name\" content=\"Ghent Aggregates\" \/>\n<meta property=\"article:modified_time\" content=\"2020-08-13T20:05:17+00:00\" \/>\n<meta property=\"og:image\" content=\"https:\/\/ghentaggregates.be\/wp-content\/uploads\/2017\/01\/ghent-aggregates-brique-pilee-5-10.jpg\" \/>\n\t<meta property=\"og:image:width\" content=\"1152\" \/>\n\t<meta property=\"og:image:height\" content=\"768\" \/>\n<meta name=\"twitter:card\" content=\"summary_large_image\" \/>\n<meta name=\"twitter:label1\" content=\"Dur\u00e9e de lecture est.\">\n\t<meta name=\"twitter:data1\" content=\"1 minute\">\n<script type=\"application\/ld+json\" class=\"yoast-schema-graph\">{\"@context\":\"https:\/\/schema.org\",\"@graph\":[{\"@type\":\"WebSite\",\"@id\":\"https:\/\/ghentaggregates.be\/#website\",\"url\":\"https:\/\/ghentaggregates.be\/\",\"name\":\"Ghent Aggregates\",\"description\":\"Votre partenaire pour tout granulats d\\u00e9co et techniques\",\"potentialAction\":[{\"@type\":\"SearchAction\",\"target\":\"https:\/\/ghentaggregates.be\/?s={search_term_string}\",\"query-input\":\"required name=search_term_string\"}],\"inLanguage\":\"fr-BE\"},{\"@type\":\"ImageObject\",\"@id\":\"https:\/\/ghentaggregates.be\/fr\/produits\/infrastructures-sportives\/brique-pilee\/#primaryimage\",\"inLanguage\":\"fr-BE\",\"url\":\"https:\/\/ghentaggregates.be\/wp-content\/uploads\/2017\/01\/ghent-aggregates-brique-pilee-5-10.jpg\",\"width\":1152,\"height\":768},{\"@type\":\"WebPage\",\"@id\":\"https:\/\/ghentaggregates.be\/fr\/produits\/infrastructures-sportives\/brique-pilee\/#webpage\",\"url\":\"https:\/\/ghentaggregates.be\/fr\/produits\/infrastructures-sportives\/brique-pilee\/\",\"name\":\"Brique Pil\\u00e9e - Ghent Aggregates\",\"isPartOf\":{\"@id\":\"https:\/\/ghentaggregates.be\/#website\"},\"primaryImageOfPage\":{\"@id\":\"https:\/\/ghentaggregates.be\/fr\/produits\/infrastructures-sportives\/brique-pilee\/#primaryimage\"},\"datePublished\":\"2017-01-25T18:58:28+00:00\",\"dateModified\":\"2020-08-13T20:05:17+00:00\",\"breadcrumb\":{\"@id\":\"https:\/\/ghentaggregates.be\/fr\/produits\/infrastructures-sportives\/brique-pilee\/#breadcrumb\"},\"inLanguage\":\"fr-BE\",\"potentialAction\":[{\"@type\":\"ReadAction\",\"target\":[\"https:\/\/ghentaggregates.be\/fr\/produits\/infrastructures-sportives\/brique-pilee\/\"]}]},{\"@type\":\"BreadcrumbList\",\"@id\":\"https:\/\/ghentaggregates.be\/fr\/produits\/infrastructures-sportives\/brique-pilee\/#breadcrumb\",\"itemListElement\":[{\"@type\":\"ListItem\",\"position\":1,\"item\":{\"@type\":\"WebPage\",\"@id\":\"https:\/\/ghentaggregates.be\/fr\/\",\"url\":\"https:\/\/ghentaggregates.be\/fr\/\",\"name\":\"Home\"}},{\"@type\":\"ListItem\",\"position\":2,\"item\":{\"@type\":\"WebPage\",\"@id\":\"https:\/\/ghentaggregates.be\/fr\/produits\/infrastructures-sportives\/\",\"url\":\"https:\/\/ghentaggregates.be\/fr\/produits\/infrastructures-sportives\/\",\"name\":\"Infrastructures sportives\"}},{\"@type\":\"ListItem\",\"position\":3,\"item\":{\"@type\":\"WebPage\",\"@id\":\"https:\/\/ghentaggregates.be\/fr\/produits\/infrastructures-sportives\/brique-pilee\/\",\"url\":\"https:\/\/ghentaggregates.be\/fr\/produits\/infrastructures-sportives\/brique-pilee\/\",\"name\":\"Brique Pil\\u00e9e\"}}]}]}<\/script>\n<!-- \/ Yoast SEO plugin. -->","_links":{"self":[{"href":"https:\/\/ghentaggregates.be\/fr\/wp-json\/wp\/v2\/product\/9513"}],"collection":[{"href":"https:\/\/ghentaggregates.be\/fr\/wp-json\/wp\/v2\/product"}],"about":[{"href":"https:\/\/ghentaggregates.be\/fr\/wp-json\/wp\/v2\/types\/product"}],"replies":[{"embeddable":true,"href":"https:\/\/ghentaggregates.be\/fr\/wp-json\/wp\/v2\/comments?post=9513"}],"version-history":[{"count":0,"href":"https:\/\/ghentaggregates.be\/fr\/wp-json\/wp\/v2\/product\/9513\/revisions"}],"wp:featuredmedia":[{"embeddable":true,"href":"https:\/\/ghentaggregates.be\/fr\/wp-json\/wp\/v2\/media\/9511"}],"wp:attachment":[{"href":"https:\/\/ghentaggregates.be\/fr\/wp-json\/wp\/v2\/media?parent=9513"}],"curies":[{"name":"wp","href":"https:\/\/api.w.org\/{rel}","templated":true}]}}