{"id":9521,"date":"2017-01-25T21:20:39","date_gmt":"2017-01-25T20:20:39","guid":{"rendered":"https:\/\/ghentaggregates2019.dazzle-qa.be\/product\/bianco-carrara-pebble\/"},"modified":"2024-04-01T19:38:36","modified_gmt":"2024-04-01T17:38:36","slug":"blanc-carrare-roule","status":"publish","type":"product","link":"https:\/\/ghentaggregates.be\/fr\/produits\/paysagisme\/blanc-carrare-roule\/","title":{"rendered":"Blanc Carrare Roul\u00e9"},"content":{"rendered":"<table>\n<tbody>\n<tr>\n<td>Nom produit:<\/td>\n<td>CARRARE BLANC ROULE<\/td>\n<\/tr>\n<tr>\n<td>Connu comme :<\/td>\n<td>Carrare blanc, Galet de Carrare<\/td>\n<\/tr>\n<tr>\n<td>Origine :<\/td>\n<td>Marbre<\/td>\n<\/tr>\n<tr>\n<td>LA :<\/td>\n<td>40<\/td>\n<\/tr>\n<tr>\n<td>Granulom\u00e9trie :<\/td>\n<td>7\/15<br \/>\n15\/25 (stock)<br \/>\n25\/40 (stock)<br \/>\n40\/60 (stock)<br \/>\n60\/100 (stock)<\/td>\n<\/tr>\n<\/tbody>\n<\/table>\n<p><strong>Remarques: <\/strong>galets roul\u00e9s d\u00e9coratives des marbres de Carrare, pour utilisations de paysagisme et d\u00e9coration uniquement. De couleur blanc avec un sous-ton gris de temps en temps. Dimensions sup\u00e9rieures peuvent \u00eatre utilis\u00e9es dans les gabions.<\/p>\n<p>Le marbre le mieux connu d&rsquo;Italie au monde sera sans doutes le Carrare. Dans les montagnes de cette r\u00e9gion Ghent Aggregates a s\u00e9lectionn\u00e9 les productions les plus fiables au niveau d&rsquo;arrondis et de couleurs. Ghent Aggregates vous offre le meilleur choix, au meilleur tarif, sans compromis. Vous cherchez des galets blancs de grande qualit\u00e9? Faites vous s\u00e9duire par nos galets blancs de Carrare.<\/p>\n<p>Directement par navire maritime Ghent Aggregates prend en stock toutes les granulom\u00e9tries de Carrare roul\u00e9. Donc les roul\u00e9s sont disponibles\u00a0<strong>en sac de 25 kg, bigbag ou vrac<\/strong>!<\/p>\n","protected":false},"excerpt":{"rendered":"<p>Nom produit: CARRARE BLANC ROULE Connu comme : Carrare blanc, Galet de Carrare Origine : Marbre LA : 40 Granulom\u00e9trie : 7\/15 15\/25 (stock) 25\/40 (stock) 40\/60 (stock) 60\/100 (stock) Remarques: galets roul\u00e9s d\u00e9coratives des marbres de Carrare, pour utilisations de paysagisme et d\u00e9coration uniquement. De couleur blanc avec un sous-ton gris de temps en [&hellip;]<\/p>\n","protected":false},"featured_media":9519,"comment_status":"open","ping_status":"closed","template":"","meta":[],"class_list":["post-9521","product","type-product","status-publish","has-post-thumbnail","hentry","product_cat-paysagisme","product_tag-round-fr","product_tag-white-fr","pa_color-blanc","pa_grain_type-roule"],"yoast_head":"<!-- This site is optimized with the Yoast SEO plugin v15.9.2 - https:\/\/yoast.com\/wordpress\/plugins\/seo\/ -->\n<title>Blanc Carrare Roul\u00e9 - Ghent Aggregates<\/title>\n<link rel=\"canonical\" href=\"https:\/\/ghentaggregates.be\/fr\/produits\/paysagisme\/blanc-carrare-roule\/\" \/>\n<meta property=\"og:locale\" content=\"fr_FR\" \/>\n<meta property=\"og:type\" content=\"article\" \/>\n<meta property=\"og:title\" content=\"Blanc Carrare Roul\u00e9 - Ghent Aggregates\" \/>\n<meta property=\"og:description\" content=\"Nom produit: CARRARE BLANC ROULE Connu comme : Carrare blanc, Galet de Carrare Origine : Marbre LA : 40 Granulom\u00e9trie : 7\/15 15\/25 (stock) 25\/40 (stock) 40\/60 (stock) 60\/100 (stock) Remarques: galets roul\u00e9s d\u00e9coratives des marbres de Carrare, pour utilisations de paysagisme et d\u00e9coration uniquement. De couleur blanc avec un sous-ton gris de temps en [&hellip;]\" \/>\n<meta property=\"og:url\" content=\"https:\/\/ghentaggregates.be\/fr\/produits\/paysagisme\/blanc-carrare-roule\/\" \/>\n<meta property=\"og:site_name\" content=\"Ghent Aggregates\" \/>\n<meta property=\"article:modified_time\" content=\"2024-04-01T17:38:36+00:00\" \/>\n<meta property=\"og:image\" content=\"https:\/\/ghentaggregates.be\/wp-content\/uploads\/2017\/01\/ghent-aggregates-carrara-7-15R.jpg\" \/>\n\t<meta property=\"og:image:width\" content=\"1152\" \/>\n\t<meta property=\"og:image:height\" content=\"768\" \/>\n<meta name=\"twitter:card\" content=\"summary_large_image\" \/>\n<meta name=\"twitter:label1\" content=\"Dur\u00e9e de lecture est.\">\n\t<meta name=\"twitter:data1\" content=\"1 minute\">\n<script type=\"application\/ld+json\" class=\"yoast-schema-graph\">{\"@context\":\"https:\/\/schema.org\",\"@graph\":[{\"@type\":\"WebSite\",\"@id\":\"https:\/\/ghentaggregates.be\/#website\",\"url\":\"https:\/\/ghentaggregates.be\/\",\"name\":\"Ghent Aggregates\",\"description\":\"Votre partenaire pour tout granulats d\\u00e9co et techniques\",\"potentialAction\":[{\"@type\":\"SearchAction\",\"target\":\"https:\/\/ghentaggregates.be\/?s={search_term_string}\",\"query-input\":\"required name=search_term_string\"}],\"inLanguage\":\"fr-BE\"},{\"@type\":\"ImageObject\",\"@id\":\"https:\/\/ghentaggregates.be\/fr\/produits\/paysagisme\/blanc-carrare-roule\/#primaryimage\",\"inLanguage\":\"fr-BE\",\"url\":\"https:\/\/ghentaggregates.be\/wp-content\/uploads\/2017\/01\/ghent-aggregates-carrara-7-15R.jpg\",\"width\":1152,\"height\":768},{\"@type\":\"WebPage\",\"@id\":\"https:\/\/ghentaggregates.be\/fr\/produits\/paysagisme\/blanc-carrare-roule\/#webpage\",\"url\":\"https:\/\/ghentaggregates.be\/fr\/produits\/paysagisme\/blanc-carrare-roule\/\",\"name\":\"Blanc Carrare Roul\\u00e9 - Ghent Aggregates\",\"isPartOf\":{\"@id\":\"https:\/\/ghentaggregates.be\/#website\"},\"primaryImageOfPage\":{\"@id\":\"https:\/\/ghentaggregates.be\/fr\/produits\/paysagisme\/blanc-carrare-roule\/#primaryimage\"},\"datePublished\":\"2017-01-25T20:20:39+00:00\",\"dateModified\":\"2024-04-01T17:38:36+00:00\",\"breadcrumb\":{\"@id\":\"https:\/\/ghentaggregates.be\/fr\/produits\/paysagisme\/blanc-carrare-roule\/#breadcrumb\"},\"inLanguage\":\"fr-BE\",\"potentialAction\":[{\"@type\":\"ReadAction\",\"target\":[\"https:\/\/ghentaggregates.be\/fr\/produits\/paysagisme\/blanc-carrare-roule\/\"]}]},{\"@type\":\"BreadcrumbList\",\"@id\":\"https:\/\/ghentaggregates.be\/fr\/produits\/paysagisme\/blanc-carrare-roule\/#breadcrumb\",\"itemListElement\":[{\"@type\":\"ListItem\",\"position\":1,\"item\":{\"@type\":\"WebPage\",\"@id\":\"https:\/\/ghentaggregates.be\/fr\/\",\"url\":\"https:\/\/ghentaggregates.be\/fr\/\",\"name\":\"Home\"}},{\"@type\":\"ListItem\",\"position\":2,\"item\":{\"@type\":\"WebPage\",\"@id\":\"https:\/\/ghentaggregates.be\/fr\/produits\/paysagisme\/\",\"url\":\"https:\/\/ghentaggregates.be\/fr\/produits\/paysagisme\/\",\"name\":\"Paysagisme\"}},{\"@type\":\"ListItem\",\"position\":3,\"item\":{\"@type\":\"WebPage\",\"@id\":\"https:\/\/ghentaggregates.be\/fr\/produits\/paysagisme\/blanc-carrare-roule\/\",\"url\":\"https:\/\/ghentaggregates.be\/fr\/produits\/paysagisme\/blanc-carrare-roule\/\",\"name\":\"Blanc Carrare Roul\\u00e9\"}}]}]}<\/script>\n<!-- \/ Yoast SEO plugin. -->","_links":{"self":[{"href":"https:\/\/ghentaggregates.be\/fr\/wp-json\/wp\/v2\/product\/9521"}],"collection":[{"href":"https:\/\/ghentaggregates.be\/fr\/wp-json\/wp\/v2\/product"}],"about":[{"href":"https:\/\/ghentaggregates.be\/fr\/wp-json\/wp\/v2\/types\/product"}],"replies":[{"embeddable":true,"href":"https:\/\/ghentaggregates.be\/fr\/wp-json\/wp\/v2\/comments?post=9521"}],"version-history":[{"count":0,"href":"https:\/\/ghentaggregates.be\/fr\/wp-json\/wp\/v2\/product\/9521\/revisions"}],"wp:featuredmedia":[{"embeddable":true,"href":"https:\/\/ghentaggregates.be\/fr\/wp-json\/wp\/v2\/media\/9519"}],"wp:attachment":[{"href":"https:\/\/ghentaggregates.be\/fr\/wp-json\/wp\/v2\/media?parent=9521"}],"curies":[{"name":"wp","href":"https:\/\/api.w.org\/{rel}","templated":true}]}}